{"id":829,"date":"2017-08-04T12:58:41","date_gmt":"2017-08-04T12:58:41","guid":{"rendered":"http:\/\/educacio-valencia.es\/?page_id=829"},"modified":"2023-09-27T14:14:16","modified_gmt":"2023-09-27T12:14:16","slug":"escuela-infantil-municipal-sant-pau","status":"publish","type":"page","link":"https:\/\/educacio-valencia.es\/es\/escuela-infantil-municipal-sant-pau\/","title":{"rendered":"Escuela Infantil Municipal Sant Pau"},"content":{"rendered":"<div class=\"fusion-fullwidth fullwidth-box fusion-builder-row-1 bloqueSeccion nonhundred-percent-fullwidth non-hundred-percent-height-scrolling\" style=\"background-color: rgba(255,255,255,0);background-position: center center;background-repeat: no-repeat;padding-top:10px;padding-right:0px;padding-bottom:0px;padding-left:0px;margin-bottom: 0px;margin-top: 0px;border-width: 0px 0px 0px 0px;border-color:#000000;border-style:solid;\" ><div class=\"fusion-builder-row fusion-row\"><div class=\"fusion-layout-column fusion_builder_column fusion-builder-column-0 fusion_builder_column_2_5 2_5 fusion-two-fifth fusion-column-first\" style=\"width:40%;width:calc(40% - ( ( 4% ) * 0.4 ) );margin-right: 4%;margin-top:0px;margin-bottom:20px;\"><div class=\"fusion-column-wrapper fusion-flex-column-wrapper-legacy\" style=\"background-position:left top;background-repeat:no-repeat;-webkit-background-size:cover;-moz-background-size:cover;-o-background-size:cover;background-size:cover;padding: 0px 0px 0px 0px;\"><style type=\"text\/css\"><\/style><div class=\"fusion-title title fusion-title-1 fusion-sep-none fusion-title-text fusion-title-size-two\" style=\"margin-top:0px;margin-bottom:10px;\"><h2 class=\"title-heading-left\" style=\"margin:0;\"><p><strong>Escola Infantil Municipal Sant Pau<br \/>\n<\/strong><\/p>\n<p class=\"p1\"><span class=\"s1\">Avenida<\/span><span class=\"s1\"> P\u00edo Baroja\/Josep Alminyana i Vall\u00e9s s\/n<br \/>\n46015 \u2013Val\u00e8ncia<br \/>\n<\/span><span class=\"s1\">\u2014<br \/>\nConcesionaria: UTE Redolins, S.L.U<br \/>\nTel. 963492083 \/ \u00a0<a href=\"https:\/\/educacio-valencia.es\/escola-infantil-municipal-sant-pau\/escolainfantilsantpau.lcrgestio@hotmail.com\">escolainfantilsantpau.lcrgestio@gmail.com<\/a><br \/>\n<\/span><span class=\"s1\">\u2014<br \/>\nTitular: Ajuntament de Val\u00e8ncia.<br \/>\nTel.963525478 \/ <a href=\"mailto:educacionescuelasinfantiles@valencia.es\"><span class=\"s2\">educacionescuelasinfantiles@valencia.es<\/span><\/a><\/span><\/p><\/h2><\/div><div class=\"fusion-clearfix\"><\/div><\/div><\/div><div class=\"fusion-layout-column fusion_builder_column fusion-builder-column-1 fusion_builder_column_3_5 3_5 fusion-three-fifth fusion-column-last marginCero\" style=\"width:60%;width:calc(60% - ( ( 4% ) * 0.6 ) );margin-top:0px;margin-bottom:20px;\"><div class=\"fusion-column-wrapper fusion-flex-column-wrapper-legacy\" style=\"background-position:left top;background-repeat:no-repeat;-webkit-background-size:cover;-moz-background-size:cover;-o-background-size:cover;background-size:cover;padding: 0px 0px 0px 0px;\"><div class=\"fusion-image-carousel fusion-image-carousel-auto paddingCero marginCero\"><div class=\"fusion-carousel\" data-autoplay=\"yes\" data-columns=\"1\" data-itemmargin=\"13\" data-itemwidth=\"180\" data-touchscroll=\"no\" data-imagesize=\"auto\"><div class=\"fusion-carousel-positioner\"><ul class=\"fusion-carousel-holder\"><li class=\"fusion-carousel-item\"><div class=\"fusion-carousel-item-wrapper\"><div class=\"fusion-image-wrapper hover-type-none\"><img width=\"750\" height=\"500\" src=\"https:\/\/educacio-valencia.es\/wp-content\/uploads\/2020\/06\/sant_pau_MG_6965.jpg\" class=\"attachment-full size-full\" alt=\"Sant_Pau_01\" srcset=\"https:\/\/educacio-valencia.es\/wp-content\/uploads\/2020\/06\/sant_pau_MG_6965-200x133.jpg 200w, https:\/\/educacio-valencia.es\/wp-content\/uploads\/2020\/06\/sant_pau_MG_6965-300x200.jpg 300w, https:\/\/educacio-valencia.es\/wp-content\/uploads\/2020\/06\/sant_pau_MG_6965-400x267.jpg 400w, https:\/\/educacio-valencia.es\/wp-content\/uploads\/2020\/06\/sant_pau_MG_6965-600x400.jpg 600w, https:\/\/educacio-valencia.es\/wp-content\/uploads\/2020\/06\/sant_pau_MG_6965.jpg 750w\" sizes=\"(max-width: 750px) 100vw, 750px\" \/><\/div><\/div><\/li><li class=\"fusion-carousel-item\"><div class=\"fusion-carousel-item-wrapper\"><div class=\"fusion-image-wrapper hover-type-none\"><img width=\"750\" height=\"500\" src=\"https:\/\/educacio-valencia.es\/wp-content\/uploads\/2020\/06\/sant_pau_MG_6960.jpg\" class=\"attachment-full size-full\" alt=\"Sant_Pau_01\" srcset=\"https:\/\/educacio-valencia.es\/wp-content\/uploads\/2020\/06\/sant_pau_MG_6960-200x133.jpg 200w, https:\/\/educacio-valencia.es\/wp-content\/uploads\/2020\/06\/sant_pau_MG_6960-300x200.jpg 300w, https:\/\/educacio-valencia.es\/wp-content\/uploads\/2020\/06\/sant_pau_MG_6960-400x267.jpg 400w, https:\/\/educacio-valencia.es\/wp-content\/uploads\/2020\/06\/sant_pau_MG_6960-600x400.jpg 600w, https:\/\/educacio-valencia.es\/wp-content\/uploads\/2020\/06\/sant_pau_MG_6960.jpg 750w\" sizes=\"(max-width: 750px) 100vw, 750px\" \/><\/div><\/div><\/li><li class=\"fusion-carousel-item\"><div class=\"fusion-carousel-item-wrapper\"><div class=\"fusion-image-wrapper hover-type-none\"><img width=\"750\" height=\"500\" src=\"https:\/\/educacio-valencia.es\/wp-content\/uploads\/2020\/06\/sant_pau_MG_6931.jpg\" class=\"attachment-full size-full\" alt=\"Sant_Pau_01\" srcset=\"https:\/\/educacio-valencia.es\/wp-content\/uploads\/2020\/06\/sant_pau_MG_6931-200x133.jpg 200w, https:\/\/educacio-valencia.es\/wp-content\/uploads\/2020\/06\/sant_pau_MG_6931-300x200.jpg 300w, https:\/\/educacio-valencia.es\/wp-content\/uploads\/2020\/06\/sant_pau_MG_6931-400x267.jpg 400w, https:\/\/educacio-valencia.es\/wp-content\/uploads\/2020\/06\/sant_pau_MG_6931-600x400.jpg 600w, https:\/\/educacio-valencia.es\/wp-content\/uploads\/2020\/06\/sant_pau_MG_6931.jpg 750w\" sizes=\"(max-width: 750px) 100vw, 750px\" \/><\/div><\/div><\/li><li class=\"fusion-carousel-item\"><div class=\"fusion-carousel-item-wrapper\"><div class=\"fusion-image-wrapper hover-type-none\"><img width=\"750\" height=\"500\" src=\"https:\/\/educacio-valencia.es\/wp-content\/uploads\/2020\/06\/sant_pau_MG_6928.jpg\" class=\"attachment-full size-full\" alt=\"\" srcset=\"https:\/\/educacio-valencia.es\/wp-content\/uploads\/2020\/06\/sant_pau_MG_6928-200x133.jpg 200w, https:\/\/educacio-valencia.es\/wp-content\/uploads\/2020\/06\/sant_pau_MG_6928-300x200.jpg 300w, https:\/\/educacio-valencia.es\/wp-content\/uploads\/2020\/06\/sant_pau_MG_6928-400x267.jpg 400w, https:\/\/educacio-valencia.es\/wp-content\/uploads\/2020\/06\/sant_pau_MG_6928-600x400.jpg 600w, https:\/\/educacio-valencia.es\/wp-content\/uploads\/2020\/06\/sant_pau_MG_6928.jpg 750w\" sizes=\"(max-width: 750px) 100vw, 750px\" \/><\/div><\/div><\/li><li class=\"fusion-carousel-item\"><div class=\"fusion-carousel-item-wrapper\"><div class=\"fusion-image-wrapper hover-type-none\"><img width=\"750\" height=\"500\" src=\"https:\/\/educacio-valencia.es\/wp-content\/uploads\/2020\/06\/sant_pau_MG_6915.jpg\" class=\"attachment-full size-full\" alt=\"\" srcset=\"https:\/\/educacio-valencia.es\/wp-content\/uploads\/2020\/06\/sant_pau_MG_6915-200x133.jpg 200w, https:\/\/educacio-valencia.es\/wp-content\/uploads\/2020\/06\/sant_pau_MG_6915-300x200.jpg 300w, https:\/\/educacio-valencia.es\/wp-content\/uploads\/2020\/06\/sant_pau_MG_6915-400x267.jpg 400w, https:\/\/educacio-valencia.es\/wp-content\/uploads\/2020\/06\/sant_pau_MG_6915-600x400.jpg 600w, https:\/\/educacio-valencia.es\/wp-content\/uploads\/2020\/06\/sant_pau_MG_6915.jpg 750w\" sizes=\"(max-width: 750px) 100vw, 750px\" \/><\/div><\/div><\/li><li class=\"fusion-carousel-item\"><div class=\"fusion-carousel-item-wrapper\"><div class=\"fusion-image-wrapper hover-type-none\"><img width=\"750\" height=\"500\" src=\"https:\/\/educacio-valencia.es\/wp-content\/uploads\/2020\/06\/sant_pau_MG_6906.jpg\" class=\"attachment-full size-full\" alt=\"\" srcset=\"https:\/\/educacio-valencia.es\/wp-content\/uploads\/2020\/06\/sant_pau_MG_6906-200x133.jpg 200w, https:\/\/educacio-valencia.es\/wp-content\/uploads\/2020\/06\/sant_pau_MG_6906-300x200.jpg 300w, https:\/\/educacio-valencia.es\/wp-content\/uploads\/2020\/06\/sant_pau_MG_6906-400x267.jpg 400w, https:\/\/educacio-valencia.es\/wp-content\/uploads\/2020\/06\/sant_pau_MG_6906-600x400.jpg 600w, https:\/\/educacio-valencia.es\/wp-content\/uploads\/2020\/06\/sant_pau_MG_6906.jpg 750w\" sizes=\"(max-width: 750px) 100vw, 750px\" \/><\/div><\/div><\/li><\/ul><div class=\"fusion-carousel-nav\"><span class=\"fusion-nav-prev\"><\/span><span class=\"fusion-nav-next\"><\/span><\/div><\/div><\/div><\/div><div class=\"fusion-clearfix\"><\/div><\/div><\/div><div class=\"fusion-layout-column fusion_builder_column fusion-builder-column-2 fusion_builder_column_2_5 2_5 fusion-two-fifth fusion-column-first\" style=\"width:40%;width:calc(40% - ( ( 4% ) * 0.4 ) );margin-right: 4%;margin-top:0px;margin-bottom:20px;\"><div class=\"fusion-column-wrapper fusion-flex-column-wrapper-legacy\" style=\"background-position:left top;background-repeat:no-repeat;-webkit-background-size:cover;-moz-background-size:cover;-o-background-size:cover;background-size:cover;padding: 0px 0px 0px 0px;\"><div class=\"fusion-clearfix\"><\/div><\/div><\/div><div class=\"fusion-layout-column fusion_builder_column fusion-builder-column-3 fusion_builder_column_3_5 3_5 fusion-three-fifth fusion-column-last\" style=\"width:60%;width:calc(60% - ( ( 4% ) * 0.6 ) );margin-top:0px;margin-bottom:20px;\"><div class=\"fusion-column-wrapper fusion-flex-column-wrapper-legacy\" style=\"background-position:left top;background-repeat:no-repeat;-webkit-background-size:cover;-moz-background-size:cover;-o-background-size:cover;background-size:cover;padding: 20px 0px 0px 0px;\"><div class=\"fusion-text fusion-text-1\" style=\"transform:translate3d(0,0,0);\"><div class=\"tablaEscuela\">\n<table width=\"100%\">\n<tbody>\n<tr>\n<td colspan=\"3\" align=\"left\">\n<p class=\"p1\"><span class=\"s1\"><b>OFERTA EDUCATIVA<\/b><\/span><\/p>\n<\/td>\n<\/tr>\n<tr>\n<td align=\"left\">\n<p class=\"p1\"><span class=\"s1\">Educaci\u00f3n infantil de Primer Ciclo<\/span><\/p>\n<\/td>\n<td align=\"center\">\n<p class=\"p1\"><span class=\"s1\">Unidades autorizadas: 12<\/span><\/p>\n<\/td>\n<td align=\"center\">\n<p class=\"p1\"><span class=\"s1\">Plazas autorizadas: 161<\/span><\/p>\n<p>3 Aulas autorizadas de 0 a 2 a\u00f1os con 8 alumnos\/as<\/p>\n<p>5 Aulas autorizadas de 1 a 2 a\u00f1os con 13 alumnos\/as<\/p>\n<p>4 Aulas autorizadas de 2 a 3 a\u00f1os con 18 alumnos\/as<\/td>\n<\/tr>\n<\/tbody>\n<\/table>\n<\/div>\n<\/div><div class=\"fusion-sep-clear\"><\/div><div class=\"fusion-separator fusion-full-width-sep\" style=\"margin-left: auto;margin-right: auto;margin-top:5px;margin-bottom:5px;width:100%;\"><div class=\"fusion-separator-border sep-double\" style=\"border-color:#e0dede;border-top-width:0px;border-bottom-width:0px;\"><\/div><\/div><div class=\"fusion-sep-clear\"><\/div><div class=\"fusion-text fusion-text-2\" style=\"transform:translate3d(0,0,0);\"><p class=\"p1\"><span class=\"s1\"><b>PROYECTO EDUCATIVO<\/b><\/span><\/p>\n<p class=\"p2\"><span class=\"s2\">El centro plantea como objectivo fundamental conseguir el desarrollo arm\u00f3nico de nuestros ni\u00f1os y ni\u00f1as, atendiendo los aspectos f\u00edsicos,<span class=\"Apple-converted-space\">\u00a0 <\/span>afectivos,<span class=\"Apple-converted-space\">\u00a0 <\/span>sociales e intelectuales.<span class=\"Apple-converted-space\">\u00a0 <\/span>Creemos que la ense\u00f1anza debe realizarse a trav\u00e9s de una <b>metodolog\u00eda activa<\/b> y <b>participativa<\/b>,<span class=\"Apple-converted-space\">\u00a0 <\/span>global y centrada en el <b>inter\u00e9s <\/b>del ni\u00f1o y la ni\u00f1a de manera l\u00fadica,<span class=\"Apple-converted-space\">\u00a0 <\/span>investigadora,<span class=\"Apple-converted-space\">\u00a0 <\/span>basada en la <b>experiencia<\/b>,<span class=\"Apple-converted-space\">\u00a0 <\/span>individualizada y socializada,<span class=\"Apple-converted-space\">\u00a0 <\/span>dando m\u00e1xima importancia a la convivencia. <\/span><\/p>\n<p class=\"p2\"><span class=\"s2\">Nuestra metodolog\u00eda esta basada en la teor\u00eda de las <b>inteligencias m\u00faltiples<\/b>,<span class=\"Apple-converted-space\">\u00a0 <\/span>de manera que se plantean actividades y experiencias que activen y desarrollen todas las inteligencias,<span class=\"Apple-converted-space\">\u00a0 <\/span>siendo un modelo de educaci\u00f3n flexible que tenga en cuenta los componentes cognitivos de las diversas inteligencias y las diferencias individuales.<span class=\"Apple-converted-space\">\u00a0 <\/span>Todo esto se realizar\u00e1 dando una importancia especial al desarrollo de la <b>inteligencia emocional<\/b>. La colaboraci\u00f3n y participaci\u00f3n directa de las familias es clave en el proyecto educativo.<\/span><\/p>\n<p class=\"p2\"><span class=\"s2\">Nuestros ni\u00f1os y ni\u00f1as son protagonistas activos de su propio aprendizaje a trav\u00e9s del aprendizaje significativo, que permite que construyan su propio aprendizaje y lo llene de significado.<span class=\"Apple-converted-space\">\u00a0 <\/span>Es por tanto el aprendizaje que se mantiene y no se olvida.<\/span><\/p>\n<\/div><div class=\"fusion-sep-clear\"><\/div><div class=\"fusion-separator fusion-full-width-sep\" style=\"margin-left: auto;margin-right: auto;margin-top:5px;margin-bottom:5px;width:100%;\"><div class=\"fusion-separator-border sep-single sep-solid\" style=\"border-color:#000000;border-top-width:1px;\"><\/div><\/div><div class=\"fusion-sep-clear\"><\/div><div class=\"fusion-text fusion-text-3\" style=\"transform:translate3d(0,0,0);\"><p class=\"p1\"><span class=\"s1\"><b>ACTIVIDADES COMPLEMENTARIAS<\/b><\/span><\/p>\n<ul class=\"ul1\">\n<li class=\"li1\"><span class=\"s3\">Fiestas y d\u00edas especiales<\/span><\/li>\n<li class=\"li1\"><span class=\"s3\">Talleres experimentales<\/span><\/li>\n<li class=\"li1\"><span class=\"s3\">Estimulaci\u00f3n sensorial<\/span><\/li>\n<li class=\"li1\"><span class=\"s3\">Rinc\u00f3n del artista<\/span><\/li>\n<li class=\"li1\"><span class=\"s3\">Psicomotricidad<\/span><\/li>\n<li class=\"li1\"><span class=\"s3\">M\u00fasica<\/span><\/li>\n<li class=\"li1\"><span class=\"s3\">Juego heur\u00edstico<\/span><\/li>\n<li class=\"li1\"><span class=\"s3\">Introducci\u00f3n de idiomas<\/span><\/li>\n<li class=\"li1\"><span class=\"s3\">Salidas al teatro y granja escuela<\/span><\/li>\n<li class=\"li1\"><span class=\"s3\">Actividades y talleres con familias<\/span><\/li>\n<li class=\"li1\"><span class=\"s3\">Reuniones trimestrales y tutor\u00edas con las familias<\/span><\/li>\n<\/ul>\n<\/div><div class=\"fusion-sep-clear\"><\/div><div class=\"fusion-separator fusion-full-width-sep\" style=\"margin-left: auto;margin-right: auto;margin-top:5px;margin-bottom:5px;width:100%;\"><div class=\"fusion-separator-border sep-single sep-solid\" style=\"border-color:#000000;border-top-width:1px;\"><\/div><\/div><div class=\"fusion-sep-clear\"><\/div><div class=\"fusion-text fusion-text-4\" style=\"transform:translate3d(0,0,0);\"><p class=\"p1\"><span class=\"s1\"><b>SERVICIOS<\/b><\/span><\/p>\n<ul class=\"ul1\">\n<li class=\"li1\"><span class=\"s3\">Escuela matinera y tardes extras.<\/span><\/li>\n<li class=\"li1\"><span class=\"s3\">Escuela de verano y festivos escolares. <\/span><\/li>\n<li class=\"li1\"><span class=\"s3\">Comedor escolar con men\u00fas basados en una dieta mediterr\u00e1nea y adaptados a la evoluci\u00f3n de nuestros ni\u00f1os y ni\u00f1as. Men\u00fas especiales para alergias, intolerancias o situaciones justificadas.<\/span><\/li>\n<\/ul>\n<\/div><div class=\"fusion-sep-clear\"><\/div><div class=\"fusion-separator fusion-full-width-sep\" style=\"margin-left: auto;margin-right: auto;margin-top:5px;margin-bottom:5px;width:100%;\"><div class=\"fusion-separator-border sep-single sep-solid\" style=\"border-color:#000000;border-top-width:1px;\"><\/div><\/div><div class=\"fusion-sep-clear\"><\/div><div class=\"fusion-text fusion-text-5\" style=\"transform:translate3d(0,0,0);\"><p class=\"p1\"><span class=\"s1\"><b>HORARIO<\/b><\/span><\/p>\n<ul class=\"ul1\">\n<li class=\"li1\"><span class=\"s2\">Calendario escolar con opci\u00f3n a elegir laboral. <\/span><\/li>\n<li class=\"li1\"><span class=\"s2\">Horario: <\/span>\n<ul class=\"ul1\">\n<li class=\"li1\"><span class=\"s2\">Ma\u00f1anas:<span class=\"Apple-converted-space\">\u00a0 <\/span>entrada de 9:00 a 9:15:00.h.<\/span><\/li>\n<li class=\"li1\"><span class=\"s2\">Tardes:<span class=\"Apple-converted-space\">\u00a0 <\/span>salida de 16:45 a 17:00 h.<\/span><\/li>\n<\/ul>\n<\/li>\n<li class=\"li1\"><span class=\"s2\">Atenci\u00f3n a las familias: de lunes a viernes de 9:30 a 11:00 h. y de 15:30 a 16:30 h.<\/span><\/li>\n<\/ul>\n<\/div><div class=\"fusion-clearfix\"><\/div><\/div><\/div><\/div><\/div>\n","protected":false},"excerpt":{"rendered":"","protected":false},"author":5,"featured_media":0,"parent":0,"menu_order":0,"comment_status":"closed","ping_status":"closed","template":"","meta":[],"_links":{"self":[{"href":"https:\/\/educacio-valencia.es\/es\/wp-json\/wp\/v2\/pages\/829"}],"collection":[{"href":"https:\/\/educacio-valencia.es\/es\/wp-json\/wp\/v2\/pages"}],"about":[{"href":"https:\/\/educacio-valencia.es\/es\/wp-json\/wp\/v2\/types\/page"}],"author":[{"embeddable":true,"href":"https:\/\/educacio-valencia.es\/es\/wp-json\/wp\/v2\/users\/5"}],"replies":[{"embeddable":true,"href":"https:\/\/educacio-valencia.es\/es\/wp-json\/wp\/v2\/comments?post=829"}],"version-history":[{"count":9,"href":"https:\/\/educacio-valencia.es\/es\/wp-json\/wp\/v2\/pages\/829\/revisions"}],"predecessor-version":[{"id":37777,"href":"https:\/\/educacio-valencia.es\/es\/wp-json\/wp\/v2\/pages\/829\/revisions\/37777"}],"wp:attachment":[{"href":"https:\/\/educacio-valencia.es\/es\/wp-json\/wp\/v2\/media?parent=829"}],"curies":[{"name":"wp","href":"https:\/\/api.w.org\/{rel}","templated":true}]}}