{"id":800,"date":"2017-08-04T12:41:36","date_gmt":"2017-08-04T12:41:36","guid":{"rendered":"http:\/\/educacio-valencia.es\/?page_id=800"},"modified":"2025-04-07T12:37:01","modified_gmt":"2025-04-07T10:37:01","slug":"escuela-infantil-municipal-mini-poli","status":"publish","type":"page","link":"https:\/\/educacio-valencia.es\/es\/escuela-infantil-municipal-mini-poli\/","title":{"rendered":"Escuela Infantil Municipal Mini Poli"},"content":{"rendered":"<div class=\"fusion-fullwidth fullwidth-box fusion-builder-row-1 bloqueSeccion nonhundred-percent-fullwidth non-hundred-percent-height-scrolling\" style=\"background-color: rgba(255,255,255,0);background-position: center center;background-repeat: no-repeat;padding-top:10px;padding-right:0px;padding-bottom:0px;padding-left:0px;margin-bottom: 0px;margin-top: 0px;border-width: 0px 0px 0px 0px;border-color:#000000;border-style:solid;\" ><div class=\"fusion-builder-row fusion-row\"><div class=\"fusion-layout-column fusion_builder_column fusion-builder-column-0 fusion_builder_column_2_5 2_5 fusion-two-fifth fusion-column-first\" style=\"width:40%;width:calc(40% - ( ( 4% ) * 0.4 ) );margin-right: 4%;margin-top:0px;margin-bottom:20px;\"><div class=\"fusion-column-wrapper fusion-flex-column-wrapper-legacy\" style=\"background-position:left top;background-repeat:no-repeat;-webkit-background-size:cover;-moz-background-size:cover;-o-background-size:cover;background-size:cover;padding: 0px 0px 0px 0px;\"><style type=\"text\/css\"><\/style><div class=\"fusion-title title fusion-title-1 fusion-sep-none fusion-title-text fusion-title-size-two\" style=\"margin-top:0px;margin-bottom:10px;\"><h2 class=\"title-heading-left\" style=\"margin:0;\"><h2><strong>Escuela Infantil Municipal Mini Poli<br \/>\n<\/strong><\/h2>\n<h2>Avenida del Cid, n\u00ba 37 &#8211; 46018 \u2013Val\u00e8ncia<br \/>\n\u2014<br \/>\nConcesionaria: ZAEBSAL, SL<br \/>\nTel. 961152305 \/614185823 \/ <a href=\"minipoli@escuelas-infantiles.com\">minipoli@escuelas-infantiles.com<\/a><br \/>\n\u2014<br \/>\nTitular: Ajuntament de Val\u00e8ncia.<br \/>\nTel.963525478 \/ <a href=\"mailto:educacionescuelasinfantiles@valencia.es\">educacionescuelasinfantiles@valencia.es<\/a><\/h2><\/h2><\/div><div class=\"fusion-clearfix\"><\/div><\/div><\/div><div class=\"fusion-layout-column fusion_builder_column fusion-builder-column-1 fusion_builder_column_3_5 3_5 fusion-three-fifth fusion-column-last marginCero\" style=\"width:60%;width:calc(60% - ( ( 4% ) * 0.6 ) );margin-top:0px;margin-bottom:20px;\"><div class=\"fusion-column-wrapper fusion-flex-column-wrapper-legacy\" style=\"background-position:left top;background-repeat:no-repeat;-webkit-background-size:cover;-moz-background-size:cover;-o-background-size:cover;background-size:cover;padding: 0px 0px 0px 0px;\"><div class=\"fusion-image-carousel fusion-image-carousel-auto paddingCero marginCero\"><div class=\"fusion-carousel\" data-autoplay=\"yes\" data-columns=\"1\" data-itemmargin=\"13\" data-itemwidth=\"180\" data-touchscroll=\"no\" data-imagesize=\"auto\"><div class=\"fusion-carousel-positioner\"><ul class=\"fusion-carousel-holder\"><li class=\"fusion-carousel-item\"><div class=\"fusion-carousel-item-wrapper\"><div class=\"fusion-image-wrapper hover-type-none\"><img width=\"2560\" height=\"1912\" src=\"https:\/\/educacio-valencia.es\/wp-content\/uploads\/2020\/06\/minipoli-circuito-vial.jpg\" class=\"attachment-full size-full\" alt=\"\" \/><\/div><\/div><\/li><li class=\"fusion-carousel-item\"><div class=\"fusion-carousel-item-wrapper\"><div class=\"fusion-image-wrapper hover-type-none\"><img width=\"1000\" height=\"747\" src=\"https:\/\/educacio-valencia.es\/wp-content\/uploads\/2025\/04\/mini-poli-9-1.jpg\" class=\"attachment-full size-full\" alt=\"\" srcset=\"https:\/\/educacio-valencia.es\/wp-content\/uploads\/2025\/04\/mini-poli-9-1-200x149.jpg 200w, https:\/\/educacio-valencia.es\/wp-content\/uploads\/2025\/04\/mini-poli-9-1-300x224.jpg 300w, https:\/\/educacio-valencia.es\/wp-content\/uploads\/2025\/04\/mini-poli-9-1-400x299.jpg 400w, https:\/\/educacio-valencia.es\/wp-content\/uploads\/2025\/04\/mini-poli-9-1-600x448.jpg 600w, https:\/\/educacio-valencia.es\/wp-content\/uploads\/2025\/04\/mini-poli-9-1-768x574.jpg 768w, https:\/\/educacio-valencia.es\/wp-content\/uploads\/2025\/04\/mini-poli-9-1-800x598.jpg 800w, https:\/\/educacio-valencia.es\/wp-content\/uploads\/2025\/04\/mini-poli-9-1.jpg 1000w\" sizes=\"(max-width: 1000px) 100vw, 1000px\" \/><\/div><\/div><\/li><li class=\"fusion-carousel-item\"><div class=\"fusion-carousel-item-wrapper\"><div class=\"fusion-image-wrapper hover-type-none\"><img width=\"1000\" height=\"750\" src=\"https:\/\/educacio-valencia.es\/wp-content\/uploads\/2025\/04\/mini-poli-5-1.jpg\" class=\"attachment-full size-full\" alt=\"\" srcset=\"https:\/\/educacio-valencia.es\/wp-content\/uploads\/2025\/04\/mini-poli-5-1-200x150.jpg 200w, https:\/\/educacio-valencia.es\/wp-content\/uploads\/2025\/04\/mini-poli-5-1-300x225.jpg 300w, https:\/\/educacio-valencia.es\/wp-content\/uploads\/2025\/04\/mini-poli-5-1-400x300.jpg 400w, https:\/\/educacio-valencia.es\/wp-content\/uploads\/2025\/04\/mini-poli-5-1-600x450.jpg 600w, https:\/\/educacio-valencia.es\/wp-content\/uploads\/2025\/04\/mini-poli-5-1-768x576.jpg 768w, https:\/\/educacio-valencia.es\/wp-content\/uploads\/2025\/04\/mini-poli-5-1-800x600.jpg 800w, https:\/\/educacio-valencia.es\/wp-content\/uploads\/2025\/04\/mini-poli-5-1.jpg 1000w\" sizes=\"(max-width: 1000px) 100vw, 1000px\" \/><\/div><\/div><\/li><li class=\"fusion-carousel-item\"><div class=\"fusion-carousel-item-wrapper\"><div class=\"fusion-image-wrapper hover-type-none\"><img width=\"1000\" height=\"750\" src=\"https:\/\/educacio-valencia.es\/wp-content\/uploads\/2025\/04\/mini-poli-4-1.jpg\" class=\"attachment-full size-full\" alt=\"\" srcset=\"https:\/\/educacio-valencia.es\/wp-content\/uploads\/2025\/04\/mini-poli-4-1-200x150.jpg 200w, https:\/\/educacio-valencia.es\/wp-content\/uploads\/2025\/04\/mini-poli-4-1-300x225.jpg 300w, https:\/\/educacio-valencia.es\/wp-content\/uploads\/2025\/04\/mini-poli-4-1-400x300.jpg 400w, https:\/\/educacio-valencia.es\/wp-content\/uploads\/2025\/04\/mini-poli-4-1-600x450.jpg 600w, https:\/\/educacio-valencia.es\/wp-content\/uploads\/2025\/04\/mini-poli-4-1-768x576.jpg 768w, https:\/\/educacio-valencia.es\/wp-content\/uploads\/2025\/04\/mini-poli-4-1-800x600.jpg 800w, https:\/\/educacio-valencia.es\/wp-content\/uploads\/2025\/04\/mini-poli-4-1.jpg 1000w\" sizes=\"(max-width: 1000px) 100vw, 1000px\" \/><\/div><\/div><\/li><\/ul><div class=\"fusion-carousel-nav\"><span class=\"fusion-nav-prev\"><\/span><span class=\"fusion-nav-next\"><\/span><\/div><\/div><\/div><\/div><div class=\"fusion-clearfix\"><\/div><\/div><\/div><div class=\"fusion-layout-column fusion_builder_column fusion-builder-column-2 fusion_builder_column_2_5 2_5 fusion-two-fifth fusion-column-first\" style=\"width:40%;width:calc(40% - ( ( 4% ) * 0.4 ) );margin-right: 4%;margin-top:0px;margin-bottom:20px;\"><div class=\"fusion-column-wrapper fusion-flex-column-wrapper-legacy\" style=\"background-position:left top;background-repeat:no-repeat;-webkit-background-size:cover;-moz-background-size:cover;-o-background-size:cover;background-size:cover;padding: 0px 0px 0px 0px;\"><div class=\"fusion-clearfix\"><\/div><\/div><\/div><div class=\"fusion-layout-column fusion_builder_column fusion-builder-column-3 fusion_builder_column_3_5 3_5 fusion-three-fifth fusion-column-last\" style=\"width:60%;width:calc(60% - ( ( 4% ) * 0.6 ) );margin-top:0px;margin-bottom:20px;\"><div class=\"fusion-column-wrapper fusion-flex-column-wrapper-legacy\" style=\"background-position:left top;background-repeat:no-repeat;-webkit-background-size:cover;-moz-background-size:cover;-o-background-size:cover;background-size:cover;padding: 20px 0px 0px 0px;\"><div class=\"fusion-text fusion-text-1\" style=\"transform:translate3d(0,0,0);\"><div class=\"tablaEscuela\">\n<table width=\"100%\">\n<tbody>\n<tr>\n<td colspan=\"3\" align=\"left\">\n<p class=\"p1\"><span class=\"s1\"><b>OFERTA EDUCATIVA<\/b><\/span><\/p>\n<\/td>\n<\/tr>\n<tr>\n<td align=\"left\">\n<p class=\"p1\"><span class=\"s1\">Educacion infantil de Primer Ciclo<\/span><\/p>\n<\/td>\n<td align=\"center\">\n<p class=\"p1\"><span class=\"s1\">Unidades autorizadas: 3<\/span><\/p>\n<\/td>\n<td align=\"center\">\n<p class=\"p1\"><span class=\"s1\">Plazas autorizadas: 43<\/span><\/p>\n<\/td>\n<\/tr>\n<\/tbody>\n<\/table>\n<\/div>\n<\/div><div class=\"fusion-sep-clear\"><\/div><div class=\"fusion-separator fusion-full-width-sep\" style=\"margin-left: auto;margin-right: auto;margin-top:5px;margin-bottom:5px;width:100%;\"><div class=\"fusion-separator-border sep-double\" style=\"border-color:#e0dede;border-top-width:0px;border-bottom-width:0px;\"><\/div><\/div><div class=\"fusion-sep-clear\"><\/div><div class=\"fusion-text fusion-text-2\" style=\"transform:translate3d(0,0,0);\"><p><strong>PROYECTO EDUCATIVO<\/strong><\/p>\n<p class=\"p2\"><span class=\"s2\">El centro plantea como objectivo fundamental conseguir el desarrollo arm\u00f3nico de nuestros ni\u00f1os y ni\u00f1as, atendiendo los aspectos f\u00edsicos,<span class=\"Apple-converted-space\">\u00a0\u00a0<\/span>afectivos,<span class=\"Apple-converted-space\">\u00a0\u00a0<\/span>sociales e intelectuales.<span class=\"Apple-converted-space\">\u00a0\u00a0<\/span>Creemos que la ense\u00f1anza debe realizarse a trav\u00e9s de una\u00a0<b>metodolog\u00eda activa<\/b>\u00a0y\u00a0<b>participativa<\/b>,<span class=\"Apple-converted-space\">\u00a0\u00a0<\/span>global y centrada en el\u00a0<b>inter\u00e9s\u00a0<\/b>del ni\u00f1o y la ni\u00f1a de manera l\u00fadica,<span class=\"Apple-converted-space\">\u00a0\u00a0<\/span>investigadora,<span class=\"Apple-converted-space\">\u00a0\u00a0<\/span>basada en la\u00a0<b>experiencia<\/b>,<span class=\"Apple-converted-space\">\u00a0\u00a0<\/span>individualizada y socializada,<span class=\"Apple-converted-space\">\u00a0\u00a0<\/span>dando m\u00e1xima importancia a la convivencia.<\/span><\/p>\n<p class=\"p2\"><span class=\"s2\">Nuestra metodolog\u00eda esta basada en la teor\u00eda de las\u00a0<b>inteligencias m\u00faltiples<\/b>,<span class=\"Apple-converted-space\">\u00a0\u00a0<\/span>de manera que se plantean actividades y experiencias que activen y desarrollen todas las inteligencias,<span class=\"Apple-converted-space\">\u00a0\u00a0<\/span>siendo un modelo de educaci\u00f3n flexible que tenga en cuenta los componentes cognitivos de las diversas inteligencias y las diferencias individuales.<span class=\"Apple-converted-space\">\u00a0\u00a0<\/span>Todo esto se realizar\u00e1 dando una importancia especial al desarrollo de la\u00a0<b>inteligencia emocional<\/b>. La colaboraci\u00f3n y participaci\u00f3n directa de las familias es clave en el proyecto educativo.<\/span><\/p>\n<p class=\"p2\"><span class=\"s2\">Nuestros ni\u00f1os y ni\u00f1as son protagonistas activos de su propio aprendizaje a trav\u00e9s del aprendizaje significativo, que permite que construyan su propio aprendizaje y lo llene de significado.<span class=\"Apple-converted-space\">\u00a0\u00a0<\/span>Es por tanto el aprendizaje que se mantiene y no se olvida.<\/span><\/p>\n<\/div><div class=\"fusion-sep-clear\"><\/div><div class=\"fusion-separator fusion-full-width-sep\" style=\"margin-left: auto;margin-right: auto;margin-top:5px;margin-bottom:5px;width:100%;\"><div class=\"fusion-separator-border sep-single sep-solid\" style=\"border-color:#000000;border-top-width:1px;\"><\/div><\/div><div class=\"fusion-sep-clear\"><\/div><div class=\"fusion-text fusion-text-3\" style=\"transform:translate3d(0,0,0);\"><p class=\"p1\"><span class=\"s1\"><b>ACTIVIDADES COMPLEMENT\u00c0RIAS<\/b><\/span><\/p>\n<ul>\n<li>Fiestas y d\u00edas especiales<\/li>\n<li>Talleres experimentales<\/li>\n<li>Estimulaci\u00f3n sensorial<\/li>\n<li>Rinc\u00f3n del artista<\/li>\n<li>Psicomotricidad<\/li>\n<li>M\u00fasica<\/li>\n<li>Juego heur\u00edstico<\/li>\n<li>Introducci\u00f3n de idiomas<\/li>\n<li>Salidas al teatro y granja escuela<\/li>\n<li>Actividades y talleres con familias<\/li>\n<li>Reuniones trimestrales y tutor\u00edas con las familias<\/li>\n<li>Huerto escolar<\/li>\n<li>Biblioteca de aula<\/li>\n<\/ul>\n<\/div><div class=\"fusion-sep-clear\"><\/div><div class=\"fusion-separator fusion-full-width-sep\" style=\"margin-left: auto;margin-right: auto;margin-top:5px;margin-bottom:5px;width:100%;\"><div class=\"fusion-separator-border sep-single sep-solid\" style=\"border-color:#000000;border-top-width:1px;\"><\/div><\/div><div class=\"fusion-sep-clear\"><\/div><div class=\"fusion-text fusion-text-4\" style=\"transform:translate3d(0,0,0);\"><p class=\"p1\"><span class=\"s1\"><b>SERVICIOS<\/b><\/span><\/p>\n<ul class=\"ul1\">\n<li class=\"li1\"><span class=\"s3\">Escuela matinera y tardes extras.<\/span><\/li>\n<li class=\"li1\"><span class=\"s3\">Escuela de verano y festivos escolares.<\/span><\/li>\n<li class=\"li1\"><span class=\"s3\">Comedor escolar con men\u00fas basados en una dieta mediterr\u00e1nea y adaptados a la evoluci\u00f3n de nuestros ni\u00f1os y ni\u00f1as. Men\u00fas especiales para alergias, intolerancias o situaciones justificadas.<\/span><\/li>\n<\/ul>\n<\/div><div class=\"fusion-sep-clear\"><\/div><div class=\"fusion-separator fusion-full-width-sep\" style=\"margin-left: auto;margin-right: auto;margin-top:5px;margin-bottom:5px;width:100%;\"><div class=\"fusion-separator-border sep-single sep-solid\" style=\"border-color:#000000;border-top-width:1px;\"><\/div><\/div><div class=\"fusion-sep-clear\"><\/div><div class=\"fusion-text fusion-text-5\" style=\"transform:translate3d(0,0,0);\"><p class=\"p1\"><span class=\"s1\"><b>ADMINISTRACI\u00d3N\/SECRETARIA<\/b><\/span><\/p>\n<ul class=\"ul1\">\n<li class=\"li2\">Calendario escolar<span class=\"Apple-converted-space\">\u00a0<\/span>y<span class=\"Apple-converted-space\">\u00a0<\/span>Calendario laboral<\/li>\n<li class=\"li2\">Abierto desde<span class=\"Apple-converted-space\">\u00a0\u00a0<\/span>Septiembre a Julio<\/li>\n<\/ul>\n<p>Horario:<\/p>\n<ul>\n<li class=\"p2\">Entrada- de 9.00 h. a 9.30 horas<\/li>\n<li class=\"p2\">Salida-<span class=\"Apple-converted-space\">\u00a0<\/span>de 16.30 h. a 17.00 horas<\/li>\n<\/ul>\n<p>Horarios extras:<\/p>\n<ul>\n<li class=\"p2\">Matinera: De 7.30 h. a 9.00 horas<\/li>\n<li class=\"p2\">Vespertina: De 17.00 h. a 18.00 horas<\/li>\n<\/ul>\n<p>Atenci\u00f3n a familias: de 9.30 a 13.00 h. y de 15.30 a 16.30 h, de lunes a viernes<\/p>\n<\/div><div class=\"fusion-clearfix\"><\/div><\/div><\/div><\/div><\/div>\n","protected":false},"excerpt":{"rendered":"","protected":false},"author":5,"featured_media":0,"parent":0,"menu_order":0,"comment_status":"closed","ping_status":"closed","template":"","meta":[],"_links":{"self":[{"href":"https:\/\/educacio-valencia.es\/es\/wp-json\/wp\/v2\/pages\/800"}],"collection":[{"href":"https:\/\/educacio-valencia.es\/es\/wp-json\/wp\/v2\/pages"}],"about":[{"href":"https:\/\/educacio-valencia.es\/es\/wp-json\/wp\/v2\/types\/page"}],"author":[{"embeddable":true,"href":"https:\/\/educacio-valencia.es\/es\/wp-json\/wp\/v2\/users\/5"}],"replies":[{"embeddable":true,"href":"https:\/\/educacio-valencia.es\/es\/wp-json\/wp\/v2\/comments?post=800"}],"version-history":[{"count":22,"href":"https:\/\/educacio-valencia.es\/es\/wp-json\/wp\/v2\/pages\/800\/revisions"}],"predecessor-version":[{"id":43198,"href":"https:\/\/educacio-valencia.es\/es\/wp-json\/wp\/v2\/pages\/800\/revisions\/43198"}],"wp:attachment":[{"href":"https:\/\/educacio-valencia.es\/es\/wp-json\/wp\/v2\/media?parent=800"}],"curies":[{"name":"wp","href":"https:\/\/api.w.org\/{rel}","templated":true}]}}