{"id":737,"date":"2017-08-04T09:51:51","date_gmt":"2017-08-04T09:51:51","guid":{"rendered":"http:\/\/educacio-valencia.es\/?page_id=737"},"modified":"2021-03-30T14:21:01","modified_gmt":"2021-03-30T12:21:01","slug":"escuela-infantil-municipal-algiros","status":"publish","type":"page","link":"https:\/\/educacio-valencia.es\/es\/escuela-infantil-municipal-algiros\/","title":{"rendered":"Escuela Infantil Municipal Algir\u00f3s"},"content":{"rendered":"<div class=\"fusion-fullwidth fullwidth-box fusion-builder-row-1 bloqueSeccion nonhundred-percent-fullwidth non-hundred-percent-height-scrolling\" style=\"background-color: rgba(255,255,255,0);background-position: center center;background-repeat: no-repeat;padding-top:10px;padding-right:0px;padding-bottom:0px;padding-left:0px;margin-bottom: 0px;margin-top: 0px;border-width: 0px 0px 0px 0px;border-color:#000000;border-style:solid;\" ><div class=\"fusion-builder-row fusion-row\"><div class=\"fusion-layout-column fusion_builder_column fusion-builder-column-0 fusion_builder_column_2_5 2_5 fusion-two-fifth fusion-column-first\" style=\"width:40%;width:calc(40% - ( ( 4% ) * 0.4 ) );margin-right: 4%;margin-top:0px;margin-bottom:20px;\"><div class=\"fusion-column-wrapper fusion-flex-column-wrapper-legacy\" style=\"background-position:left top;background-repeat:no-repeat;-webkit-background-size:cover;-moz-background-size:cover;-o-background-size:cover;background-size:cover;padding: 0px 0px 0px 0px;\"><style type=\"text\/css\"><\/style><div class=\"fusion-title title fusion-title-1 fusion-sep-none fusion-title-text fusion-title-size-two\" style=\"margin-top:0px;margin-bottom:10px;\"><h2 class=\"title-heading-left\" style=\"margin:0;\"><p><strong>Escuela Infantil Municipal Algir\u00f3s<\/strong><\/p>\n<p class=\"p3\"><span class=\"s2\">Calle: La Ca\u00f1ada, n\u00ba 2 &#8211; 46022 \u2013Val\u00e8ncia<br \/>\n\u2014<br \/>\n<\/span><span class=\"s2\">Concesionaria: EULEN Sociosanitarios, S.A.<br \/>\nTels. 678626001 &#8211; 627447778 \/ <a href=\"mailto:eialgiros@eulen.com\">eialgiros@eulen.com<\/a><br \/>\n\u2014<br \/>\n<\/span><span class=\"s2\">Titular: Ayuntamiento de Val\u00e8ncia.<br \/>\nTel.963525478 \/ <a href=\"mailto:educacionescuelasinfantiles@valencia.es\"><span class=\"s3\">educacionescuelasinfantiles@valencia.es<\/span><\/a><\/span><\/p><\/h2><\/div><div class=\"fusion-clearfix\"><\/div><\/div><\/div><div class=\"fusion-layout-column fusion_builder_column fusion-builder-column-1 fusion_builder_column_3_5 3_5 fusion-three-fifth fusion-column-last marginCero\" style=\"width:60%;width:calc(60% - ( ( 4% ) * 0.6 ) );margin-top:0px;margin-bottom:20px;\"><div class=\"fusion-column-wrapper fusion-flex-column-wrapper-legacy\" style=\"background-position:left top;background-repeat:no-repeat;-webkit-background-size:cover;-moz-background-size:cover;-o-background-size:cover;background-size:cover;padding: 0px 0px 0px 0px;\"><div class=\"fusion-image-carousel fusion-image-carousel-auto paddingCero marginCero\"><div class=\"fusion-carousel\" data-autoplay=\"yes\" data-columns=\"1\" data-itemmargin=\"13\" data-itemwidth=\"180\" data-touchscroll=\"no\" data-imagesize=\"auto\"><div class=\"fusion-carousel-positioner\"><ul class=\"fusion-carousel-holder\"><li class=\"fusion-carousel-item\"><div class=\"fusion-carousel-item-wrapper\"><div class=\"fusion-image-wrapper hover-type-none\"><img width=\"1200\" height=\"900\" src=\"https:\/\/educacio-valencia.es\/wp-content\/uploads\/2020\/06\/ALGIROS-1.jpg\" class=\"attachment-full size-full\" alt=\"\" srcset=\"https:\/\/educacio-valencia.es\/wp-content\/uploads\/2020\/06\/ALGIROS-1-200x150.jpg 200w, https:\/\/educacio-valencia.es\/wp-content\/uploads\/2020\/06\/ALGIROS-1-300x225.jpg 300w, https:\/\/educacio-valencia.es\/wp-content\/uploads\/2020\/06\/ALGIROS-1-400x300.jpg 400w, https:\/\/educacio-valencia.es\/wp-content\/uploads\/2020\/06\/ALGIROS-1-600x450.jpg 600w, https:\/\/educacio-valencia.es\/wp-content\/uploads\/2020\/06\/ALGIROS-1-768x576.jpg 768w, https:\/\/educacio-valencia.es\/wp-content\/uploads\/2020\/06\/ALGIROS-1-800x600.jpg 800w, https:\/\/educacio-valencia.es\/wp-content\/uploads\/2020\/06\/ALGIROS-1-1024x768.jpg 1024w, https:\/\/educacio-valencia.es\/wp-content\/uploads\/2020\/06\/ALGIROS-1.jpg 1200w\" sizes=\"(max-width: 1200px) 100vw, 1200px\" \/><\/div><\/div><\/li><li class=\"fusion-carousel-item\"><div class=\"fusion-carousel-item-wrapper\"><div class=\"fusion-image-wrapper hover-type-none\"><img width=\"1200\" height=\"900\" src=\"https:\/\/educacio-valencia.es\/wp-content\/uploads\/2020\/06\/ALGIROS-2.jpg\" class=\"attachment-full size-full\" alt=\"\" srcset=\"https:\/\/educacio-valencia.es\/wp-content\/uploads\/2020\/06\/ALGIROS-2-200x150.jpg 200w, https:\/\/educacio-valencia.es\/wp-content\/uploads\/2020\/06\/ALGIROS-2-300x225.jpg 300w, https:\/\/educacio-valencia.es\/wp-content\/uploads\/2020\/06\/ALGIROS-2-400x300.jpg 400w, https:\/\/educacio-valencia.es\/wp-content\/uploads\/2020\/06\/ALGIROS-2-600x450.jpg 600w, https:\/\/educacio-valencia.es\/wp-content\/uploads\/2020\/06\/ALGIROS-2-768x576.jpg 768w, https:\/\/educacio-valencia.es\/wp-content\/uploads\/2020\/06\/ALGIROS-2-800x600.jpg 800w, https:\/\/educacio-valencia.es\/wp-content\/uploads\/2020\/06\/ALGIROS-2-1024x768.jpg 1024w, https:\/\/educacio-valencia.es\/wp-content\/uploads\/2020\/06\/ALGIROS-2.jpg 1200w\" sizes=\"(max-width: 1200px) 100vw, 1200px\" \/><\/div><\/div><\/li><li class=\"fusion-carousel-item\"><div class=\"fusion-carousel-item-wrapper\"><div class=\"fusion-image-wrapper hover-type-none\"><img width=\"1200\" height=\"900\" src=\"https:\/\/educacio-valencia.es\/wp-content\/uploads\/2020\/06\/ALGIROS-3.jpg\" class=\"attachment-full size-full\" alt=\"\" srcset=\"https:\/\/educacio-valencia.es\/wp-content\/uploads\/2020\/06\/ALGIROS-3-200x150.jpg 200w, https:\/\/educacio-valencia.es\/wp-content\/uploads\/2020\/06\/ALGIROS-3-300x225.jpg 300w, https:\/\/educacio-valencia.es\/wp-content\/uploads\/2020\/06\/ALGIROS-3-400x300.jpg 400w, https:\/\/educacio-valencia.es\/wp-content\/uploads\/2020\/06\/ALGIROS-3-600x450.jpg 600w, https:\/\/educacio-valencia.es\/wp-content\/uploads\/2020\/06\/ALGIROS-3-768x576.jpg 768w, https:\/\/educacio-valencia.es\/wp-content\/uploads\/2020\/06\/ALGIROS-3-800x600.jpg 800w, https:\/\/educacio-valencia.es\/wp-content\/uploads\/2020\/06\/ALGIROS-3-1024x768.jpg 1024w, https:\/\/educacio-valencia.es\/wp-content\/uploads\/2020\/06\/ALGIROS-3.jpg 1200w\" sizes=\"(max-width: 1200px) 100vw, 1200px\" \/><\/div><\/div><\/li><li class=\"fusion-carousel-item\"><div class=\"fusion-carousel-item-wrapper\"><div class=\"fusion-image-wrapper hover-type-none\"><img width=\"1200\" height=\"900\" src=\"https:\/\/educacio-valencia.es\/wp-content\/uploads\/2020\/06\/ALGIROS-4-2.jpg\" class=\"attachment-full size-full\" alt=\"\" srcset=\"https:\/\/educacio-valencia.es\/wp-content\/uploads\/2020\/06\/ALGIROS-4-2-200x150.jpg 200w, https:\/\/educacio-valencia.es\/wp-content\/uploads\/2020\/06\/ALGIROS-4-2-300x225.jpg 300w, https:\/\/educacio-valencia.es\/wp-content\/uploads\/2020\/06\/ALGIROS-4-2-400x300.jpg 400w, https:\/\/educacio-valencia.es\/wp-content\/uploads\/2020\/06\/ALGIROS-4-2-600x450.jpg 600w, https:\/\/educacio-valencia.es\/wp-content\/uploads\/2020\/06\/ALGIROS-4-2-768x576.jpg 768w, https:\/\/educacio-valencia.es\/wp-content\/uploads\/2020\/06\/ALGIROS-4-2-800x600.jpg 800w, https:\/\/educacio-valencia.es\/wp-content\/uploads\/2020\/06\/ALGIROS-4-2-1024x768.jpg 1024w, https:\/\/educacio-valencia.es\/wp-content\/uploads\/2020\/06\/ALGIROS-4-2.jpg 1200w\" sizes=\"(max-width: 1200px) 100vw, 1200px\" \/><\/div><\/div><\/li><li class=\"fusion-carousel-item\"><div class=\"fusion-carousel-item-wrapper\"><div class=\"fusion-image-wrapper hover-type-none\"><img width=\"1200\" height=\"751\" src=\"https:\/\/educacio-valencia.es\/wp-content\/uploads\/2020\/06\/ALGIROS-5.jpg\" class=\"attachment-full size-full\" alt=\"\" srcset=\"https:\/\/educacio-valencia.es\/wp-content\/uploads\/2020\/06\/ALGIROS-5-200x125.jpg 200w, https:\/\/educacio-valencia.es\/wp-content\/uploads\/2020\/06\/ALGIROS-5-300x188.jpg 300w, https:\/\/educacio-valencia.es\/wp-content\/uploads\/2020\/06\/ALGIROS-5-400x250.jpg 400w, https:\/\/educacio-valencia.es\/wp-content\/uploads\/2020\/06\/ALGIROS-5-600x376.jpg 600w, https:\/\/educacio-valencia.es\/wp-content\/uploads\/2020\/06\/ALGIROS-5-768x481.jpg 768w, https:\/\/educacio-valencia.es\/wp-content\/uploads\/2020\/06\/ALGIROS-5-800x501.jpg 800w, https:\/\/educacio-valencia.es\/wp-content\/uploads\/2020\/06\/ALGIROS-5-1024x641.jpg 1024w, https:\/\/educacio-valencia.es\/wp-content\/uploads\/2020\/06\/ALGIROS-5.jpg 1200w\" sizes=\"(max-width: 1200px) 100vw, 1200px\" \/><\/div><\/div><\/li><li class=\"fusion-carousel-item\"><div class=\"fusion-carousel-item-wrapper\"><div class=\"fusion-image-wrapper hover-type-none\"><img width=\"1200\" height=\"900\" src=\"https:\/\/educacio-valencia.es\/wp-content\/uploads\/2020\/06\/ALGIROS-6.jpg\" class=\"attachment-full size-full\" alt=\"\" srcset=\"https:\/\/educacio-valencia.es\/wp-content\/uploads\/2020\/06\/ALGIROS-6-200x150.jpg 200w, https:\/\/educacio-valencia.es\/wp-content\/uploads\/2020\/06\/ALGIROS-6-300x225.jpg 300w, https:\/\/educacio-valencia.es\/wp-content\/uploads\/2020\/06\/ALGIROS-6-400x300.jpg 400w, https:\/\/educacio-valencia.es\/wp-content\/uploads\/2020\/06\/ALGIROS-6-600x450.jpg 600w, https:\/\/educacio-valencia.es\/wp-content\/uploads\/2020\/06\/ALGIROS-6-768x576.jpg 768w, https:\/\/educacio-valencia.es\/wp-content\/uploads\/2020\/06\/ALGIROS-6-800x600.jpg 800w, https:\/\/educacio-valencia.es\/wp-content\/uploads\/2020\/06\/ALGIROS-6-1024x768.jpg 1024w, https:\/\/educacio-valencia.es\/wp-content\/uploads\/2020\/06\/ALGIROS-6.jpg 1200w\" sizes=\"(max-width: 1200px) 100vw, 1200px\" \/><\/div><\/div><\/li><\/ul><div class=\"fusion-carousel-nav\"><span class=\"fusion-nav-prev\"><\/span><span class=\"fusion-nav-next\"><\/span><\/div><\/div><\/div><\/div><div class=\"fusion-clearfix\"><\/div><\/div><\/div><div class=\"fusion-layout-column fusion_builder_column fusion-builder-column-2 fusion_builder_column_2_5 2_5 fusion-two-fifth fusion-column-first\" style=\"width:40%;width:calc(40% - ( ( 4% ) * 0.4 ) );margin-right: 4%;margin-top:0px;margin-bottom:20px;\"><div class=\"fusion-column-wrapper fusion-flex-column-wrapper-legacy\" style=\"background-position:left top;background-repeat:no-repeat;-webkit-background-size:cover;-moz-background-size:cover;-o-background-size:cover;background-size:cover;padding: 0px 0px 0px 0px;\"><div class=\"fusion-clearfix\"><\/div><\/div><\/div><div class=\"fusion-layout-column fusion_builder_column fusion-builder-column-3 fusion_builder_column_3_5 3_5 fusion-three-fifth fusion-column-last\" style=\"width:60%;width:calc(60% - ( ( 4% ) * 0.6 ) );margin-top:0px;margin-bottom:20px;\"><div class=\"fusion-column-wrapper fusion-flex-column-wrapper-legacy\" style=\"background-position:left top;background-repeat:no-repeat;-webkit-background-size:cover;-moz-background-size:cover;-o-background-size:cover;background-size:cover;padding: 20px 0px 0px 0px;\"><div class=\"fusion-text fusion-text-1\" style=\"transform:translate3d(0,0,0);\"><div class=\"tablaEscuela\">\n<table width=\"100%\">\n<tbody>\n<tr>\n<td colspan=\"3\" align=\"left\"><strong>Oferta educativa<\/strong><\/td>\n<\/tr>\n<tr>\n<td align=\"left\">\n<p class=\"p1\"><span class=\"s1\">Educaci\u00f3n Infantil de Primer Ciclo<\/span><\/p>\n<\/td>\n<td align=\"center\">\n<p class=\"p1\"><span class=\"s1\">Unidades autorizadas: 6 <\/span><\/p>\n<\/td>\n<td align=\"center\">\n<p class=\"p1\"><span class=\"s1\"> Plazas autorizadas: 92<\/span><\/p>\n<\/td>\n<\/tr>\n<\/tbody>\n<\/table>\n<\/div>\n<\/div><div class=\"fusion-sep-clear\"><\/div><div class=\"fusion-separator fusion-full-width-sep\" style=\"margin-left: auto;margin-right: auto;margin-top:5px;margin-bottom:5px;width:100%;\"><div class=\"fusion-separator-border sep-double\" style=\"border-color:#e0dede;border-top-width:0px;border-bottom-width:0px;\"><\/div><\/div><div class=\"fusion-sep-clear\"><\/div><div class=\"fusion-text fusion-text-2\" style=\"transform:translate3d(0,0,0);\"><p><strong>PROYECTO EDUCATIVO<\/strong><\/p>\n<p>Somos una escuela abierta a las familias y que fomentamos la participaci\u00f3n familiar en la actividad escolar.<br \/>\nLos ni\u00f1os y ni\u00f1as aprenden jugando y experimentando con diversas actividades. Son por tanto protagonistas activos de su propio aprendizaje.<br \/>\nEstablecemos una visi\u00f3n educativa que apuesta por Escuchar, Comprender y Respetar a las ni\u00f1as y ni\u00f1os.<br \/>\nEducamos en la Igualdad y en la Diversidad.<br \/>\nTrabajamos en nuestro proyecto las inteligencias m\u00faltiples dando gran importancia a la educaci\u00f3n emocional.<\/p>\n<\/div><div class=\"fusion-sep-clear\"><\/div><div class=\"fusion-separator fusion-full-width-sep\" style=\"margin-left: auto;margin-right: auto;margin-top:5px;margin-bottom:5px;width:100%;\"><div class=\"fusion-separator-border sep-single sep-solid\" style=\"border-color:#000000;border-top-width:1px;\"><\/div><\/div><div class=\"fusion-sep-clear\"><\/div><div class=\"fusion-text fusion-text-3\" style=\"transform:translate3d(0,0,0);\"><p class=\"p1\"><span class=\"s1\"><b>ACTIVIDADES COMPLEMENT\u00c1RIAS<\/b><\/span><\/p>\n<ul class=\"ul1\">\n<li class=\"li2\"><span class=\"s3\">Escuela de padres con escuelas trimestrales<\/span><\/li>\n<li class=\"li2\"><span class=\"s3\">Talleres de ocio compartido con las familias<\/span><\/li>\n<li class=\"li2\"><span class=\"s3\">Salidas ciudadanas para establecer v\u00ednculos de convivencia con el barrio y la ciudad.<\/span><\/li>\n<li class=\"li2\"><span class=\"s3\">Huerto escolar<\/span><\/li>\n<li class=\"li2\"><span class=\"s3\">Rinc\u00f3n arom\u00e1tico<\/span><\/li>\n<li class=\"li2\"><span class=\"s3\">Fiestas y Cuentacuentos<\/span><\/li>\n<li class=\"li2\"><span class=\"s3\">Representaciones teatrales<\/span><\/li>\n<li class=\"li2\"><span class=\"s3\">Actividades de experimentaci\u00f3n con materiales sensoriales, musicales, de luces y de juego heur\u00edstico<\/span><\/li>\n<li class=\"li2\"><span class=\"s3\">Salidas de Educaci\u00f3n vial<\/span><\/li>\n<li class=\"li2\"><span class=\"s3\">Biblioteca viajera<\/span><\/li>\n<li class=\"li2\"><span class=\"s3\">Psicomotricidad<\/span><\/li>\n<li class=\"li2\"><span class=\"s3\">Rincones de trabajo<\/span><\/li>\n<li class=\"li2\"><span class=\"s3\">Conciertos musicales<\/span><\/li>\n<\/ul>\n<\/div><div class=\"fusion-sep-clear\"><\/div><div class=\"fusion-separator fusion-full-width-sep\" style=\"margin-left: auto;margin-right: auto;margin-top:5px;margin-bottom:5px;width:100%;\"><div class=\"fusion-separator-border sep-single sep-solid\" style=\"border-color:#000000;border-top-width:1px;\"><\/div><\/div><div class=\"fusion-sep-clear\"><\/div><div class=\"fusion-text fusion-text-4\" style=\"transform:translate3d(0,0,0);\"><p class=\"p1\"><span class=\"s1\"><b>SERVICIOS<\/b><\/span><\/p>\n<ul class=\"ul1\">\n<li class=\"li2\"><span class=\"s3\">6 aulas adaptadas al alumnado <\/span><\/li>\n<li class=\"li2\"><span class=\"s3\">Zona de camas y cunas para los momentos de sue\u00f1o\u00a0<\/span><\/li>\n<li class=\"li2\"><span class=\"s3\">1 sala de usos m\u00faltiples<\/span><\/li>\n<li class=\"li3\"><span class=\"s3\">Servicio de Comedor escolar con cocina propia. Men\u00fas adaptados a las diferentes edades y<span class=\"Apple-converted-space\">\u00a0 <\/span>diversas alergias e intolerancias.<span class=\"Apple-converted-space\">\u00a0 <\/span>Elaborados por nutricionistas. Alimentaci\u00f3n sana y equilibrada<\/span><\/li>\n<li class=\"li3\"><span class=\"s3\">Servicio de almuerzo y merienda <\/span><\/li>\n<li class=\"li2\"><span class=\"s3\">Gran Patio de juegos con zona de huerto<\/span><\/li>\n<li class=\"li2\"><span class=\"s3\">Escuelas de Navidad, Pascua y verano<\/span><\/li>\n<li class=\"li2\"><span class=\"s3\">Escuelas matutina y vespertina<\/span><\/li>\n<li class=\"li2\"><span class=\"s3\">Jornadas de puertas abiertas<\/span><\/li>\n<li class=\"li2\"><span class=\"s3\">Reuniones trimestrales<\/span><\/li>\n<li class=\"li2\"><span class=\"s3\">Consejo Escolar<\/span><\/li>\n<\/ul>\n<\/div><div class=\"fusion-sep-clear\"><\/div><div class=\"fusion-separator fusion-full-width-sep\" style=\"margin-left: auto;margin-right: auto;margin-top:5px;margin-bottom:5px;width:100%;\"><div class=\"fusion-separator-border sep-single sep-solid\" style=\"border-color:#000000;border-top-width:1px;\"><\/div><\/div><div class=\"fusion-sep-clear\"><\/div><div class=\"fusion-text fusion-text-5\" style=\"transform:translate3d(0,0,0);\"><p class=\"p1\"><span class=\"s1\"><b>ADMINISTRACI\u00d3N\/SECRETARIA<\/b><\/span><\/p>\n<ul>\n<li><span class=\"s3\">Calendario escolar<span class=\"Apple-converted-space\">\u00a0 <\/span>y<span class=\"Apple-converted-space\">\u00a0 <\/span>Calendario laboral<\/span><\/li>\n<li><span class=\"s3\">Abierto desde<span class=\"Apple-converted-space\">\u00a0 <\/span>Septiembre a Julio (Agosto, seg\u00fan demanda)<\/span><\/li>\n<\/ul>\n<p><span class=\"s3\">Horario:<\/span><\/p>\n<ul>\n<li><span class=\"s3\"> Entrada- de 9.00 h. a 9.30 horas<\/span><\/li>\n<li><span class=\"s3\"> Salida-<span class=\"Apple-converted-space\">\u00a0 <\/span>de 16.45 h. a 17.00 horas<\/span><\/li>\n<\/ul>\n<p><span class=\"s3\">Horarios extras:<\/span><\/p>\n<ul>\n<li><span class=\"s3\">Matinera: De 7.30 h. a 8.45 horas<\/span><\/li>\n<li><span class=\"s3\">Vespertina: De 17.00 h. a 18.00 horas<\/span><\/li>\n<\/ul>\n<p><span class=\"s3\">Atenci\u00f3n padres y madres: de 10.00 a 12.00 h. y de 15.00 a 17.00 h, de lunes a viernes<\/span><\/p>\n<\/div><div class=\"fusion-clearfix\"><\/div><\/div><\/div><\/div><\/div>\n","protected":false},"excerpt":{"rendered":"","protected":false},"author":5,"featured_media":0,"parent":0,"menu_order":0,"comment_status":"closed","ping_status":"closed","template":"","meta":[],"_links":{"self":[{"href":"https:\/\/educacio-valencia.es\/es\/wp-json\/wp\/v2\/pages\/737"}],"collection":[{"href":"https:\/\/educacio-valencia.es\/es\/wp-json\/wp\/v2\/pages"}],"about":[{"href":"https:\/\/educacio-valencia.es\/es\/wp-json\/wp\/v2\/types\/page"}],"author":[{"embeddable":true,"href":"https:\/\/educacio-valencia.es\/es\/wp-json\/wp\/v2\/users\/5"}],"replies":[{"embeddable":true,"href":"https:\/\/educacio-valencia.es\/es\/wp-json\/wp\/v2\/comments?post=737"}],"version-history":[{"count":19,"href":"https:\/\/educacio-valencia.es\/es\/wp-json\/wp\/v2\/pages\/737\/revisions"}],"predecessor-version":[{"id":26032,"href":"https:\/\/educacio-valencia.es\/es\/wp-json\/wp\/v2\/pages\/737\/revisions\/26032"}],"wp:attachment":[{"href":"https:\/\/educacio-valencia.es\/es\/wp-json\/wp\/v2\/media?parent=737"}],"curies":[{"name":"wp","href":"https:\/\/api.w.org\/{rel}","templated":true}]}}