{"id":665,"date":"2017-08-03T12:02:51","date_gmt":"2017-08-03T12:02:51","guid":{"rendered":"http:\/\/educacio-valencia.es\/?page_id=665"},"modified":"2025-03-11T11:17:57","modified_gmt":"2025-03-11T10:17:57","slug":"consejo-escolar","status":"publish","type":"page","link":"https:\/\/educacio-valencia.es\/es\/consejo-escolar\/","title":{"rendered":"Consejo escolar"},"content":{"rendered":"<p><div class=\"fusion-fullwidth fullwidth-box fusion-builder-row-1 bloqueSeccion nonhundred-percent-fullwidth non-hundred-percent-height-scrolling\" style=\"background-color: rgba(255,255,255,0);background-position: center center;background-repeat: no-repeat;padding-top:10px;padding-right:0px;padding-bottom:0px;padding-left:0px;margin-bottom: 0px;margin-top: 0px;border-width: 0px 0px 0px 0px;border-color:#000000;border-style:solid;\" ><div class=\"fusion-builder-row fusion-row\"><div class=\"fusion-layout-column fusion_builder_column fusion-builder-column-0 fusion_builder_column_2_5 2_5 fusion-two-fifth fusion-column-first\" style=\"width:40%;width:calc(40% - ( ( 4% ) * 0.4 ) );margin-right: 4%;margin-top:0px;margin-bottom:20px;\"><div class=\"fusion-column-wrapper fusion-flex-column-wrapper-legacy\" style=\"background-position:left top;background-repeat:no-repeat;-webkit-background-size:cover;-moz-background-size:cover;-o-background-size:cover;background-size:cover;padding: 0px 0px 0px 0px;\"><style type=\"text\/css\"><\/style><div class=\"fusion-title title fusion-title-1 fusion-sep-none fusion-title-text fusion-title-size-two\" style=\"margin-top:0px;margin-bottom:10px;\"><h2 class=\"title-heading-left\" style=\"margin:0;\"><strong>Consejo escolar<\/strong><\/h2><\/div><div class=\"fusion-clearfix\"><\/div><\/div><\/div><div class=\"fusion-layout-column fusion_builder_column fusion-builder-column-1 fusion_builder_column_3_5 3_5 fusion-three-fifth fusion-column-last marginCero\" style=\"width:60%;width:calc(60% - ( ( 4% ) * 0.6 ) );margin-top:0px;margin-bottom:20px;\"><div class=\"fusion-column-wrapper fusion-flex-column-wrapper-legacy\" style=\"background-position:left top;background-repeat:no-repeat;-webkit-background-size:cover;-moz-background-size:cover;-o-background-size:cover;background-size:cover;padding: 0px 0px 0px 0px;\"><div class=\"fusion-text fusion-text-1\" style=\"transform:translate3d(0,0,0);\"><p>El Consejo Escolar Municipal de Val\u00e8ncia se constituye como instrumento de participaci\u00f3n democr\u00e1tica en la gesti\u00f3n educativa que afecta al municipio de Val\u00e8ncia, y como \u00f3rgano de asesoramiento a la administraci\u00f3n competente. Se rige por la normativa auton\u00f3mica y su desarrollo, reflejado en el Reglamento, y est\u00e1 constituido por los diferentes sectores de la comunidad educativa, que son los siguientes:<\/p>\n<\/div><div class=\"fusion-clearfix\"><\/div><\/div><\/div><\/div><\/div><div class=\"fusion-fullwidth fullwidth-box fusion-builder-row-2 bloqueSeccion nonhundred-percent-fullwidth non-hundred-percent-height-scrolling\" style=\"background-color: rgba(255,255,255,0);background-position: center center;background-repeat: no-repeat;padding-top:10px;padding-right:0px;padding-bottom:0px;padding-left:0px;margin-bottom: 0px;margin-top: 0px;border-width: 0px 0px 0px 0px;border-color:#eae9e9;border-style:solid;\" ><div class=\"fusion-builder-row fusion-row\"><div class=\"fusion-layout-column fusion_builder_column fusion-builder-column-2 fusion_builder_column_2_5 2_5 fusion-two-fifth fusion-column-first\" style=\"width:40%;width:calc(40% - ( ( 4% ) * 0.4 ) );margin-right: 4%;margin-top:0px;margin-bottom:20px;\"><div class=\"fusion-column-wrapper fusion-flex-column-wrapper-legacy\" style=\"background-position:left top;background-repeat:no-repeat;-webkit-background-size:cover;-moz-background-size:cover;-o-background-size:cover;background-size:cover;padding: 0px 0px 0px 0px;\"><style type=\"text\/css\"><\/style><div class=\"fusion-title title fusion-title-2 fusion-sep-none fusion-title-text fusion-title-size-two\" style=\"margin-top:0px;margin-bottom:10px;\"><h2 class=\"title-heading-left\" style=\"margin:0;\"><strong>Normativa<\/strong><\/h2><\/div><div class=\"fusion-clearfix\"><\/div><\/div><\/div><div class=\"fusion-layout-column fusion_builder_column fusion-builder-column-3 fusion_builder_column_3_5 3_5 fusion-three-fifth fusion-column-last marginCero\" style=\"width:60%;width:calc(60% - ( ( 4% ) * 0.6 ) );margin-top:0px;margin-bottom:20px;\"><div class=\"fusion-column-wrapper fusion-flex-column-wrapper-legacy\" style=\"background-position:left top;background-repeat:no-repeat;-webkit-background-size:cover;-moz-background-size:cover;-o-background-size:cover;background-size:cover;padding: 0px 0px 0px 0px;\"><div class=\"fusion-text fusion-text-2\" style=\"transform:translate3d(0,0,0);\"><p><a href=\"http:\/\/educacio-valencia.es\/wp-content\/uploads\/2017\/08\/Decreto-111-1989-Consejos-Escolares-Municipales.pdf\" target=\"_blank\" rel=\"noopener noreferrer\">Decreto 111 1989 Consejos Escolares Municipales<\/a><\/p>\n<p><a href=\"http:\/\/educacio-valencia.es\/wp-content\/uploads\/2017\/08\/Reglamento-Consejo-Escolar-Municipal-Valencia.pdf\" target=\"_blank\" rel=\"noopener noreferrer\">Reglamento Consejo Escolar Municipal de Val\u00e8ncia<\/a><\/p>\n<\/div><div class=\"fusion-clearfix\"><\/div><\/div><\/div><\/div><\/div><div class=\"fusion-fullwidth fullwidth-box fusion-builder-row-3 bloqueSeccion nonhundred-percent-fullwidth non-hundred-percent-height-scrolling\" style=\"background-color: rgba(255,255,255,0);background-position: center center;background-repeat: no-repeat;padding-top:10px;padding-right:0px;padding-bottom:0px;padding-left:0px;margin-bottom: 0px;margin-top: 0px;border-width: 0px 0px 0px 0px;border-color:#eae9e9;border-style:solid;\" ><div class=\"fusion-builder-row fusion-row\"><div class=\"fusion-layout-column fusion_builder_column fusion-builder-column-4 fusion_builder_column_2_5 2_5 fusion-two-fifth fusion-column-first\" style=\"width:40%;width:calc(40% - ( ( 4% ) * 0.4 ) );margin-right: 4%;margin-top:0px;margin-bottom:20px;\"><div class=\"fusion-column-wrapper fusion-flex-column-wrapper-legacy\" style=\"background-position:left top;background-repeat:no-repeat;-webkit-background-size:cover;-moz-background-size:cover;-o-background-size:cover;background-size:cover;padding: 0px 0px 0px 0px;\"><style type=\"text\/css\"><\/style><div class=\"fusion-title title fusion-title-3 fusion-sep-none fusion-title-text fusion-title-size-two\" style=\"margin-top:0px;margin-bottom:10px;\"><h2 class=\"title-heading-left\" style=\"margin:0;\"><strong>Organigrama actual<\/strong><\/h2><\/div><div class=\"fusion-clearfix\"><\/div><\/div><\/div><div class=\"fusion-layout-column fusion_builder_column fusion-builder-column-5 fusion_builder_column_3_5 3_5 fusion-three-fifth fusion-column-last\" style=\"width:60%;width:calc(60% - ( ( 4% ) * 0.6 ) );margin-top:0px;margin-bottom:20px;\"><div class=\"fusion-column-wrapper fusion-flex-column-wrapper-legacy\" style=\"background-position:left top;background-repeat:no-repeat;-webkit-background-size:cover;-moz-background-size:cover;-o-background-size:cover;background-size:cover;padding: 0px 0px 0px 0px;\"><div class=\"fusion-text fusion-text-3\" style=\"transform:translate3d(0,0,0);\"><p>&#8211; Presidenta: Regidora de Educaci\u00f3n<\/p>\n<p>&#8211; Representante de l\u2019Ajuntament de Val\u00e8ncia: Regidora de Gesti\u00f3n de Recursos<\/p>\n<p>&#8211; Sindicat de Treballadors de l\u2019Ensenyament del Pa\u00eds Valencia (STEPV)<\/p>\n<p>&#8211; Confederaci\u00f3 Sindical de Comissions Obreres del Pa\u00eds Valenci\u00e0(FE-CCOO.PV)<\/p>\n<p>&#8211; Uni\u00f3 sindical Obrera (USO.CV)<\/p>\n<p>&#8211; Federaci\u00f3n Cat\u00f2lica de Padres y Madres d\u2019Alumnos\/as (F.A.P.A.)<\/p>\n<p>&#8211; Federaci\u00f3 Valenciana d\u2019Estudiants (F.A.A.V.E.M)<\/p>\n<p>&#8211; Directores de Centros P\u00fablicos<\/p>\n<p>&#8211; Titulares de Centros Privados<\/p>\n<p>&#8211; Representantes de las Asociaciones de Vecinos<\/p>\n<p>&#8211; Representante de la Administraci\u00f3n Educativa<\/p>\n<p>&#8211; Federaci\u00f3 de Sindicats Independents de la C.V (FSIE)<\/p>\n<p>&#8211; Federaci\u00f3n Cat\u00f3lica de Padres de Alumnos (F.C.A.P.A.)<\/p>\n<p><strong><a href=\"https:\/\/educacio-valencia.es\/wp-content\/uploads\/2025\/03\/listado-2024-actualizado-Consejo-Escolar.pdf\">Representantes del Consejo Escolar Municipal 2024\/25<\/a><\/strong><\/p>\n<\/div><div class=\"fusion-clearfix\"><\/div><\/div><\/div><\/div><\/div><\/p>\n","protected":false},"excerpt":{"rendered":"","protected":false},"author":5,"featured_media":0,"parent":0,"menu_order":0,"comment_status":"closed","ping_status":"closed","template":"","meta":[],"_links":{"self":[{"href":"https:\/\/educacio-valencia.es\/es\/wp-json\/wp\/v2\/pages\/665"}],"collection":[{"href":"https:\/\/educacio-valencia.es\/es\/wp-json\/wp\/v2\/pages"}],"about":[{"href":"https:\/\/educacio-valencia.es\/es\/wp-json\/wp\/v2\/types\/page"}],"author":[{"embeddable":true,"href":"https:\/\/educacio-valencia.es\/es\/wp-json\/wp\/v2\/users\/5"}],"replies":[{"embeddable":true,"href":"https:\/\/educacio-valencia.es\/es\/wp-json\/wp\/v2\/comments?post=665"}],"version-history":[{"count":17,"href":"https:\/\/educacio-valencia.es\/es\/wp-json\/wp\/v2\/pages\/665\/revisions"}],"predecessor-version":[{"id":42926,"href":"https:\/\/educacio-valencia.es\/es\/wp-json\/wp\/v2\/pages\/665\/revisions\/42926"}],"wp:attachment":[{"href":"https:\/\/educacio-valencia.es\/es\/wp-json\/wp\/v2\/media?parent=665"}],"curies":[{"name":"wp","href":"https:\/\/api.w.org\/{rel}","templated":true}]}}