{"id":624,"date":"2020-06-16T08:30:39","date_gmt":"2020-06-16T06:30:39","guid":{"rendered":"http:\/\/educacio-valencia.es\/?page_id=624"},"modified":"2025-07-03T11:09:16","modified_gmt":"2025-07-03T09:09:16","slug":"presentacion","status":"publish","type":"page","link":"https:\/\/educacio-valencia.es\/es\/presentacion\/","title":{"rendered":"Presentaci\u00f3n"},"content":{"rendered":"<p><div class=\"fusion-fullwidth fullwidth-box fusion-builder-row-1 bloqueSeccion nonhundred-percent-fullwidth non-hundred-percent-height-scrolling\" style=\"background-color: rgba(255,255,255,0);background-position: center center;background-repeat: no-repeat;padding-top:10px;padding-right:0px;padding-bottom:0px;padding-left:0px;margin-bottom: 0px;margin-top: 0px;border-width: 0px 0px 0px 0px;border-color:#000000;border-style:solid;\" ><div class=\"fusion-builder-row fusion-row\"><div class=\"fusion-layout-column fusion_builder_column fusion-builder-column-0 fusion_builder_column_2_5 2_5 fusion-two-fifth fusion-column-first\" style=\"width:40%;width:calc(40% - ( ( 4% ) * 0.4 ) );margin-right: 4%;margin-top:0px;margin-bottom:20px;\"><div class=\"fusion-column-wrapper fusion-flex-column-wrapper-legacy\" style=\"background-position:left top;background-repeat:no-repeat;-webkit-background-size:cover;-moz-background-size:cover;-o-background-size:cover;background-size:cover;padding: 0px 0px 0px 0px;\"><style type=\"text\/css\"><\/style><div class=\"fusion-title title fusion-title-1 fusion-sep-none fusion-title-text fusion-title-size-two\" style=\"margin-top:0px;margin-bottom:10px;\"><h2 class=\"title-heading-left\" style=\"margin:0;\"><strong>Presentaci\u00f3n<\/strong><\/h2><\/div><div class=\"fusion-clearfix\"><\/div><\/div><\/div><div class=\"fusion-layout-column fusion_builder_column fusion-builder-column-1 fusion_builder_column_3_5 3_5 fusion-three-fifth fusion-column-last marginCero\" style=\"width:60%;width:calc(60% - ( ( 4% ) * 0.6 ) );margin-top:0px;margin-bottom:20px;\"><div class=\"fusion-column-wrapper fusion-flex-column-wrapper-legacy\" style=\"background-position:left top;background-repeat:no-repeat;-webkit-background-size:cover;-moz-background-size:cover;-o-background-size:cover;background-size:cover;padding: 0px 0px 0px 0px;\"><div class=\"fusion-text fusion-text-1\" style=\"transform:translate3d(0,0,0);\"><p>Las propuestas educativas del Ayuntamiento de Val\u00e8ncia tienen como objetivo contribuir a que la ciudad sea un agente activo en la educaci\u00f3n de su ciudadan\u00eda, plantean la ciudad como recurso did\u00e1ctico y borran los l\u00edmites del espacio escolar, convirtiendo Val\u00e8ncia en un aula en la que construir conocimiento a partir de la experiencia.<\/p>\n<p>Su objetivo esencial es apoyar, complementar, ampliar y dimensionar la ense\u00f1anza con actividades que generen una renovaci\u00f3n pedag\u00f3gica, de tal modo que lo escolar trascienda del mero quehacer dentro del aula y se multipliquen as\u00ed las oportunidades de aprendizaje del alumnado.<\/p>\n<p>Las propuestas que se ofrecen cubren un amplio espectro tem\u00e1tico, se realizan todas ellas desde la perspectiva de g\u00e9nero y se basan en tres conceptos fundamentales: transversalidad, participaci\u00f3n y proximidad.<\/p>\n<p>Se trata de poner al servicio de las ni\u00f1as y ni\u00f1os de nuestra ciudad la posibilidad de experimentar, preguntarse, dudar, jugar, compartir y, en definitiva, de participar en la construcci\u00f3n de una sociedad diversa, plural e interrelacionada.<\/p>\n<\/div><div class=\"fusion-clearfix\"><\/div><\/div><\/div><\/div><\/div><div class=\"fusion-fullwidth fullwidth-box fusion-builder-row-2 bloqueSeccion nonhundred-percent-fullwidth non-hundred-percent-height-scrolling\" style=\"background-color: rgba(255,255,255,0);background-position: center center;background-repeat: no-repeat;padding-top:10px;padding-right:0px;padding-bottom:0px;padding-left:0px;margin-bottom: 0px;margin-top: 0px;border-width: 0px 0px 0px 0px;border-color:#000000;border-style:solid;\" ><div class=\"fusion-builder-row fusion-row\"><div class=\"fusion-layout-column fusion_builder_column fusion-builder-column-2 fusion_builder_column_2_5 2_5 fusion-two-fifth fusion-column-first\" style=\"width:40%;width:calc(40% - ( ( 4% ) * 0.4 ) );margin-right: 4%;margin-top:0px;margin-bottom:20px;\"><div class=\"fusion-column-wrapper fusion-flex-column-wrapper-legacy\" style=\"background-position:left top;background-repeat:no-repeat;-webkit-background-size:cover;-moz-background-size:cover;-o-background-size:cover;background-size:cover;padding: 0px 0px 0px 0px;\"><style type=\"text\/css\"><\/style><div class=\"fusion-title title fusion-title-2 fusion-sep-none fusion-title-text fusion-title-size-two\" style=\"margin-top:0px;margin-bottom:10px;\"><h2 class=\"title-heading-left\" style=\"margin:0;\"><strong>C\u00f3mo lo hacemos<\/strong><\/h2><\/div><div class=\"fusion-clearfix\"><\/div><\/div><\/div><div class=\"fusion-layout-column fusion_builder_column fusion-builder-column-3 fusion_builder_column_3_5 3_5 fusion-three-fifth fusion-column-last\" style=\"width:60%;width:calc(60% - ( ( 4% ) * 0.6 ) );margin-top:0px;margin-bottom:20px;\"><div class=\"fusion-column-wrapper fusion-flex-column-wrapper-legacy\" style=\"background-position:left top;background-repeat:no-repeat;-webkit-background-size:cover;-moz-background-size:cover;-o-background-size:cover;background-size:cover;padding: 0px 0px 0px 0px;\"><div class=\"fusion-text fusion-text-2\" style=\"transform:translate3d(0,0,0);\"><p>La Secci\u00f3n Proyectos Educativos ha coordinado las actuaciones de diversas Delegaciones Municipales, Consellerias y otras Instituciones P\u00fablicas, as\u00ed como de los organismos colaboradores, con el fin de aunar las acciones formativas que se proponen a los centros educativos de la ciudad durante el actual periodo escolar. El cat\u00e1logo de actividades educativas incluye propuestas dependientes tanto del Servicio de Educaci\u00f3n como las gestionadas por el resto de agentes educativos.<\/p>\n<p>Estas propuestas est\u00e1n enmarcadas en los principios contenidos en:<\/p>\n<p><strong>&#8211; \u201cAsociaci\u00f3n Internacional de Ciudades Educadoras\u201d<\/strong><br \/>\n<strong> &#8211; \u201cLa cuidad de las ni\u00f1as y de los ni\u00f1os\u201d<\/strong><\/p>\n<p>Incorporamos nuevos programas y campa\u00f1as en base a las sugerencias que nos llegan a trav\u00e9s de los cuestionarios de evaluaci\u00f3n que nos remite el profesorado participante en nuestras actividades. Tambi\u00e9n desarrollamos nuevos programas de innovaci\u00f3n educativa, siguiendo un proceso de actualizaci\u00f3n, din\u00e1mico y abierto a las nuevas propuestas.<\/p>\n<p>A trav\u00e9s del portal Web de la Regidor\u00eda de Educaci\u00f3n facilitamos el acceso a las actividades que se recogen. Cada propuesta educativa se refleja en una ficha que proporciona la informaci\u00f3n y define las principales caracter\u00edsticas para conocer el desarrollo de la misma.<\/p>\n<p>Para la solicitud de una actividad educativa se requiere de la cumplimentaci\u00f3n del formulario de solicitud de participaci\u00f3n en la web municipal. Esta llega al personal t\u00e9cnico responsable que realizar\u00e1 la planificaci\u00f3n y temporalizaci\u00f3n de cada programa seg\u00fan se describe en el apartado <strong><a href=\"http:\/\/educacio-valencia.es\/es\/como-participar\/\" target=\"_blank\" rel=\"noopener noreferrer\">\u201cC\u00f3mo participar\u201d<\/a>.<\/strong><\/p>\n<\/div><div class=\"fusion-clearfix\"><\/div><\/div><\/div><\/div><\/div><div class=\"fusion-fullwidth fullwidth-box fusion-builder-row-3 bloqueSeccion nonhundred-percent-fullwidth non-hundred-percent-height-scrolling\" style=\"background-color: rgba(255,255,255,0);background-position: center center;background-repeat: no-repeat;padding-top:10px;padding-right:0px;padding-bottom:0px;padding-left:0px;margin-bottom: 0px;margin-top: 0px;border-width: 0px 0px 0px 0px;border-color:#000000;border-style:solid;\" ><div class=\"fusion-builder-row fusion-row\"><div class=\"fusion-layout-column fusion_builder_column fusion-builder-column-4 fusion_builder_column_2_5 2_5 fusion-two-fifth fusion-column-first\" style=\"width:40%;width:calc(40% - ( ( 4% ) * 0.4 ) );margin-right: 4%;margin-top:0px;margin-bottom:20px;\"><div class=\"fusion-column-wrapper fusion-flex-column-wrapper-legacy\" style=\"background-position:left top;background-repeat:no-repeat;-webkit-background-size:cover;-moz-background-size:cover;-o-background-size:cover;background-size:cover;padding: 0px 0px 0px 0px;\"><div class=\"fusion-clearfix\"><\/div><\/div><\/div><div class=\"fusion-layout-column fusion_builder_column fusion-builder-column-5 fusion_builder_column_3_5 3_5 fusion-three-fifth fusion-column-last\" style=\"width:60%;width:calc(60% - ( ( 4% ) * 0.6 ) );margin-top:0px;margin-bottom:20px;\"><div class=\"fusion-column-wrapper fusion-flex-column-wrapper-legacy\" style=\"background-position:left top;background-repeat:no-repeat;-webkit-background-size:cover;-moz-background-size:cover;-o-background-size:cover;background-size:cover;padding: 0px 0px 0px 0px;\"><div class=\"fusion-clearfix\"><\/div><\/div><\/div><div class=\"fusion-layout-column fusion_builder_column fusion-builder-column-6 fusion_builder_column_2_5 2_5 fusion-two-fifth fusion-column-first\" style=\"width:40%;width:calc(40% - ( ( 4% ) * 0.4 ) );margin-right: 4%;margin-top:0px;margin-bottom:20px;\"><div class=\"fusion-column-wrapper fusion-flex-column-wrapper-legacy\" style=\"background-position:left top;background-repeat:no-repeat;-webkit-background-size:cover;-moz-background-size:cover;-o-background-size:cover;background-size:cover;padding: 0px 0px 0px 0px;\"><style type=\"text\/css\"><\/style><div class=\"fusion-title title fusion-title-3 fusion-sep-none fusion-title-text fusion-title-size-two\" style=\"margin-top:0px;margin-bottom:10px;\"><h2 class=\"title-heading-left\" style=\"margin:0;\"><strong>Propuestas Educativas de ediciones anteriores<\/strong><\/h2><\/div><div class=\"fusion-clearfix\"><\/div><\/div><\/div><div class=\"fusion-layout-column fusion_builder_column fusion-builder-column-7 fusion_builder_column_3_5 3_5 fusion-three-fifth fusion-column-last\" style=\"width:60%;width:calc(60% - ( ( 4% ) * 0.6 ) );margin-top:0px;margin-bottom:20px;\"><div class=\"fusion-column-wrapper fusion-flex-column-wrapper-legacy\" style=\"background-position:left top;background-repeat:no-repeat;-webkit-background-size:cover;-moz-background-size:cover;-o-background-size:cover;background-size:cover;padding: 0px 0px 0px 0px;\"><div class=\"fusion-text fusion-text-3\" style=\"transform:translate3d(0,0,0);\"><p><a href=\"https:\/\/educacio-valencia.es\/wp-content\/uploads\/2025\/07\/libro-24-25-cas.pdf\">Relaci\u00f3n de Propuestas Educativas_edici\u00f3n 2024-25<\/a><\/p>\n<\/div><div class=\"fusion-text fusion-text-4\" style=\"transform:translate3d(0,0,0);\"><p><a href=\"https:\/\/educacio-valencia.es\/wp-content\/uploads\/2024\/06\/libro-2023-24-cs.pdf\">Relaci\u00f3n de Propuestas Educativas_edici\u00f3n 2023-24<\/a><\/p>\n<\/div><div class=\"fusion-text fusion-text-5\" style=\"transform:translate3d(0,0,0);\"><p><a href=\"https:\/\/educacio-valencia.es\/wp-content\/uploads\/2022\/09\/Libro-oferta-Educativa_Cas.pdf\">Relaci\u00f3n de Propuestas Educativas_edici\u00f3n 2022-23<\/a><\/p>\n<\/div><div class=\"fusion-text fusion-text-6\" style=\"transform:translate3d(0,0,0);\"><p><a href=\"https:\/\/educacio-valencia.es\/wp-content\/uploads\/2022\/09\/libro-21-22-cas.pdf\">Relaci\u00f3n de Propuestas Educativas_edici\u00f3n 2021-22<\/a><\/p>\n<\/div><div class=\"fusion-text fusion-text-7\" style=\"transform:translate3d(0,0,0);\"><p><a href=\"https:\/\/educacio-valencia.es\/wp-content\/uploads\/2020\/11\/Propuestas-educativas-2020-21-1.pdf\">Relaci\u00f3n de Propuestas Educativas_edici\u00f3n 2020-21<\/a><\/p>\n<\/div><div class=\"fusion-text fusion-text-8\" style=\"transform:translate3d(0,0,0);\"><p><a href=\"https:\/\/educacio-valencia.es\/wp-content\/uploads\/2023\/06\/Libro-Cast-19-20.pdf\">Relaci\u00f3n de Propuestas Educativas_edici\u00f3n 2019-20<\/a><\/p>\n<\/div><div class=\"fusion-text fusion-text-9\" style=\"transform:translate3d(0,0,0);\"><p><a href=\"http:\/\/educacio-valencia.es\/wp-content\/uploads\/2020\/01\/relacion-de-propuestas-educativas-2018-19-castellano.pdf\">Relaci\u00f3n de Propuestas Educativas_edici\u00f3n 2018-19<\/a><\/p>\n<\/div><div class=\"fusion-clearfix\"><\/div><\/div><\/div><\/div><\/div><\/p>\n","protected":false},"excerpt":{"rendered":"","protected":false},"author":5,"featured_media":0,"parent":0,"menu_order":0,"comment_status":"closed","ping_status":"closed","template":"","meta":[],"_links":{"self":[{"href":"https:\/\/educacio-valencia.es\/es\/wp-json\/wp\/v2\/pages\/624"}],"collection":[{"href":"https:\/\/educacio-valencia.es\/es\/wp-json\/wp\/v2\/pages"}],"about":[{"href":"https:\/\/educacio-valencia.es\/es\/wp-json\/wp\/v2\/types\/page"}],"author":[{"embeddable":true,"href":"https:\/\/educacio-valencia.es\/es\/wp-json\/wp\/v2\/users\/5"}],"replies":[{"embeddable":true,"href":"https:\/\/educacio-valencia.es\/es\/wp-json\/wp\/v2\/comments?post=624"}],"version-history":[{"count":33,"href":"https:\/\/educacio-valencia.es\/es\/wp-json\/wp\/v2\/pages\/624\/revisions"}],"predecessor-version":[{"id":44478,"href":"https:\/\/educacio-valencia.es\/es\/wp-json\/wp\/v2\/pages\/624\/revisions\/44478"}],"wp:attachment":[{"href":"https:\/\/educacio-valencia.es\/es\/wp-json\/wp\/v2\/media?parent=624"}],"curies":[{"name":"wp","href":"https:\/\/api.w.org\/{rel}","templated":true}]}}