{"id":45383,"date":"2018-02-07T09:16:37","date_gmt":"2018-02-07T08:16:37","guid":{"rendered":"https:\/\/educacio-valencia.es\/?page_id=45383"},"modified":"2026-03-13T10:54:09","modified_gmt":"2026-03-13T09:54:09","slug":"ajudes-per-a-xec-escolar-i-per-a-menjador-escolar-alumnat-de-4-i-5-anys","status":"publish","type":"page","link":"https:\/\/educacio-valencia.es\/es\/ajudes-per-a-xec-escolar-i-per-a-menjador-escolar-alumnat-de-4-i-5-anys\/","title":{"rendered":"Ayudas para cheque escolar y para comedor escolar, alumnado de 3, 4 y 5 a\u00f1os"},"content":{"rendered":"<p><div class=\"fusion-fullwidth fullwidth-box fusion-builder-row-1 bloqueSeccion nonhundred-percent-fullwidth non-hundred-percent-height-scrolling\" style=\"background-color: rgba(255,255,255,0);background-position: center center;background-repeat: no-repeat;padding-top:10px;padding-right:0px;padding-bottom:0px;padding-left:0px;margin-bottom: 0px;margin-top: 0px;border-width: 0px 0px 0px 0px;border-color:#000000;border-style:solid;\" ><div class=\"fusion-builder-row fusion-row\"><div class=\"fusion-layout-column fusion_builder_column fusion-builder-column-0 fusion_builder_column_2_5 2_5 fusion-two-fifth fusion-column-first\" style=\"width:40%;width:calc(40% - ( ( 4% ) * 0.4 ) );margin-right: 4%;margin-top:0px;margin-bottom:20px;\"><div class=\"fusion-column-wrapper fusion-flex-column-wrapper-legacy\" style=\"background-position:left top;background-repeat:no-repeat;-webkit-background-size:cover;-moz-background-size:cover;-o-background-size:cover;background-size:cover;padding: 0px 0px 0px 0px;\"><style type=\"text\/css\"><\/style><div class=\"fusion-title title fusion-title-1 fusion-sep-none fusion-title-text fusion-title-size-two\" style=\"margin-top:0px;margin-bottom:10px;\"><h2 class=\"title-heading-left\" style=\"margin:0;\"><h2>Ayudas para cheque escolar y para comedor escolar, alumnado de 3, 4 y 5 a\u00f1os<\/h2><\/h2><\/div><div class=\"fusion-clearfix\"><\/div><\/div><\/div><div class=\"fusion-layout-column fusion_builder_column fusion-builder-column-1 fusion_builder_column_3_5 3_5 fusion-three-fifth fusion-column-last\" style=\"width:60%;width:calc(60% - ( ( 4% ) * 0.6 ) );margin-top:0px;margin-bottom:20px;\"><div class=\"fusion-column-wrapper fusion-flex-column-wrapper-legacy\" style=\"background-position:left top;background-repeat:no-repeat;-webkit-background-size:cover;-moz-background-size:cover;-o-background-size:cover;background-size:cover;padding: 0px 0px 0px 0px;\"><div class=\"fusion-text fusion-text-1\" style=\"transform:translate3d(0,0,0);\"><p style=\"text-align: justify;\">La concesi\u00f3n de ayudas econ\u00f3micas al objeto de contribuir a los gastos de ense\u00f1anza y gastos de alimentaci\u00f3n en comedor escolar del <strong>alumnado de 3, 4 y 5 a\u00f1os<\/strong>, empadronado en el municipio de Val\u00e8ncia.<\/p>\n<hr \/>\n<\/div><div class=\"fusion-clearfix\"><\/div><\/div><\/div><\/div><\/div><div class=\"fusion-fullwidth fullwidth-box fusion-builder-row-2 bloqueSeccion nonhundred-percent-fullwidth non-hundred-percent-height-scrolling\" style=\"background-color: rgba(255,255,255,0);background-position: center center;background-repeat: no-repeat;padding-top:10px;padding-right:0px;padding-bottom:0px;padding-left:0px;margin-bottom: 0px;margin-top: 0px;border-width: 0px 0px 0px 0px;border-color:#000000;border-style:solid;\" ><div class=\"fusion-builder-row fusion-row\"><div class=\"fusion-layout-column fusion_builder_column fusion-builder-column-2 fusion_builder_column_2_5 2_5 fusion-two-fifth fusion-column-first\" style=\"width:40%;width:calc(40% - ( ( 4% ) * 0.4 ) );margin-right: 4%;margin-top:0px;margin-bottom:20px;\"><div class=\"fusion-column-wrapper fusion-flex-column-wrapper-legacy\" style=\"background-position:left top;background-repeat:no-repeat;-webkit-background-size:cover;-moz-background-size:cover;-o-background-size:cover;background-size:cover;padding: 0px 0px 0px 0px;\"><style type=\"text\/css\"><\/style><div class=\"fusion-title title fusion-title-2 fusion-sep-none fusion-title-text fusion-title-size-two\" style=\"margin-top:0px;margin-bottom:10px;\"><h2 class=\"title-heading-left\" style=\"margin:0;\"><strong>Situaci\u00f3n de la convocatoria 2025\/2026<\/strong><\/h2><\/div><div class=\"fusion-clearfix\"><\/div><\/div><\/div><div class=\"fusion-layout-column fusion_builder_column fusion-builder-column-3 fusion_builder_column_3_5 3_5 fusion-three-fifth fusion-column-last marginCero\" style=\"width:60%;width:calc(60% - ( ( 4% ) * 0.6 ) );margin-top:0px;margin-bottom:20px;\"><div class=\"fusion-column-wrapper fusion-flex-column-wrapper-legacy\" style=\"background-position:left top;background-repeat:no-repeat;-webkit-background-size:cover;-moz-background-size:cover;-o-background-size:cover;background-size:cover;padding: 0px 0px 0px 0px;\"><div class=\"fusion-text fusion-text-2\" style=\"transform:translate3d(0,0,0);\"><p><strong>Aprobaci\u00f3n de la convocatoria para ayudas cheque y comedor escolar, 3, 4 y 5 a\u00f1os<\/strong><\/p>\n<p>Acuerdo aprobado por la Junta de Gobierno Local de <a href=\"https:\/\/educacio-valencia.es\/wp-content\/uploads\/2025\/10\/Acuerdo.zsig_.pdf\" target=\"_blank\" rel=\"noopener\"><strong>17 de octubre 2025,<\/strong><\/a><\/p>\n<p>modificada por acuerdo de la junta de gobierno local de 7 de noviembre de 2025<\/p>\n<p><strong><a href=\"https:\/\/educacio-valencia.es\/wp-content\/uploads\/2025\/11\/Convocatoria_Cheque_y_Comedor_3-4_y_5_ano.pdf\" target=\"_blank\" rel=\"noopener\">Convocatoria ayudas cheque y comedor escolar curso 2025-2026<\/a><\/strong><\/p>\n<\/div><div class=\"fusion-clearfix\"><\/div><\/div><\/div><div class=\"fusion-layout-column fusion_builder_column fusion-builder-column-4 fusion_builder_column_2_5 2_5 fusion-two-fifth fusion-column-first\" style=\"width:40%;width:calc(40% - ( ( 4% ) * 0.4 ) );margin-right: 4%;margin-top:0px;margin-bottom:20px;\"><div class=\"fusion-column-wrapper fusion-flex-column-wrapper-legacy\" style=\"background-position:left top;background-repeat:no-repeat;-webkit-background-size:cover;-moz-background-size:cover;-o-background-size:cover;background-size:cover;padding: 0px 0px 0px 0px;\"><div class=\"fusion-clearfix\"><\/div><\/div><\/div><div class=\"fusion-layout-column fusion_builder_column fusion-builder-column-5 fusion_builder_column_3_5 3_5 fusion-three-fifth fusion-column-last bloqueSeccion marginCero\" style=\"width:60%;width:calc(60% - ( ( 4% ) * 0.6 ) );margin-top:0px;margin-bottom:20px;\"><div class=\"fusion-column-wrapper fusion-flex-column-wrapper-legacy\" style=\"background-position:left top;background-repeat:no-repeat;-webkit-background-size:cover;-moz-background-size:cover;-o-background-size:cover;background-size:cover;padding: 10px 0px 0px 0px;\"><div class=\"fusion-text fusion-text-3\" style=\"transform:translate3d(0,0,0);\"><p><strong>Plazo de la solicitud\u00a0<\/strong><\/p>\n<p>El plazo de presentaci\u00f3n de solicitudes ser\u00e1 de\u00a0<strong>20 d\u00edas naturales<\/strong>\u00a0a contar desde el d\u00eda siguiente de la publicaci\u00f3n del extracto de la convocatoria en el\u00a0<em>Bolet\u00edn Oficial de la Provincia de Valencia.<\/em><\/p>\n<ul>\n<li>Publicado <strong>PLAZO GENERAL<\/strong> en el Bolet\u00edn Oficial de la Provincia\u00a0 <a href=\"https:\/\/educacio-valencia.es\/wp-content\/uploads\/2025\/10\/Publicacion-convocatoria-BOP-30-10-2025.pdf\" target=\"_blank\" rel=\"noopener\"><b><i>30 de octubre 2025<\/i><\/b><\/a><\/li>\n<\/ul>\n<p>Plazo de solicitud: <strong>del 31 de octubre al 19 de noviembre de 2025<\/strong><em><strong>,<\/strong><\/em> ambos inclusive.<\/p>\n<ul>\n<li>Publicado\u00a0<strong>AMPLIACI\u00d3N DE PLAZO SOLO PARA ALUMNADO 3 A\u00d1OS\u00a0<\/strong>en el Bolet\u00edn Oficial de la Provincia:<a href=\"https:\/\/educacio-valencia.es\/wp-content\/uploads\/2025\/11\/ANUNCIO-BOP-RECTIFICACION-2025_13794_ES.pdf\"> 21 de noviembre de 2025<\/a>.<\/li>\n<\/ul>\n<p>Plazo de solicitud ampliado para alumnado 3 a\u00f1os: <strong>del\u00a0 22 de noviembre al 11 de diciembre de 2025, ambos inclusive.\u00a0<\/strong><\/p>\n<p><span style=\"color: #ff0000;\"><strong><a style=\"color: #ff0000;\" href=\"https:\/\/educacio-valencia.es\/wp-content\/uploads\/2025\/11\/31.43-253-xec-escolar-menjador-3-4-5-anys-2025-R.pdf\" target=\"_blank\" rel=\"noopener\">Modelo normalizado de solicitud cheque y comedor escolar 3, 4 y 5 a\u00f1os, 2025-2026<\/a><\/strong><\/span><\/p>\n<p style=\"text-align: justify;\">Los requisitos, criterios de baremaci\u00f3n para la obtenci\u00f3n de las ayudas y la documentaci\u00f3n a presentar, son comunes a ambas ayudas. En concreto, la documentaci\u00f3n a presentar viene establecida en la p\u00e1gina 2 del modelo normalizado de solicitud arriba enlazado.<\/p>\n<p>La presentaci\u00f3n en los Registros del Ayuntamiento de Val\u00e8ncia podr\u00e1 hacerse:<\/p>\n<ul>\n<li>De manera preferente, a trav\u00e9s de su <strong><a href=\"https:\/\/sede.valencia.es\/sede\/registro\/procedimiento\/ED.AY.80?lang=1\" target=\"_blank\" rel=\"noopener\">Sede Electr\u00f3nica<\/a><\/strong><\/li>\n<\/ul>\n<p style=\"text-align: justify;\">Si el tr\u00e1mite se realiza en sede electr\u00f3nica, se cumplimentar\u00e1 y firmar\u00e1 el formulario despu\u00e9s de pulsar el bot\u00f3n &#8220;Iniciar tr\u00e1mite&#8221; y se adjuntar\u00e1 la documentaci\u00f3n correspondiente, entre la que se encuentra el modelo normalizado de solicitud, debiendo estar DEBIDAMENTE CUMPLIMENTADO Y FIRMADO.<\/p>\n<ul>\n<li>De forma presencial<\/li>\n<\/ul>\n<p style=\"text-align: justify;\">Si el tr\u00e1mite se realiza presencialmente, se presentar\u00e1 el modelo normalizado de solicitud, debiendo estar DEBIDAMENTE CUMPLIMENTADO Y FIRMADO, y que deber\u00e1 ir acompa\u00f1ado de la documentaci\u00f3n correspondiente.<\/p>\n<\/div><div class=\"fusion-clearfix\"><\/div><\/div><\/div><div class=\"fusion-layout-column fusion_builder_column fusion-builder-column-6 fusion_builder_column_2_5 2_5 fusion-two-fifth fusion-column-first\" style=\"width:40%;width:calc(40% - ( ( 4% ) * 0.4 ) );margin-right: 4%;margin-top:0px;margin-bottom:20px;\"><div class=\"fusion-column-wrapper fusion-flex-column-wrapper-legacy\" style=\"background-position:left top;background-repeat:no-repeat;-webkit-background-size:cover;-moz-background-size:cover;-o-background-size:cover;background-size:cover;padding: 0px 0px 0px 0px;\"><div class=\"fusion-clearfix\"><\/div><\/div><\/div><div class=\"fusion-layout-column fusion_builder_column fusion-builder-column-7 fusion_builder_column_3_5 3_5 fusion-three-fifth fusion-column-last bloqueSeccion marginCero\" style=\"width:60%;width:calc(60% - ( ( 4% ) * 0.6 ) );margin-top:0px;margin-bottom:20px;\"><div class=\"fusion-column-wrapper fusion-flex-column-wrapper-legacy\" style=\"background-position:left top;background-repeat:no-repeat;-webkit-background-size:cover;-moz-background-size:cover;-o-background-size:cover;background-size:cover;padding: 10px 0px 0px 0px;\"><div class=\"fusion-text fusion-text-4\" style=\"transform:translate3d(0,0,0);\"><h2><strong>Plazo de subsanaci\u00f3n y alegaciones\u00a0<\/strong><\/h2>\n<p>Publicado en el\u00a0<strong><a href=\"https:\/\/sede.valencia.es\/sede\/edictos\/detalle\/812bf7ed82b1f4bfb0145a0683070e9644fb48ed74ee97ad8161c14057afb5fd\" target=\"_blank\" rel=\"noopener\">Tabl\u00f3n de Edictos<\/a> el 5 de enero de 2026<\/strong>.<\/p>\n<p>Plazo: del 7 al 20 de enero de 2026, ambos inclusive.<\/p>\n<h2><strong>\u00a0<\/strong><\/h2>\n<\/div><div class=\"fusion-clearfix\"><\/div><\/div><\/div><div class=\"fusion-layout-column fusion_builder_column fusion-builder-column-8 fusion_builder_column_2_5 2_5 fusion-two-fifth fusion-column-first\" style=\"width:40%;width:calc(40% - ( ( 4% ) * 0.4 ) );margin-right: 4%;margin-top:0px;margin-bottom:20px;\"><div class=\"fusion-column-wrapper fusion-flex-column-wrapper-legacy\" style=\"background-position:left top;background-repeat:no-repeat;-webkit-background-size:cover;-moz-background-size:cover;-o-background-size:cover;background-size:cover;padding: 0px 0px 0px 0px;\"><div class=\"fusion-clearfix\"><\/div><\/div><\/div><div class=\"fusion-layout-column fusion_builder_column fusion-builder-column-9 fusion_builder_column_3_5 3_5 fusion-three-fifth fusion-column-last bloqueSeccion marginCero\" style=\"width:60%;width:calc(60% - ( ( 4% ) * 0.6 ) );margin-top:0px;margin-bottom:20px;\"><div class=\"fusion-column-wrapper fusion-flex-column-wrapper-legacy\" style=\"background-position:left top;background-repeat:no-repeat;-webkit-background-size:cover;-moz-background-size:cover;-o-background-size:cover;background-size:cover;padding: 10px 0px 0px 0px;\"><div class=\"fusion-text fusion-text-5\" style=\"transform:translate3d(0,0,0);\"><h1><strong>Resoluci\u00f3n de la convocatoria<\/strong><\/h1>\n<p><strong>Por resoluci\u00f3n GU-1, de fecha 2 de enero de 2026, se ha dispuesto resolver parcialmente la convocatoria para la concesi\u00f3n de las ayudas de cheque y comedor escolar para el alumnado de 3 a 5 a\u00f1os, curso 2025-2026, a los solicitantes que presentaron la solicitud con la documentaci\u00f3n completa. <\/strong><\/p>\n<p><strong>Por resoluci\u00f3n GU-157, de fecha 11 de marzo de 2026, se ha dispuesto resolver definitivamente la convocatoria para la concesi\u00f3n de las ayudas de cheque y comedor escolar para el alumnado de 3 a 5 a\u00f1os, curso 2025-2026.<\/strong><\/p>\n<h1><span style=\"color: #ff0000;\"><strong><a href=\"https:\/\/www.valencia.es\/cas\/educacion\/cheque-escolar\" target=\"_blank\" rel=\"noopener\">Listados definitivos cheque y comedor escolar<\/a>\u00a0<\/strong><\/span><\/h1>\n<p>El importe que aparece en los listados es de car\u00e1cter mensual, con un periodo de concesi\u00f3n de septiembre de 2025 a julio de 2026, a excepci\u00f3n del alumnado de 3 a\u00f1os que ya tiene concedida la ayuda de escuela de verano y comedor escolar, cuyo periodo de concesi\u00f3n es de septiembre de 2025 a junio de 2026.<\/p>\n<p><strong><a href=\"https:\/\/sede.valencia.es\/sede\/edictos\/detalle\/0158e482c086471e7ac9af108b52bca87b9d3f1d3318701d50113c7cfba60228\" target=\"_blank\" rel=\"noopener\">Tabl\u00f3n de Edictos<\/a><\/strong><\/p>\n<h3><\/h3>\n<h3><\/h3>\n<\/div><div class=\"fusion-text fusion-text-6\" style=\"transform:translate3d(0,0,0);\"><h2><strong>Recurso de reposici\u00f3n de la resoluci\u00f3n parcial GU-157 de 11 de marzo de 2026<\/strong><\/h2>\n<h3>Del 16 de marzo al 15 de abril de 2026, ambos inclusive<\/h3>\n<\/div><div class=\"fusion-clearfix\"><\/div><\/div><\/div><\/div><\/div><div class=\"fusion-fullwidth fullwidth-box fusion-builder-row-3 bloqueSeccion nonhundred-percent-fullwidth non-hundred-percent-height-scrolling\" style=\"background-color: rgba(255,255,255,0);background-position: center center;background-repeat: no-repeat;padding-top:10px;padding-right:0px;padding-bottom:0px;padding-left:0px;margin-bottom: 0px;margin-top: 0px;border-width: 0px 0px 0px 0px;border-color:#000000;border-style:solid;\" ><div class=\"fusion-builder-row fusion-row\"><div class=\"fusion-layout-column fusion_builder_column fusion-builder-column-10 fusion_builder_column_2_5 2_5 fusion-two-fifth fusion-column-first\" style=\"width:40%;width:calc(40% - ( ( 4% ) * 0.4 ) );margin-right: 4%;margin-top:0px;margin-bottom:20px;\"><div class=\"fusion-column-wrapper fusion-flex-column-wrapper-legacy\" style=\"background-position:left top;background-repeat:no-repeat;-webkit-background-size:cover;-moz-background-size:cover;-o-background-size:cover;background-size:cover;padding: 0px 0px 0px 0px;\"><div class=\"fusion-clearfix\"><\/div><\/div><\/div><div class=\"fusion-layout-column fusion_builder_column fusion-builder-column-11 fusion_builder_column_3_5 3_5 fusion-three-fifth fusion-column-last marginCero\" style=\"width:60%;width:calc(60% - ( ( 4% ) * 0.6 ) );margin-top:0px;margin-bottom:20px;\"><div class=\"fusion-column-wrapper fusion-flex-column-wrapper-legacy\" style=\"background-position:left top;background-repeat:no-repeat;-webkit-background-size:cover;-moz-background-size:cover;-o-background-size:cover;background-size:cover;padding: 10px 0px 0px 0px;\"><div class=\"fusion-clearfix\"><\/div><\/div><\/div><div class=\"fusion-layout-column fusion_builder_column fusion-builder-column-12 fusion_builder_column_2_5 2_5 fusion-two-fifth fusion-column-first\" style=\"width:40%;width:calc(40% - ( ( 4% ) * 0.4 ) );margin-right: 4%;margin-top:0px;margin-bottom:20px;\"><div class=\"fusion-column-wrapper fusion-flex-column-wrapper-legacy\" style=\"background-position:left top;background-repeat:no-repeat;-webkit-background-size:cover;-moz-background-size:cover;-o-background-size:cover;background-size:cover;padding: 0px 0px 0px 0px;\"><div class=\"fusion-clearfix\"><\/div><\/div><\/div><div class=\"fusion-layout-column fusion_builder_column fusion-builder-column-13 fusion_builder_column_3_5 3_5 fusion-three-fifth fusion-column-last bloqueSeccion marginCero\" style=\"width:60%;width:calc(60% - ( ( 4% ) * 0.6 ) );margin-top:0px;margin-bottom:20px;\"><div class=\"fusion-column-wrapper fusion-flex-column-wrapper-legacy\" style=\"background-position:left top;background-repeat:no-repeat;-webkit-background-size:cover;-moz-background-size:cover;-o-background-size:cover;background-size:cover;padding: 10px 0px 0px 0px;\"><div class=\"fusion-clearfix\"><\/div><\/div><\/div><div class=\"fusion-layout-column fusion_builder_column fusion-builder-column-14 fusion_builder_column_2_5 2_5 fusion-two-fifth fusion-column-first\" style=\"width:40%;width:calc(40% - ( ( 4% ) * 0.4 ) );margin-right: 4%;margin-top:0px;margin-bottom:20px;\"><div class=\"fusion-column-wrapper fusion-flex-column-wrapper-legacy\" style=\"background-position:left top;background-repeat:no-repeat;-webkit-background-size:cover;-moz-background-size:cover;-o-background-size:cover;background-size:cover;padding: 0px 0px 0px 0px;\"><div class=\"fusion-clearfix\"><\/div><\/div><\/div><div class=\"fusion-layout-column fusion_builder_column fusion-builder-column-15 fusion_builder_column_3_5 3_5 fusion-three-fifth fusion-column-last marginCero\" style=\"width:60%;width:calc(60% - ( ( 4% ) * 0.6 ) );margin-top:0px;margin-bottom:20px;\"><div class=\"fusion-column-wrapper fusion-flex-column-wrapper-legacy\" style=\"background-position:left top;background-repeat:no-repeat;-webkit-background-size:cover;-moz-background-size:cover;-o-background-size:cover;background-size:cover;padding: 0px 0px 0px 0px;\"><div class=\"fusion-clearfix\"><\/div><\/div><\/div><div class=\"fusion-layout-column fusion_builder_column fusion-builder-column-16 fusion_builder_column_2_5 2_5 fusion-two-fifth fusion-column-first\" style=\"width:40%;width:calc(40% - ( ( 4% ) * 0.4 ) );margin-right: 4%;margin-top:0px;margin-bottom:20px;\"><div class=\"fusion-column-wrapper fusion-flex-column-wrapper-legacy\" style=\"background-position:left top;background-repeat:no-repeat;-webkit-background-size:cover;-moz-background-size:cover;-o-background-size:cover;background-size:cover;padding: 0px 0px 0px 0px;\"><div class=\"fusion-clearfix\"><\/div><\/div><\/div><div class=\"fusion-layout-column fusion_builder_column fusion-builder-column-17 fusion_builder_column_3_5 3_5 fusion-three-fifth fusion-column-last bloqueSeccion marginCero\" style=\"width:60%;width:calc(60% - ( ( 4% ) * 0.6 ) );margin-top:0px;margin-bottom:20px;\"><div class=\"fusion-column-wrapper fusion-flex-column-wrapper-legacy\" style=\"background-position:left top;background-repeat:no-repeat;-webkit-background-size:cover;-moz-background-size:cover;-o-background-size:cover;background-size:cover;padding: 10px 0px 0px 0px;\"><div class=\"fusion-clearfix\"><\/div><\/div><\/div><div class=\"fusion-layout-column fusion_builder_column fusion-builder-column-18 fusion_builder_column_2_5 2_5 fusion-two-fifth fusion-column-first\" style=\"width:40%;width:calc(40% - ( ( 4% ) * 0.4 ) );margin-right: 4%;margin-top:0px;margin-bottom:20px;\"><div class=\"fusion-column-wrapper fusion-flex-column-wrapper-legacy\" style=\"background-position:left top;background-repeat:no-repeat;-webkit-background-size:cover;-moz-background-size:cover;-o-background-size:cover;background-size:cover;padding: 0px 0px 0px 0px;\"><div class=\"fusion-clearfix\"><\/div><\/div><\/div><\/div><\/div><div class=\"fusion-fullwidth fullwidth-box fusion-builder-row-4 bloqueSeccion nonhundred-percent-fullwidth non-hundred-percent-height-scrolling\" style=\"background-color: rgba(255,255,255,0);background-position: center center;background-repeat: no-repeat;padding-top:10px;padding-right:0px;padding-bottom:0px;padding-left:0px;margin-bottom: 0px;margin-top: 0px;border-width: 0px 0px 0px 0px;border-color:#000000;border-style:solid;\" ><div class=\"fusion-builder-row fusion-row\"><div class=\"fusion-layout-column fusion_builder_column fusion-builder-column-19 fusion_builder_column_2_5 2_5 fusion-two-fifth fusion-column-first\" style=\"width:40%;width:calc(40% - ( ( 4% ) * 0.4 ) );margin-right: 4%;margin-top:0px;margin-bottom:20px;\"><div class=\"fusion-column-wrapper fusion-flex-column-wrapper-legacy\" style=\"background-position:left top;background-repeat:no-repeat;-webkit-background-size:cover;-moz-background-size:cover;-o-background-size:cover;background-size:cover;padding: 0px 0px 0px 0px;\"><style type=\"text\/css\"><\/style><div class=\"fusion-title title fusion-title-3 fusion-sep-none fusion-title-text fusion-title-size-two\" style=\"margin-top:0px;margin-bottom:10px;\"><h2 class=\"title-heading-left\" style=\"margin:0;\"><\/h2><\/div><div class=\"fusion-clearfix\"><\/div><\/div><\/div><\/div><\/div><\/p>\n","protected":false},"excerpt":{"rendered":"","protected":false},"author":5,"featured_media":0,"parent":0,"menu_order":0,"comment_status":"closed","ping_status":"closed","template":"","meta":[],"_links":{"self":[{"href":"https:\/\/educacio-valencia.es\/es\/wp-json\/wp\/v2\/pages\/45383"}],"collection":[{"href":"https:\/\/educacio-valencia.es\/es\/wp-json\/wp\/v2\/pages"}],"about":[{"href":"https:\/\/educacio-valencia.es\/es\/wp-json\/wp\/v2\/types\/page"}],"author":[{"embeddable":true,"href":"https:\/\/educacio-valencia.es\/es\/wp-json\/wp\/v2\/users\/5"}],"replies":[{"embeddable":true,"href":"https:\/\/educacio-valencia.es\/es\/wp-json\/wp\/v2\/comments?post=45383"}],"version-history":[{"count":25,"href":"https:\/\/educacio-valencia.es\/es\/wp-json\/wp\/v2\/pages\/45383\/revisions"}],"predecessor-version":[{"id":46553,"href":"https:\/\/educacio-valencia.es\/es\/wp-json\/wp\/v2\/pages\/45383\/revisions\/46553"}],"wp:attachment":[{"href":"https:\/\/educacio-valencia.es\/es\/wp-json\/wp\/v2\/media?parent=45383"}],"curies":[{"name":"wp","href":"https:\/\/api.w.org\/{rel}","templated":true}]}}