{"id":42740,"date":"2025-03-05T09:44:39","date_gmt":"2025-03-05T08:44:39","guid":{"rendered":"https:\/\/educacio-valencia.es\/?page_id=42740"},"modified":"2026-02-20T13:02:42","modified_gmt":"2026-02-20T12:02:42","slug":"escola-matinera","status":"publish","type":"page","link":"https:\/\/educacio-valencia.es\/es\/escola-matinera\/","title":{"rendered":"Escola Matinera"},"content":{"rendered":"<p><div class=\"fusion-fullwidth fullwidth-box fusion-builder-row-1 bloqueSeccion nonhundred-percent-fullwidth non-hundred-percent-height-scrolling\" style=\"background-color: rgba(255,255,255,0);background-position: center center;background-repeat: no-repeat;padding-top:10px;padding-right:0px;padding-bottom:0px;padding-left:0px;margin-bottom: 0px;margin-top: 0px;border-width: 0px 0px 0px 0px;border-color:#000000;border-style:solid;\" ><div class=\"fusion-builder-row fusion-row\"><div class=\"fusion-layout-column fusion_builder_column fusion-builder-column-0 fusion_builder_column_2_5 2_5 fusion-two-fifth fusion-column-first\" style=\"width:40%;width:calc(40% - ( ( 4% ) * 0.4 ) );margin-right: 4%;margin-top:0px;margin-bottom:20px;\"><div class=\"fusion-column-wrapper fusion-flex-column-wrapper-legacy\" style=\"background-position:left top;background-repeat:no-repeat;-webkit-background-size:cover;-moz-background-size:cover;-o-background-size:cover;background-size:cover;padding: 0px 0px 0px 0px;\"><style type=\"text\/css\"><\/style><div class=\"fusion-title title fusion-title-1 fusion-sep-none fusion-title-text fusion-title-size-two\" style=\"margin-top:0px;margin-bottom:10px;\"><h2 class=\"title-heading-left\" style=\"margin:0;\"><strong>Escola matinera<\/strong><\/h2><\/div><div class=\"fusion-clearfix\"><\/div><\/div><\/div><div class=\"fusion-layout-column fusion_builder_column fusion-builder-column-1 fusion_builder_column_3_5 3_5 fusion-three-fifth fusion-column-last\" style=\"width:60%;width:calc(60% - ( ( 4% ) * 0.6 ) );margin-top:0px;margin-bottom:20px;\"><div class=\"fusion-column-wrapper fusion-flex-column-wrapper-legacy\" style=\"background-position:left top;background-repeat:no-repeat;-webkit-background-size:cover;-moz-background-size:cover;-o-background-size:cover;background-size:cover;padding: 0px 0px 0px 0px;\"><div class=\"fusion-text fusion-text-1\" style=\"transform:translate3d(0,0,0);\"><p>La escola matinera se considera un servicio b\u00e1sico para la conciliaci\u00f3n de la vida laboral y familiar vinculada a la realidad social actual y el Ayuntamiento de Valencia quiere facilitar este recurso a los ni\u00f1os y ni\u00f1as menores de 6 a\u00f1os, permitiendo a las familias con menores recursos econ\u00f3micos poder acceder a este servicio<\/p>\n<\/div><div class=\"fusion-clearfix\"><\/div><\/div><\/div><\/div><\/div><div class=\"fusion-fullwidth fullwidth-box fusion-builder-row-2 bloqueSeccion nonhundred-percent-fullwidth non-hundred-percent-height-scrolling\" style=\"background-color: rgba(255,255,255,0);background-position: center center;background-repeat: no-repeat;padding-top:10px;padding-right:0px;padding-bottom:0px;padding-left:0px;margin-bottom: 0px;margin-top: 0px;border-width: 0px 0px 0px 0px;border-color:#000000;border-style:solid;\" ><div class=\"fusion-builder-row fusion-row\"><div class=\"fusion-layout-column fusion_builder_column fusion-builder-column-2 fusion_builder_column_2_5 2_5 fusion-two-fifth fusion-column-first\" style=\"width:40%;width:calc(40% - ( ( 4% ) * 0.4 ) );margin-right: 4%;margin-top:0px;margin-bottom:20px;\"><div class=\"fusion-column-wrapper fusion-flex-column-wrapper-legacy\" style=\"background-position:left top;background-repeat:no-repeat;-webkit-background-size:cover;-moz-background-size:cover;-o-background-size:cover;background-size:cover;padding: 0px 0px 0px 0px;\"><style type=\"text\/css\"><\/style><div class=\"fusion-title title fusion-title-2 fusion-sep-none fusion-title-text fusion-title-size-two\" style=\"margin-top:0px;margin-bottom:10px;\"><h2 class=\"title-heading-left\" style=\"margin:0;\"><strong>Situaci\u00f3n de la convocatoria 2025\/2026<\/strong><\/h2><\/div><div class=\"fusion-clearfix\"><\/div><\/div><\/div><div class=\"fusion-layout-column fusion_builder_column fusion-builder-column-3 fusion_builder_column_3_5 3_5 fusion-three-fifth fusion-column-last marginCero\" style=\"width:60%;width:calc(60% - ( ( 4% ) * 0.6 ) );margin-top:0px;margin-bottom:20px;\"><div class=\"fusion-column-wrapper fusion-flex-column-wrapper-legacy\" style=\"background-position:left top;background-repeat:no-repeat;-webkit-background-size:cover;-moz-background-size:cover;-o-background-size:cover;background-size:cover;padding: 0px 0px 0px 0px;\"><div class=\"fusion-text fusion-text-2\" style=\"transform:translate3d(0,0,0);\"><p><strong>Aprobaci\u00f3n de la convocatoria<\/strong><\/p>\n<p>Acuerdo de la Junta de Gobierno\u00a0Local\u00a0<strong><a href=\"https:\/\/educacio-valencia.es\/wp-content\/uploads\/2026\/02\/Acuerdo-FIRMADO.pdf\" target=\"_blank\" rel=\"noopener\">de 6 de febrero de 2026<\/a><\/strong><\/p>\n<\/div><div class=\"fusion-clearfix\"><\/div><\/div><\/div><div class=\"fusion-layout-column fusion_builder_column fusion-builder-column-4 fusion_builder_column_2_5 2_5 fusion-two-fifth fusion-column-first\" style=\"width:40%;width:calc(40% - ( ( 4% ) * 0.4 ) );margin-right: 4%;margin-top:0px;margin-bottom:20px;\"><div class=\"fusion-column-wrapper fusion-flex-column-wrapper-legacy\" style=\"background-position:left top;background-repeat:no-repeat;-webkit-background-size:cover;-moz-background-size:cover;-o-background-size:cover;background-size:cover;padding: 0px 0px 0px 0px;\"><div class=\"fusion-clearfix\"><\/div><\/div><\/div><div class=\"fusion-layout-column fusion_builder_column fusion-builder-column-5 fusion_builder_column_3_5 3_5 fusion-three-fifth fusion-column-last bloqueSeccion marginCero\" style=\"width:60%;width:calc(60% - ( ( 4% ) * 0.6 ) );margin-top:0px;margin-bottom:20px;\"><div class=\"fusion-column-wrapper fusion-flex-column-wrapper-legacy\" style=\"background-position:left top;background-repeat:no-repeat;-webkit-background-size:cover;-moz-background-size:cover;-o-background-size:cover;background-size:cover;padding: 10px 0px 0px 0px;\"><div class=\"fusion-text fusion-text-3\" style=\"transform:translate3d(0,0,0);\"><h1><strong>Plazo de la solicitud<\/strong><\/h1>\n<p>Publicado en el Bolet\u00edn Oficial de la Provincia del <strong><a href=\"https:\/\/educacio-valencia.es\/wp-content\/uploads\/2026\/02\/Publicacion-BOP.pdf\" target=\"_blank\" rel=\"noopener\">19 de febrero de 2026<\/a><\/strong><\/p>\n<p>Plazo de solicitud: <strong>del 20 de febrero al 11 de marzo de 2026<\/strong>, ambos inclusive.<\/p>\n<p>Las solicitudes, dirigidas a la Alcald\u00eda del Excmo. Ayuntamiento de Val\u00e8ncia, se presentar\u00e1n en los Registros del Ayuntamiento de Val\u00e8ncia mediante modelo normalizado para tal efecto.<\/p>\n<p><strong><a href=\"https:\/\/educacio-valencia.es\/wp-content\/uploads\/2026\/02\/2.-Convocatoria-matineras-firmada.pdf\">Bases de la convocatoria<\/a><\/strong><\/p>\n<p><a href=\"https:\/\/educacio-valencia.es\/wp-content\/uploads\/2026\/02\/31.43-263-Sol\u00b7licitud-Escola-Matinera-OK-R.pdf\"><strong>Modelo normalizado solicitud escuela matinera<\/strong><\/a><\/p>\n<p>La presentaci\u00f3n en los Registros del Ayuntamiento de Val\u00e8ncia podr\u00e1 hacerse:<\/p>\n<ul>\n<li>De forma presencial, pudiendo solicitar cita previa a trav\u00e9s del tel\u00e9fono 010 o a trav\u00e9s de <a href=\"https:\/\/www.valencia.es\/cas\/tramites\/cita-previa\/-\/content\/cita-previa-2020?uid=4D842F7C6866033CC125857C0037C318\" target=\"_blank\" rel=\"noopener\"><strong>p\u00e1gina<\/strong> <strong>web del Ayuntamiento de Valencia<\/strong><\/a><\/li>\n<li>A trav\u00e9s de su <strong><a href=\"https:\/\/sede.valencia.es\/sede\/registro\/procedimiento\/ED.AY.45\" target=\"_blank\" rel=\"noopener\">sede electr\u00f3nica<\/a><\/strong>, mediante certificado digital<\/li>\n<\/ul>\n<p>Ello, sin perjuicio de realizar el registro en cualquiera de los lugares se\u00f1alados a tal efecto en el art\u00edculo 16.4 de la Ley 39\/2015, de 1 de octubre del Procedimiento Administrativo Com\u00fan de las Administraciones P\u00fablicas, entre los cuales se contemplan:<\/p>\n<p>&#8211; Los registros de la Administraci\u00f3n del Estado, de la Generalitat Valenciana y de cualquiera de los sujetos a los que se refiere el art\u00edculo 2.1 de la Ley 39\/2015, de 1 de octubre.<\/p>\n<p>&#8211; Las oficinas de Correos.<\/p>\n<p><strong><a href=\"https:\/\/sede.valencia.es\/sede\/edictos\/detalle\/3a593181e785b369ae033d6120bbeace39c07c09df9b47eaf644cc351c976702\" target=\"_blank\" rel=\"noopener\">Tabl\u00f3n de Edictos<\/a><\/strong><\/p>\n<\/div><div class=\"fusion-clearfix\"><\/div><\/div><\/div><div class=\"fusion-layout-column fusion_builder_column fusion-builder-column-6 fusion_builder_column_2_5 2_5 fusion-two-fifth fusion-column-first\" style=\"width:40%;width:calc(40% - ( ( 4% ) * 0.4 ) );margin-right: 4%;margin-top:0px;margin-bottom:20px;\"><div class=\"fusion-column-wrapper fusion-flex-column-wrapper-legacy\" style=\"background-position:left top;background-repeat:no-repeat;-webkit-background-size:cover;-moz-background-size:cover;-o-background-size:cover;background-size:cover;padding: 0px 0px 0px 0px;\"><div class=\"fusion-clearfix\"><\/div><\/div><\/div><div class=\"fusion-layout-column fusion_builder_column fusion-builder-column-7 fusion_builder_column_3_5 3_5 fusion-three-fifth fusion-column-last bloqueSeccion marginCero\" style=\"width:60%;width:calc(60% - ( ( 4% ) * 0.6 ) );margin-top:0px;margin-bottom:20px;\"><div class=\"fusion-column-wrapper fusion-flex-column-wrapper-legacy\" style=\"background-position:left top;background-repeat:no-repeat;-webkit-background-size:cover;-moz-background-size:cover;-o-background-size:cover;background-size:cover;padding: 10px 0px 0px 0px;\"><div class=\"fusion-text fusion-text-4\" style=\"transform:translate3d(0,0,0);\"><h1><strong>Resoluci\u00f3n de la convocatoria<\/strong><\/h1>\n<p>Se ha publicado en el Tabl\u00f3n de Edictos del Ayuntamiento de Valencia la Resoluci\u00f3n (Pendiente) de fecha (Pendiente) por la que se resuelve la convocatoria de las ayudas para escola matinera curso 2025-2026<\/p>\n<h2><strong>Listados definitivos<\/strong><\/h2>\n<p><strong>Tabl\u00f3n de Edictos<\/strong><\/p>\n<\/div><div class=\"fusion-clearfix\"><\/div><\/div><\/div><div class=\"fusion-layout-column fusion_builder_column fusion-builder-column-8 fusion_builder_column_2_5 2_5 fusion-two-fifth fusion-column-first\" style=\"width:40%;width:calc(40% - ( ( 4% ) * 0.4 ) );margin-right: 4%;margin-top:0px;margin-bottom:20px;\"><div class=\"fusion-column-wrapper fusion-flex-column-wrapper-legacy\" style=\"background-position:left top;background-repeat:no-repeat;-webkit-background-size:cover;-moz-background-size:cover;-o-background-size:cover;background-size:cover;padding: 0px 0px 0px 0px;\"><div class=\"fusion-clearfix\"><\/div><\/div><\/div><div class=\"fusion-layout-column fusion_builder_column fusion-builder-column-9 fusion_builder_column_3_5 3_5 fusion-three-fifth fusion-column-last bloqueSeccion marginCero\" style=\"width:60%;width:calc(60% - ( ( 4% ) * 0.6 ) );margin-top:0px;margin-bottom:20px;\"><div class=\"fusion-column-wrapper fusion-flex-column-wrapper-legacy\" style=\"background-position:left top;background-repeat:no-repeat;-webkit-background-size:cover;-moz-background-size:cover;-o-background-size:cover;background-size:cover;padding: 10px 0px 0px 0px;\"><div class=\"fusion-text fusion-text-5\" style=\"transform:translate3d(0,0,0);\"><h1><strong>Recurso de reposici\u00f3n<\/strong><\/h1>\n<p>(Pendiente) Del al de , ambos inclusive<\/p>\n<\/div><div class=\"fusion-clearfix\"><\/div><\/div><\/div><\/div><\/div><\/p>\n","protected":false},"excerpt":{"rendered":"","protected":false},"author":8,"featured_media":0,"parent":0,"menu_order":0,"comment_status":"closed","ping_status":"closed","template":"","meta":[],"_links":{"self":[{"href":"https:\/\/educacio-valencia.es\/es\/wp-json\/wp\/v2\/pages\/42740"}],"collection":[{"href":"https:\/\/educacio-valencia.es\/es\/wp-json\/wp\/v2\/pages"}],"about":[{"href":"https:\/\/educacio-valencia.es\/es\/wp-json\/wp\/v2\/types\/page"}],"author":[{"embeddable":true,"href":"https:\/\/educacio-valencia.es\/es\/wp-json\/wp\/v2\/users\/8"}],"replies":[{"embeddable":true,"href":"https:\/\/educacio-valencia.es\/es\/wp-json\/wp\/v2\/comments?post=42740"}],"version-history":[{"count":15,"href":"https:\/\/educacio-valencia.es\/es\/wp-json\/wp\/v2\/pages\/42740\/revisions"}],"predecessor-version":[{"id":46033,"href":"https:\/\/educacio-valencia.es\/es\/wp-json\/wp\/v2\/pages\/42740\/revisions\/46033"}],"wp:attachment":[{"href":"https:\/\/educacio-valencia.es\/es\/wp-json\/wp\/v2\/media?parent=42740"}],"curies":[{"name":"wp","href":"https:\/\/api.w.org\/{rel}","templated":true}]}}