{"id":42627,"date":"2024-07-18T10:11:50","date_gmt":"2024-07-18T08:11:50","guid":{"rendered":"https:\/\/educacio-valencia.es\/seguimiento-de-la-red\/programa-cine-y-educacion_inside-out-1-2\/"},"modified":"2024-12-17T10:17:26","modified_gmt":"2024-12-17T09:17:26","slug":"dana_propuestas-para-la-comunidad-educativa","status":"publish","type":"page","link":"https:\/\/educacio-valencia.es\/es\/seguimiento-de-la-red\/dana_propuestas-para-la-comunidad-educativa\/","title":{"rendered":"DANA_Propuestas para la comunidad educativa."},"content":{"rendered":"<h2><\/h2>\n<h2><strong>DANA_Propuestas para la comunidad educativa<\/strong><\/h2>\n<p>A trav\u00e9s de Dar\u00edo Mu\u00f1oz, del Colegio Liceo Corb\u00ed, compartimos con vosotros estos res\u00famenes de unas charlas del CEFIRE dise\u00f1adas para abordar la dif\u00edcil situaci\u00f3n generada por la reciente DANA.<\/p>\n<p>El autor de estos materiales busca destacar y poner en valor el compromiso de todos\/as los\/las profesionales de los centros educativos (docentes, orientadores, etc.) y del personal del Ayuntamiento. Desde hace tiempo, hemos defendido la importancia de trabajar el bienestar emocional de los menores, un aspecto clave que hoy cobra m\u00e1s relevancia que nunca.<\/p>\n<p>Es una l\u00e1stima que haya sido necesaria una cat\u00e1strofe como la riada que ha afectado a nuestra provincia para que el bienestar emocional, tanto de los adultos como de los menores, reciba la atenci\u00f3n que merece.<\/p>\n<p>Confiamos en que estos recursos sean \u00fatiles para vosotros.<\/p>\n<p>Mucho \u00e1nimo a todos\/as en estos momentos dif\u00edciles.<\/p>\n<p><span style=\"vertical-align: inherit;\"><span style=\"vertical-align: inherit;\"><span style=\"vertical-align: inherit;\"><span style=\"vertical-align: inherit;\"><a href=\"https:\/\/educacio-valencia.es\/wp-content\/uploads\/2024\/12\/PROPUESTA-PARA-LA-COMUNIDAD-EDUCATIVA_parte-1.pdf\" class=\"pdfemb-viewer\" style=\"\" data-width=\"max\" data-height=\"max\"  data-toolbar=\"bottom\" data-toolbar-fixed=\"off\">PROPUESTA PARA LA COMUNIDAD EDUCATIVA_parte 1 <br\/><\/a><\/span><\/span><\/span><\/span><\/p>\n<p><span style=\"vertical-align: inherit;\"><span style=\"vertical-align: inherit;\"><span style=\"vertical-align: inherit;\"><span style=\"vertical-align: inherit;\"><a href=\"https:\/\/educacio-valencia.es\/wp-content\/uploads\/2024\/12\/PROPUESTA-PARA-LA-COMUNIDAD-EDUCATIVA_parte-2.pdf\" class=\"pdfemb-viewer\" style=\"\" data-width=\"max\" data-height=\"max\"  data-toolbar=\"bottom\" data-toolbar-fixed=\"off\">PROPUESTA PARA LA COMUNIDAD EDUCATIVA_parte 2 <br\/><\/a><\/span><\/span><\/span><\/span><\/p>\n<p>&nbsp;<\/p>\n","protected":false},"excerpt":{"rendered":"<p>DANA_Propuestas para la comunidad educativa A trav\u00e9s de Dar\u00edo Mu\u00f1oz, del Colegio Liceo Corb\u00ed, compartimos con vosotros estos res\u00famenes de unas charlas del CEFIRE dise\u00f1adas para abordar la dif\u00edcil situaci\u00f3n generada por la reciente DANA. [&hellip;]<\/p>\n","protected":false},"author":19,"featured_media":0,"parent":39895,"menu_order":0,"comment_status":"closed","ping_status":"closed","template":"","meta":[],"_links":{"self":[{"href":"https:\/\/educacio-valencia.es\/es\/wp-json\/wp\/v2\/pages\/42627"}],"collection":[{"href":"https:\/\/educacio-valencia.es\/es\/wp-json\/wp\/v2\/pages"}],"about":[{"href":"https:\/\/educacio-valencia.es\/es\/wp-json\/wp\/v2\/types\/page"}],"author":[{"embeddable":true,"href":"https:\/\/educacio-valencia.es\/es\/wp-json\/wp\/v2\/users\/19"}],"replies":[{"embeddable":true,"href":"https:\/\/educacio-valencia.es\/es\/wp-json\/wp\/v2\/comments?post=42627"}],"version-history":[{"count":5,"href":"https:\/\/educacio-valencia.es\/es\/wp-json\/wp\/v2\/pages\/42627\/revisions"}],"predecessor-version":[{"id":42638,"href":"https:\/\/educacio-valencia.es\/es\/wp-json\/wp\/v2\/pages\/42627\/revisions\/42638"}],"up":[{"embeddable":true,"href":"https:\/\/educacio-valencia.es\/es\/wp-json\/wp\/v2\/pages\/39895"}],"wp:attachment":[{"href":"https:\/\/educacio-valencia.es\/es\/wp-json\/wp\/v2\/media?parent=42627"}],"curies":[{"name":"wp","href":"https:\/\/api.w.org\/{rel}","templated":true}]}}