{"id":39487,"date":"2024-02-02T12:09:11","date_gmt":"2024-02-02T11:09:11","guid":{"rendered":"https:\/\/educacio-valencia.es\/atencion-domicilaria\/"},"modified":"2024-02-02T13:26:40","modified_gmt":"2024-02-02T12:26:40","slug":"atencion-domicilaria","status":"publish","type":"page","link":"https:\/\/educacio-valencia.es\/es\/atencion-domicilaria\/","title":{"rendered":"&#8211; Atenci\u00f3n educativa domicilaria"},"content":{"rendered":"<div class=\"fusion-fullwidth fullwidth-box fusion-builder-row-1 fusion-flex-container nonhundred-percent-fullwidth non-hundred-percent-height-scrolling\" style=\"background-color: rgba(255,255,255,0);background-position: center center;background-repeat: no-repeat;border-width: 0px 0px 0px 0px;border-color:#eae9e9;border-style:solid;\" ><div class=\"fusion-builder-row fusion-row fusion-flex-align-items-flex-start\" style=\"max-width:5083.52px;margin-left: calc(-4% \/ 2 );margin-right: calc(-4% \/ 2 );\"><div class=\"fusion-layout-column fusion_builder_column fusion-builder-column-0 fusion_builder_column_2_5 2_5 fusion-flex-column\"><div class=\"fusion-column-wrapper fusion-flex-justify-content-flex-start fusion-content-layout-column\" style=\"background-position:left top;background-repeat:no-repeat;-webkit-background-size:cover;-moz-background-size:cover;-o-background-size:cover;background-size:cover;padding: 0px 0px 0px 0px;\"><div class=\"fusion-text fusion-text-1\" style=\"transform:translate3d(0,0,0);\"><h1>Atenci\u00f3n educativa domiciliaria<\/h1>\n<\/div><div style=\"text-align:center;\"><span class=\" fusion-imageframe imageframe-none imageframe-1 hover-type-none\" style=\"border:2px solid #f6f6f6;\"><img width=\"800\" height=\"502\" title=\"AD\" src=\"https:\/\/educacio-valencia.es\/wp-content\/uploads\/2024\/02\/AD-800x502.jpg\" class=\"img-responsive wp-image-39494\" srcset=\"https:\/\/educacio-valencia.es\/wp-content\/uploads\/2024\/02\/AD-200x126.jpg 200w, https:\/\/educacio-valencia.es\/wp-content\/uploads\/2024\/02\/AD-400x251.jpg 400w, https:\/\/educacio-valencia.es\/wp-content\/uploads\/2024\/02\/AD-600x377.jpg 600w, https:\/\/educacio-valencia.es\/wp-content\/uploads\/2024\/02\/AD-800x502.jpg 800w, https:\/\/educacio-valencia.es\/wp-content\/uploads\/2024\/02\/AD.jpg 1166w\" sizes=\"(max-width: 1024px) 100vw, (max-width: 640px) 100vw, 800px\" \/><\/span><\/div><\/div><\/div><style type=\"text\/css\">.fusion-body .fusion-builder-column-0{width:40% !important;margin-top : 0px;margin-bottom : 20px;}.fusion-builder-column-0 > .fusion-column-wrapper {padding-top : 0px !important;padding-right : 0px !important;margin-right : 4.8%;padding-bottom : 0px !important;padding-left : 0px !important;margin-left : 4.8%;}@media only screen and (max-width:1024px) {.fusion-body .fusion-builder-column-0{width:100% !important;order : 0;}.fusion-builder-column-0 > .fusion-column-wrapper {margin-right : 1.92%;margin-left : 1.92%;}}@media only screen and (max-width:640px) {.fusion-body .fusion-builder-column-0{width:100% !important;order : 0;}.fusion-builder-column-0 > .fusion-column-wrapper {margin-right : 1.92%;margin-left : 1.92%;}}<\/style><div class=\"fusion-layout-column fusion_builder_column fusion-builder-column-1 fusion_builder_column_3_5 3_5 fusion-flex-column\"><div class=\"fusion-column-wrapper fusion-flex-justify-content-flex-start fusion-content-layout-column\" style=\"background-position:left top;background-repeat:no-repeat;-webkit-background-size:cover;-moz-background-size:cover;-o-background-size:cover;background-size:cover;padding: 0px 0px 0px 0px;\"><div class=\"fusion-text fusion-text-2\" style=\"transform:translate3d(0,0,0);\"><p>Normativa<\/p>\n<ul>\n<li><a href=\"http:\/\/ceice.gva.es\/es\/web\/inclusioeducativa\/atencio-domiciliaria-\/hospitalaria#normativa\">RESOLUCI\u00d3N de 6 de julio de 2023, por la cual se dictan instrucciones para la organizaci\u00f3n de la atenci\u00f3n educativa domiciliaria y hospitalaria<\/a>\u00a0<strong>\u00a0<\/strong><\/li>\n<li><a href=\"http:\/\/ceice.gva.es\/es\/web\/inclusioeducativa\/atencio-domiciliaria-\/hospitalaria#infografies\">Infograf\u00eda explicativa de las situaciones que contempla la atenci\u00f3n educativa domiciliaria<\/a><\/li>\n<li><a href=\"http:\/\/ceice.gva.es\/es\/web\/inclusioeducativa\/atencio-domiciliaria-\/hospitalaria#infografies\">Infograf\u00eda explicativa del procedimiento de atenci\u00f3n educativa domiciliaria cuando ha sido autoritzada<\/a><\/li>\n<\/ul>\n<p>Anexos<\/p>\n<ul>\n<li><a href=\"https:\/\/ceice.gva.es\/documents\/169149987\/169763608\/Annex_I_AD_model_sol%C2%B7licitud.pdf\" target=\"_blank\" rel=\"noopener\"><strong>Anexo I<\/strong>:\u00a0Modelo de solicitud<\/a><\/li>\n<li><a href=\"https:\/\/ceice.gva.es\/documents\/169149987\/169763608\/Annex_II_AD_model_informe_medic.pdf\" target=\"_blank\" rel=\"noopener\"><strong>Anexo II<\/strong>:\u00a0Modelo de informe m\u00e9dico<\/a><\/li>\n<li><a href=\"https:\/\/ceice.gva.es\/documents\/169149987\/169763608\/Annex_III_AD_UPH_informe_educatiu_centre.pdf\" target=\"_blank\" rel=\"noopener\"><strong>Anexo III:<\/strong>\u00a0Informe educativo del centro<\/a><\/li>\n<li><a href=\"https:\/\/ceice.gva.es\/documents\/169149987\/169763608\/Annex_IV_AD_UPH_informe_atencio_educativa.pdf\" target=\"_blank\" rel=\"noopener\"><strong>Anexo IV<\/strong>:\u00a0Informe de la atenci\u00f3n domiciliaria y hospitalaria<\/a><\/li>\n<li><a href=\"https:\/\/ceice.gva.es\/documents\/169149987\/169763608\/Annex_V_AD_comunicacio_finalitzacio.pdf\" target=\"_blank\" rel=\"noopener\"><strong>Anexo V<\/strong>: Comunicaci\u00f3n de la finalizaci\u00f3n de la atenci\u00f3n educativa domiciliaria<\/a><\/li>\n<li><a href=\"https:\/\/ceice.gva.es\/documents\/169149987\/169763608\/Annex_VI_AD_registre_assistencia.pdf\" target=\"_blank\" rel=\"noopener\"><strong>Anexo VI<\/strong>:\u00a0Registro de asistencia<\/a><\/li>\n<li><a href=\"https:\/\/ceice.gva.es\/documents\/169149987\/169763608\/Annex_VII_UPH_consentiment_intercanvi_informacio.pdf\" target=\"_blank\" rel=\"noopener\"><strong>Anexo VII<\/strong>:\u00a0Consentimiento del intercambio de informaci\u00f3n entre la UPH y el centro educativo<\/a><\/li>\n<li><a href=\"https:\/\/ceice.gva.es\/documents\/169149987\/169763608\/Annex_VIII_UPH_comunicacio_inici_sol_inicial_info.pdf\" target=\"_blank\" rel=\"noopener\"><strong>Anexo VIII<\/strong>:\u00a0Comunicaci\u00f3n del inicio de la atenci\u00f3n hospitalaria al centro educativo del alumno o alumna y solicitud inicial de informaci\u00f3n y documentaci\u00f3n<\/a><\/li>\n<li><a href=\"https:\/\/ceice.gva.es\/documents\/169149987\/169763608\/Annex_IX_agrupacions_pedagogiques_hospitalaries.pdf\" target=\"_blank\" rel=\"noopener\"><strong>Anexo IX<\/strong>: Agrupaciones pedag\u00f3gicas hospitalarias<\/a><\/li>\n<\/ul>\n<\/div><\/div><\/div><style type=\"text\/css\">.fusion-body .fusion-builder-column-1{width:60% !important;margin-top : 0px;margin-bottom : 20px;}.fusion-builder-column-1 > .fusion-column-wrapper {padding-top : 0px !important;padding-right : 0px !important;margin-right : 3.2%;padding-bottom : 0px !important;padding-left : 0px !important;margin-left : 3.2%;}@media only screen and (max-width:1024px) {.fusion-body .fusion-builder-column-1{width:100% !important;order : 0;}.fusion-builder-column-1 > .fusion-column-wrapper {margin-right : 1.92%;margin-left : 1.92%;}}@media only screen and (max-width:640px) {.fusion-body .fusion-builder-column-1{width:100% !important;order : 0;}.fusion-builder-column-1 > .fusion-column-wrapper {margin-right : 1.92%;margin-left : 1.92%;}}<\/style><\/div><style type=\"text\/css\">.fusion-body .fusion-flex-container.fusion-builder-row-1{ padding-top : 0px;margin-top : 0px;padding-right : 0px;padding-bottom : 0px;margin-bottom : 0px;padding-left : 0px;}<\/style><\/div>\n","protected":false},"excerpt":{"rendered":"","protected":false},"author":15,"featured_media":0,"parent":0,"menu_order":0,"comment_status":"closed","ping_status":"closed","template":"","meta":[],"_links":{"self":[{"href":"https:\/\/educacio-valencia.es\/es\/wp-json\/wp\/v2\/pages\/39487"}],"collection":[{"href":"https:\/\/educacio-valencia.es\/es\/wp-json\/wp\/v2\/pages"}],"about":[{"href":"https:\/\/educacio-valencia.es\/es\/wp-json\/wp\/v2\/types\/page"}],"author":[{"embeddable":true,"href":"https:\/\/educacio-valencia.es\/es\/wp-json\/wp\/v2\/users\/15"}],"replies":[{"embeddable":true,"href":"https:\/\/educacio-valencia.es\/es\/wp-json\/wp\/v2\/comments?post=39487"}],"version-history":[{"count":5,"href":"https:\/\/educacio-valencia.es\/es\/wp-json\/wp\/v2\/pages\/39487\/revisions"}],"predecessor-version":[{"id":39532,"href":"https:\/\/educacio-valencia.es\/es\/wp-json\/wp\/v2\/pages\/39487\/revisions\/39532"}],"wp:attachment":[{"href":"https:\/\/educacio-valencia.es\/es\/wp-json\/wp\/v2\/media?parent=39487"}],"curies":[{"name":"wp","href":"https:\/\/api.w.org\/{rel}","templated":true}]}}