{"id":39315,"date":"2023-11-05T08:04:18","date_gmt":"2023-11-05T07:04:18","guid":{"rendered":"https:\/\/educacio-valencia.es\/colaboracion-entre-policia-local-y-absentismo-escolar\/"},"modified":"2024-01-15T12:20:14","modified_gmt":"2024-01-15T11:20:14","slug":"colaboracion-entre-policia-local-y-absentismo-escolar","status":"publish","type":"page","link":"https:\/\/educacio-valencia.es\/es\/colaboracion-entre-policia-local-y-absentismo-escolar\/","title":{"rendered":"COLABORACI\u00d3N ENTRE POLIC\u00cdA LOCAL Y ABSENTISMO ESCOLAR"},"content":{"rendered":"<div class=\"fusion-fullwidth fullwidth-box fusion-builder-row-1 fusion-flex-container nonhundred-percent-fullwidth non-hundred-percent-height-scrolling\" style=\"background-color: rgba(255,255,255,0);background-position: center center;background-repeat: no-repeat;border-width: 0px 0px 0px 0px;border-color:#eae9e9;border-style:solid;\" ><div class=\"fusion-builder-row fusion-row fusion-flex-align-items-flex-start\" style=\"max-width:5083.52px;margin-left: calc(-4% \/ 2 );margin-right: calc(-4% \/ 2 );\"><div class=\"fusion-layout-column fusion_builder_column fusion-builder-column-0 fusion_builder_column_1_3 1_3 fusion-flex-column\"><div class=\"fusion-column-wrapper fusion-flex-justify-content-flex-start fusion-content-layout-column\" style=\"background-position:left top;background-repeat:no-repeat;-webkit-background-size:cover;-moz-background-size:cover;-o-background-size:cover;background-size:cover;padding: 0px 0px 0px 0px;\"><div style=\"text-align:center;\"><span class=\" fusion-imageframe imageframe-none imageframe-1 hover-type-none\" style=\"border:2px solid #f6f6f6;\"><img width=\"1587\" height=\"2245\" title=\"Cartel Jornada Cast\" src=\"https:\/\/educacio-valencia.es\/wp-content\/uploads\/2024\/01\/Cartel-Jornada-Cast.png\" class=\"img-responsive wp-image-39311\" srcset=\"https:\/\/educacio-valencia.es\/wp-content\/uploads\/2024\/01\/Cartel-Jornada-Cast-200x283.png 200w, https:\/\/educacio-valencia.es\/wp-content\/uploads\/2024\/01\/Cartel-Jornada-Cast-400x566.png 400w, https:\/\/educacio-valencia.es\/wp-content\/uploads\/2024\/01\/Cartel-Jornada-Cast-600x849.png 600w, https:\/\/educacio-valencia.es\/wp-content\/uploads\/2024\/01\/Cartel-Jornada-Cast-800x1132.png 800w, https:\/\/educacio-valencia.es\/wp-content\/uploads\/2024\/01\/Cartel-Jornada-Cast-1200x1698.png 1200w, https:\/\/educacio-valencia.es\/wp-content\/uploads\/2024\/01\/Cartel-Jornada-Cast.png 1587w\" sizes=\"(max-width: 1024px) 100vw, (max-width: 640px) 100vw, 1587px\" \/><\/span><\/div><\/div><\/div><style type=\"text\/css\">.fusion-body .fusion-builder-column-0{width:33.333333333333% !important;margin-top : 0px;margin-bottom : 20px;}.fusion-builder-column-0 > .fusion-column-wrapper {padding-top : 0px !important;padding-right : 0px !important;margin-right : 5.76%;padding-bottom : 0px !important;padding-left : 0px !important;margin-left : 5.76%;}@media only screen and (max-width:1024px) {.fusion-body .fusion-builder-column-0{width:100% !important;order : 0;}.fusion-builder-column-0 > .fusion-column-wrapper {margin-right : 1.92%;margin-left : 1.92%;}}@media only screen and (max-width:640px) {.fusion-body .fusion-builder-column-0{width:100% !important;order : 0;}.fusion-builder-column-0 > .fusion-column-wrapper {margin-right : 1.92%;margin-left : 1.92%;}}<\/style><div class=\"fusion-layout-column fusion_builder_column fusion-builder-column-1 fusion_builder_column_2_3 2_3 fusion-flex-column\"><div class=\"fusion-column-wrapper fusion-flex-justify-content-flex-start fusion-content-layout-column\" style=\"background-position:left top;background-repeat:no-repeat;-webkit-background-size:cover;-moz-background-size:cover;-o-background-size:cover;background-size:cover;padding: 0px 0px 0px 0px;\"><div class=\"fusion-text fusion-text-1\" style=\"transform:translate3d(0,0,0);\"><h1 class=\"v-a-t\">El Ayuntamiento de Valencia refuerza la colaboraci\u00f3n entre la Polic\u00eda Local y Educaci\u00f3n para frenar el absentismo escolar<\/h1>\n<p>Diario Las Provincias. (L. S. Valencia. Domingo, 5 de noviembre 2023)<\/p>\n<p class=\"v-p\">El Ayuntamiento de Valencia reforzar\u00e1 la colaboraci\u00f3n entre la concejal\u00eda de Educaci\u00f3n y la Polic\u00eda Local, para luchar contra el absentismo escolar en la ciudad. Tras la pasada cita del 17 de octubre, la Academia Central de Polic\u00eda acoger\u00e1 el pr\u00f3ximo jueves, 9 de noviembre, la segunda sesi\u00f3n colaborativa donde se seguir\u00e1n abordando las claves del programa de seguimiento del Absentismo Escolar Municipal (PAEM).<\/p>\n<p class=\"v-p\">\u00abCon la organizaci\u00f3n de estas sesiones, celebradas por primera vez este a\u00f1o, apostamos por una mayor coordinaci\u00f3n entre delegaciones para aplicar una respuesta efectiva y multidisciplinar a este problema social\u00bb, ha explicado la concejala de Educaci\u00f3n, Roc\u00edo Gil.<\/p>\n<p class=\"v-p\">En este sentido, desde el Ayuntamiento de Valencia se informa que, actualmente, est\u00e1n interviniendo en 298 casos diagnosticados distribuidos de la siguiente manera: 252 casos de alumnado absentista acumulados del curso escolar 2022-2023; 42 de a\u00f1os anteriores a 2022 comunicados ya a la Fiscal\u00eda de menores; y cuatro nuevos del curso acad\u00e9mico vigente (2023-2024).<\/p>\n<p class=\"v-p\">Del total de 298 casos, el 55% corresponden a alumnas (164), mientras que el 45 % son de alumnos (134). \u00abA edades tan tempranas, resulta vital involucrar al profesorado, a las familias y a la Polic\u00eda Local para fomentar la concienciaci\u00f3n en todos los entornos de referencia de los m\u00e1s j\u00f3venes\u00bb, ha insistido Gil.<\/p>\n<aside>\n<div><\/div>\n<\/aside>\n<p class=\"v-p\">Por ello, desde el Ayuntamiento se valora la labor que est\u00e1 realizando el servicio de Educaci\u00f3n y la Polic\u00eda Local de Valencia en estas sesiones sobre el PAEM. \u00abEstas jornadas son esenciales para compartir estrategias, planificar recursos y, sobre todo, impulsar la tarea de prevenci\u00f3n e identificaci\u00f3n de casos que se viene realizando desde la administraci\u00f3n\u00bb, ha manifestado la titular de Educaci\u00f3n.<\/p>\n<\/div><\/div><\/div><style type=\"text\/css\">.fusion-body .fusion-builder-column-1{width:66.666666666667% !important;margin-top : 0px;margin-bottom : 20px;}.fusion-builder-column-1 > .fusion-column-wrapper {padding-top : 0px !important;padding-right : 0px !important;margin-right : 2.88%;padding-bottom : 0px !important;padding-left : 0px !important;margin-left : 2.88%;}@media only screen and (max-width:1024px) {.fusion-body .fusion-builder-column-1{width:100% !important;order : 0;}.fusion-builder-column-1 > .fusion-column-wrapper {margin-right : 1.92%;margin-left : 1.92%;}}@media only screen and (max-width:640px) {.fusion-body .fusion-builder-column-1{width:100% !important;order : 0;}.fusion-builder-column-1 > .fusion-column-wrapper {margin-right : 1.92%;margin-left : 1.92%;}}<\/style><\/div><style type=\"text\/css\">.fusion-body .fusion-flex-container.fusion-builder-row-1{ padding-top : 0px;margin-top : 0px;padding-right : 0px;padding-bottom : 0px;margin-bottom : 0px;padding-left : 0px;}<\/style><\/div>\n","protected":false},"excerpt":{"rendered":"","protected":false},"author":15,"featured_media":39311,"parent":0,"menu_order":0,"comment_status":"closed","ping_status":"closed","template":"","meta":[],"_links":{"self":[{"href":"https:\/\/educacio-valencia.es\/es\/wp-json\/wp\/v2\/pages\/39315"}],"collection":[{"href":"https:\/\/educacio-valencia.es\/es\/wp-json\/wp\/v2\/pages"}],"about":[{"href":"https:\/\/educacio-valencia.es\/es\/wp-json\/wp\/v2\/types\/page"}],"author":[{"embeddable":true,"href":"https:\/\/educacio-valencia.es\/es\/wp-json\/wp\/v2\/users\/15"}],"replies":[{"embeddable":true,"href":"https:\/\/educacio-valencia.es\/es\/wp-json\/wp\/v2\/comments?post=39315"}],"version-history":[{"count":3,"href":"https:\/\/educacio-valencia.es\/es\/wp-json\/wp\/v2\/pages\/39315\/revisions"}],"predecessor-version":[{"id":39319,"href":"https:\/\/educacio-valencia.es\/es\/wp-json\/wp\/v2\/pages\/39315\/revisions\/39319"}],"wp:featuredmedia":[{"embeddable":true,"href":"https:\/\/educacio-valencia.es\/es\/wp-json\/wp\/v2\/media\/39311"}],"wp:attachment":[{"href":"https:\/\/educacio-valencia.es\/es\/wp-json\/wp\/v2\/media?parent=39315"}],"curies":[{"name":"wp","href":"https:\/\/api.w.org\/{rel}","templated":true}]}}