{"id":39241,"date":"2022-12-15T10:54:01","date_gmt":"2022-12-15T09:54:01","guid":{"rendered":"https:\/\/educacio-valencia.es\/absentismolab\/"},"modified":"2024-01-12T11:03:48","modified_gmt":"2024-01-12T10:03:48","slug":"absentismolab","status":"publish","type":"page","link":"https:\/\/educacio-valencia.es\/es\/absentismolab\/","title":{"rendered":"AbsentismoLAB"},"content":{"rendered":"<div class=\"fusion-fullwidth fullwidth-box fusion-builder-row-1 fusion-flex-container nonhundred-percent-fullwidth non-hundred-percent-height-scrolling\" style=\"background-color: rgba(255,255,255,0);background-position: center center;background-repeat: no-repeat;border-width: 0px 0px 0px 0px;border-color:#eae9e9;border-style:solid;\" ><div class=\"fusion-builder-row fusion-row fusion-flex-align-items-flex-start\" style=\"max-width:5083.52px;margin-left: calc(-4% \/ 2 );margin-right: calc(-4% \/ 2 );\"><div class=\"fusion-layout-column fusion_builder_column fusion-builder-column-0 fusion_builder_column_1_3 1_3 fusion-flex-column\"><div class=\"fusion-column-wrapper fusion-flex-justify-content-flex-start fusion-content-layout-column\" style=\"background-position:left top;background-repeat:no-repeat;-webkit-background-size:cover;-moz-background-size:cover;-o-background-size:cover;background-size:cover;padding: 0px 0px 0px 0px;\"><div ><span class=\" fusion-imageframe imageframe-none imageframe-1 hover-type-none\"><img width=\"500\" height=\"752\" title=\"ABsentismeLab\" src=\"https:\/\/educacio-valencia.es\/wp-content\/uploads\/2024\/01\/ABsentismeLab.jpg\" class=\"img-responsive wp-image-39229\" srcset=\"https:\/\/educacio-valencia.es\/wp-content\/uploads\/2024\/01\/ABsentismeLab-200x301.jpg 200w, https:\/\/educacio-valencia.es\/wp-content\/uploads\/2024\/01\/ABsentismeLab-400x602.jpg 400w, https:\/\/educacio-valencia.es\/wp-content\/uploads\/2024\/01\/ABsentismeLab.jpg 500w\" sizes=\"(max-width: 1024px) 100vw, (max-width: 640px) 100vw, 500px\" \/><\/span><\/div><\/div><\/div><style type=\"text\/css\">.fusion-body .fusion-builder-column-0{width:33.333333333333% !important;margin-top : 0px;margin-bottom : 20px;}.fusion-builder-column-0 > .fusion-column-wrapper {padding-top : 0px !important;padding-right : 0px !important;margin-right : 5.76%;padding-bottom : 0px !important;padding-left : 0px !important;margin-left : 5.76%;}@media only screen and (max-width:1024px) {.fusion-body .fusion-builder-column-0{width:100% !important;order : 0;}.fusion-builder-column-0 > .fusion-column-wrapper {margin-right : 1.92%;margin-left : 1.92%;}}@media only screen and (max-width:640px) {.fusion-body .fusion-builder-column-0{width:100% !important;order : 0;}.fusion-builder-column-0 > .fusion-column-wrapper {margin-right : 1.92%;margin-left : 1.92%;}}<\/style><div class=\"fusion-layout-column fusion_builder_column fusion-builder-column-1 fusion_builder_column_2_3 2_3 fusion-flex-column\"><div class=\"fusion-column-wrapper fusion-flex-justify-content-flex-start fusion-content-layout-column\" style=\"background-position:left top;background-repeat:no-repeat;-webkit-background-size:cover;-moz-background-size:cover;-o-background-size:cover;background-size:cover;padding: 0px 0px 0px 0px;\"><div class=\"fusion-text fusion-text-1\" style=\"transform:translate3d(0,0,0);\"><p><em>AbsentismoLab es una iniciativa que se enmarca en el Programa de Absentismo Escolar Municipal (PAEM), como un espacio de di\u00e1logo, reflexi\u00f3n y propuesta de mejora sobre la prevenci\u00f3n y el abordaje del absentismo escolar en las aulas.<\/em><\/p>\n<p><em><u>Objetivos:<\/u><\/em><\/p>\n<ul>\n<li><em>Analizar el funcionamiento del PAEM.<\/em><\/li>\n<li><em>Reflexionar acerca de las herramientas que se utilizan. <\/em><\/li>\n<li><em>Desarrollar propuestas de mejora o soluciones.<\/em><\/li>\n<\/ul>\n<p><em><u>Desarrollo:<\/u><\/em><\/p>\n<p><em>Se lleva a cabo un taller simulando un laboratorio de ideas para mejorar el servicio del PAEM donde participan equipo t\u00e9cnico de zona, personal docente y coordinaci\u00f3n de Siena Educaci\u00f3n.<\/em><\/p>\n<p><em>Se realiza a trav\u00e9s de la metodolog\u00eda Desing Thinking y la herramienta Diagrama Ishikawa para favorecer la creaci\u00f3n y reflexi\u00f3n de ideas innovadoras y creativas. El desarrollo y las fases fue el siguiente:<\/em><\/p>\n<p><em>&#8211; En la primera fase, 6 grupos peque\u00f1os reflexionan acerca de qu\u00e9 cosas son las que afectan al proceso de comunicaci\u00f3n de absentismo escolar detectados en el centro educativo, dando como resultado diferentes causas\/ideas (imagen 1).<\/em><\/p>\n<p><em>&#8211; En la segunda fase del proceso, se divide el aula en 2 grupos para extraer de las causas del diagrama vistas en la fase anterior, cuatro grandes temas que agrupen las ideas principales.<\/em><\/p>\n<p><em>&#8211; Para continuar, en la tercera fase, de manera individual votan con dos gomets la tem\u00e1tica que quieren abordar en esta sesi\u00f3n de AbsentismoLAB y plantear soluciones y mejoras (imagen 2).<\/em><\/p>\n<p><em>&#8211; Por \u00faltimo, una vez obtenido el resultado de la votaci\u00f3n se trabaja en dos grupos para generar la propuesta de soluci\u00f3n y poder exponerla para defenderla al grupo contrario. \u00c9sta deber\u00e1 estar bien argumentada pues el otro equipo juzgar\u00e1 todas las posibilidades (imagen 3 y 4).<\/em><\/p>\n<p><em><u>Conclusiones del taller pilot realitzado el 15 de deciembre con la participaci\u00f3n de los centres educativos siguientes: Colegio Liceo Corbi, \u00a0\u00a0\u00a0\u00a0IES Malilla, \u00a0\u00a0\u00a0\u00a0CEIP Malvarrosa,\u00a0 CEIP Ballester Fandos,\u00a0 IES El Grao i\u00a0 CEIP L\u2019Amistat:<\/u><\/em><\/p>\n<p><em>Los diferentes temas generados en el taller fueron:<\/em><\/p>\n<ul>\n<li><em>Falta de concienciaci\u00f3n del absentismo y necesidad de ello<\/em><\/li>\n<li><em>Tiempo de \u201cgracia\u201d \/ Temporalizaci\u00f3n de la intervenci\u00f3n<\/em><\/li>\n<li><em>Poca efectividad en el traslado de informaci\u00f3n. Necesidad de personal.<\/em><\/li>\n<li><em>Verificaci\u00f3n de criterios para la justificaci\u00f3n de faltas<\/em><\/li>\n<li><em>Burocracia<\/em><\/li>\n<\/ul>\n<p><em><u>Valoraci\u00f3n de la jornada:<\/u><\/em><\/p>\n<ul>\n<li><em>Participaci\u00f3n activa y din\u00e1mica de los miembros asistentes, tanto de los centros educativos como de los t\u00e9cnicos de zona.<\/em><\/li>\n<li><em>Se alude a la necesidad de encuentros de este tipo para buscar soluciones del servicio y enfocarlo sobre todo a la prevenci\u00f3n del absentismo, compartir experiencias y pautas de actuaci\u00f3n frente al absentismo.<\/em><\/li>\n<li><em>Se considera tambi\u00e9n que la participaci\u00f3n de estos eventos conste de personal de centros educativos, equipos de zona y del equipo t\u00e9cnico municipal del PAEM.<\/em><\/li>\n<\/ul>\n<p><em>Supone un encuentro positivo de reflexi\u00f3n sobre la educaci\u00f3n y las causas del absentismo escolar, con el objetivo de buscar propuestas de mejora encaminadas a la reducci\u00f3n de \u00e9ste.<\/em><\/p>\n<\/div><div class=\"fusion-image-carousel fusion-image-carousel-fixed fusion-carousel-border\"><div class=\"fusion-carousel\" data-autoplay=\"no\" data-columns=\"5\" data-itemmargin=\"13\" data-itemwidth=\"180\" data-touchscroll=\"no\" data-imagesize=\"fixed\"><div class=\"fusion-carousel-positioner\"><ul class=\"fusion-carousel-holder\"><li class=\"fusion-carousel-item\"><div class=\"fusion-carousel-item-wrapper\"><div class=\"fusion-image-wrapper hover-type-none\"><img width=\"320\" height=\"202\" src=\"https:\/\/educacio-valencia.es\/wp-content\/uploads\/2024\/01\/causes-extretes-del-diagrama-Ishikawa-320x202.jpg\" class=\"attachment-blog-medium size-blog-medium\" alt=\"IMAGEN 1. Ideas\/causas extra\u00eddas del diagrama Ishikawa\" \/><\/div><\/div><\/li><li class=\"fusion-carousel-item\"><div class=\"fusion-carousel-item-wrapper\"><div class=\"fusion-image-wrapper hover-type-none\"><img width=\"320\" height=\"202\" src=\"https:\/\/educacio-valencia.es\/wp-content\/uploads\/2024\/01\/2-Votacio-tema-a-treballar-320x202.jpg\" class=\"attachment-blog-medium size-blog-medium\" alt=\"IMAGEN 2. Votaci\u00f3n del tema de trabajo\" \/><\/div><\/div><\/li><li class=\"fusion-carousel-item\"><div class=\"fusion-carousel-item-wrapper\"><div class=\"fusion-image-wrapper hover-type-none\"><img width=\"320\" height=\"202\" src=\"https:\/\/educacio-valencia.es\/wp-content\/uploads\/2024\/01\/3-Treball-grupal-320x202.jpg\" class=\"attachment-blog-medium size-blog-medium\" alt=\"IMAGEN 3. Trabajo grupal\" \/><\/div><\/div><\/li><li class=\"fusion-carousel-item\"><div class=\"fusion-carousel-item-wrapper\"><div class=\"fusion-image-wrapper hover-type-none\"><a href=\"IMAGEN 4. Exposici\u00f3n de compa\u00f1eras\" target=\"_self\"><img width=\"320\" height=\"202\" src=\"https:\/\/educacio-valencia.es\/wp-content\/uploads\/2024\/01\/4-Exposicio-Companys-320x202.jpg\" class=\"attachment-blog-medium size-blog-medium\" alt=\"\" \/><\/a><\/div><\/div><\/li><li class=\"fusion-carousel-item\"><div class=\"fusion-carousel-item-wrapper\"><div class=\"fusion-image-wrapper hover-type-none\"><img width=\"320\" height=\"202\" src=\"https:\/\/educacio-valencia.es\/wp-content\/uploads\/2024\/01\/5-Fase-de-creativitat-320x202.jpg\" class=\"attachment-blog-medium size-blog-medium\" alt=\"IMAGEN 5. Fase de creatividad\" \/><\/div><\/div><\/li><\/ul><div class=\"fusion-carousel-nav\"><span class=\"fusion-nav-prev\"><\/span><span class=\"fusion-nav-next\"><\/span><\/div><\/div><\/div><\/div><\/div><\/div><style type=\"text\/css\">.fusion-body .fusion-builder-column-1{width:66.666666666667% !important;margin-top : 0px;margin-bottom : 20px;}.fusion-builder-column-1 > .fusion-column-wrapper {padding-top : 0px !important;padding-right : 0px !important;margin-right : 2.88%;padding-bottom : 0px !important;padding-left : 0px !important;margin-left : 2.88%;}@media only screen and (max-width:1024px) {.fusion-body .fusion-builder-column-1{width:100% !important;order : 0;}.fusion-builder-column-1 > .fusion-column-wrapper {margin-right : 1.92%;margin-left : 1.92%;}}@media only screen and (max-width:640px) {.fusion-body .fusion-builder-column-1{width:100% !important;order : 0;}.fusion-builder-column-1 > .fusion-column-wrapper {margin-right : 1.92%;margin-left : 1.92%;}}<\/style><\/div><style type=\"text\/css\">.fusion-body .fusion-flex-container.fusion-builder-row-1{ padding-top : 0px;margin-top : 0px;padding-right : 0px;padding-bottom : 0px;margin-bottom : 0px;padding-left : 0px;}<\/style><\/div>\n","protected":false},"excerpt":{"rendered":"","protected":false},"author":15,"featured_media":0,"parent":0,"menu_order":0,"comment_status":"closed","ping_status":"closed","template":"","meta":[],"_links":{"self":[{"href":"https:\/\/educacio-valencia.es\/es\/wp-json\/wp\/v2\/pages\/39241"}],"collection":[{"href":"https:\/\/educacio-valencia.es\/es\/wp-json\/wp\/v2\/pages"}],"about":[{"href":"https:\/\/educacio-valencia.es\/es\/wp-json\/wp\/v2\/types\/page"}],"author":[{"embeddable":true,"href":"https:\/\/educacio-valencia.es\/es\/wp-json\/wp\/v2\/users\/15"}],"replies":[{"embeddable":true,"href":"https:\/\/educacio-valencia.es\/es\/wp-json\/wp\/v2\/comments?post=39241"}],"version-history":[{"count":4,"href":"https:\/\/educacio-valencia.es\/es\/wp-json\/wp\/v2\/pages\/39241\/revisions"}],"predecessor-version":[{"id":39245,"href":"https:\/\/educacio-valencia.es\/es\/wp-json\/wp\/v2\/pages\/39241\/revisions\/39245"}],"wp:attachment":[{"href":"https:\/\/educacio-valencia.es\/es\/wp-json\/wp\/v2\/media?parent=39241"}],"curies":[{"name":"wp","href":"https:\/\/api.w.org\/{rel}","templated":true}]}}