{"id":37973,"date":"2021-10-05T11:08:44","date_gmt":"2021-10-05T09:08:44","guid":{"rendered":"https:\/\/educacio-valencia.es\/paem-beta-11\/"},"modified":"2024-01-30T12:35:34","modified_gmt":"2024-01-30T11:35:34","slug":"paem-beta-11","status":"publish","type":"page","link":"https:\/\/educacio-valencia.es\/es\/paem-beta-11\/","title":{"rendered":"&#8211; Derivaci\u00f3n por desprotecci\u00f3n en el \u00e1mbito sanitario"},"content":{"rendered":"<div class=\"fusion-fullwidth fullwidth-box fusion-builder-row-1 fusion-flex-container nonhundred-percent-fullwidth non-hundred-percent-height-scrolling\" style=\"background-color: rgba(255,255,255,0);background-position: center center;background-repeat: no-repeat;border-width: 0px 0px 0px 0px;border-color:#eae9e9;border-style:solid;\" ><div class=\"fusion-builder-row fusion-row fusion-flex-align-items-flex-start\" style=\"max-width:5083.52px;margin-left: calc(-4% \/ 2 );margin-right: calc(-4% \/ 2 );\"><div class=\"fusion-layout-column fusion_builder_column fusion-builder-column-0 fusion_builder_column_1_3 1_3 fusion-flex-column\"><div class=\"fusion-column-wrapper fusion-flex-justify-content-flex-start fusion-content-layout-column\" style=\"background-position:left top;background-repeat:no-repeat;-webkit-background-size:cover;-moz-background-size:cover;-o-background-size:cover;background-size:cover;padding: 0px 0px 0px 0px;\"><div class=\"fusion-text fusion-text-1\" style=\"transform:translate3d(0,0,0);\"><hr \/>\n<h2 class=\"title-heading-left fusion-responsive-typography-calculated\" data-fontsize=\"24\" data-lineheight=\"36px\"><span class=\"s1\"><b>Derivaci\u00f3n por posible situaci\u00f3n de desprotecci\u00f3n en el \u00e1mbito sanitario.<\/b><\/span><\/h2>\n<\/div><\/div><\/div><style type=\"text\/css\">.fusion-body .fusion-builder-column-0{width:33.333333333333% !important;margin-top : 0px;margin-bottom : 20px;}.fusion-builder-column-0 > .fusion-column-wrapper {padding-top : 0px !important;padding-right : 0px !important;margin-right : 5.76%;padding-bottom : 0px !important;padding-left : 0px !important;margin-left : 5.76%;}@media only screen and (max-width:1024px) {.fusion-body .fusion-builder-column-0{width:100% !important;order : 0;}.fusion-builder-column-0 > .fusion-column-wrapper {margin-right : 1.92%;margin-left : 1.92%;}}@media only screen and (max-width:640px) {.fusion-body .fusion-builder-column-0{width:100% !important;order : 0;}.fusion-builder-column-0 > .fusion-column-wrapper {margin-right : 1.92%;margin-left : 1.92%;}}<\/style><div class=\"fusion-layout-column fusion_builder_column fusion-builder-column-1 fusion_builder_column_2_3 2_3 fusion-flex-column\"><div class=\"fusion-column-wrapper fusion-flex-justify-content-flex-start fusion-content-layout-column\" style=\"background-position:left top;background-repeat:no-repeat;-webkit-background-size:cover;-moz-background-size:cover;-o-background-size:cover;background-size:cover;padding: 0px 0px 0px 0px;\"><div class=\"fusion-text fusion-text-2\" style=\"transform:translate3d(0,0,0);\"><ul>\n<li><span style=\"color: #0000ff;\"><strong><a style=\"color: #0000ff;\" href=\"https:\/\/educacio-valencia.es\/wp-content\/uploads\/2020\/03\/Hoja-derivacion-desproteccio%CC%81n-ambito-sanitario.pdf\" target=\"_blank\" rel=\"noopener\">Hoja de notificaci\u00f3n de situaciones de desprotecci\u00f3n infantil desde el \u00e1mbito sanitario<\/a><\/strong><\/span><\/li>\n<\/ul>\n<p>Es recomendable canalizar la remisi\u00f3n de la Hoja a trav\u00e9s de la Unidad de Trabajo Social del centro sanitario.<\/p>\n<p>Una vez cumplimentada, se seguir\u00e1n las siguientes instrucciones para la remisi\u00f3n de la Hoja:<\/p>\n<p>\u2022 El original se remitir\u00e1 al servicio, unidad o persona a quien o quienes se le solicita la actuaci\u00f3n sobre el\/la menor reflejado en el apartado de \u201cSolicitud de Actuaciones\u201d . Si se solicita intervenci\u00f3n a varios servicios, unidades o personas, es preciso realizar las fotocopias necesarias del \u201cEjemplar para solicitar intervenci\u00f3n\u201d.<br \/>\n\u2022 Se remitir\u00e1 una copia al Equipo Municipal de Servicios Sociales del municipio de residencia del\/la menor cuando se requiera su intervenci\u00f3n (riesgo del\/la menor) y siempre que haya otro destinatario de fuera del \u00e1mbito sanitario.<\/p>\n<ul>\n<li><strong><a href=\"https:\/\/sede.valencia.es\/sede\/registro\/procedimiento\/NC.NC.10\">Enlace al procedimiento para notificar a S.S. -Secci\u00f3n del Menor- del Ayuntamiento de Valencia<\/a>\u00a0<\/strong><\/li>\n<\/ul>\n<p>\u2022 Cuando se haya cumplimentado la Hoja en papel, se remitir\u00e1 el \u201cEjemplar para la Administraci\u00f3n\u201d al Centro de Salud P\u00fablica del departamento de Salud correspondiente. Y deber\u00e1 activarse la \u201cAlerta de riesgo social\u201d en SIA cuando se tenga conocimiento de la existencia de la misma.<\/p>\n<\/div><div class=\"fusion-separator fusion-full-width-sep\" style=\"align-self: center;margin-left: auto;margin-right: auto;width:100%;\"><div class=\"fusion-separator-border sep-double\" style=\"border-color:#e0dede;border-top-width:1px;border-bottom-width:1px;\"><\/div><\/div><\/div><\/div><style type=\"text\/css\">.fusion-body .fusion-builder-column-1{width:66.666666666667% !important;margin-top : 0px;margin-bottom : 20px;}.fusion-builder-column-1 > .fusion-column-wrapper {padding-top : 0px !important;padding-right : 0px !important;margin-right : 2.88%;padding-bottom : 0px !important;padding-left : 0px !important;margin-left : 2.88%;}@media only screen and (max-width:1024px) {.fusion-body .fusion-builder-column-1{width:100% !important;order : 0;}.fusion-builder-column-1 > .fusion-column-wrapper {margin-right : 1.92%;margin-left : 1.92%;}}@media only screen and (max-width:640px) {.fusion-body .fusion-builder-column-1{width:100% !important;order : 0;}.fusion-builder-column-1 > .fusion-column-wrapper {margin-right : 1.92%;margin-left : 1.92%;}}<\/style><\/div><style type=\"text\/css\">.fusion-body .fusion-flex-container.fusion-builder-row-1{ padding-top : 0px;margin-top : 0px;padding-right : 0px;padding-bottom : 0px;margin-bottom : 0px;padding-left : 0px;}<\/style><\/div>\n","protected":false},"excerpt":{"rendered":"","protected":false},"author":15,"featured_media":0,"parent":0,"menu_order":0,"comment_status":"closed","ping_status":"closed","template":"","meta":[],"_links":{"self":[{"href":"https:\/\/educacio-valencia.es\/es\/wp-json\/wp\/v2\/pages\/37973"}],"collection":[{"href":"https:\/\/educacio-valencia.es\/es\/wp-json\/wp\/v2\/pages"}],"about":[{"href":"https:\/\/educacio-valencia.es\/es\/wp-json\/wp\/v2\/types\/page"}],"author":[{"embeddable":true,"href":"https:\/\/educacio-valencia.es\/es\/wp-json\/wp\/v2\/users\/15"}],"replies":[{"embeddable":true,"href":"https:\/\/educacio-valencia.es\/es\/wp-json\/wp\/v2\/comments?post=37973"}],"version-history":[{"count":4,"href":"https:\/\/educacio-valencia.es\/es\/wp-json\/wp\/v2\/pages\/37973\/revisions"}],"predecessor-version":[{"id":39482,"href":"https:\/\/educacio-valencia.es\/es\/wp-json\/wp\/v2\/pages\/37973\/revisions\/39482"}],"wp:attachment":[{"href":"https:\/\/educacio-valencia.es\/es\/wp-json\/wp\/v2\/media?parent=37973"}],"curies":[{"name":"wp","href":"https:\/\/api.w.org\/{rel}","templated":true}]}}