{"id":37968,"date":"2021-10-05T11:08:44","date_gmt":"2021-10-05T09:08:44","guid":{"rendered":"https:\/\/educacio-valencia.es\/paem-beta-10\/"},"modified":"2024-01-19T12:30:44","modified_gmt":"2024-01-19T11:30:44","slug":"paem-beta-10-2","status":"publish","type":"page","link":"https:\/\/educacio-valencia.es\/es\/paem-beta-10-2\/","title":{"rendered":"&#8211; Protocolos igualdad y convivencia"},"content":{"rendered":"<div class=\"fusion-fullwidth fullwidth-box fusion-builder-row-1 fusion-flex-container nonhundred-percent-fullwidth non-hundred-percent-height-scrolling\" style=\"background-color: rgba(255,255,255,0);background-position: center center;background-repeat: no-repeat;border-width: 0px 0px 0px 0px;border-color:#eae9e9;border-style:solid;\" ><div class=\"fusion-builder-row fusion-row fusion-flex-align-items-flex-start\" style=\"max-width:5083.52px;margin-left: calc(-4% \/ 2 );margin-right: calc(-4% \/ 2 );\"><div class=\"fusion-layout-column fusion_builder_column fusion-builder-column-0 fusion_builder_column_1_3 1_3 fusion-flex-column\"><div class=\"fusion-column-wrapper fusion-flex-justify-content-flex-start fusion-content-layout-column\" style=\"background-position:left top;background-repeat:no-repeat;-webkit-background-size:cover;-moz-background-size:cover;-o-background-size:cover;background-size:cover;padding: 0px 0px 0px 0px;\"><div class=\"fusion-text fusion-text-1\" style=\"transform:translate3d(0,0,0);\"><h2 class=\"fusion-responsive-typography-calculated\" data-fontsize=\"18\" data-lineheight=\"27px\"><strong>Protocolos para la igualdad y\u00a0 la convivencia<\/strong><\/h2>\n<\/div><\/div><\/div><style type=\"text\/css\">.fusion-body .fusion-builder-column-0{width:33.333333333333% !important;margin-top : 0px;margin-bottom : 20px;}.fusion-builder-column-0 > .fusion-column-wrapper {padding-top : 0px !important;padding-right : 0px !important;margin-right : 5.76%;padding-bottom : 0px !important;padding-left : 0px !important;margin-left : 5.76%;}@media only screen and (max-width:1024px) {.fusion-body .fusion-builder-column-0{width:100% !important;order : 0;}.fusion-builder-column-0 > .fusion-column-wrapper {margin-right : 1.92%;margin-left : 1.92%;}}@media only screen and (max-width:640px) {.fusion-body .fusion-builder-column-0{width:100% !important;order : 0;}.fusion-builder-column-0 > .fusion-column-wrapper {margin-right : 1.92%;margin-left : 1.92%;}}<\/style><div class=\"fusion-layout-column fusion_builder_column fusion-builder-column-1 fusion_builder_column_2_3 2_3 fusion-flex-column\"><div class=\"fusion-column-wrapper fusion-flex-justify-content-flex-start fusion-content-layout-column\" style=\"background-position:left top;background-repeat:no-repeat;-webkit-background-size:cover;-moz-background-size:cover;-o-background-size:cover;background-size:cover;padding: 0px 0px 0px 0px;\"><div class=\"fusion-text fusion-text-2\" style=\"transform:translate3d(0,0,0);\"><h3 class=\"fusion-responsive-typography-calculated\" data-fontsize=\"16\" data-lineheight=\"24px\"><span style=\"color: #0000ff;\"><a style=\"color: #0000ff;\" href=\"https:\/\/ceice.gva.es\/es\/web\/inclusioeducativa\/protocols\" target=\"_blank\" rel=\"noopener\">PROTOCOLOS PARA LA IGUALDAD Y LA CONVIVENCIA \u2013 Web Conselleria de Educaci\u00f3n \u2013<\/a><\/span><\/h3>\n<\/div><div class=\"fusion-text fusion-text-3\" style=\"transform:translate3d(0,0,0);\"><div class=\"fusion-text fusion-text-11\"><\/div>\n<div class=\"fusion-section-separator section-separator slant fusion-section-separator-12\">\n<div class=\"fusion-section-separator-spacer\">\n<ul>\n<li><a href=\"http:\/\/ceice.gva.es\/es\/web\/inclusioeducativa\/protocols#procediments-decret-195-2022\"><strong><span style=\"color: #0000ff;\">Procedimientos derivados de la aplicaci\u00f3n del Decreto 195\/2022 de igualdad y convivencia en el sistema educativo valenciano<\/span><\/strong><\/a><strong><span style=\"color: #0000ff;\">\u00a0<\/span><\/strong><\/li>\n<\/ul>\n<ul>\n<li><strong><span style=\"color: #0000ff;\"><a style=\"color: #0000ff;\" href=\"http:\/\/ceice.gva.es\/es\/web\/inclusioeducativa\/protocols#absentisme\">Protocolo de actuaci\u00f3n ante situaciones de absentismo escolar<\/a><\/span><\/strong><\/li>\n<\/ul>\n<ul>\n<li><strong><span style=\"color: #0000ff;\"><a style=\"color: #0000ff;\" href=\"http:\/\/ceice.gva.es\/es\/web\/inclusioeducativa\/protocols#autolesions-suicidi\">Protocolo para la intervenci\u00f3n en autolesiones y conductas de suicidio<\/a><\/span><\/strong><\/li>\n<\/ul>\n<ul>\n<li><strong><span style=\"color: #0000ff;\"><a style=\"color: #0000ff;\" href=\"https:\/\/ceice.gva.es\/es\/web\/inclusioeducativa\/protocols#acollida\">Protocolo de acogida de alumnado reci\u00e9n llegado, especialmente el desplazado, en los centros educativos de la Comunitat Valenciana<\/a><\/span><\/strong><\/li>\n<\/ul>\n<ul>\n<li><strong><span style=\"color: #0000ff;\"><a style=\"color: #0000ff;\" href=\"https:\/\/ceice.gva.es\/es\/web\/inclusioeducativa\/protocols#acompanyament\">Protocolo de acompa\u00f1amiento para garantizar el derecho a la identidad de g\u00e9nero, la expresi\u00f3n de g\u00e9nero y la intersexualidad<\/a><\/span><\/strong><\/li>\n<\/ul>\n<ul>\n<li><strong><span style=\"color: #0000ff;\"><a style=\"color: #0000ff;\" href=\"http:\/\/ceice.gva.es\/va\/web\/inclusioeducativa\/protocols#salut-mental\">Modelo de actuaci\u00f3n para la detecci\u00f3n y la atenci\u00f3n precoz del alumnado que pueda presentar un problema de salud mental<\/a><\/span><\/strong><\/li>\n<\/ul>\n<ul>\n<li><strong><span style=\"color: #0000ff;\"><a style=\"color: #0000ff;\" href=\"https:\/\/ceice.gva.es\/es\/web\/inclusioeducativa\/protocols#assetjament-intimidacio\">Modelo de actuaci\u00f3n en situaciones de posible acoso e intimidaci\u00f3n entre alumnos<\/a><\/span><\/strong><\/li>\n<\/ul>\n<ul>\n<li><strong><span style=\"color: #0000ff;\"><a style=\"color: #0000ff;\" href=\"https:\/\/ceice.gva.es\/es\/web\/inclusioeducativa\/protocols#convivencia\">Modelo de actuaci\u00f3n frente al alumnado que presenta alteraciones graves de la convivencia; peleas, agresiones, y\/o vandalismo<\/a><\/span><\/strong><\/li>\n<\/ul>\n<ul>\n<li><strong><span style=\"color: #0000ff;\"><a style=\"color: #0000ff;\" href=\"https:\/\/ceice.gva.es\/es\/web\/inclusioeducativa\/protocols#maltractament-infantil\">Modelo de actuaci\u00f3n frente a situaciones donde se detecta maltrato infantil<\/a><\/span><\/strong><\/li>\n<\/ul>\n<ul>\n<li><strong><span style=\"color: #0000ff;\"><a style=\"color: #0000ff;\" href=\"https:\/\/ceice.gva.es\/es\/web\/inclusioeducativa\/protocols#violencia-genere\">Modelo de actuaci\u00f3n frente a situaciones donde se detecta violencia de g\u00e9nero en el \u00e1mbito educativo<\/a>\u00a0<\/span><\/strong><\/li>\n<\/ul>\n<ul>\n<li><strong><span style=\"color: #0000ff;\"><a style=\"color: #0000ff;\" href=\"https:\/\/ceice.gva.es\/es\/web\/inclusioeducativa\/protocols#accio-il-licita\">Modelo de actuaci\u00f3n a seguir en el caso que el Personal Docente y\/o PAS dependiente de la Conselleria de Educaci\u00f3n sea objeto de acci\u00f3n il\u00edcita en ocasi\u00f3n del ejercicio de su cargo o funci\u00f3n<\/a><\/span><\/strong><\/li>\n<\/ul>\n<ul>\n<li><strong><span style=\"color: #0000ff;\"><a style=\"color: #0000ff;\" href=\"https:\/\/ceice.gva.es\/es\/web\/inclusioeducativa\/protocols#violencia-fora-centre\">Modelo de actuaci\u00f3n frente a cualquier situaci\u00f3n de violencia grave, originada fuera del centro escolar<\/a><\/span><\/strong><\/li>\n<\/ul>\n<ul>\n<li><strong><span style=\"color: #0000ff;\"><a style=\"color: #0000ff;\" href=\"https:\/\/ceice.gva.es\/es\/web\/inclusioeducativa\/protocols#comunicacio-ministeri-fiscal\">Modelo de comunicaci\u00f3n al Ministerio Fiscal<\/a><\/span><\/strong><\/li>\n<\/ul>\n<ul>\n<li><strong><span style=\"color: #0000ff;\"><a style=\"color: #0000ff;\" href=\"http:\/\/ceice.gva.es\/es\/web\/inclusioeducativa\/protocols#drogodependencies\">Protocolo de actuaci\u00f3n para la detecci\u00f3n de conductas de abuso o tr\u00e1fico de drogas y otras adicciones<\/a>\u00a0<\/span><\/strong><\/li>\n<\/ul>\n<\/div>\n<\/div>\n<\/div><div class=\"fusion-separator fusion-full-width-sep\" style=\"align-self: center;margin-left: auto;margin-right: auto;width:100%;\"><div class=\"fusion-separator-border sep-double\" style=\"border-color:#e0dede;border-top-width:1px;border-bottom-width:1px;\"><\/div><\/div><\/div><\/div><style type=\"text\/css\">.fusion-body .fusion-builder-column-1{width:66.666666666667% !important;margin-top : 0px;margin-bottom : 20px;}.fusion-builder-column-1 > .fusion-column-wrapper {padding-top : 0px !important;padding-right : 0px !important;margin-right : 2.88%;padding-bottom : 0px !important;padding-left : 0px !important;margin-left : 2.88%;}@media only screen and (max-width:1024px) {.fusion-body .fusion-builder-column-1{width:100% !important;order : 0;}.fusion-builder-column-1 > .fusion-column-wrapper {margin-right : 1.92%;margin-left : 1.92%;}}@media only screen and (max-width:640px) {.fusion-body .fusion-builder-column-1{width:100% !important;order : 0;}.fusion-builder-column-1 > .fusion-column-wrapper {margin-right : 1.92%;margin-left : 1.92%;}}<\/style><\/div><style type=\"text\/css\">.fusion-body .fusion-flex-container.fusion-builder-row-1{ padding-top : 0px;margin-top : 0px;padding-right : 0px;padding-bottom : 0px;margin-bottom : 0px;padding-left : 0px;}<\/style><\/div>\n","protected":false},"excerpt":{"rendered":"","protected":false},"author":15,"featured_media":0,"parent":0,"menu_order":0,"comment_status":"closed","ping_status":"closed","template":"","meta":[],"_links":{"self":[{"href":"https:\/\/educacio-valencia.es\/es\/wp-json\/wp\/v2\/pages\/37968"}],"collection":[{"href":"https:\/\/educacio-valencia.es\/es\/wp-json\/wp\/v2\/pages"}],"about":[{"href":"https:\/\/educacio-valencia.es\/es\/wp-json\/wp\/v2\/types\/page"}],"author":[{"embeddable":true,"href":"https:\/\/educacio-valencia.es\/es\/wp-json\/wp\/v2\/users\/15"}],"replies":[{"embeddable":true,"href":"https:\/\/educacio-valencia.es\/es\/wp-json\/wp\/v2\/comments?post=37968"}],"version-history":[{"count":7,"href":"https:\/\/educacio-valencia.es\/es\/wp-json\/wp\/v2\/pages\/37968\/revisions"}],"predecessor-version":[{"id":39397,"href":"https:\/\/educacio-valencia.es\/es\/wp-json\/wp\/v2\/pages\/37968\/revisions\/39397"}],"wp:attachment":[{"href":"https:\/\/educacio-valencia.es\/es\/wp-json\/wp\/v2\/media?parent=37968"}],"curies":[{"name":"wp","href":"https:\/\/api.w.org\/{rel}","templated":true}]}}