{"id":37959,"date":"2021-10-05T11:08:44","date_gmt":"2021-10-05T09:08:44","guid":{"rendered":"https:\/\/educacio-valencia.es\/paem-beta-9\/"},"modified":"2024-01-30T12:25:17","modified_gmt":"2024-01-30T11:25:17","slug":"paem-beta-9","status":"publish","type":"page","link":"https:\/\/educacio-valencia.es\/es\/paem-beta-9\/","title":{"rendered":"&#8211; Derivaci\u00f3n por desprotecci\u00f3n desde el \u00e1mbito educativo"},"content":{"rendered":"<div class=\"fusion-fullwidth fullwidth-box fusion-builder-row-1 fusion-flex-container nonhundred-percent-fullwidth non-hundred-percent-height-scrolling\" style=\"background-color: rgba(255,255,255,0);background-position: center center;background-repeat: no-repeat;border-width: 0px 0px 0px 0px;border-color:#eae9e9;border-style:solid;\" ><div class=\"fusion-builder-row fusion-row fusion-flex-align-items-flex-start\" style=\"max-width:5083.52px;margin-left: calc(-4% \/ 2 );margin-right: calc(-4% \/ 2 );\"><div class=\"fusion-layout-column fusion_builder_column fusion-builder-column-0 fusion_builder_column_1_3 1_3 fusion-flex-column\"><div class=\"fusion-column-wrapper fusion-flex-justify-content-flex-start fusion-content-layout-column\" style=\"background-position:left top;background-repeat:no-repeat;-webkit-background-size:cover;-moz-background-size:cover;-o-background-size:cover;background-size:cover;padding: 0px 0px 0px 0px;\"><div class=\"fusion-text fusion-text-1\" style=\"transform:translate3d(0,0,0);\"><hr \/>\n<h2 class=\"fusion-responsive-typography-calculated\" data-fontsize=\"18\" data-lineheight=\"27px\">Derivaci\u00f3n por <span class=\"s1\"><b>posible situaci\u00f3n de desprotecci\u00f3n <\/b><\/span>desde el \u00e1mbito educativo<\/h2>\n<\/div><\/div><\/div><style type=\"text\/css\">.fusion-body .fusion-builder-column-0{width:33.333333333333% !important;margin-top : 0px;margin-bottom : 20px;}.fusion-builder-column-0 > .fusion-column-wrapper {padding-top : 0px !important;padding-right : 0px !important;margin-right : 5.76%;padding-bottom : 0px !important;padding-left : 0px !important;margin-left : 5.76%;}@media only screen and (max-width:1024px) {.fusion-body .fusion-builder-column-0{width:100% !important;order : 0;}.fusion-builder-column-0 > .fusion-column-wrapper {margin-right : 1.92%;margin-left : 1.92%;}}@media only screen and (max-width:640px) {.fusion-body .fusion-builder-column-0{width:100% !important;order : 0;}.fusion-builder-column-0 > .fusion-column-wrapper {margin-right : 1.92%;margin-left : 1.92%;}}<\/style><div class=\"fusion-layout-column fusion_builder_column fusion-builder-column-1 fusion_builder_column_2_3 2_3 fusion-flex-column\"><div class=\"fusion-column-wrapper fusion-flex-justify-content-flex-start fusion-content-layout-column\" style=\"background-position:left top;background-repeat:no-repeat;-webkit-background-size:cover;-moz-background-size:cover;-o-background-size:cover;background-size:cover;padding: 0px 0px 0px 0px;\"><div class=\"fusion-text fusion-text-2\" style=\"transform:translate3d(0,0,0);\"><p>DATOS DE LA REMISI\u00d3N DE LA HOJA DE NOTIFICACI\u00d3N:<br \/>\nSe reflejar\u00e1n la fecha de la remisi\u00f3n y aquellos datos que permitan la identificaci\u00f3n de la persona que la realiza. El\/La Director\/a del centro escolar<br \/>\no representante de la titularidad remitir\u00e1 la hoja de notificaci\u00f3n de acuerdo con las siguientes instrucciones:<br \/>\n&#8211; El original de la hoja se remitir\u00e1 al Equipo Municipal de Servicios Sociales de la localidad donde reside el menor.<br \/>\n&#8211; La primera copia de la hoja se incorporar\u00e1 al expediente personal del alumno.<br \/>\n&#8211; La segunda copia de la hoja se remitir\u00e1 a la Direcci\u00f3n General de Familia de la Conselleria de Bienestar Social, a efectos de conocer y<br \/>\nanalizar la incidencia de la problem\u00e1tica de la desprotecci\u00f3n infantil detectada.<\/p>\n<ul>\n<li><span style=\"color: #0000ff;\"><strong><a style=\"color: #0000ff;\" href=\"http:\/\/ceice.gva.es\/es\/web\/inclusioeducativa\/protocols#notificacio-atencio-proteccio\">Hoja de notificaci\u00f3n para la atenci\u00f3n socioeducativa y protecci\u00f3n del alumnado menor de edad<\/a><\/strong><\/span>.\n<ul>\n<li><a href=\"https:\/\/www.gva.es\/va\/inicio\/procedimientos?id_proc=2273\"><strong>Enlace al procedimiento para notificar a Conselleria de Educaci\u00f3n<\/strong>\u00a0 \u00a0(A la instancia se puede a\u00f1adir, adem\u00e1s de la Hoja de Notificaci\u00f3n, cualquier\u00a0 documento que se considere oportuno)<\/a><\/li>\n<li><strong><a href=\"https:\/\/sede.valencia.es\/sede\/registro\/procedimiento\/NC.NC.10\">Enlace al procedimiento para notificar a S.S. -Secci\u00f3n del Menor- del Ayuntamiento<\/a> <\/strong><a href=\"https:\/\/www.gva.es\/va\/inicio\/procedimientos?id_proc=2273\">(A la instancia se puede a\u00f1adir, adem\u00e1s de la Hoja de Notificaci\u00f3n, cualquier\u00a0 documento que se considere<\/a><a href=\"https:\/\/www.gva.es\/va\/inicio\/procedimientos?id_proc=2273\">\u00a0oportuno)<\/a><\/li>\n<\/ul>\n<\/li>\n<li><span style=\"color: #0000ff;\"><strong><a style=\"color: #0000ff;\" href=\"https:\/\/educacio-valencia.es\/wp-content\/uploads\/2021\/04\/Guia-Breve-de-deteccion-y-actuacion-en-situaciones-de-desproteccion-y_o-maltrato-infantil-desde-el-AMBITO-EDUCATIVO.pdf\" target=\"_blank\" rel=\"noopener noreferrer\">Gu\u00eda breve de detecci\u00f3n y actuaci\u00f3n en situaciones de desprotecci\u00f3n y\/o maltrato infantil desde el \u00c1MBITO EDUCATIVO<\/a><\/strong><\/span><\/li>\n<\/ul>\n<\/div><div class=\"fusion-separator fusion-full-width-sep\" style=\"align-self: center;margin-left: auto;margin-right: auto;width:100%;\"><div class=\"fusion-separator-border sep-double\" style=\"border-color:#e0dede;border-top-width:1px;border-bottom-width:1px;\"><\/div><\/div><\/div><\/div><style type=\"text\/css\">.fusion-body .fusion-builder-column-1{width:66.666666666667% !important;margin-top : 0px;margin-bottom : 20px;}.fusion-builder-column-1 > .fusion-column-wrapper {padding-top : 0px !important;padding-right : 0px !important;margin-right : 2.88%;padding-bottom : 0px !important;padding-left : 0px !important;margin-left : 2.88%;}@media only screen and (max-width:1024px) {.fusion-body .fusion-builder-column-1{width:100% !important;order : 0;}.fusion-builder-column-1 > .fusion-column-wrapper {margin-right : 1.92%;margin-left : 1.92%;}}@media only screen and (max-width:640px) {.fusion-body .fusion-builder-column-1{width:100% !important;order : 0;}.fusion-builder-column-1 > .fusion-column-wrapper {margin-right : 1.92%;margin-left : 1.92%;}}<\/style><\/div><style type=\"text\/css\">.fusion-body .fusion-flex-container.fusion-builder-row-1{ padding-top : 0px;margin-top : 0px;padding-right : 0px;padding-bottom : 0px;margin-bottom : 0px;padding-left : 0px;}<\/style><\/div>\n","protected":false},"excerpt":{"rendered":"","protected":false},"author":15,"featured_media":0,"parent":0,"menu_order":0,"comment_status":"closed","ping_status":"closed","template":"","meta":[],"_links":{"self":[{"href":"https:\/\/educacio-valencia.es\/es\/wp-json\/wp\/v2\/pages\/37959"}],"collection":[{"href":"https:\/\/educacio-valencia.es\/es\/wp-json\/wp\/v2\/pages"}],"about":[{"href":"https:\/\/educacio-valencia.es\/es\/wp-json\/wp\/v2\/types\/page"}],"author":[{"embeddable":true,"href":"https:\/\/educacio-valencia.es\/es\/wp-json\/wp\/v2\/users\/15"}],"replies":[{"embeddable":true,"href":"https:\/\/educacio-valencia.es\/es\/wp-json\/wp\/v2\/comments?post=37959"}],"version-history":[{"count":11,"href":"https:\/\/educacio-valencia.es\/es\/wp-json\/wp\/v2\/pages\/37959\/revisions"}],"predecessor-version":[{"id":39481,"href":"https:\/\/educacio-valencia.es\/es\/wp-json\/wp\/v2\/pages\/37959\/revisions\/39481"}],"wp:attachment":[{"href":"https:\/\/educacio-valencia.es\/es\/wp-json\/wp\/v2\/media?parent=37959"}],"curies":[{"name":"wp","href":"https:\/\/api.w.org\/{rel}","templated":true}]}}