{"id":37946,"date":"2021-10-05T11:08:44","date_gmt":"2021-10-05T09:08:44","guid":{"rendered":"https:\/\/educacio-valencia.es\/paem-beta-7\/"},"modified":"2024-05-30T12:40:10","modified_gmt":"2024-05-30T10:40:10","slug":"paem-beta-7","status":"publish","type":"page","link":"https:\/\/educacio-valencia.es\/es\/paem-beta-7\/","title":{"rendered":"&#8211; Evaluaci\u00f3n"},"content":{"rendered":"<div class=\"fusion-fullwidth fullwidth-box fusion-builder-row-1 fusion-flex-container nonhundred-percent-fullwidth non-hundred-percent-height-scrolling\" style=\"background-color: rgba(255,255,255,0);background-position: center center;background-repeat: no-repeat;border-width: 0px 0px 0px 0px;border-color:#eae9e9;border-style:solid;\" ><div class=\"fusion-builder-row fusion-row fusion-flex-align-items-flex-start\" style=\"max-width:5083.52px;margin-left: calc(-4% \/ 2 );margin-right: calc(-4% \/ 2 );\"><div class=\"fusion-layout-column fusion_builder_column fusion-builder-column-0 fusion_builder_column_1_3 1_3 fusion-flex-column\"><div class=\"fusion-column-wrapper fusion-flex-justify-content-flex-start fusion-content-layout-column\" style=\"background-position:left top;background-repeat:no-repeat;-webkit-background-size:cover;-moz-background-size:cover;-o-background-size:cover;background-size:cover;padding: 0px 0px 0px 0px;\"><div class=\"fusion-text fusion-text-1\" style=\"transform:translate3d(0,0,0);\"><hr \/>\n<h2 class=\"title-heading-left fusion-responsive-typography-calculated\" data-fontsize=\"18\" data-lineheight=\"27px\"><strong>Evaluaci\u00f3n y propuestas de mejora del PAEM<\/strong><\/h2>\n<\/div><\/div><\/div><style type=\"text\/css\">.fusion-body .fusion-builder-column-0{width:33.333333333333% !important;margin-top : 0px;margin-bottom : 20px;}.fusion-builder-column-0 > .fusion-column-wrapper {padding-top : 0px !important;padding-right : 0px !important;margin-right : 5.76%;padding-bottom : 0px !important;padding-left : 0px !important;margin-left : 5.76%;}@media only screen and (max-width:1024px) {.fusion-body .fusion-builder-column-0{width:100% !important;order : 0;}.fusion-builder-column-0 > .fusion-column-wrapper {margin-right : 1.92%;margin-left : 1.92%;}}@media only screen and (max-width:640px) {.fusion-body .fusion-builder-column-0{width:100% !important;order : 0;}.fusion-builder-column-0 > .fusion-column-wrapper {margin-right : 1.92%;margin-left : 1.92%;}}<\/style><div class=\"fusion-layout-column fusion_builder_column fusion-builder-column-1 fusion_builder_column_2_3 2_3 fusion-flex-column\"><div class=\"fusion-column-wrapper fusion-flex-justify-content-flex-start fusion-content-layout-column\" style=\"background-position:left top;background-repeat:no-repeat;-webkit-background-size:cover;-moz-background-size:cover;-o-background-size:cover;background-size:cover;padding: 0px 0px 0px 0px;\"><div class=\"fusion-text fusion-text-2\" style=\"transform:translate3d(0,0,0);\"><p>La Conseller\u00eda de Educaci\u00f3n, Cultura y Deporte\u00a0 establece que acabado el curso escolar, el equipo directivo evaluar\u00e1 la implementaci\u00f3n de las actuaciones realizadas, la evoluci\u00f3n de los casos de absentismo escolar e incorporar\u00e1 los resultados a la memoria de final de curso. Esta informaci\u00f3n, por su relevancia, se trasladar\u00e1 al Consejo Escolar Municipal por sede electr\u00f3nica,\u00a0<strong><em>del 1 de junio al 15 de julio de 2024, inclusive<\/em><\/strong>.<\/p>\n<p>El enlace para acceder a la sede es el siguiente:\u00a0<strong><a href=\"https:\/\/sede.valencia.es\/sede\/registro\/procedimiento\/ED.AB.75\" target=\"_blank\" rel=\"noopener\">https:\/\/sede.valencia.es\/sede\/registro\/procedimiento\/ED.AB.75<\/a><\/strong><\/p>\n<p>Hay que cumplimnetar el formulario al iniciar el tr\u00e1mite y adjuntar el\u00a0<span style=\"color: #0000ff;\"><a style=\"color: #0000ff;\" href=\"https:\/\/educacio-valencia.es\/wp-content\/uploads\/2022\/06\/Document-06.-Informe_assistencia_alumnat_al_centre.pdf\" target=\"_blank\" rel=\"noopener\"><strong>Documento 6. \u00abInforme de la asistencia<\/strong>\u00a0<strong>del alumnado al centro educativo\u00bb.<\/strong><\/a><\/span><\/p>\n<p>Desde el PAEM, les invitamos a responder a este cuestionario, con la intenci\u00f3n de recoger informaci\u00f3n de primera mano de todos los agentes con los que se relaciona el programa. Su opini\u00f3n es muy importante para todas las personas que formamos el equipo, por lo que si desea hacernos llegar alguna propuesta o sugerencia que nos pueda ayudar a seguir mejorando, lo puede reflejar en la parte final.<\/p>\n<p>Muchas gracias, valoramos sinceramente su colaboraci\u00f3n.<\/p>\n<p><span style=\"color: #0000ff;\"><a style=\"color: #0000ff;\" href=\"https:\/\/forms.gle\/3iLgj3edJZaU9Cxx9\" target=\"_blank\" rel=\"noopener\"><strong>Encuesta de valoraci\u00f3n del PAEM para Centros Educativos<\/strong><strong>.<\/strong><\/a><\/span><\/p>\n<div class=\"fusion-text fusion-text-9\">\n<p><span style=\"color: #0000ff;\"><a style=\"color: #0000ff;\" href=\"https:\/\/forms.gle\/UqK7EmDsDZ9nM8rJ9\" target=\"_blank\" rel=\"noopener\"><strong>Encuesta de valoraci\u00f3n del PAEM\u00a0 para Entitades.<\/strong><\/a><\/span><\/p>\n<p><a href=\"https:\/\/forms.gle\/hPJDUzLh399XJZb77\" target=\"_blank\" rel=\"noopener\"><span style=\"color: #0000ff;\"><strong>Encuesta de valoraci\u00f3n del PAEM para\u00a0 familias.<\/strong><\/span><\/a><\/p>\n<\/div>\n<\/div><div class=\"fusion-separator fusion-full-width-sep\" style=\"align-self: center;margin-left: auto;margin-right: auto;width:100%;\"><div class=\"fusion-separator-border sep-double\" style=\"border-color:#e0dede;border-top-width:1px;border-bottom-width:1px;\"><\/div><\/div><\/div><\/div><style type=\"text\/css\">.fusion-body .fusion-builder-column-1{width:66.666666666667% !important;margin-top : 0px;margin-bottom : 20px;}.fusion-builder-column-1 > .fusion-column-wrapper {padding-top : 0px !important;padding-right : 0px !important;margin-right : 2.88%;padding-bottom : 0px !important;padding-left : 0px !important;margin-left : 2.88%;}@media only screen and (max-width:1024px) {.fusion-body .fusion-builder-column-1{width:100% !important;order : 0;}.fusion-builder-column-1 > .fusion-column-wrapper {margin-right : 1.92%;margin-left : 1.92%;}}@media only screen and (max-width:640px) {.fusion-body .fusion-builder-column-1{width:100% !important;order : 0;}.fusion-builder-column-1 > .fusion-column-wrapper {margin-right : 1.92%;margin-left : 1.92%;}}<\/style><\/div><style type=\"text\/css\">.fusion-body .fusion-flex-container.fusion-builder-row-1{ padding-top : 0px;margin-top : 0px;padding-right : 0px;padding-bottom : 0px;margin-bottom : 0px;padding-left : 0px;}<\/style><\/div>\n","protected":false},"excerpt":{"rendered":"","protected":false},"author":15,"featured_media":0,"parent":0,"menu_order":0,"comment_status":"closed","ping_status":"closed","template":"","meta":[],"_links":{"self":[{"href":"https:\/\/educacio-valencia.es\/es\/wp-json\/wp\/v2\/pages\/37946"}],"collection":[{"href":"https:\/\/educacio-valencia.es\/es\/wp-json\/wp\/v2\/pages"}],"about":[{"href":"https:\/\/educacio-valencia.es\/es\/wp-json\/wp\/v2\/types\/page"}],"author":[{"embeddable":true,"href":"https:\/\/educacio-valencia.es\/es\/wp-json\/wp\/v2\/users\/15"}],"replies":[{"embeddable":true,"href":"https:\/\/educacio-valencia.es\/es\/wp-json\/wp\/v2\/comments?post=37946"}],"version-history":[{"count":7,"href":"https:\/\/educacio-valencia.es\/es\/wp-json\/wp\/v2\/pages\/37946\/revisions"}],"predecessor-version":[{"id":40247,"href":"https:\/\/educacio-valencia.es\/es\/wp-json\/wp\/v2\/pages\/37946\/revisions\/40247"}],"wp:attachment":[{"href":"https:\/\/educacio-valencia.es\/es\/wp-json\/wp\/v2\/media?parent=37946"}],"curies":[{"name":"wp","href":"https:\/\/api.w.org\/{rel}","templated":true}]}}