{"id":37942,"date":"2021-10-05T11:08:44","date_gmt":"2021-10-05T09:08:44","guid":{"rendered":"https:\/\/educacio-valencia.es\/paem-beta-6\/"},"modified":"2023-10-05T13:17:18","modified_gmt":"2023-10-05T11:17:18","slug":"paem-beta-6","status":"publish","type":"page","link":"https:\/\/educacio-valencia.es\/es\/paem-beta-6\/","title":{"rendered":"Niveles de intervnci\u00f3n PAEM"},"content":{"rendered":"<div class=\"fusion-fullwidth fullwidth-box fusion-builder-row-1 fusion-flex-container nonhundred-percent-fullwidth non-hundred-percent-height-scrolling\" style=\"background-color: rgba(255,255,255,0);background-position: center center;background-repeat: no-repeat;border-width: 0px 0px 0px 0px;border-color:#eae9e9;border-style:solid;\" ><div class=\"fusion-builder-row fusion-row fusion-flex-align-items-flex-start\" style=\"max-width:5083.52px;margin-left: calc(-4% \/ 2 );margin-right: calc(-4% \/ 2 );\"><div class=\"fusion-layout-column fusion_builder_column fusion-builder-column-0 fusion_builder_column_1_3 1_3 fusion-flex-column\"><div class=\"fusion-column-wrapper fusion-flex-justify-content-flex-start fusion-content-layout-column\" style=\"background-position:left top;background-repeat:no-repeat;-webkit-background-size:cover;-moz-background-size:cover;-o-background-size:cover;background-size:cover;padding: 0px 0px 0px 0px;\"><div class=\"fusion-text fusion-text-1\" style=\"transform:translate3d(0,0,0);\"><hr \/>\n<h2 class=\"fusion-responsive-typography-calculated\" data-fontsize=\"18\" data-lineheight=\"27px\"><strong>Niveles de intervenci\u00f3n<\/strong><\/h2>\n<\/div><\/div><\/div><style type=\"text\/css\">.fusion-body .fusion-builder-column-0{width:33.333333333333% !important;margin-top : 0px;margin-bottom : 20px;}.fusion-builder-column-0 > .fusion-column-wrapper {padding-top : 0px !important;padding-right : 0px !important;margin-right : 5.76%;padding-bottom : 0px !important;padding-left : 0px !important;margin-left : 5.76%;}@media only screen and (max-width:1024px) {.fusion-body .fusion-builder-column-0{width:100% !important;order : 0;}.fusion-builder-column-0 > .fusion-column-wrapper {margin-right : 1.92%;margin-left : 1.92%;}}@media only screen and (max-width:640px) {.fusion-body .fusion-builder-column-0{width:100% !important;order : 0;}.fusion-builder-column-0 > .fusion-column-wrapper {margin-right : 1.92%;margin-left : 1.92%;}}<\/style><div class=\"fusion-layout-column fusion_builder_column fusion-builder-column-1 fusion_builder_column_2_3 2_3 fusion-flex-column\"><div class=\"fusion-column-wrapper fusion-flex-justify-content-flex-start fusion-content-layout-column\" style=\"background-position:left top;background-repeat:no-repeat;-webkit-background-size:cover;-moz-background-size:cover;-o-background-size:cover;background-size:cover;padding: 0px 0px 0px 0px;\"><div class=\"fusion-text fusion-text-2\" style=\"transform:translate3d(0,0,0);\"><p class=\"p1\"><span class=\"s1\"><strong>FASE I:<\/strong>\u00a0Actuaciones preventivas.<\/span><\/p>\n<p class=\"p1\"><span class=\"s1\"><strong>FASE II:<\/strong>\u00a0Intervenciones desde el centro educativo y desde\u00a0 el Ayuntamiento.<\/span><\/p>\n<p class=\"p1\"><span class=\"s1\"><strong>FASE II :\u00a0<\/strong>Evaluaci\u00f3n y mejora<\/span><\/p>\n<p class=\"p1\"><strong><span class=\"s1\">ZONAS<\/span><\/strong><\/p>\n<p class=\"p1\"><span class=\"s1\">La ciudad de Valencia se divide en dos grandes \u00e1reas A y B, con sus correspondientes equipos de trabajo. El equipo profesional de cada \u00e1rea se distribuir\u00e1 por zonas con el objetivo de aproximarse a la realidad de cada barrio. Como ubicaci\u00f3n f\u00edsica el PAEM utilizar\u00e1 los Centros Municipales de Juventud existentes.<\/span><\/p>\n<p class=\"p1\"><strong><span class=\"s1\">\u00c1rea A:<\/span><\/strong><\/p>\n<ul>\n<li class=\"p1\"><span class=\"s1\">Zona 1 (Centro de Juventud Campanar \u2013 C\/ Vall de la Ballestera 66, CP 46015. Mail: campanar@paemvalencia.es . Tel.: 633836120 &#8211; 622955932).\u00a0<\/span><\/li>\n<li class=\"p1\"><span class=\"s1\">Zona 2 (Centro de Juventud Russafa \u2013 C\/ Puerto Rico 42, baix CP 46006. Mail: russafa@paemvalencia.es . Tel.: 633277963- 633314736).<\/span><\/li>\n<li class=\"p1\"><span class=\"s1\">Zona 3 (Centro de Juventud\u00a0 Patraix \u2013 C\/ Salabert 13, 4a planta CP 46018. Mail: patraix@paemvalencia.es . Tel.: 633854362 &#8211; 619762455).<\/span><\/li>\n<\/ul>\n<p class=\"p1\"><strong><span class=\"s1\">\u00c1rea B:<\/span><\/strong><\/p>\n<ul>\n<li class=\"p1\"><span class=\"s1\">Zona 4 (Centro de Juventud\u00a0 Orriols \u2013 C\/ Santiago Russinyol 3ac, CP 46019. Mail: orriols@paemvalencia.es . Tel.: 722248792 &#8211; 622955932).<\/span><\/li>\n<li class=\"p1\"><span class=\"s1\">Zona 5 (Centro de Juventud Algir\u00f3s \u2013\u00a0 C\/ Campoamor 91, CP 46022. Mail: algiros@paemvalencia.es . Tel.: 613167908- 633876951).<\/span><\/li>\n<li class=\"p1\"><span class=\"s1\">Zona 6 (Centro de Juventud Grau-Port \u2013 C\/Algemes\u00ed 3, CP 46024. Mail: grauport@paemvalencia.es . Tel.: 633838656 &#8211; 623270876).<\/span><\/li>\n<\/ul>\n<\/div><div class=\"fusion-separator fusion-full-width-sep\" style=\"align-self: center;margin-left: auto;margin-right: auto;width:100%;\"><div class=\"fusion-separator-border sep-double\" style=\"border-color:#e0dede;border-top-width:1px;border-bottom-width:1px;\"><\/div><\/div><\/div><\/div><style type=\"text\/css\">.fusion-body .fusion-builder-column-1{width:66.666666666667% !important;margin-top : 0px;margin-bottom : 20px;}.fusion-builder-column-1 > .fusion-column-wrapper {padding-top : 0px !important;padding-right : 0px !important;margin-right : 2.88%;padding-bottom : 0px !important;padding-left : 0px !important;margin-left : 2.88%;}@media only screen and (max-width:1024px) {.fusion-body .fusion-builder-column-1{width:100% !important;order : 0;}.fusion-builder-column-1 > .fusion-column-wrapper {margin-right : 1.92%;margin-left : 1.92%;}}@media only screen and (max-width:640px) {.fusion-body .fusion-builder-column-1{width:100% !important;order : 0;}.fusion-builder-column-1 > .fusion-column-wrapper {margin-right : 1.92%;margin-left : 1.92%;}}<\/style><\/div><style type=\"text\/css\">.fusion-body .fusion-flex-container.fusion-builder-row-1{ padding-top : 0px;margin-top : 0px;padding-right : 0px;padding-bottom : 0px;margin-bottom : 0px;padding-left : 0px;}<\/style><\/div>\n","protected":false},"excerpt":{"rendered":"","protected":false},"author":15,"featured_media":0,"parent":0,"menu_order":0,"comment_status":"closed","ping_status":"closed","template":"","meta":[],"_links":{"self":[{"href":"https:\/\/educacio-valencia.es\/es\/wp-json\/wp\/v2\/pages\/37942"}],"collection":[{"href":"https:\/\/educacio-valencia.es\/es\/wp-json\/wp\/v2\/pages"}],"about":[{"href":"https:\/\/educacio-valencia.es\/es\/wp-json\/wp\/v2\/types\/page"}],"author":[{"embeddable":true,"href":"https:\/\/educacio-valencia.es\/es\/wp-json\/wp\/v2\/users\/15"}],"replies":[{"embeddable":true,"href":"https:\/\/educacio-valencia.es\/es\/wp-json\/wp\/v2\/comments?post=37942"}],"version-history":[{"count":1,"href":"https:\/\/educacio-valencia.es\/es\/wp-json\/wp\/v2\/pages\/37942\/revisions"}],"predecessor-version":[{"id":37944,"href":"https:\/\/educacio-valencia.es\/es\/wp-json\/wp\/v2\/pages\/37942\/revisions\/37944"}],"wp:attachment":[{"href":"https:\/\/educacio-valencia.es\/es\/wp-json\/wp\/v2\/media?parent=37942"}],"curies":[{"name":"wp","href":"https:\/\/api.w.org\/{rel}","templated":true}]}}