{"id":37921,"date":"2021-10-05T11:08:44","date_gmt":"2021-10-05T09:08:44","guid":{"rendered":"https:\/\/educacio-valencia.es\/paem-beta-3\/"},"modified":"2024-01-15T09:08:34","modified_gmt":"2024-01-15T08:08:34","slug":"paem-beta-3","status":"publish","type":"page","link":"https:\/\/educacio-valencia.es\/es\/paem-beta-3\/","title":{"rendered":"&#8211; Comunicaci\u00f3n casos alumnado absentista"},"content":{"rendered":"<div class=\"fusion-fullwidth fullwidth-box fusion-builder-row-1 fusion-flex-container nonhundred-percent-fullwidth non-hundred-percent-height-scrolling\" style=\"background-color: rgba(255,255,255,0);background-position: center center;background-repeat: no-repeat;border-width: 0px 0px 0px 0px;border-color:#eae9e9;border-style:solid;\" ><div class=\"fusion-builder-row fusion-row fusion-flex-align-items-flex-start\" style=\"max-width:5083.52px;margin-left: calc(-4% \/ 2 );margin-right: calc(-4% \/ 2 );\"><div class=\"fusion-layout-column fusion_builder_column fusion-builder-column-0 fusion_builder_column_1_3 1_3 fusion-flex-column\"><div class=\"fusion-column-wrapper fusion-flex-justify-content-flex-start fusion-content-layout-column\" style=\"background-position:left top;background-repeat:no-repeat;-webkit-background-size:cover;-moz-background-size:cover;-o-background-size:cover;background-size:cover;padding: 0px 0px 0px 0px;\"><div class=\"fusion-text fusion-text-1\" style=\"transform:translate3d(0,0,0);\"><hr \/>\n<h2 class=\"fusion-responsive-typography-calculated\" data-fontsize=\"18\" data-lineheight=\"27px\">Comunicaci\u00f3n \/ derivaci\u00f3n de alumnado absentista o desescolarizado al PAEM<\/h2>\n<\/div><\/div><\/div><style type=\"text\/css\">.fusion-body .fusion-builder-column-0{width:33.333333333333% !important;margin-top : 0px;margin-bottom : 20px;}.fusion-builder-column-0 > .fusion-column-wrapper {padding-top : 0px !important;padding-right : 0px !important;margin-right : 5.76%;padding-bottom : 0px !important;padding-left : 0px !important;margin-left : 5.76%;}@media only screen and (max-width:1024px) {.fusion-body .fusion-builder-column-0{width:100% !important;order : 0;}.fusion-builder-column-0 > .fusion-column-wrapper {margin-right : 1.92%;margin-left : 1.92%;}}@media only screen and (max-width:640px) {.fusion-body .fusion-builder-column-0{width:100% !important;order : 0;}.fusion-builder-column-0 > .fusion-column-wrapper {margin-right : 1.92%;margin-left : 1.92%;}}<\/style><div class=\"fusion-layout-column fusion_builder_column fusion-builder-column-1 fusion_builder_column_2_3 2_3 fusion-flex-column\"><div class=\"fusion-column-wrapper fusion-flex-justify-content-flex-start fusion-content-layout-column\" style=\"background-position:left top;background-repeat:no-repeat;-webkit-background-size:cover;-moz-background-size:cover;-o-background-size:cover;background-size:cover;padding: 0px 0px 0px 0px;\"><div class=\"fusion-text fusion-text-2\" style=\"transform:translate3d(0,0,0);\"><div class=\"fusion-text fusion-text-6\">\n<h2 class=\"fusion-responsive-typography-calculated\" data-fontsize=\"24\" data-lineheight=\"36px\"><strong>Procedimiento para comunicar \/derivar a alumnado al PAEM<\/strong><\/h2>\n<p>Los centros educativos\u00a0 <strong>presentar\u00e1n por\u00a0<\/strong>Registro de entrada en\u00a0<strong>sede electr\u00f3nica del Ayuntamiento la COMUNICACI\u00d3N AL CONSEJO ESCOLAR MUNICIPAL\u00a0 de las situaciones de absentismo grave o cr\u00f3nico<\/strong>. \u2013<a href=\"https:\/\/youtu.be\/ynOI1bi7g3s\" target=\"_blank\" rel=\"noopener\"><span style=\"color: #0000ff;\"><strong>V<\/strong><strong>\u00eddeo tutorial Derivaci\u00f3n alumnado al PAEM Sede electr\u00f3nica-<\/strong><\/span><\/a><\/p>\n<p>Para ello, en primer lugar, tendr\u00e1n que contactar con el Equipo T\u00e9cnico de Zona que le corresponde en funci\u00f3n de la ubicaci\u00f3n del centro educativo al cual acude, en mayor o menor media,\u00a0 el \/ la menor absentista\u00a0 o en el caso de menor desescolarizado\/a, en funci\u00f3n del lugar donde vive. (Consultar la relaci\u00f3n de equipos t\u00e9cnicos de zona y la forma de contacto en el\u00a0<span style=\"color: #0000ff;\"><a style=\"color: #0000ff;\" href=\"https:\/\/educacio-valencia.es\/wp-content\/uploads\/2023\/09\/Doc-10-Relacio-Centres-educatius-ETZ-2023-2024.pdf\" target=\"_blank\" rel=\"noopener\"><strong>D<\/strong><strong>ocumento 10.\u00a0\u00a0<\/strong><strong>Relaci\u00f3n de equipos t\u00e9cnicos de zona y correspondencia de los centros educativos de la ciudad).<\/strong><\/a><\/span><\/p>\n<p>La COMUNICACI\u00d6N se podr\u00e1 realizar:<\/p>\n<ul>\n<li><strong>En Educaci\u00f3n Primaria una vez iniciado el curso, a partir de la segunda quincena del mes de septiembre hasta<\/strong>\u00a0<strong>el 31 de mayo<\/strong>.<\/li>\n<li><strong>En Educaci\u00f3n Secundaria Obligatoria, a partir del mes de octubre hasta<\/strong>\u00a0<strong>el 31 de mayo<\/strong>.<\/li>\n<\/ul>\n<p>Una vez realizado el contacto con el equipo t\u00e9cnico de zona:<\/p>\n<h3 class=\"fusion-responsive-typography-calculated\" data-fontsize=\"16\" data-lineheight=\"24px\"><strong>I.- Centros educativos<\/strong><\/h3>\n<p>Los centros educativos presentar\u00e1n la solicitud, cumplimentando el formulario \u00a0de tr\u00e1mite.\u00a0Para realizar\u00a0 el tr\u00e1mite en sede electr\u00f3nica, es necesaria la utilizaci\u00f3n de firma electr\u00f3nica reconocida basada en un certificado reconocido de cargo o representaci\u00f3n, por lo que es imprescindible disponer:<\/p>\n<ul>\n<li>como persona f\u00edsica:\u00a0<span style=\"color: #0000ff;\"><strong><a style=\"color: #0000ff;\" href=\"https:\/\/www.sede.fnmt.gob.es\/certificados\/persona-fisica\/obtener-certificado-software\" target=\"_blank\" rel=\"noopener\">Certificado electr\u00f3nico<\/a>,<\/strong>\u00a0<strong><a style=\"color: #0000ff;\" href=\"https:\/\/firmaelectronica.gob.es\/Home\/Ciudadanos\/DNI-Electronico.html\" target=\"_blank\" rel=\"noopener\">DNI electr\u00f3nico<\/a><\/strong><\/span>\u00a0o<span style=\"color: #0000ff;\">\u00a0<strong><a style=\"color: #0000ff;\" href=\"https:\/\/www.agenciatributaria.es\/AEAT.internet\/Inicio\/Ayuda\/_comp_Consultas_informaticas\/Categorias\/Firma_digital__certificado_o_DNIe__y_sistema_Cl_ve_PIN\/Ayuda_tecnica___Cl_ve_PIN\/_Obtencion_de_Cl_ve_PIN_\/_Obtencion_de_Cl_ve_PIN_.shtml#:~:text=Para%20obtener%20el%20c%C3%B3digo%20PIN,las%20oficinas%20de%20registro%20habilitadas.#:~:text=Para%20obtener%20el%20c%C3%B3digo%20PIN%20que%20permite%20la,a%20una%20de%20las%20oficinas%20de%20registro%20habilitadas.\" target=\"_blank\" rel=\"noopener\">Clave PIN<\/a><\/strong>.<\/span><\/li>\n<\/ul>\n<p>o<\/p>\n<ul>\n<li>como representante de persona jur\u00eddica:\u00a0<span style=\"color: #0000ff;\"><strong><a style=\"color: #0000ff;\" href=\"https:\/\/www.accv.es\/menus\/certificados-empresas\/\" target=\"_blank\" rel=\"noopener\">Certificado de representaci\u00f3n de entidad<\/a><\/strong><\/span><\/li>\n<\/ul>\n<p>Se deber\u00e1\u00a0 aportar la documentaci\u00f3n necesaria para la gesti\u00f3n administrativa del tr\u00e1mite, la cual se compone de los siguientes documentos:<\/p>\n<h4 class=\"fusion-responsive-typography-calculated\" data-fontsize=\"14\" data-lineheight=\"21px\"><strong>Para alumnado absentista de centros educativos p\u00fablicos, concertados o conveniados:<\/strong><\/h4>\n<ul>\n<li><a href=\"https:\/\/educacio-valencia.es\/wp-content\/uploads\/2022\/05\/Document-2.-Compromis_familia_tutor_a.pdf\" target=\"_blank\" rel=\"noopener\"><strong>Documento 2. Compromiso familia- <span style=\"color: #0000ff;\">tutor\u00eda.<\/span>\u00a0<\/strong><\/a><strong>Desde la firma de los acuerdos hasta la presentaci\u00f3n de la comunicaci\u00f3n al Consejo escolar en el Ayuntamiento tendr\u00e1 que haber pasado al menos un mes, con el fin de dar la oportunidad a todos los agentes intervinientes de que cumplan los acuerdos firmados.<\/strong><\/li>\n<li><a href=\"https:\/\/educacio-valencia.es\/doc-04-fitxa-comunicacio-absentisme-escolar-2023\/\" target=\"_blank\" rel=\"noopener\"><span style=\"color: #0000ff;\"><strong>Documento 4. Ficha de comunicaci\u00f3n de absentismo <span style=\"color: #0000ff;\">escolar.<\/span><\/strong><\/span><\/a><\/li>\n<li><strong><span style=\"color: #0000ff;\">Anexo III. Listado de alumnado con absentismo catalogado<\/span>\u00a0<\/strong>(Informe mensual\u00a0 del alumnado del centro que presenta una situaci\u00f3n de absentismo,\u00a0<strong>, desde el inicio del curso hasta el d\u00eda de la presentaci\u00f3n de la solicitud<\/strong>\u00a0-El equipo directivo del centro educativo lo obtiene\u00a0 de \u2019ITACA-)<\/li>\n<\/ul>\n<h4 class=\"fusion-responsive-typography-calculated\" data-fontsize=\"14\" data-lineheight=\"21px\"><strong>Para alumnado absentista de centros educativos privados o concertados\/conveniados:<\/strong><\/h4>\n<ul>\n<li><span style=\"color: #0000ff;\"><a style=\"color: #0000ff;\" href=\"https:\/\/educacio-valencia.es\/wp-content\/uploads\/2022\/05\/Document-2.-Compromis_familia_tutor_a.pdf\" target=\"_blank\" rel=\"noopener\"><strong>Documento 2. Compromiso familia- tutor\u00eda\u00a0<\/strong><\/a>o documento an\u00e1logo,<\/span>\u00a0<strong>d<\/strong><strong>esde la firma de los acuerdos hasta la presentaci\u00f3n de la comunicaci\u00f3n al Consejo escolar en el Ayuntamiento tendr\u00e1 que haber pasado al menos un mes, con el fin de dar la oportunidad a todos los agentes intervinientes de que cumplan los acuerdos firmados.<\/strong><\/li>\n<li><span style=\"color: #0000ff;\"><a href=\"https:\/\/educacio-valencia.es\/doc-04-fitxa-comunicacio-absentisme-escolar-2023\/\" target=\"_blank\" rel=\"noopener\"><strong>Documento 4. Ficha de comunicaci\u00f3n de absentismo escolar<\/strong><\/a><a style=\"color: #0000ff;\" href=\"https:\/\/educacio-valencia.es\/wp-content\/uploads\/2021\/10\/Document-4.-Fitxa_comunicacio_absentisme_escolar.pdf\" target=\"_blank\" rel=\"noopener\"><strong>,\u00a0<\/strong>o documento an\u00e1logo<\/a><\/span><\/li>\n<li><a href=\"https:\/\/educacio-valencia.es\/wp-content\/uploads\/2022\/06\/Document-39.-Annex-III-Llistat-d-absentisme-catalogat-.pdf\" target=\"_blank\" rel=\"noopener\"><strong><span style=\"color: #0000ff;\">Documento 39. Anexo III Listado de alumnado con absentismo catalogado<\/span>\u00a0<\/strong><\/a>(Informe mensual\u00a0 del alumnado del centro que presenta una situaci\u00f3n de absentismo,<strong>desde el inicio del curs hasta el d\u00eda de la presentaci\u00f3n de la solicitud)<\/strong><\/li>\n<\/ul>\n<h3 class=\"fusion-responsive-typography-calculated\" data-fontsize=\"16\" data-lineheight=\"24px\"><strong>II.- Entidades Socioeducativas\u00a0<\/strong><\/h3>\n<p>Las Entidades Socioeducativas\u00a0 contactar\u00e1n telef\u00f3nicamente con la Oficina de escolarizaci\u00f3n ( 962082133) para comunicar el caso de menor desescolarizado\/a y se les guiar\u00e1 en el proceso para la gesti\u00f3n de la\u00a0 escolarizaci\u00f3n de dicho\/a menor.<\/p>\n<h4 class=\"fusion-responsive-typography-calculated\" data-fontsize=\"14\" data-lineheight=\"21px\"><\/h4>\n<\/div>\n<div class=\"fusion-text fusion-text-7\">\n<h2 class=\"fusion-responsive-typography-calculated\" data-fontsize=\"24\" data-lineheight=\"36px\"><strong>ENLACES\u00a0 A SEDE ELECTR\u00d3NICA:<\/strong><\/h2>\n<h3 class=\"fusion-responsive-typography-calculated\" data-fontsize=\"16\" data-lineheight=\"24px\"><strong>Comunicaci\u00f3n \/ derivaci\u00f3n\u00a0 de alumnado absentista de primaria o secundaria al PAEM -Programa de absentismo escolar municipal-, para CENTROS EDUCATIVOS:\u00a0<\/strong>C\u00f3digo de procedimiento: ED.AB.60<\/h3>\n<p>Castellano:\u00a0<span style=\"color: #0000ff;\"><a style=\"color: #0000ff;\" href=\"https:\/\/sede.valencia.es\/sede\/registro\/procedimiento\/ED.AB.60?lang=1\" target=\"_blank\" rel=\"noopener\"><strong>https:\/\/sede.valencia.es\/sede\/registro\/procedimiento\/ED.AB.60?lang=1<\/strong><\/a><\/span><\/p>\n<p>Valenciano:\u00a0<span style=\"color: #0000ff;\"><a style=\"color: #0000ff;\" href=\"https:\/\/sede.valencia.es\/sede\/registro\/procedimiento\/ED.AB.60?lang=2\" target=\"_blank\" rel=\"noopener\"><strong>https:\/\/sede.valencia.es\/sede\/registro\/procedimiento\/ED.AB.60?lang=2<\/strong><\/a><\/span><\/p>\n<\/div>\n<\/div><div class=\"fusion-separator fusion-full-width-sep\" style=\"align-self: center;margin-left: auto;margin-right: auto;width:100%;\"><div class=\"fusion-separator-border sep-double\" style=\"border-color:#e0dede;border-top-width:1px;border-bottom-width:1px;\"><\/div><\/div><\/div><\/div><style type=\"text\/css\">.fusion-body .fusion-builder-column-1{width:66.666666666667% !important;margin-top : 0px;margin-bottom : 20px;}.fusion-builder-column-1 > .fusion-column-wrapper {padding-top : 0px !important;padding-right : 0px !important;margin-right : 2.88%;padding-bottom : 0px !important;padding-left : 0px !important;margin-left : 2.88%;}@media only screen and (max-width:1024px) {.fusion-body .fusion-builder-column-1{width:100% !important;order : 0;}.fusion-builder-column-1 > .fusion-column-wrapper {margin-right : 1.92%;margin-left : 1.92%;}}@media only screen and (max-width:640px) {.fusion-body .fusion-builder-column-1{width:100% !important;order : 0;}.fusion-builder-column-1 > .fusion-column-wrapper {margin-right : 1.92%;margin-left : 1.92%;}}<\/style><\/div><style type=\"text\/css\">.fusion-body .fusion-flex-container.fusion-builder-row-1{ padding-top : 0px;margin-top : 0px;padding-right : 0px;padding-bottom : 0px;margin-bottom : 0px;padding-left : 0px;}<\/style><\/div>\n","protected":false},"excerpt":{"rendered":"","protected":false},"author":15,"featured_media":0,"parent":0,"menu_order":0,"comment_status":"closed","ping_status":"closed","template":"","meta":[],"_links":{"self":[{"href":"https:\/\/educacio-valencia.es\/es\/wp-json\/wp\/v2\/pages\/37921"}],"collection":[{"href":"https:\/\/educacio-valencia.es\/es\/wp-json\/wp\/v2\/pages"}],"about":[{"href":"https:\/\/educacio-valencia.es\/es\/wp-json\/wp\/v2\/types\/page"}],"author":[{"embeddable":true,"href":"https:\/\/educacio-valencia.es\/es\/wp-json\/wp\/v2\/users\/15"}],"replies":[{"embeddable":true,"href":"https:\/\/educacio-valencia.es\/es\/wp-json\/wp\/v2\/comments?post=37921"}],"version-history":[{"count":9,"href":"https:\/\/educacio-valencia.es\/es\/wp-json\/wp\/v2\/pages\/37921\/revisions"}],"predecessor-version":[{"id":39302,"href":"https:\/\/educacio-valencia.es\/es\/wp-json\/wp\/v2\/pages\/37921\/revisions\/39302"}],"wp:attachment":[{"href":"https:\/\/educacio-valencia.es\/es\/wp-json\/wp\/v2\/media?parent=37921"}],"curies":[{"name":"wp","href":"https:\/\/api.w.org\/{rel}","templated":true}]}}