{"id":338,"date":"2017-07-27T09:04:50","date_gmt":"2017-07-27T09:04:50","guid":{"rendered":"http:\/\/educacio-valencia.es\/?page_id=338"},"modified":"2023-12-14T10:18:34","modified_gmt":"2023-12-14T09:18:34","slug":"curso-20172018","status":"publish","type":"page","link":"https:\/\/educacio-valencia.es\/es\/curso-20172018\/","title":{"rendered":"Curso 2017\/2018"},"content":{"rendered":"<p><div class=\"fusion-fullwidth fullwidth-box fusion-builder-row-1 bloqueSeccion nonhundred-percent-fullwidth non-hundred-percent-height-scrolling\" style=\"background-color: rgba(255,255,255,0);background-position: center center;background-repeat: no-repeat;padding-top:10px;padding-right:0px;padding-bottom:0px;padding-left:0px;margin-bottom: 0px;margin-top: 0px;border-width: 0px 0px 0px 0px;border-color:#000000;border-style:solid;\" ><div class=\"fusion-builder-row fusion-row\"><div class=\"fusion-layout-column fusion_builder_column fusion-builder-column-0 fusion_builder_column_2_5 2_5 fusion-two-fifth fusion-column-first\" style=\"width:40%;width:calc(40% - ( ( 4% ) * 0.4 ) );margin-right: 4%;margin-top:0px;margin-bottom:20px;\"><div class=\"fusion-column-wrapper fusion-flex-column-wrapper-legacy\" style=\"background-position:left top;background-repeat:no-repeat;-webkit-background-size:cover;-moz-background-size:cover;-o-background-size:cover;background-size:cover;padding: 0px 0px 0px 0px;\"><style type=\"text\/css\"><\/style><div class=\"fusion-title title fusion-title-1 fusion-sep-none fusion-title-text fusion-title-size-two\" style=\"margin-top:0px;margin-bottom:10px;\"><h2 class=\"title-heading-left\" style=\"margin:0;\"><strong>Escolarizaci\u00f3n curso 2017\/2018<\/strong><\/h2><\/div><div class=\"fusion-clearfix\"><\/div><\/div><\/div><div class=\"fusion-layout-column fusion_builder_column fusion-builder-column-1 fusion_builder_column_3_5 3_5 fusion-three-fifth fusion-column-last marginCero\" style=\"width:60%;width:calc(60% - ( ( 4% ) * 0.6 ) );margin-top:0px;margin-bottom:20px;\"><div class=\"fusion-column-wrapper fusion-flex-column-wrapper-legacy\" style=\"background-position:left top;background-repeat:no-repeat;-webkit-background-size:cover;-moz-background-size:cover;-o-background-size:cover;background-size:cover;padding: 0px 0px 0px 0px;\"><div class=\"fusion-text fusion-text-1\" style=\"transform:translate3d(0,0,0);\"><p>La ense\u00f1anza b\u00e1sica es obligatoria y gratuita. Comprende la Educaci\u00f3n Primaria y la Educaci\u00f3n Secundaria Obligatoria y abarca diez a\u00f1os de escolaridad, de los seis a los diecis\u00e9is, teniendo derecho el alumnado a permanecer cursando dichas ense\u00f1anzas hasta los dieciocho a\u00f1os. Cada curso escolar, mediante Resoluci\u00f3n de la Direcci\u00f3n Territorial de Educaci\u00f3n, Investigaci\u00f3n, Cultura y Deporte de Valencia publicada en el D.O.C.V, se determina el calendario y el procedimiento de admisi\u00f3n del alumnado en centros docentes no universitarios sostenidos con fondos p\u00fablicos.<\/p>\n<\/div><div class=\"fusion-clearfix\"><\/div><\/div><\/div><\/div><\/div><div class=\"fusion-fullwidth fullwidth-box fusion-builder-row-2 bloqueSeccion nonhundred-percent-fullwidth non-hundred-percent-height-scrolling\" style=\"background-color: rgba(255,255,255,0);background-position: center center;background-repeat: no-repeat;padding-top:10px;padding-right:0px;padding-bottom:0px;padding-left:0px;margin-bottom: 0px;margin-top: 0px;border-width: 0px 0px 0px 0px;border-color:#000000;border-style:solid;\" ><div class=\"fusion-builder-row fusion-row\"><div class=\"fusion-layout-column fusion_builder_column fusion-builder-column-2 fusion_builder_column_2_5 2_5 fusion-two-fifth fusion-column-first\" style=\"width:40%;width:calc(40% - ( ( 4% ) * 0.4 ) );margin-right: 4%;margin-top:0px;margin-bottom:20px;\"><div class=\"fusion-column-wrapper fusion-flex-column-wrapper-legacy\" style=\"background-position:left top;background-repeat:no-repeat;-webkit-background-size:cover;-moz-background-size:cover;-o-background-size:cover;background-size:cover;padding: 0px 0px 0px 0px;\"><style type=\"text\/css\"><\/style><div class=\"fusion-title title fusion-title-2 fusion-sep-none fusion-title-text fusion-title-size-two\" style=\"margin-top:0px;margin-bottom:10px;\"><h2 class=\"title-heading-left\" style=\"margin:0;\"><strong>Plazos<\/strong><\/h2><\/div><div class=\"fusion-clearfix\"><\/div><\/div><\/div><div class=\"fusion-layout-column fusion_builder_column fusion-builder-column-3 fusion_builder_column_3_5 3_5 fusion-three-fifth fusion-column-last marginCero\" style=\"width:60%;width:calc(60% - ( ( 4% ) * 0.6 ) );margin-top:0px;margin-bottom:20px;\"><div class=\"fusion-column-wrapper fusion-flex-column-wrapper-legacy\" style=\"background-position:left top;background-repeat:no-repeat;-webkit-background-size:cover;-moz-background-size:cover;-o-background-size:cover;background-size:cover;padding: 0px 0px 0px 0px;\"><div class=\"fusion-text fusion-text-2\" style=\"transform:translate3d(0,0,0);\"><p><strong>El per\u00edodo ordinario de solicitud de plaza escolar<\/strong> en educaci\u00f3n primaria, educaci\u00f3n secundaria obligatoria y segundo ciclo de educaci\u00f3n infantil se desarrolla directamente en los centros en el periodo que marca la Resoluci\u00f3n citada anteriormente.<\/p>\n<p>Finalizado este proceso las solicitudes deben presentarse en los centros coordinadores de cada zona hasta la fecha establecida cada curso. Todos los centros de la ciudad deben informar del centro coordinador de su zona, y de la fecha hasta la que escolarizan.<\/p>\n<p>Durante el mes de julio y hasta el primer d\u00eda lectivo de cada curso escolar la matr\u00edcula en los niveles de Educaci\u00f3n Infantil, segundo ciclo, y de Educaci\u00f3n Primaria se realizar\u00e1 directamente en el centro con vacantes elegido por los padres, de acuerdo con la zonificaci\u00f3n escolar aprobada cada curso. Para consultar las vacantes de estos niveles pueden dirigirse a cualquier centro de la ciudad, excepto el mes de agosto que los centros permanecer\u00e1n cerrados.<\/p>\n<p>A partir de esa fecha, salvo excepciones si las hubiese, la adjudicaci\u00f3n de puesto escolar en los niveles educativos citados pasa a la Oficina Municipal de Escolarizaci\u00f3n del Ayuntamiento, una vez que la Administraci\u00f3n educativa competente pasa los datos actualizados de escolarizaci\u00f3n informatizados.<\/p>\n<p>La escolarizaci\u00f3n de la Educaci\u00f3n Secundaria Obligatoria (E.S.O.) pasa al Ayuntamiento a partir de octubre.<\/p>\n<p>Oficina Municipal de Escolarizaci\u00f3n, calle Amadeo de Saboya, 11 y 13, Horario de atenci\u00f3n de 8.30 a 13.30 horas de lunes a viernes, excepto los d\u00edas festivos.<\/p>\n<\/div><div class=\"fusion-clearfix\"><\/div><\/div><\/div><\/div><\/div><div class=\"fusion-fullwidth fullwidth-box fusion-builder-row-3 bloqueSeccion nonhundred-percent-fullwidth non-hundred-percent-height-scrolling\" style=\"background-color: rgba(255,255,255,0);background-position: center center;background-repeat: no-repeat;padding-top:10px;padding-right:0px;padding-bottom:0px;padding-left:0px;margin-bottom: 0px;margin-top: 0px;border-width: 0px 0px 0px 0px;border-color:#000000;border-style:solid;\" ><div class=\"fusion-builder-row fusion-row\"><div class=\"fusion-layout-column fusion_builder_column fusion-builder-column-4 fusion_builder_column_2_5 2_5 fusion-two-fifth fusion-column-first\" style=\"width:40%;width:calc(40% - ( ( 4% ) * 0.4 ) );margin-right: 4%;margin-top:0px;margin-bottom:0px;\"><div class=\"fusion-column-wrapper fusion-flex-column-wrapper-legacy\" style=\"background-position:left top;background-repeat:no-repeat;-webkit-background-size:cover;-moz-background-size:cover;-o-background-size:cover;background-size:cover;padding: 0px 0px 0px 0px;\"><style type=\"text\/css\"><\/style><div class=\"fusion-title title fusion-title-3 fusion-sep-none fusion-title-text fusion-title-size-two\" style=\"margin-top:0px;margin-bottom:10px;\"><h2 class=\"title-heading-left\" style=\"margin:0;\"><strong>Legislaci\u00f3n<\/strong><\/h2><\/div><div class=\"fusion-clearfix\"><\/div><\/div><\/div><div class=\"fusion-layout-column fusion_builder_column fusion-builder-column-5 fusion_builder_column_3_5 3_5 fusion-three-fifth fusion-column-last marginCero\" style=\"width:60%;width:calc(60% - ( ( 4% ) * 0.6 ) );margin-top:0px;margin-bottom:20px;\"><div class=\"fusion-column-wrapper fusion-flex-column-wrapper-legacy\" style=\"background-position:left top;background-repeat:no-repeat;-webkit-background-size:cover;-moz-background-size:cover;-o-background-size:cover;background-size:cover;padding: 0px 0px 0px 0px;\"><style type=\"text\/css\">.fusion-accordian  #accordion-338-1 .panel-title a .fa-fusion-box{ color: #ffffff;}.fusion-accordian  #accordion-338-1 .panel-title a .fa-fusion-box:before{ font-size: 13px; width: 13px;}.fusion-accordian  #accordion-338-1 .panel-title a{font-size:14px;}.fusion-accordian  #accordion-338-1 .fa-fusion-box { background-color: #333333;border-color: #333333;}.fusion-accordian  #accordion-338-1 .panel-title a:hover, #accordion-338-1 .fusion-toggle-boxed-mode:hover .panel-title a { color: #f8f8f8;}.fusion-accordian  #accordion-338-1 .panel-title .active .fa-fusion-box,.fusion-accordian  #accordion-338-1 .panel-title a:hover .fa-fusion-box { background-color: #f8f8f8!important;border-color: #f8f8f8!important;}<\/style><div class=\"accordian fusion-accordian desplegableSeccion\"><div class=\"panel-group\" id=\"accordion-338-1\" role=\"tablist\"><div class=\"fusion-panel panel-default fusion-toggle-no-divider\" role=\"tabpanel\"><div class=\"panel-heading\"><h4 class=\"panel-title toggle\"><a aria-expanded=\"false\" aria-selected=\"false\" aria-controls=\"bf69a464e260cb660\" role=\"tab\" data-toggle=\"collapse\" data-parent=\"#accordion-338-1\" data-target=\"#bf69a464e260cb660\" href=\"#bf69a464e260cb660\"><span class=\"fusion-toggle-icon-wrapper\" aria-hidden=\"true\"><i class=\"fa-fusion-box\" aria-hidden=\"true\"><\/i><\/span><span class=\"fusion-toggle-heading\"><\/span><\/a><\/h4><\/div><div id=\"bf69a464e260cb660\" class=\"panel-collapse collapse \"><div class=\"panel-body toggle-content fusion-clearfix\"><a href=\"http:\/\/educacio-valencia.es\/wp-content\/uploads\/2017\/07\/decreto-40-2016-escol-de-15-4-16.pdf\" target=\"_blank\" rel=\"noopener\">DECRETO 40\/2016, de 15 de abril, del Consell, por el que se regula la admisi\u00f3n en los centros docentes p\u00fablicos y privados concertados que imparten ense\u00f1anzas de Educaci\u00f3n Infantil, Educaci\u00f3n Primaria, Educaci\u00f3n Secundaria Obligatoria y Bachillerato.<\/a><\/p>\n<p><a href=\"http:\/\/educacio-valencia.es\/wp-content\/uploads\/2017\/07\/ORDEN-7-2016-escol-de-19-4-16.pdf\" target=\"_blank\" rel=\"noopener\">ORDEN 7\/2016, de 19 de abril, de la Conselleria de Educaci\u00f3n, Investigaci\u00f3n, Cultura y Deporte, por la que se regula el procedimiento de admisi\u00f3n del alumnado en los centros docentes sostenidos con fondos p\u00fablicos de la Comunitat Valenciana que imparten ense\u00f1anzas de Educaci\u00f3n Infantil, Educaci\u00f3n Primaria, Educaci\u00f3n Secundaria Obligatoria y Bachillerato.<br \/>\n<\/a><a href=\"http:\/\/educacio-valencia.es\/wp-content\/uploads\/2017\/07\/RESOLUCION-de-29-de-marzo-de-2017-DT.pdf\" target=\"_blank\" rel=\"noopener\"><br \/>\nRESOLUCI\u00d3N de 29 de marzo de 2017, del director territorial de Educaci\u00f3n, Investigaci\u00f3n, Cultura y Deporte de Valencia, por la que se establecen el calendario y el procedimiento de admisi\u00f3n del alumnado a las ense\u00f1anzas de Educaci\u00f3n Infantil, Primaria, Educaci\u00f3n Secundaria Obligatoria y Bachillerato en centros p\u00fablicos y centros privados concertados, no universitarios, para el curso 2017-2018, en el \u00e1mbito competencial de la provincia de Valencia. [2017\/2664].<\/a><\/p>\n<p><a href=\"http:\/\/educacio-valencia.es\/wp-content\/uploads\/2017\/07\/Correcci\u00f3n-errores-RESOLUC-29-MARZO-2017.pdf\" target=\"_blank\" rel=\"noopener\">Correcci\u00f3n de errores de la Resoluci\u00f3n de 29 de marzo de 2017 (Pdf 1289 kb).<\/a><\/p>\n<p><a href=\"http:\/\/educacio-valencia.es\/wp-content\/uploads\/2017\/07\/resolucion-28-3-14.pdf\" target=\"_blank\" rel=\"noopener\">RESOLUCI\u00d3N de 28 de marzo de 2014, del director general de Centros y Personal Docente por la que se dictan instrucciones en relaci\u00f3n con la escolarizaci\u00f3n del alumnado cuyos padres no conviven por motivos de separaci\u00f3n, divorcio o situaci\u00f3n an\u00e1loga.<\/a><\/div><\/div><\/div><\/div><\/div><div class=\"fusion-clearfix\"><\/div><\/div><\/div><\/div><\/div><div class=\"fusion-fullwidth fullwidth-box fusion-builder-row-4 bloqueSeccion nonhundred-percent-fullwidth non-hundred-percent-height-scrolling\" style=\"background-color: rgba(255,255,255,0);background-position: center center;background-repeat: no-repeat;padding-top:10px;padding-right:0px;padding-bottom:0px;padding-left:0px;margin-bottom: 0px;margin-top: 0px;border-width: 0px 0px 0px 0px;border-color:#000000;border-style:solid;\" ><div class=\"fusion-builder-row fusion-row\"><div class=\"fusion-layout-column fusion_builder_column fusion-builder-column-6 fusion_builder_column_2_5 2_5 fusion-two-fifth fusion-column-first\" style=\"width:40%;width:calc(40% - ( ( 4% ) * 0.4 ) );margin-right: 4%;margin-top:0px;margin-bottom:0px;\"><div class=\"fusion-column-wrapper fusion-flex-column-wrapper-legacy\" style=\"background-position:left top;background-repeat:no-repeat;-webkit-background-size:cover;-moz-background-size:cover;-o-background-size:cover;background-size:cover;padding: 0px 0px 0px 0px;\"><style type=\"text\/css\"><\/style><div class=\"fusion-title title fusion-title-4 fusion-sep-none fusion-title-text fusion-title-size-two\" style=\"margin-top:0px;margin-bottom:10px;\"><h2 class=\"title-heading-left\" style=\"margin:0;\"><strong>Zonificaci\u00f3n<\/strong><\/h2><\/div><div class=\"fusion-clearfix\"><\/div><\/div><\/div><div class=\"fusion-layout-column fusion_builder_column fusion-builder-column-7 fusion_builder_column_3_5 3_5 fusion-three-fifth fusion-column-last marginCero\" style=\"width:60%;width:calc(60% - ( ( 4% ) * 0.6 ) );margin-top:0px;margin-bottom:20px;\"><div class=\"fusion-column-wrapper fusion-flex-column-wrapper-legacy\" style=\"background-position:left top;background-repeat:no-repeat;-webkit-background-size:cover;-moz-background-size:cover;-o-background-size:cover;background-size:cover;padding: 0px 0px 0px 0px;\"><style type=\"text\/css\">.fusion-accordian  #accordion-338-2 .panel-title a .fa-fusion-box{ color: #ffffff;}.fusion-accordian  #accordion-338-2 .panel-title a .fa-fusion-box:before{ font-size: 13px; width: 13px;}.fusion-accordian  #accordion-338-2 .panel-title a{font-size:14px;}.fusion-accordian  #accordion-338-2 .fa-fusion-box { background-color: #333333;border-color: #333333;}.fusion-accordian  #accordion-338-2 .panel-title a:hover, #accordion-338-2 .fusion-toggle-boxed-mode:hover .panel-title a { color: #f8f8f8;}.fusion-accordian  #accordion-338-2 .panel-title .active .fa-fusion-box,.fusion-accordian  #accordion-338-2 .panel-title a:hover .fa-fusion-box { background-color: #f8f8f8!important;border-color: #f8f8f8!important;}<\/style><div class=\"accordian fusion-accordian desplegableSeccion\"><div class=\"panel-group\" id=\"accordion-338-2\" role=\"tablist\"><div class=\"fusion-panel panel-default fusion-toggle-no-divider\" role=\"tabpanel\"><div class=\"panel-heading\"><h4 class=\"panel-title toggle\"><a aria-expanded=\"false\" aria-selected=\"false\" aria-controls=\"0b19a27c4f910118a\" role=\"tab\" data-toggle=\"collapse\" data-parent=\"#accordion-338-2\" data-target=\"#0b19a27c4f910118a\" href=\"#0b19a27c4f910118a\"><span class=\"fusion-toggle-icon-wrapper\" aria-hidden=\"true\"><i class=\"fa-fusion-box\" aria-hidden=\"true\"><\/i><\/span><span class=\"fusion-toggle-heading\"><\/span><\/a><\/h4><\/div><div id=\"0b19a27c4f910118a\" class=\"panel-collapse collapse \"><div class=\"panel-body toggle-content fusion-clearfix\">\n<p><a href=\"http:\/\/educacio-valencia.es\/wp-content\/uploads\/2017\/07\/ZONIFICACI\u00d3-ESCOLAR-2017.pdf\" target=\"_blank\" rel=\"noopener\">Zonificaci\u00f3n \u00e1reas de influencia Centros (Portal GVA)<\/a><\/p>\n<p><a href=\"http:\/\/educacio-valencia.es\/wp-content\/uploads\/2017\/07\/RESOLUCION-de-29-de-marzo-de-2017-DT-1.pdf\" target=\"_blank\" rel=\"noopener\">Resoluci\u00f3n de 29 de marzo de 2017 DT<\/a><\/p>\n<\/div><\/div><\/div><\/div><\/div><div class=\"fusion-clearfix\"><\/div><\/div><\/div><\/div><\/div><div class=\"fusion-fullwidth fullwidth-box fusion-builder-row-5 bloqueSeccion nonhundred-percent-fullwidth non-hundred-percent-height-scrolling\" style=\"background-color: rgba(255,255,255,0);background-position: center center;background-repeat: no-repeat;padding-top:10px;padding-right:0px;padding-bottom:0px;padding-left:0px;margin-bottom: 0px;margin-top: 0px;border-width: 0px 0px 0px 0px;border-color:#000000;border-style:solid;\" ><div class=\"fusion-builder-row fusion-row\"><div class=\"fusion-layout-column fusion_builder_column fusion-builder-column-8 fusion_builder_column_2_5 2_5 fusion-two-fifth fusion-column-first\" style=\"width:40%;width:calc(40% - ( ( 4% ) * 0.4 ) );margin-right: 4%;margin-top:0px;margin-bottom:20px;\"><div class=\"fusion-column-wrapper fusion-flex-column-wrapper-legacy\" style=\"background-position:left top;background-repeat:no-repeat;-webkit-background-size:cover;-moz-background-size:cover;-o-background-size:cover;background-size:cover;padding: 0px 0px 0px 0px;\"><style type=\"text\/css\"><\/style><div class=\"fusion-title title fusion-title-5 fusion-sep-none fusion-title-text fusion-title-size-two\" style=\"margin-top:0px;margin-bottom:10px;\"><h2 class=\"title-heading-left\" style=\"margin:0;\"><strong>Calendario escolar<\/strong><\/h2><\/div><div class=\"fusion-clearfix\"><\/div><\/div><\/div><div class=\"fusion-layout-column fusion_builder_column fusion-builder-column-9 fusion_builder_column_3_5 3_5 fusion-three-fifth fusion-column-last marginCero\" style=\"width:60%;width:calc(60% - ( ( 4% ) * 0.6 ) );margin-top:0px;margin-bottom:20px;\"><div class=\"fusion-column-wrapper fusion-flex-column-wrapper-legacy\" style=\"background-position:left top;background-repeat:no-repeat;-webkit-background-size:cover;-moz-background-size:cover;-o-background-size:cover;background-size:cover;padding: 0px 0px 0px 0px;\"><div class=\"fusion-text fusion-text-3\" style=\"transform:translate3d(0,0,0);\"><p><strong>FECHAS DE INICIO Y FINALIZACI\u00d3N DEL CURSO POR ETAPAS EDUCATIVAS:<\/strong><\/p>\n<p><strong>Educaci\u00f3n Infantil y Primaria:<\/strong><br \/>\nInicio: 11 de septiembre de 2017<br \/>\nFinalizaci\u00f3n: 22 de junio de 2018<\/p>\n<p><strong>Educaci\u00f3n Secundaria Obligatoria, Bachiller y Formaci\u00f3n Profesional:<\/strong><br \/>\nInicio: 11 de septiembre de 2017<br \/>\nFinalizaci\u00f3n: 20 de junio de 2018<\/p>\n<p><strong>Formaci\u00f3n Profesional B\u00e1sica (segunda oportunidad):<\/strong><br \/>\nInicio: 14 de septiembre de 2017<br \/>\nFinalizaci\u00f3n: 25 de junio de 2018<\/p>\n<p><strong>EXCEPCIONALMENTE LOS PROGRAMAS FORMATIVOS DE CUALIFICACI\u00d3N B\u00c1SICA:<\/strong><br \/>\nInicio: 21 de septiembre de 2017<br \/>\nFinalizaci\u00f3n: 18 de junio de 2018<\/p>\n<p><strong>Formaci\u00f3n de Personas Adultas:<\/strong><br \/>\nInicio: 18 de septiembre de 2017<br \/>\nFinalizaci\u00f3n: 15 de junio de 2018<\/p>\n<p><strong>Ense\u00f1anzas Deportivas Regladas y Art\u00edsticas:<\/strong><br \/>\nInicio: 18 de septiembre de 2017<br \/>\nFinalizaci\u00f3n: 13 de junio de 2018<\/p>\n<p><strong>Ense\u00f1anza de Idiomas:<\/strong><br \/>\nInicio: 2 de octubre de 2017<br \/>\nFinalizaci\u00f3n: 27 de junio de 2018<\/p>\n<p><strong>VACACIONES DE NAVIDAD Y PASCUA, PARA TODAS LAS ETAPAS EDUCATIVAS:<\/strong><\/p>\n<p>Navidad: del 23 de diciembre de 2017 al 7 de enero de 2018, ambos inclusive<br \/>\nPascua: del 29 de marzo al 9 de abril de 2018, ambos inclusive<\/p>\n<p><strong>RESTO DE D\u00cdAS FESTIVOS Y NO LECTIVOS PARA TODAS LAS ETAPAS EDUCATIVAS POR MESES:<\/strong><\/p>\n<p><strong>OCTUBRE:<\/strong><br \/>\n9 DE OCTUBRE: D\u00eda de la Comunidad Valenciana.<br \/>\n12 DE OCTUBRE: D\u00eda de la Hispanidad<\/p>\n<p><strong>NOVIEMBRE:<\/strong><br \/>\n1 DE NOVIEMBRE: Fiesta de Todos los Santos<\/p>\n<p><strong>DICIEMBRE:<\/strong><br \/>\n6 DE DICIEMBRE: D\u00eda de la Constituci\u00f3n<br \/>\n8 DE DICIEMBRE: D\u00eda de la Inmaculada Concepci\u00f3n<\/p>\n<p><b>ENERO:<\/b><\/p>\n<p>22 DE ENERO: San Vicente M\u00e1rtir, patr\u00f3n de la ciudad de Val\u00e8ncia<\/p>\n<p><em>RESOLUCI\u00d3N de 21 de diciembre de 2017, del conseller de Econom\u00eda Sostenible, Sectores Productivos, Comercio y Trabajo, por la que se aprueba el calendario de fiestas locales, retribuidas y no recuperables, en el \u00e1mbito de la Comunitat Valenciana para el a\u00f1o 2018<\/em><\/p>\n<p><strong>MARZO:<\/strong><br \/>\n19 DE MARZO: San Jos\u00e9.<\/p>\n<p><strong>MAYO:<\/strong><br \/>\n1 DE MAYO: Fiesta del trabajo<\/p>\n<p><strong>FESTIVOS LOCALES A EFECTOS ESCOLARES:<\/strong><br \/>\n7 DE DICIEMBRE DE 2017<br \/>\n15 y 16 DE MARZO DE 2018<\/p>\n<\/div><div class=\"fusion-clearfix\"><\/div><\/div><\/div><\/div><\/div><div class=\"fusion-fullwidth fullwidth-box fusion-builder-row-6 bloqueSeccion nonhundred-percent-fullwidth non-hundred-percent-height-scrolling\" style=\"background-color: rgba(255,255,255,0);background-position: center center;background-repeat: no-repeat;padding-top:10px;padding-right:0px;padding-bottom:0px;padding-left:0px;margin-bottom: 0px;margin-top: 0px;border-width: 0px 0px 0px 0px;border-color:#000000;border-style:solid;\" ><div class=\"fusion-builder-row fusion-row\"><div class=\"fusion-layout-column fusion_builder_column fusion-builder-column-10 fusion_builder_column_2_5 2_5 fusion-two-fifth fusion-column-first\" style=\"width:40%;width:calc(40% - ( ( 4% ) * 0.4 ) );margin-right: 4%;margin-top:0px;margin-bottom:20px;\"><div class=\"fusion-column-wrapper fusion-flex-column-wrapper-legacy\" style=\"background-position:left top;background-repeat:no-repeat;-webkit-background-size:cover;-moz-background-size:cover;-o-background-size:cover;background-size:cover;padding: 0px 0px 0px 0px;\"><style type=\"text\/css\"><\/style><div class=\"fusion-title title fusion-title-6 fusion-sep-none fusion-title-text fusion-title-size-two\" style=\"margin-top:0px;margin-bottom:10px;\"><h2 class=\"title-heading-left\" style=\"margin:0;\"><strong>M\u00e1s informaci\u00f3n<\/strong><\/h2><\/div><div class=\"fusion-clearfix\"><\/div><\/div><\/div><div class=\"fusion-layout-column fusion_builder_column fusion-builder-column-11 fusion_builder_column_3_5 3_5 fusion-three-fifth fusion-column-last marginCero\" style=\"width:60%;width:calc(60% - ( ( 4% ) * 0.6 ) );margin-top:0px;margin-bottom:20px;\"><div class=\"fusion-column-wrapper fusion-flex-column-wrapper-legacy\" style=\"background-position:left top;background-repeat:no-repeat;-webkit-background-size:cover;-moz-background-size:cover;-o-background-size:cover;background-size:cover;padding: 0px 0px 0px 0px;\"><div class=\"fusion-text fusion-text-4\" style=\"transform:translate3d(0,0,0);\"><p><a href=\"http:\/\/www.ceice.gva.es\/web\/educacion\" target=\"_blank\" rel=\"noopener\">Conselleria de Educaci\u00f3n, Investigaci\u00f3n, Cultura y Deporte<\/a><\/p>\n<\/div><div class=\"fusion-clearfix\"><\/div><\/div><\/div><\/div><\/div><\/p>\n","protected":false},"excerpt":{"rendered":"","protected":false},"author":5,"featured_media":0,"parent":0,"menu_order":0,"comment_status":"closed","ping_status":"closed","template":"","meta":[],"_links":{"self":[{"href":"https:\/\/educacio-valencia.es\/es\/wp-json\/wp\/v2\/pages\/338"}],"collection":[{"href":"https:\/\/educacio-valencia.es\/es\/wp-json\/wp\/v2\/pages"}],"about":[{"href":"https:\/\/educacio-valencia.es\/es\/wp-json\/wp\/v2\/types\/page"}],"author":[{"embeddable":true,"href":"https:\/\/educacio-valencia.es\/es\/wp-json\/wp\/v2\/users\/5"}],"replies":[{"embeddable":true,"href":"https:\/\/educacio-valencia.es\/es\/wp-json\/wp\/v2\/comments?post=338"}],"version-history":[{"count":33,"href":"https:\/\/educacio-valencia.es\/es\/wp-json\/wp\/v2\/pages\/338\/revisions"}],"predecessor-version":[{"id":39076,"href":"https:\/\/educacio-valencia.es\/es\/wp-json\/wp\/v2\/pages\/338\/revisions\/39076"}],"wp:attachment":[{"href":"https:\/\/educacio-valencia.es\/es\/wp-json\/wp\/v2\/media?parent=338"}],"curies":[{"name":"wp","href":"https:\/\/api.w.org\/{rel}","templated":true}]}}