{"id":33671,"date":"2022-09-09T12:37:20","date_gmt":"2022-09-09T10:37:20","guid":{"rendered":"https:\/\/educacio-valencia.es\/absentismo-2\/"},"modified":"2022-09-09T12:37:20","modified_gmt":"2022-09-09T10:37:20","slug":"absentismo-2","status":"publish","type":"page","link":"https:\/\/educacio-valencia.es\/es\/absentismo-2\/","title":{"rendered":"Absentismo"},"content":{"rendered":"<p><div class=\"fusion-fullwidth fullwidth-box fusion-builder-row-1 bloqueSeccion nonhundred-percent-fullwidth non-hundred-percent-height-scrolling\" style=\"background-color: rgba(255,255,255,0);background-position: center center;background-repeat: no-repeat;padding-top:0px;padding-right:0px;padding-bottom:0px;padding-left:0px;margin-bottom: 0px;margin-top: 0px;border-width: 0px 0px 0px 0px;border-color:#000000;border-style:solid;\" ><div class=\"fusion-builder-row fusion-row\"><div class=\"fusion-layout-column fusion_builder_column fusion-builder-column-0 fusion_builder_column_2_5 2_5 fusion-two-fifth fusion-column-first\" style=\"width:40%;width:calc(40% - ( ( 4% ) * 0.4 ) );margin-right: 4%;margin-top:0px;margin-bottom:20px;\"><div class=\"fusion-column-wrapper fusion-flex-column-wrapper-legacy\" style=\"background-position:left top;background-repeat:no-repeat;-webkit-background-size:cover;-moz-background-size:cover;-o-background-size:cover;background-size:cover;padding: 0px 0px 0px 0px;\"><style type=\"text\/css\"><\/style><div class=\"fusion-title title fusion-title-1 fusion-sep-none fusion-title-text fusion-title-size-two\" style=\"margin-top:0px;margin-bottom:10px;\"><h2 class=\"title-heading-left\" style=\"margin:0;\">Contacto Absentismo escolar<\/h2><\/div><div class=\"fusion-clearfix\"><\/div><\/div><\/div><div class=\"fusion-layout-column fusion_builder_column fusion-builder-column-1 fusion_builder_column_3_5 3_5 fusion-three-fifth fusion-column-last\" style=\"width:60%;width:calc(60% - ( ( 4% ) * 0.6 ) );margin-top:0px;margin-bottom:20px;\"><div class=\"fusion-column-wrapper fusion-flex-column-wrapper-legacy\" style=\"background-position:left top;background-repeat:no-repeat;-webkit-background-size:cover;-moz-background-size:cover;-o-background-size:cover;background-size:cover;padding: 0px 0px 0px 0px;\"><div class=\"fusion-text fusion-text-1\" style=\"transform:translate3d(0,0,0);\"><p>Si tienes cualquier duda respecto al PAEM (Programa de Absentismo Escolar Municipal) o cualquier inquietud, sugerencia&#8230; relativo al absentismo escolar no dudes en contactarnos.<\/p>\n<p><strong>Contacto Telef\u00f3nico<\/strong>: <a href=\"tel:+34962082133\" target=\"_blank\" rel=\"noopener\">962 082 133<\/a> \u2013 <a href=\"tel:+34962082123\" target=\"_blank\" rel=\"noopener\">962 082 123<\/a> \u2013 <a href=\"tel:+34962082111\" target=\"_blank\" rel=\"noopener\">962 082 111<\/a> \u2013 <a href=\"tel:+34962082147\" target=\"_blank\" rel=\"noopener\">962 082 147<\/a><\/p>\n<p><strong>E-mail<\/strong>: <a href=\"mailto:secabsentismo@valencia.es\">secabsentismo@valencia.es<\/a><\/p>\n<p><strong>Ubicaci\u00f3n<\/strong>: <a href=\"https:\/\/www.google.com\/maps\/place\/Carrer+d'Amadeu+de+Savoia,+11,+13,+46010+Val%C3%A8ncia\/data=!4m2!3m1!1s0xd6048bb68de2825:0xa91ba57928057f7e?sa=X&amp;ved=2ahUKEwj6gObPsYf6AhUmif0HHaT5BxUQ8gF6BAgYEAE\" target=\"_blank\" rel=\"noopener\">Edificio Tabacalera . Calle de Amadeo de Savoya, 11\u201013. 46010 Val\u00e8ncia<\/a><\/p>\n<\/div><div class=\"fusion-clearfix\"><\/div><\/div><\/div><\/div><\/div><div class=\"fusion-fullwidth fullwidth-box fusion-builder-row-2 fusion-flex-container nonhundred-percent-fullwidth non-hundred-percent-height-scrolling\" style=\"background-color: rgba(255,255,255,0);background-position: center center;background-repeat: no-repeat;border-width: 0px 0px 0px 0px;border-color:#eae9e9;border-style:solid;\" ><div class=\"fusion-builder-row fusion-row fusion-flex-align-items-flex-start\" style=\"max-width:5083.52px;margin-left: calc(-4% \/ 2 );margin-right: calc(-4% \/ 2 );\"><div class=\"fusion-layout-column fusion_builder_column fusion-builder-column-2 fusion_builder_column_1_1 1_1 fusion-flex-column\"><div class=\"fusion-column-wrapper fusion-flex-justify-content-flex-start fusion-content-layout-column\" style=\"background-position:left top;background-repeat:no-repeat;-webkit-background-size:cover;-moz-background-size:cover;-o-background-size:cover;background-size:cover;padding: 0px 0px 0px 0px;\"><\/br><\/div><\/div><style type=\"text\/css\">.fusion-body .fusion-builder-column-2{width:100% !important;margin-top : 0px;margin-bottom : 20px;}.fusion-builder-column-2 > .fusion-column-wrapper {padding-top : 0px !important;padding-right : 0px !important;margin-right : 1.92%;padding-bottom : 0px !important;padding-left : 0px !important;margin-left : 1.92%;}@media only screen and (max-width:1024px) {.fusion-body .fusion-builder-column-2{width:100% !important;order : 0;}.fusion-builder-column-2 > .fusion-column-wrapper {margin-right : 1.92%;margin-left : 1.92%;}}@media only screen and (max-width:640px) {.fusion-body .fusion-builder-column-2{width:100% !important;order : 0;}.fusion-builder-column-2 > .fusion-column-wrapper {margin-right : 1.92%;margin-left : 1.92%;}}<\/style><\/div><style type=\"text\/css\">.fusion-body .fusion-flex-container.fusion-builder-row-2{ padding-top : 0px;margin-top : 0px;padding-right : 0px;padding-bottom : 0px;margin-bottom : 0px;padding-left : 0px;}<\/style><\/div><div class=\"fusion-fullwidth fullwidth-box fusion-builder-row-3 fusion-flex-container nonhundred-percent-fullwidth non-hundred-percent-height-scrolling\" style=\"background-color: rgba(255,255,255,0);background-position: center center;background-repeat: no-repeat;border-width: 0px 0px 0px 0px;border-color:#eae9e9;border-style:solid;\" ><div class=\"fusion-builder-row fusion-row fusion-flex-align-items-flex-start\" style=\"max-width:5083.52px;margin-left: calc(-4% \/ 2 );margin-right: calc(-4% \/ 2 );\"><div class=\"fusion-layout-column fusion_builder_column fusion-builder-column-3 fusion_builder_column_1_3 1_3 fusion-flex-column\"><div class=\"fusion-column-wrapper fusion-flex-justify-content-flex-start fusion-content-layout-column\" style=\"background-position:left top;background-repeat:no-repeat;-webkit-background-size:cover;-moz-background-size:cover;-o-background-size:cover;background-size:cover;padding: 0px 0px 0px 0px;\"><div ><span class=\" fusion-imageframe imageframe-none imageframe-1 hover-type-none\" style=\"border:2px solid #607d8b;\"><img width=\"844\" height=\"547\" title=\"Info 3 waldemar brandt\" src=\"https:\/\/educacio-valencia.es\/wp-content\/uploads\/2022\/09\/Info-3-waldemar-brandt.jpg\" class=\"img-responsive wp-image-33190\" srcset=\"https:\/\/educacio-valencia.es\/wp-content\/uploads\/2022\/09\/Info-3-waldemar-brandt-200x130.jpg 200w, https:\/\/educacio-valencia.es\/wp-content\/uploads\/2022\/09\/Info-3-waldemar-brandt-400x259.jpg 400w, https:\/\/educacio-valencia.es\/wp-content\/uploads\/2022\/09\/Info-3-waldemar-brandt-600x389.jpg 600w, https:\/\/educacio-valencia.es\/wp-content\/uploads\/2022\/09\/Info-3-waldemar-brandt-800x518.jpg 800w, https:\/\/educacio-valencia.es\/wp-content\/uploads\/2022\/09\/Info-3-waldemar-brandt.jpg 844w\" sizes=\"(max-width: 1024px) 100vw, (max-width: 640px) 100vw, 844px\" \/><\/span><\/div><div class=\"fusion-text fusion-text-2\" style=\"transform:translate3d(0,0,0);\"><h3><strong>Informaci\u00f3n general<\/strong><\/h3>\n<p><span style=\"color: #808080;\"><a style=\"color: #808080;\" href=\"https:\/\/educacio-valencia.es\/es\/paem\/\">PAEM<\/a><\/span><\/p>\n<p><span style=\"color: #808080;\"><a style=\"color: #808080;\" href=\"https:\/\/educacio-valencia.es\/es\/paem\/marco-legal\/\">Marco Legal<\/a><\/span><\/p>\n<p><span style=\"color: #808080;\"><a style=\"color: #808080;\" href=\"https:\/\/educacio-valencia.es\/es\/paem\/#objetivos\">Objetivos<\/a><\/span><\/p>\n<p><span style=\"color: #808080;\"><a style=\"color: #808080;\" href=\"https:\/\/educacio-valencia.es\/es\/paem\/#niveles\">Niveles de intervenci\u00f3n<\/a><\/span><\/p>\n<p><span style=\"color: #808080;\"><a style=\"color: #808080;\" href=\"https:\/\/educacio-valencia.es\/videotutorials-dajuda\/\" target=\"_blank\" rel=\"noopener\">Videotutoriales de ayuda<\/a><\/span><\/p>\n<\/div><\/div><\/div><style type=\"text\/css\">.fusion-body .fusion-builder-column-3{width:33.333333333333% !important;margin-top : 0px;margin-bottom : 20px;}.fusion-builder-column-3 > .fusion-column-wrapper {padding-top : 0px !important;padding-right : 0px !important;margin-right : 5.76%;padding-bottom : 0px !important;padding-left : 0px !important;margin-left : 5.76%;}@media only screen and (max-width:1024px) {.fusion-body .fusion-builder-column-3{width:100% !important;order : 0;}.fusion-builder-column-3 > .fusion-column-wrapper {margin-right : 1.92%;margin-left : 1.92%;}}@media only screen and (max-width:640px) {.fusion-body .fusion-builder-column-3{width:100% !important;order : 0;}.fusion-builder-column-3 > .fusion-column-wrapper {margin-right : 1.92%;margin-left : 1.92%;}}<\/style><div class=\"fusion-layout-column fusion_builder_column fusion-builder-column-4 fusion_builder_column_1_3 1_3 fusion-flex-column\"><div class=\"fusion-column-wrapper fusion-flex-justify-content-flex-start fusion-content-layout-column\" style=\"background-position:left top;background-repeat:no-repeat;-webkit-background-size:cover;-moz-background-size:cover;-o-background-size:cover;background-size:cover;padding: 0px 0px 0px 0px;\"><div ><span class=\" fusion-imageframe imageframe-none imageframe-2 hover-type-none\" style=\"border:2px solid #607d8b;\"><img width=\"844\" height=\"547\" title=\"Tramit p\" src=\"https:\/\/educacio-valencia.es\/wp-content\/uploads\/2022\/09\/Tramit-p.jpg\" class=\"img-responsive wp-image-33192\" srcset=\"https:\/\/educacio-valencia.es\/wp-content\/uploads\/2022\/09\/Tramit-p-200x130.jpg 200w, https:\/\/educacio-valencia.es\/wp-content\/uploads\/2022\/09\/Tramit-p-400x259.jpg 400w, https:\/\/educacio-valencia.es\/wp-content\/uploads\/2022\/09\/Tramit-p-600x389.jpg 600w, https:\/\/educacio-valencia.es\/wp-content\/uploads\/2022\/09\/Tramit-p-800x518.jpg 800w, https:\/\/educacio-valencia.es\/wp-content\/uploads\/2022\/09\/Tramit-p.jpg 844w\" sizes=\"(max-width: 1024px) 100vw, (max-width: 640px) 100vw, 844px\" \/><\/span><\/div><div class=\"fusion-text fusion-text-3\" style=\"transform:translate3d(0,0,0);\"><h3><strong>Tramitaci\u00f3n<\/strong><\/h3>\n<p><a href=\"https:\/\/educacio-valencia.es\/es\/paem\/#comunicacion\">Comunicaci\u00f3n \/ derivaci\u00f3n de alumnado absentista o desescolarizado al PAEM<\/a><\/p>\n<p><a href=\"https:\/\/educacio-valencia.es\/es\/paem\/#tasas\">Comunicaci\u00f3n tasas de alumnado absentista al PAEM<\/a><\/p>\n<p><a href=\"https:\/\/educacio-valencia.es\/es\/paem\/#evaluacion\">Evaluaci\u00f3n y propuestas de mejora del PAEM<\/a><\/p>\n<p><a href=\"https:\/\/educacio-valencia.es\/es\/videotutorial-de-ayuda\/\" target=\"_blank\" rel=\"noopener\">Videotutorial: C\u00f3mo hacer la tramitaci\u00f3n en la Sede Electr\u00f3nica<\/a><\/p>\n<\/div><\/div><\/div><style type=\"text\/css\">.fusion-body .fusion-builder-column-4{width:33.333333333333% !important;margin-top : 0px;margin-bottom : 20px;}.fusion-builder-column-4 > .fusion-column-wrapper {padding-top : 0px !important;padding-right : 0px !important;margin-right : 5.76%;padding-bottom : 0px !important;padding-left : 0px !important;margin-left : 5.76%;}@media only screen and (max-width:1024px) {.fusion-body .fusion-builder-column-4{width:100% !important;order : 0;}.fusion-builder-column-4 > .fusion-column-wrapper {margin-right : 1.92%;margin-left : 1.92%;}}@media only screen and (max-width:640px) {.fusion-body .fusion-builder-column-4{width:100% !important;order : 0;}.fusion-builder-column-4 > .fusion-column-wrapper {margin-right : 1.92%;margin-left : 1.92%;}}<\/style><div class=\"fusion-layout-column fusion_builder_column fusion-builder-column-5 fusion_builder_column_1_3 1_3 fusion-flex-column\"><div class=\"fusion-column-wrapper fusion-flex-justify-content-flex-start fusion-content-layout-column\" style=\"background-position:left top;background-repeat:no-repeat;-webkit-background-size:cover;-moz-background-size:cover;-o-background-size:cover;background-size:cover;padding: 0px 0px 0px 0px;\"><div ><span class=\" fusion-imageframe imageframe-none imageframe-3 hover-type-none\" style=\"border:2px solid #607d8b;\"><img width=\"844\" height=\"547\" title=\"Document p\" src=\"https:\/\/educacio-valencia.es\/wp-content\/uploads\/2022\/09\/Document-p.jpg\" class=\"img-responsive wp-image-33194\" srcset=\"https:\/\/educacio-valencia.es\/wp-content\/uploads\/2022\/09\/Document-p-200x130.jpg 200w, https:\/\/educacio-valencia.es\/wp-content\/uploads\/2022\/09\/Document-p-400x259.jpg 400w, https:\/\/educacio-valencia.es\/wp-content\/uploads\/2022\/09\/Document-p-600x389.jpg 600w, https:\/\/educacio-valencia.es\/wp-content\/uploads\/2022\/09\/Document-p-800x518.jpg 800w, https:\/\/educacio-valencia.es\/wp-content\/uploads\/2022\/09\/Document-p.jpg 844w\" sizes=\"(max-width: 1024px) 100vw, (max-width: 640px) 100vw, 844px\" \/><\/span><\/div><div class=\"fusion-text fusion-text-4\" style=\"transform:translate3d(0,0,0);\"><h3>Documentaci\u00f3n PAEM<\/h3>\n<p><span style=\"color: #808080;\"><a style=\"color: #808080;\" href=\"https:\/\/educacio-valencia.es\/es\/paem\/#documentos\">Documentos \/Anexos<\/a><\/span><\/p>\n<p><span style=\"color: #808080;\"><a style=\"color: #808080;\" href=\"https:\/\/educacio-valencia.es\/es\/memorias-2021-2022\/\" target=\"_blank\" rel=\"noopener\">Memorias Curso 2021-2022<\/a><\/span><\/p>\n<\/div><\/div><\/div><style type=\"text\/css\">.fusion-body .fusion-builder-column-5{width:33.333333333333% !important;margin-top : 0px;margin-bottom : 20px;}.fusion-builder-column-5 > .fusion-column-wrapper {padding-top : 0px !important;padding-right : 0px !important;margin-right : 5.76%;padding-bottom : 0px !important;padding-left : 0px !important;margin-left : 5.76%;}@media only screen and (max-width:1024px) {.fusion-body .fusion-builder-column-5{width:100% !important;order : 0;}.fusion-builder-column-5 > .fusion-column-wrapper {margin-right : 1.92%;margin-left : 1.92%;}}@media only screen and (max-width:640px) {.fusion-body .fusion-builder-column-5{width:100% !important;order : 0;}.fusion-builder-column-5 > .fusion-column-wrapper {margin-right : 1.92%;margin-left : 1.92%;}}<\/style><\/div><style type=\"text\/css\">.fusion-body .fusion-flex-container.fusion-builder-row-3{ padding-top : 0px;margin-top : 0px;padding-right : 0px;padding-bottom : 0px;margin-bottom : 0px;padding-left : 0px;}<\/style><\/div><div class=\"fusion-fullwidth fullwidth-box fusion-builder-row-4 fusion-flex-container nonhundred-percent-fullwidth non-hundred-percent-height-scrolling\" style=\"background-color: rgba(255,255,255,0);background-position: center center;background-repeat: no-repeat;border-width: 0px 0px 0px 0px;border-color:#eae9e9;border-style:solid;\" ><div class=\"fusion-builder-row fusion-row fusion-flex-align-items-flex-start\" style=\"max-width:5083.52px;margin-left: calc(-4% \/ 2 );margin-right: calc(-4% \/ 2 );\"><div class=\"fusion-layout-column fusion_builder_column fusion-builder-column-6 fusion_builder_column_1_3 1_3 fusion-flex-column\"><div class=\"fusion-column-wrapper fusion-flex-justify-content-flex-start fusion-content-layout-column\" style=\"background-position:left top;background-repeat:no-repeat;-webkit-background-size:cover;-moz-background-size:cover;-o-background-size:cover;background-size:cover;padding: 0px 0px 0px 0px;\"><div ><span class=\" fusion-imageframe imageframe-none imageframe-4 hover-type-none\" style=\"border:2px solid #607d8b;\"><img width=\"844\" height=\"547\" title=\"Document 2 p\" src=\"https:\/\/educacio-valencia.es\/wp-content\/uploads\/2022\/09\/Document-2-p.jpg\" class=\"img-responsive wp-image-33198\" srcset=\"https:\/\/educacio-valencia.es\/wp-content\/uploads\/2022\/09\/Document-2-p-200x130.jpg 200w, https:\/\/educacio-valencia.es\/wp-content\/uploads\/2022\/09\/Document-2-p-400x259.jpg 400w, https:\/\/educacio-valencia.es\/wp-content\/uploads\/2022\/09\/Document-2-p-600x389.jpg 600w, https:\/\/educacio-valencia.es\/wp-content\/uploads\/2022\/09\/Document-2-p-800x518.jpg 800w, https:\/\/educacio-valencia.es\/wp-content\/uploads\/2022\/09\/Document-2-p.jpg 844w\" sizes=\"(max-width: 1024px) 100vw, (max-width: 640px) 100vw, 844px\" \/><\/span><\/div><div class=\"fusion-text fusion-text-5\" style=\"transform:translate3d(0,0,0);\"><h3><strong>Documentaci\u00f3n asociada<\/strong><\/h3>\n<p><a href=\"https:\/\/educacio-valencia.es\/es\/paem\/#maltrato\">Modelo de actuaci\u00f3n ante situaciones donde se detecta maltrato infantil<\/a><\/p>\n<p><a href=\"https:\/\/educacio-valencia.es\/es\/paem\/#igualdad\">Otros protocolos para la igualdad y la convivencia<\/a><\/p>\n<p><a href=\"https:\/\/educacio-valencia.es\/es\/paem\/#desproteccion\">Hoja de derivaci\u00f3n por posible situaci\u00f3n de desprotecci\u00f3n en el \u00e1mbito sanitario<\/a><\/p>\n<\/div><\/div><\/div><style type=\"text\/css\">.fusion-body .fusion-builder-column-6{width:33.333333333333% !important;margin-top : 0px;margin-bottom : 20px;}.fusion-builder-column-6 > .fusion-column-wrapper {padding-top : 0px !important;padding-right : 0px !important;margin-right : 5.76%;padding-bottom : 0px !important;padding-left : 0px !important;margin-left : 5.76%;}@media only screen and (max-width:1024px) {.fusion-body .fusion-builder-column-6{width:100% !important;order : 0;}.fusion-builder-column-6 > .fusion-column-wrapper {margin-right : 1.92%;margin-left : 1.92%;}}@media only screen and (max-width:640px) {.fusion-body .fusion-builder-column-6{width:100% !important;order : 0;}.fusion-builder-column-6 > .fusion-column-wrapper {margin-right : 1.92%;margin-left : 1.92%;}}<\/style><div class=\"fusion-layout-column fusion_builder_column fusion-builder-column-7 fusion_builder_column_1_3 1_3 fusion-flex-column\"><div class=\"fusion-column-wrapper fusion-flex-justify-content-flex-start fusion-content-layout-column\" style=\"background-position:left top;background-repeat:no-repeat;-webkit-background-size:cover;-moz-background-size:cover;-o-background-size:cover;background-size:cover;padding: 0px 0px 0px 0px;\"><div ><span class=\" fusion-imageframe imageframe-none imageframe-5 hover-type-none\" style=\"border:2px solid #607d8b;\"><img width=\"844\" height=\"547\" title=\"Bones p\" src=\"https:\/\/educacio-valencia.es\/wp-content\/uploads\/2022\/09\/Bones-p.jpg\" class=\"img-responsive wp-image-33200\" srcset=\"https:\/\/educacio-valencia.es\/wp-content\/uploads\/2022\/09\/Bones-p-200x130.jpg 200w, https:\/\/educacio-valencia.es\/wp-content\/uploads\/2022\/09\/Bones-p-400x259.jpg 400w, https:\/\/educacio-valencia.es\/wp-content\/uploads\/2022\/09\/Bones-p-600x389.jpg 600w, https:\/\/educacio-valencia.es\/wp-content\/uploads\/2022\/09\/Bones-p-800x518.jpg 800w, https:\/\/educacio-valencia.es\/wp-content\/uploads\/2022\/09\/Bones-p.jpg 844w\" sizes=\"(max-width: 1024px) 100vw, (max-width: 640px) 100vw, 844px\" \/><\/span><\/div><div class=\"fusion-text fusion-text-6\" style=\"transform:translate3d(0,0,0);\"><h3><a href=\"https:\/\/educacio-valencia.es\/es\/buenas-practicas\/\">Buenas pr\u00e1cticas<\/a><\/h3>\n<\/div><\/div><\/div><style type=\"text\/css\">.fusion-body .fusion-builder-column-7{width:33.333333333333% !important;margin-top : 0px;margin-bottom : 20px;}.fusion-builder-column-7 > .fusion-column-wrapper {padding-top : 0px !important;padding-right : 0px !important;margin-right : 5.76%;padding-bottom : 0px !important;padding-left : 0px !important;margin-left : 5.76%;}@media only screen and (max-width:1024px) {.fusion-body .fusion-builder-column-7{width:100% !important;order : 0;}.fusion-builder-column-7 > .fusion-column-wrapper {margin-right : 1.92%;margin-left : 1.92%;}}@media only screen and (max-width:640px) {.fusion-body .fusion-builder-column-7{width:100% !important;order : 0;}.fusion-builder-column-7 > .fusion-column-wrapper {margin-right : 1.92%;margin-left : 1.92%;}}<\/style><div class=\"fusion-layout-column fusion_builder_column fusion-builder-column-8 fusion_builder_column_1_3 1_3 fusion-flex-column\"><div class=\"fusion-column-wrapper fusion-flex-justify-content-flex-start fusion-content-layout-column\" style=\"background-position:left top;background-repeat:no-repeat;-webkit-background-size:cover;-moz-background-size:cover;-o-background-size:cover;background-size:cover;padding: 0px 0px 0px 0px;\"><div ><span class=\" fusion-imageframe imageframe-none imageframe-6 hover-type-none\" style=\"border:2px solid #607d8b;\"><img width=\"844\" height=\"547\" title=\"Recurs 5 p\" src=\"https:\/\/educacio-valencia.es\/wp-content\/uploads\/2022\/09\/Recurs-5-p.jpg\" class=\"img-responsive wp-image-33202\" srcset=\"https:\/\/educacio-valencia.es\/wp-content\/uploads\/2022\/09\/Recurs-5-p-200x130.jpg 200w, https:\/\/educacio-valencia.es\/wp-content\/uploads\/2022\/09\/Recurs-5-p-400x259.jpg 400w, https:\/\/educacio-valencia.es\/wp-content\/uploads\/2022\/09\/Recurs-5-p-600x389.jpg 600w, https:\/\/educacio-valencia.es\/wp-content\/uploads\/2022\/09\/Recurs-5-p-800x518.jpg 800w, https:\/\/educacio-valencia.es\/wp-content\/uploads\/2022\/09\/Recurs-5-p.jpg 844w\" sizes=\"(max-width: 1024px) 100vw, (max-width: 640px) 100vw, 844px\" \/><\/span><\/div><div class=\"fusion-text fusion-text-7\" style=\"transform:translate3d(0,0,0);\"><h3>Recursos did\u00e1cticos<\/h3>\n<p><a href=\"https:\/\/educacio-valencia.es\/es\/canciones\/\" target=\"_blank\" rel=\"noopener\"><span style=\"color: #999999;\"><strong>Audiovisuales: Canciones<\/strong><\/span><\/a><\/p>\n<p><span style=\"color: #999999;\"><strong><a style=\"color: #999999;\" href=\"https:\/\/educacio-valencia.es\/es\/charlas-ted\/\" target=\"_blank\" rel=\"noopener\">Audiovisuales: Charlas motivacionales<\/a><\/strong><\/span><\/p>\n<p><span style=\"color: #999999;\"><strong><a style=\"color: #999999;\" href=\"https:\/\/educacio-valencia.es\/es\/cortometrajes\/\" target=\"_blank\" rel=\"noopener\">Audiovisuales: Cortometrajes<\/a><\/strong><\/span><\/p>\n<p><span style=\"color: #999999;\"><strong><a style=\"color: #999999;\" href=\"https:\/\/educacio-valencia.es\/es\/largometrajes\/\" target=\"_blank\" rel=\"noopener\">Audiovisuales: Largometrajes<\/a><\/strong><\/span><\/p>\n<p><a href=\"https:\/\/educacio-valencia.es\/es\/dinamicas-de-grupo\/\" target=\"_blank\" rel=\"noopener\"><span style=\"color: #999999;\"><strong>Din\u00e1micas de grupo<\/strong><\/span><\/a><\/p>\n<p><span style=\"color: #999999;\"><strong><a style=\"color: #999999;\" href=\"https:\/\/educacio-valencia.es\/es\/category\/experiencias-km0\/\">Experiencias km 0<\/a><\/strong><\/span><\/p>\n<p><span style=\"color: #999999;\"><strong><a style=\"color: #999999;\" href=\"https:\/\/educacio-valencia.es\/es\/trabajar-con-imagenes\/\" target=\"_blank\" rel=\"noopener\">Im\u00e1genes como recurso did\u00e1ctico<\/a><\/strong><\/span><\/p>\n<p><a href=\"https:\/\/educacio-valencia.es\/es\/recursos-para-familias\/\" target=\"_blank\" rel=\"noopener\"><span style=\"color: #999999;\"><strong>Recursos did\u00e1cticos para familias<\/strong><\/span><\/a><\/p>\n<p><a href=\"https:\/\/educacio-valencia.es\/es\/recursos-on-line-para-la-inclusion-educativa-gva\/\" target=\"_blank\" rel=\"noopener\"><span style=\"color: #999999;\"><strong>Recursos on line para la inclusi\u00f3n educativa (GVA)<\/strong><\/span><\/a><\/p>\n<p><a href=\"https:\/\/educacio-valencia.es\/es\/unidades-didacticas\/\" target=\"_blank\" rel=\"noopener\"><span style=\"color: #999999;\"><strong>Unidades did\u00e1cticas<\/strong><\/span><\/a><\/p>\n<\/div><\/div><\/div><style type=\"text\/css\">.fusion-body .fusion-builder-column-8{width:33.333333333333% !important;margin-top : 0px;margin-bottom : 20px;}.fusion-builder-column-8 > .fusion-column-wrapper {padding-top : 0px !important;padding-right : 0px !important;margin-right : 5.76%;padding-bottom : 0px !important;padding-left : 0px !important;margin-left : 5.76%;}@media only screen and (max-width:1024px) {.fusion-body .fusion-builder-column-8{width:100% !important;order : 0;}.fusion-builder-column-8 > .fusion-column-wrapper {margin-right : 1.92%;margin-left : 1.92%;}}@media only screen and (max-width:640px) {.fusion-body .fusion-builder-column-8{width:100% !important;order : 0;}.fusion-builder-column-8 > .fusion-column-wrapper {margin-right : 1.92%;margin-left : 1.92%;}}<\/style><\/div><style type=\"text\/css\">.fusion-body .fusion-flex-container.fusion-builder-row-4{ padding-top : 0px;margin-top : 0px;padding-right : 0px;padding-bottom : 0px;margin-bottom : 0px;padding-left : 0px;}<\/style><\/div><\/p>\n","protected":false},"excerpt":{"rendered":"","protected":false},"author":13,"featured_media":0,"parent":0,"menu_order":0,"comment_status":"closed","ping_status":"closed","template":"","meta":[],"_links":{"self":[{"href":"https:\/\/educacio-valencia.es\/es\/wp-json\/wp\/v2\/pages\/33671"}],"collection":[{"href":"https:\/\/educacio-valencia.es\/es\/wp-json\/wp\/v2\/pages"}],"about":[{"href":"https:\/\/educacio-valencia.es\/es\/wp-json\/wp\/v2\/types\/page"}],"author":[{"embeddable":true,"href":"https:\/\/educacio-valencia.es\/es\/wp-json\/wp\/v2\/users\/13"}],"replies":[{"embeddable":true,"href":"https:\/\/educacio-valencia.es\/es\/wp-json\/wp\/v2\/comments?post=33671"}],"version-history":[{"count":0,"href":"https:\/\/educacio-valencia.es\/es\/wp-json\/wp\/v2\/pages\/33671\/revisions"}],"wp:attachment":[{"href":"https:\/\/educacio-valencia.es\/es\/wp-json\/wp\/v2\/media?parent=33671"}],"curies":[{"name":"wp","href":"https:\/\/api.w.org\/{rel}","templated":true}]}}