{"id":33080,"date":"2022-09-09T12:37:20","date_gmt":"2022-09-09T10:37:20","guid":{"rendered":"https:\/\/educacio-valencia.es\/?page_id=33080"},"modified":"2024-02-02T13:07:41","modified_gmt":"2024-02-02T12:07:41","slug":"absentismo","status":"publish","type":"page","link":"https:\/\/educacio-valencia.es\/es\/absentismo\/","title":{"rendered":"Absentismo"},"content":{"rendered":"<p><div class=\"fusion-fullwidth fullwidth-box fusion-builder-row-1 fusion-flex-container nonhundred-percent-fullwidth non-hundred-percent-height-scrolling\" style=\"background-color: rgba(255,255,255,0);background-position: center center;background-repeat: no-repeat;border-width: 0px 0px 0px 0px;border-color:#eae9e9;border-style:solid;\" ><div class=\"fusion-builder-row fusion-row fusion-flex-align-items-flex-start\" style=\"max-width:5083.52px;margin-left: calc(-4% \/ 2 );margin-right: calc(-4% \/ 2 );\"><div class=\"fusion-layout-column fusion_builder_column fusion-builder-column-0 fusion_builder_column_1_1 1_1 fusion-flex-column\"><div class=\"fusion-column-wrapper fusion-flex-justify-content-flex-start fusion-content-layout-column\" style=\"background-position:left top;background-repeat:no-repeat;-webkit-background-size:cover;-moz-background-size:cover;-o-background-size:cover;background-size:cover;padding: 0px 0px 0px 0px;\"><\/br><\/div><\/div><style type=\"text\/css\">.fusion-body .fusion-builder-column-0{width:100% !important;margin-top : 0px;margin-bottom : 20px;}.fusion-builder-column-0 > .fusion-column-wrapper {padding-top : 0px !important;padding-right : 0px !important;margin-right : 1.92%;padding-bottom : 0px !important;padding-left : 0px !important;margin-left : 1.92%;}@media only screen and (max-width:1024px) {.fusion-body .fusion-builder-column-0{width:100% !important;order : 0;}.fusion-builder-column-0 > .fusion-column-wrapper {margin-right : 1.92%;margin-left : 1.92%;}}@media only screen and (max-width:640px) {.fusion-body .fusion-builder-column-0{width:100% !important;order : 0;}.fusion-builder-column-0 > .fusion-column-wrapper {margin-right : 1.92%;margin-left : 1.92%;}}<\/style><\/div><style type=\"text\/css\">.fusion-body .fusion-flex-container.fusion-builder-row-1{ padding-top : 0px;margin-top : 0px;padding-right : 0px;padding-bottom : 0px;margin-bottom : 0px;padding-left : 0px;}<\/style><\/div><div class=\"fusion-fullwidth fullwidth-box fusion-builder-row-2 fusion-flex-container nonhundred-percent-fullwidth non-hundred-percent-height-scrolling\" style=\"background-color: rgba(255,255,255,0);background-position: center center;background-repeat: no-repeat;border-width: 0px 0px 0px 0px;border-color:#eae9e9;border-style:solid;\" ><div class=\"fusion-builder-row fusion-row fusion-flex-align-items-flex-start\" style=\"max-width:5083.52px;margin-left: calc(-4% \/ 2 );margin-right: calc(-4% \/ 2 );\"><div class=\"fusion-layout-column fusion_builder_column fusion-builder-column-1 fusion_builder_column_1_3 1_3 fusion-flex-column\"><div class=\"fusion-column-wrapper fusion-flex-justify-content-flex-start fusion-content-layout-column\" style=\"background-position:left top;background-repeat:no-repeat;-webkit-background-size:cover;-moz-background-size:cover;-o-background-size:cover;background-size:cover;padding: 0px 0px 0px 0px;\"><div ><span class=\" fusion-imageframe imageframe-none imageframe-1 hover-type-none\" style=\"border:2px solid #607d8b;\"><img width=\"844\" height=\"547\" title=\"Info 3 waldemar brandt\" src=\"https:\/\/educacio-valencia.es\/wp-content\/uploads\/2022\/09\/Info-3-waldemar-brandt.jpg\" class=\"img-responsive wp-image-33190\" srcset=\"https:\/\/educacio-valencia.es\/wp-content\/uploads\/2022\/09\/Info-3-waldemar-brandt-200x130.jpg 200w, https:\/\/educacio-valencia.es\/wp-content\/uploads\/2022\/09\/Info-3-waldemar-brandt-400x259.jpg 400w, https:\/\/educacio-valencia.es\/wp-content\/uploads\/2022\/09\/Info-3-waldemar-brandt-600x389.jpg 600w, https:\/\/educacio-valencia.es\/wp-content\/uploads\/2022\/09\/Info-3-waldemar-brandt-800x518.jpg 800w, https:\/\/educacio-valencia.es\/wp-content\/uploads\/2022\/09\/Info-3-waldemar-brandt.jpg 844w\" sizes=\"(max-width: 1024px) 100vw, (max-width: 640px) 100vw, 844px\" \/><\/span><\/div><div class=\"fusion-text fusion-text-1\" style=\"transform:translate3d(0,0,0);\"><h3><strong>Informaci\u00f3n general<\/strong><\/h3>\n<p><span style=\"color: #808080;\"><a style=\"color: #808080;\" href=\"https:\/\/educacio-valencia.es\/es\/paem\/\">-PAEM<\/a><\/span><\/p>\n<p><span style=\"color: #808080;\"><a style=\"color: #808080;\" href=\"https:\/\/educacio-valencia.es\/es\/paem\/marco-legal\/\">-Marco Legal<\/a><\/span><\/p>\n<p><a href=\"https:\/\/educacio-valencia.es\/es\/paem-beta-5\/\" target=\"_blank\" rel=\"noopener\"><span style=\"color: #808080;\">-Objetivos<\/span><\/a><\/p>\n<p><a href=\"https:\/\/educacio-valencia.es\/es\/paem-beta-6\/\" target=\"_blank\" rel=\"noopener\"><span style=\"color: #808080;\">-Niveles de intervenci\u00f3n<\/span><\/a><\/p>\n<p><a href=\"https:\/\/educacio-valencia.es\/es\/guia-de-recursos-del-tercer-sector-dirigisdos-a-infancia-y-adolescencia\/\" target=\"_blank\" rel=\"noopener\">-Gu\u00eda de recursos<\/a><\/p>\n<p><span style=\"color: #808080;\"><a style=\"color: #808080;\" href=\"https:\/\/educacio-valencia.es\/es\/videotutoriales-de-ayuda\/\" target=\"_blank\" rel=\"noopener\">-Videotutoriales de ayuda<\/a><\/span><\/p>\n<\/div><\/div><\/div><style type=\"text\/css\">.fusion-body .fusion-builder-column-1{width:33.333333333333% !important;margin-top : 0px;margin-bottom : 20px;}.fusion-builder-column-1 > .fusion-column-wrapper {padding-top : 0px !important;padding-right : 0px !important;margin-right : 5.76%;padding-bottom : 0px !important;padding-left : 0px !important;margin-left : 5.76%;}@media only screen and (max-width:1024px) {.fusion-body .fusion-builder-column-1{width:100% !important;order : 0;}.fusion-builder-column-1 > .fusion-column-wrapper {margin-right : 1.92%;margin-left : 1.92%;}}@media only screen and (max-width:640px) {.fusion-body .fusion-builder-column-1{width:100% !important;order : 0;}.fusion-builder-column-1 > .fusion-column-wrapper {margin-right : 1.92%;margin-left : 1.92%;}}<\/style><div class=\"fusion-layout-column fusion_builder_column fusion-builder-column-2 fusion_builder_column_1_3 1_3 fusion-flex-column\"><div class=\"fusion-column-wrapper fusion-flex-justify-content-flex-start fusion-content-layout-column\" style=\"background-position:left top;background-repeat:no-repeat;-webkit-background-size:cover;-moz-background-size:cover;-o-background-size:cover;background-size:cover;padding: 0px 0px 0px 0px;\"><div ><span class=\" fusion-imageframe imageframe-none imageframe-2 hover-type-none\" style=\"border:2px solid #607d8b;\"><img width=\"844\" height=\"547\" title=\"Tramit p\" src=\"https:\/\/educacio-valencia.es\/wp-content\/uploads\/2022\/09\/Tramit-p.jpg\" class=\"img-responsive wp-image-33192\" srcset=\"https:\/\/educacio-valencia.es\/wp-content\/uploads\/2022\/09\/Tramit-p-200x130.jpg 200w, https:\/\/educacio-valencia.es\/wp-content\/uploads\/2022\/09\/Tramit-p-400x259.jpg 400w, https:\/\/educacio-valencia.es\/wp-content\/uploads\/2022\/09\/Tramit-p-600x389.jpg 600w, https:\/\/educacio-valencia.es\/wp-content\/uploads\/2022\/09\/Tramit-p-800x518.jpg 800w, https:\/\/educacio-valencia.es\/wp-content\/uploads\/2022\/09\/Tramit-p.jpg 844w\" sizes=\"(max-width: 1024px) 100vw, (max-width: 640px) 100vw, 844px\" \/><\/span><\/div><div class=\"fusion-text fusion-text-2\" style=\"transform:translate3d(0,0,0);\"><h3><strong>Tramitaci\u00f3n<\/strong><\/h3>\n<p><a href=\"https:\/\/educacio-valencia.es\/es\/paem-beta-3\/\" target=\"_blank\" rel=\"noopener\">-Comunicaci\u00f3n \/ derivaci\u00f3n de alumnado absentista o desescolarizado al PAEM<\/a><\/p>\n<p><a href=\"https:\/\/educacio-valencia.es\/es\/paem-beta-3\" target=\"_blank\" rel=\"noopener\">-Comunicaci\u00f3n tasas de alumnado absentista al PAEM<\/a><\/p>\n<p><a href=\"https:\/\/educacio-valencia.es\/es\/paem-beta-7\/\" target=\"_blank\" rel=\"noopener\">-Evaluaci\u00f3n y propuestas de mejora del PAEM<\/a><\/p>\n<p><a href=\"https:\/\/educacio-valencia.es\/es\/videotutorial-de-ayuda\/\" target=\"_blank\" rel=\"noopener\">-Videotutorial: C\u00f3mo hacer la tramitaci\u00f3n en la Sede Electr\u00f3nica<\/a><\/p>\n<\/div><\/div><\/div><style type=\"text\/css\">.fusion-body .fusion-builder-column-2{width:33.333333333333% !important;margin-top : 0px;margin-bottom : 20px;}.fusion-builder-column-2 > .fusion-column-wrapper {padding-top : 0px !important;padding-right : 0px !important;margin-right : 5.76%;padding-bottom : 0px !important;padding-left : 0px !important;margin-left : 5.76%;}@media only screen and (max-width:1024px) {.fusion-body .fusion-builder-column-2{width:100% !important;order : 0;}.fusion-builder-column-2 > .fusion-column-wrapper {margin-right : 1.92%;margin-left : 1.92%;}}@media only screen and (max-width:640px) {.fusion-body .fusion-builder-column-2{width:100% !important;order : 0;}.fusion-builder-column-2 > .fusion-column-wrapper {margin-right : 1.92%;margin-left : 1.92%;}}<\/style><div class=\"fusion-layout-column fusion_builder_column fusion-builder-column-3 fusion_builder_column_1_3 1_3 fusion-flex-column\"><div class=\"fusion-column-wrapper fusion-flex-justify-content-flex-start fusion-content-layout-column\" style=\"background-position:left top;background-repeat:no-repeat;-webkit-background-size:cover;-moz-background-size:cover;-o-background-size:cover;background-size:cover;padding: 0px 0px 0px 0px;\"><div ><span class=\" fusion-imageframe imageframe-none imageframe-3 hover-type-none\" style=\"border:2px solid #607d8b;\"><img width=\"844\" height=\"547\" title=\"Document p\" src=\"https:\/\/educacio-valencia.es\/wp-content\/uploads\/2022\/09\/Document-p.jpg\" class=\"img-responsive wp-image-33194\" srcset=\"https:\/\/educacio-valencia.es\/wp-content\/uploads\/2022\/09\/Document-p-200x130.jpg 200w, https:\/\/educacio-valencia.es\/wp-content\/uploads\/2022\/09\/Document-p-400x259.jpg 400w, https:\/\/educacio-valencia.es\/wp-content\/uploads\/2022\/09\/Document-p-600x389.jpg 600w, https:\/\/educacio-valencia.es\/wp-content\/uploads\/2022\/09\/Document-p-800x518.jpg 800w, https:\/\/educacio-valencia.es\/wp-content\/uploads\/2022\/09\/Document-p.jpg 844w\" sizes=\"(max-width: 1024px) 100vw, (max-width: 640px) 100vw, 844px\" \/><\/span><\/div><div class=\"fusion-text fusion-text-3\" style=\"transform:translate3d(0,0,0);\"><h3>Documentaci\u00f3n PAEM<\/h3>\n<p><a href=\"https:\/\/educacio-valencia.es\/es\/paem-beta-8\/\" target=\"_blank\" rel=\"noopener\"><span style=\"color: #808080;\"><span style=\"color: #808080;\">-Documentos \/Anexos<\/span><\/span><\/a><\/p>\n<p><span style=\"color: #808080;\"><a style=\"color: #808080;\" href=\"https:\/\/educacio-valencia.es\/es\/memorias-2021-2022\/\" target=\"_blank\" rel=\"noopener\">-Memorias Curso 2021-2022<\/a><\/span><\/p>\n<p><a href=\"https:\/\/educacio-valencia.es\/es\/memorias-2021-2022-2\/\" target=\"_blank\" rel=\"noopener\"><span style=\"color: #808080;\">-Memorias Curso 2022-2023<\/span><\/a><\/p>\n<\/div><\/div><\/div><style type=\"text\/css\">.fusion-body .fusion-builder-column-3{width:33.333333333333% !important;margin-top : 0px;margin-bottom : 20px;}.fusion-builder-column-3 > .fusion-column-wrapper {padding-top : 0px !important;padding-right : 0px !important;margin-right : 5.76%;padding-bottom : 0px !important;padding-left : 0px !important;margin-left : 5.76%;}@media only screen and (max-width:1024px) {.fusion-body .fusion-builder-column-3{width:100% !important;order : 0;}.fusion-builder-column-3 > .fusion-column-wrapper {margin-right : 1.92%;margin-left : 1.92%;}}@media only screen and (max-width:640px) {.fusion-body .fusion-builder-column-3{width:100% !important;order : 0;}.fusion-builder-column-3 > .fusion-column-wrapper {margin-right : 1.92%;margin-left : 1.92%;}}<\/style><\/div><style type=\"text\/css\">.fusion-body .fusion-flex-container.fusion-builder-row-2{ padding-top : 0px;margin-top : 0px;padding-right : 0px;padding-bottom : 0px;margin-bottom : 0px;padding-left : 0px;}<\/style><\/div><div class=\"fusion-fullwidth fullwidth-box fusion-builder-row-3 fusion-flex-container nonhundred-percent-fullwidth non-hundred-percent-height-scrolling\" style=\"background-color: rgba(255,255,255,0);background-position: center center;background-repeat: no-repeat;border-width: 0px 0px 0px 0px;border-color:#eae9e9;border-style:solid;\" ><div class=\"fusion-builder-row fusion-row fusion-flex-align-items-flex-start\" style=\"max-width:5083.52px;margin-left: calc(-4% \/ 2 );margin-right: calc(-4% \/ 2 );\"><div class=\"fusion-layout-column fusion_builder_column fusion-builder-column-4 fusion_builder_column_1_3 1_3 fusion-flex-column\"><div class=\"fusion-column-wrapper fusion-flex-justify-content-flex-start fusion-content-layout-column\" style=\"background-position:left top;background-repeat:no-repeat;-webkit-background-size:cover;-moz-background-size:cover;-o-background-size:cover;background-size:cover;padding: 0px 0px 0px 0px;\"><div ><span class=\" fusion-imageframe imageframe-none imageframe-4 hover-type-none\" style=\"border:2px solid #607d8b;\"><img width=\"844\" height=\"547\" title=\"Document 2 p\" src=\"https:\/\/educacio-valencia.es\/wp-content\/uploads\/2022\/09\/Document-2-p.jpg\" class=\"img-responsive wp-image-33198\" srcset=\"https:\/\/educacio-valencia.es\/wp-content\/uploads\/2022\/09\/Document-2-p-200x130.jpg 200w, https:\/\/educacio-valencia.es\/wp-content\/uploads\/2022\/09\/Document-2-p-400x259.jpg 400w, https:\/\/educacio-valencia.es\/wp-content\/uploads\/2022\/09\/Document-2-p-600x389.jpg 600w, https:\/\/educacio-valencia.es\/wp-content\/uploads\/2022\/09\/Document-2-p-800x518.jpg 800w, https:\/\/educacio-valencia.es\/wp-content\/uploads\/2022\/09\/Document-2-p.jpg 844w\" sizes=\"(max-width: 1024px) 100vw, (max-width: 640px) 100vw, 844px\" \/><\/span><\/div><div class=\"fusion-text fusion-text-4\" style=\"transform:translate3d(0,0,0);\"><h3><strong>Documentaci\u00f3n asociada<\/strong><\/h3>\n<p><a href=\"https:\/\/educacio-valencia.es\/es\/paem-beta-10-2\/\" target=\"_blank\" rel=\"noopener\">-Protocolos para la igualdad y la convivencia<\/a><\/p>\n<p><a href=\"https:\/\/educacio-valencia.es\/es\/paem-beta-9\/\" target=\"_blank\" rel=\"noopener\">-Derivaci\u00f3n desprotecci\u00f3n desde el \u00e1mbito educativo<\/a><\/p>\n<p><a href=\"https:\/\/educacio-valencia.es\/es\/paem-beta-11\/\" target=\"_blank\" rel=\"noopener\">-Derivaci\u00f3n por posible situaci\u00f3n de desprotecci\u00f3n en el \u00e1mbito sanitario<\/a><\/p>\n<p>&#8211;<a href=\"https:\/\/educacio-valencia.es\/es\/atencion-domicilaria\/\" target=\"_blank\" rel=\"noopener\">Atenci\u00f3n educativa domiciliaria<\/a><\/p>\n<p>-Seguro Escolar<\/p>\n<\/div><\/div><\/div><style type=\"text\/css\">.fusion-body .fusion-builder-column-4{width:33.333333333333% !important;margin-top : 0px;margin-bottom : 20px;}.fusion-builder-column-4 > .fusion-column-wrapper {padding-top : 0px !important;padding-right : 0px !important;margin-right : 5.76%;padding-bottom : 0px !important;padding-left : 0px !important;margin-left : 5.76%;}@media only screen and (max-width:1024px) {.fusion-body .fusion-builder-column-4{width:100% !important;order : 0;}.fusion-builder-column-4 > .fusion-column-wrapper {margin-right : 1.92%;margin-left : 1.92%;}}@media only screen and (max-width:640px) {.fusion-body .fusion-builder-column-4{width:100% !important;order : 0;}.fusion-builder-column-4 > .fusion-column-wrapper {margin-right : 1.92%;margin-left : 1.92%;}}<\/style><div class=\"fusion-layout-column fusion_builder_column fusion-builder-column-5 fusion_builder_column_1_3 1_3 fusion-flex-column\"><div class=\"fusion-column-wrapper fusion-flex-justify-content-flex-start fusion-content-layout-column\" style=\"background-position:left top;background-repeat:no-repeat;-webkit-background-size:cover;-moz-background-size:cover;-o-background-size:cover;background-size:cover;padding: 0px 0px 0px 0px;\"><div ><span class=\" fusion-imageframe imageframe-none imageframe-5 hover-type-none\" style=\"border:2px solid #607d8b;\"><img width=\"844\" height=\"547\" title=\"Bones p\" src=\"https:\/\/educacio-valencia.es\/wp-content\/uploads\/2022\/09\/Bones-p.jpg\" class=\"img-responsive wp-image-33200\" srcset=\"https:\/\/educacio-valencia.es\/wp-content\/uploads\/2022\/09\/Bones-p-200x130.jpg 200w, https:\/\/educacio-valencia.es\/wp-content\/uploads\/2022\/09\/Bones-p-400x259.jpg 400w, https:\/\/educacio-valencia.es\/wp-content\/uploads\/2022\/09\/Bones-p-600x389.jpg 600w, https:\/\/educacio-valencia.es\/wp-content\/uploads\/2022\/09\/Bones-p-800x518.jpg 800w, https:\/\/educacio-valencia.es\/wp-content\/uploads\/2022\/09\/Bones-p.jpg 844w\" sizes=\"(max-width: 1024px) 100vw, (max-width: 640px) 100vw, 844px\" \/><\/span><\/div><div class=\"fusion-text fusion-text-5\" style=\"transform:translate3d(0,0,0);\"><h3><a href=\"https:\/\/educacio-valencia.es\/es\/buenas-practicas\/\" target=\"_blank\" rel=\"noopener\">Buenas pr\u00e1cticas<\/a><\/h3>\n<\/div><\/div><\/div><style type=\"text\/css\">.fusion-body .fusion-builder-column-5{width:33.333333333333% !important;margin-top : 0px;margin-bottom : 20px;}.fusion-builder-column-5 > .fusion-column-wrapper {padding-top : 0px !important;padding-right : 0px !important;margin-right : 5.76%;padding-bottom : 0px !important;padding-left : 0px !important;margin-left : 5.76%;}@media only screen and (max-width:1024px) {.fusion-body .fusion-builder-column-5{width:100% !important;order : 0;}.fusion-builder-column-5 > .fusion-column-wrapper {margin-right : 1.92%;margin-left : 1.92%;}}@media only screen and (max-width:640px) {.fusion-body .fusion-builder-column-5{width:100% !important;order : 0;}.fusion-builder-column-5 > .fusion-column-wrapper {margin-right : 1.92%;margin-left : 1.92%;}}<\/style><div class=\"fusion-layout-column fusion_builder_column fusion-builder-column-6 fusion_builder_column_1_3 1_3 fusion-flex-column\"><div class=\"fusion-column-wrapper fusion-flex-justify-content-flex-start fusion-content-layout-column\" style=\"background-position:left top;background-repeat:no-repeat;-webkit-background-size:cover;-moz-background-size:cover;-o-background-size:cover;background-size:cover;padding: 0px 0px 0px 0px;\"><div ><span class=\" fusion-imageframe imageframe-none imageframe-6 hover-type-none\" style=\"border:2px solid #607d8b;\"><img width=\"844\" height=\"547\" title=\"Recurs 5 p\" src=\"https:\/\/educacio-valencia.es\/wp-content\/uploads\/2022\/09\/Recurs-5-p.jpg\" class=\"img-responsive wp-image-33202\" srcset=\"https:\/\/educacio-valencia.es\/wp-content\/uploads\/2022\/09\/Recurs-5-p-200x130.jpg 200w, https:\/\/educacio-valencia.es\/wp-content\/uploads\/2022\/09\/Recurs-5-p-400x259.jpg 400w, https:\/\/educacio-valencia.es\/wp-content\/uploads\/2022\/09\/Recurs-5-p-600x389.jpg 600w, https:\/\/educacio-valencia.es\/wp-content\/uploads\/2022\/09\/Recurs-5-p-800x518.jpg 800w, https:\/\/educacio-valencia.es\/wp-content\/uploads\/2022\/09\/Recurs-5-p.jpg 844w\" sizes=\"(max-width: 1024px) 100vw, (max-width: 640px) 100vw, 844px\" \/><\/span><\/div><div class=\"fusion-text fusion-text-6\" style=\"transform:translate3d(0,0,0);\"><h3><a href=\"https:\/\/educacio-valencia.es\/es\/banco-de-recursos\/\" target=\"_blank\" rel=\"noopener\">Recursos did\u00e1cticos<\/a><\/h3>\n<p><a href=\"https:\/\/educacio-valencia.es\/es\/cancioness\/\" target=\"_blank\" rel=\"noopener\"><span style=\"color: #999999;\">-Audiovisuales: Canciones<\/span><\/a><\/p>\n<p><span style=\"color: #999999;\"><a style=\"color: #999999;\" href=\"https:\/\/educacio-valencia.es\/es\/charlas-ted-y-otras\/\" target=\"_blank\" rel=\"noopener\">-Audiovisuales: Charlas motivacionales<\/a><\/span><\/p>\n<p><span style=\"color: #999999;\"><a style=\"color: #999999;\" href=\"https:\/\/educacio-valencia.es\/es\/cortometrajes\/\" target=\"_blank\" rel=\"noopener\">-Audiovisuales: Cortometrajes<\/a><\/span><\/p>\n<p><span style=\"color: #999999;\"><a style=\"color: #999999;\" href=\"https:\/\/educacio-valencia.es\/es\/largosmetrajes\/\" target=\"_blank\" rel=\"noopener\">-Audiovisuales: Largometrajes<\/a><\/span><\/p>\n<p><a href=\"https:\/\/educacio-valencia.es\/es\/buzon-asiste\/\" target=\"_blank\" rel=\"noopener\">-Buz\u00f3n &#8220;Asiste&#8221;<\/a><\/p>\n<p><a href=\"https:\/\/educacio-valencia.es\/es\/dinamicass-de-grupo\/\" target=\"_blank\" rel=\"noopener\"><span style=\"color: #999999;\">-Din\u00e1micas de grupo<\/span><\/a><\/p>\n<p><a href=\"https:\/\/educacio-valencia.es\/es\/experiencias-km0-2\/\" target=\"_blank\" rel=\"noopener\">-Experiencias km 0<\/a><\/p>\n<p><a href=\"https:\/\/educacio-valencia.es\/es\/trabajar-con-las-imagenes\/\" target=\"_blank\" rel=\"noopener\"><span style=\"color: #999999;\">-Im\u00e1genes como recurso did\u00e1ctico<\/span><\/a><\/p>\n<p><a href=\"https:\/\/educacio-valencia.es\/es\/recursos-para-familias\/\" target=\"_blank\" rel=\"noopener\"><span style=\"color: #999999;\">-Recursos did\u00e1cticos para familias<\/span><\/a><\/p>\n<p><a href=\"https:\/\/educacio-valencia.es\/es\/recursos-on-line-para-la-inclusion-educativa-gva\/\" target=\"_blank\" rel=\"noopener\"><span style=\"color: #999999;\">-Recursos on line para la inclusi\u00f3n educativa (GVA)<\/span><\/a><\/p>\n<p><a href=\"https:\/\/educacio-valencia.es\/es\/unidadess-didacticas\/\" target=\"_blank\" rel=\"noopener\"><span style=\"color: #999999;\">-Unidades did\u00e1cticas<\/span><\/a><\/p>\n<\/div><\/div><\/div><style type=\"text\/css\">.fusion-body .fusion-builder-column-6{width:33.333333333333% !important;margin-top : 0px;margin-bottom : 20px;}.fusion-builder-column-6 > .fusion-column-wrapper {padding-top : 0px !important;padding-right : 0px !important;margin-right : 5.76%;padding-bottom : 0px !important;padding-left : 0px !important;margin-left : 5.76%;}@media only screen and (max-width:1024px) {.fusion-body .fusion-builder-column-6{width:100% !important;order : 0;}.fusion-builder-column-6 > .fusion-column-wrapper {margin-right : 1.92%;margin-left : 1.92%;}}@media only screen and (max-width:640px) {.fusion-body .fusion-builder-column-6{width:100% !important;order : 0;}.fusion-builder-column-6 > .fusion-column-wrapper {margin-right : 1.92%;margin-left : 1.92%;}}<\/style><\/div><style type=\"text\/css\">.fusion-body .fusion-flex-container.fusion-builder-row-3{ padding-top : 0px;margin-top : 0px;padding-right : 0px;padding-bottom : 0px;margin-bottom : 0px;padding-left : 0px;}<\/style><\/div><\/p>\n","protected":false},"excerpt":{"rendered":"","protected":false},"author":13,"featured_media":0,"parent":0,"menu_order":0,"comment_status":"closed","ping_status":"closed","template":"","meta":[],"_links":{"self":[{"href":"https:\/\/educacio-valencia.es\/es\/wp-json\/wp\/v2\/pages\/33080"}],"collection":[{"href":"https:\/\/educacio-valencia.es\/es\/wp-json\/wp\/v2\/pages"}],"about":[{"href":"https:\/\/educacio-valencia.es\/es\/wp-json\/wp\/v2\/types\/page"}],"author":[{"embeddable":true,"href":"https:\/\/educacio-valencia.es\/es\/wp-json\/wp\/v2\/users\/13"}],"replies":[{"embeddable":true,"href":"https:\/\/educacio-valencia.es\/es\/wp-json\/wp\/v2\/comments?post=33080"}],"version-history":[{"count":45,"href":"https:\/\/educacio-valencia.es\/es\/wp-json\/wp\/v2\/pages\/33080\/revisions"}],"predecessor-version":[{"id":39504,"href":"https:\/\/educacio-valencia.es\/es\/wp-json\/wp\/v2\/pages\/33080\/revisions\/39504"}],"wp:attachment":[{"href":"https:\/\/educacio-valencia.es\/es\/wp-json\/wp\/v2\/media?parent=33080"}],"curies":[{"name":"wp","href":"https:\/\/api.w.org\/{rel}","templated":true}]}}