{"id":32943,"date":"2017-08-04T12:53:51","date_gmt":"2017-08-04T10:53:51","guid":{"rendered":"https:\/\/educacio-valencia.es\/?page_id=32943"},"modified":"2026-03-16T09:46:54","modified_gmt":"2026-03-16T08:46:54","slug":"escuela-infantil-municipal-clara-campoamor","status":"publish","type":"page","link":"https:\/\/educacio-valencia.es\/es\/escuela-infantil-municipal-clara-campoamor\/","title":{"rendered":"Escola Infantil Municipal Diputada Clara Campoamor"},"content":{"rendered":"<div class=\"fusion-fullwidth fullwidth-box fusion-builder-row-1 bloqueSeccion nonhundred-percent-fullwidth non-hundred-percent-height-scrolling\" style=\"background-color: rgba(255,255,255,0);background-position: center center;background-repeat: no-repeat;padding-top:10px;padding-right:0px;padding-bottom:0px;padding-left:0px;margin-bottom: 0px;margin-top: 0px;border-width: 0px 0px 0px 0px;border-color:#000000;border-style:solid;\" ><div class=\"fusion-builder-row fusion-row\"><div class=\"fusion-layout-column fusion_builder_column fusion-builder-column-0 fusion_builder_column_2_5 2_5 fusion-two-fifth fusion-column-first\" style=\"width:40%;width:calc(40% - ( ( 4% ) * 0.4 ) );margin-right: 4%;margin-top:0px;margin-bottom:20px;\"><div class=\"fusion-column-wrapper fusion-flex-column-wrapper-legacy\" style=\"background-position:left top;background-repeat:no-repeat;-webkit-background-size:cover;-moz-background-size:cover;-o-background-size:cover;background-size:cover;padding: 0px 0px 0px 0px;\"><style type=\"text\/css\"><\/style><div class=\"fusion-title title fusion-title-1 fusion-sep-none fusion-title-text fusion-title-size-two\" style=\"margin-top:0px;margin-bottom:10px;\"><h2 class=\"title-heading-left\" style=\"margin:0;\"><p><strong>Escola Infantil Municipal Diputada Clara Campoamor<br \/>\n<\/strong><\/p>\n<p>Calle\u00a0\u00a0Diputada Clara Campoamor, 18<\/p>\n<p>46019, Val\u00e8ncia<\/p>\n<p style=\"font-weight: 400;\">Tel\u00e9fono: 96 311 73 77 &#8211; 671 776 073<\/p>\n<p style=\"font-weight: 400;\">Correo electr\u00f3nico: <a href=\"mailto:eiclaracampoamor@valencia.es\">eiclaracampoamor@valencia.es<\/a><\/p>\n<p style=\"font-weight: 400;\">Web: <a href=\"https:\/\/educacio-valencia.es\/\">https:\/\/educacio-valencia.es<\/a><\/p><\/h2><\/div><div class=\"fusion-text fusion-text-1\" style=\"transform:translate3d(0,0,0);\"><p><strong><a href=\"https:\/\/educacio-valencia.es\/wp-content\/uploads\/2024\/02\/triptico-cas-2-campoamor-24-25.png\">Tr\u00edptico de presentaci\u00f3n I<\/a><\/strong><\/p>\n<p><strong><a href=\"https:\/\/educacio-valencia.es\/wp-content\/uploads\/2024\/02\/triptico-cas-campoamor-24-25.png\">Tr\u00edptico de presentaci\u00f3n II<\/a><\/strong><\/p>\n<\/div><span class=\" fusion-imageframe imageframe-none imageframe-1 hover-type-none\"><img width=\"2480\" height=\"3508\" title=\"jornada clara campo amor cas\" src=\"https:\/\/educacio-valencia.es\/wp-content\/uploads\/2026\/03\/jornada-clara-campo-amor-cas.jpg\" class=\"img-responsive wp-image-46586\"\/><\/span><div class=\"fusion-clearfix\"><\/div><\/div><\/div><div class=\"fusion-layout-column fusion_builder_column fusion-builder-column-1 fusion_builder_column_3_5 3_5 fusion-three-fifth fusion-column-last marginCero\" style=\"width:60%;width:calc(60% - ( ( 4% ) * 0.6 ) );margin-top:0px;margin-bottom:20px;\"><div class=\"fusion-column-wrapper fusion-flex-column-wrapper-legacy\" style=\"background-position:left top;background-repeat:no-repeat;-webkit-background-size:cover;-moz-background-size:cover;-o-background-size:cover;background-size:cover;padding: 0px 0px 0px 0px;\"><div class=\"fusion-image-carousel fusion-image-carousel-auto paddingCero marginCero\"><div class=\"fusion-carousel\" data-autoplay=\"yes\" data-columns=\"1\" data-itemmargin=\"13\" data-itemwidth=\"180\" data-touchscroll=\"no\" data-imagesize=\"auto\"><div class=\"fusion-carousel-positioner\"><ul class=\"fusion-carousel-holder\"><li class=\"fusion-carousel-item\"><div class=\"fusion-carousel-item-wrapper\"><div class=\"fusion-image-wrapper hover-type-none\"><img width=\"1600\" height=\"1200\" src=\"https:\/\/educacio-valencia.es\/wp-content\/uploads\/2024\/02\/WhatsApp-Image-2024-02-28-at-14.00.18.jpeg\" class=\"attachment-full size-full\" alt=\"\" srcset=\"https:\/\/educacio-valencia.es\/wp-content\/uploads\/2024\/02\/WhatsApp-Image-2024-02-28-at-14.00.18-200x150.jpeg 200w, https:\/\/educacio-valencia.es\/wp-content\/uploads\/2024\/02\/WhatsApp-Image-2024-02-28-at-14.00.18-300x225.jpeg 300w, https:\/\/educacio-valencia.es\/wp-content\/uploads\/2024\/02\/WhatsApp-Image-2024-02-28-at-14.00.18-400x300.jpeg 400w, https:\/\/educacio-valencia.es\/wp-content\/uploads\/2024\/02\/WhatsApp-Image-2024-02-28-at-14.00.18-600x450.jpeg 600w, https:\/\/educacio-valencia.es\/wp-content\/uploads\/2024\/02\/WhatsApp-Image-2024-02-28-at-14.00.18-768x576.jpeg 768w, https:\/\/educacio-valencia.es\/wp-content\/uploads\/2024\/02\/WhatsApp-Image-2024-02-28-at-14.00.18-800x600.jpeg 800w, https:\/\/educacio-valencia.es\/wp-content\/uploads\/2024\/02\/WhatsApp-Image-2024-02-28-at-14.00.18-1024x768.jpeg 1024w, https:\/\/educacio-valencia.es\/wp-content\/uploads\/2024\/02\/WhatsApp-Image-2024-02-28-at-14.00.18-1200x900.jpeg 1200w, https:\/\/educacio-valencia.es\/wp-content\/uploads\/2024\/02\/WhatsApp-Image-2024-02-28-at-14.00.18-1536x1152.jpeg 1536w, https:\/\/educacio-valencia.es\/wp-content\/uploads\/2024\/02\/WhatsApp-Image-2024-02-28-at-14.00.18.jpeg 1600w\" sizes=\"(max-width: 1600px) 100vw, 1600px\" \/><\/div><\/div><\/li><li class=\"fusion-carousel-item\"><div class=\"fusion-carousel-item-wrapper\"><div class=\"fusion-image-wrapper hover-type-none\"><img width=\"768\" height=\"1024\" src=\"https:\/\/educacio-valencia.es\/wp-content\/uploads\/2024\/02\/WhatsApp-Image-2024-02-28-at-14.00.18-1.jpeg\" class=\"attachment-full size-full\" alt=\"\" srcset=\"https:\/\/educacio-valencia.es\/wp-content\/uploads\/2024\/02\/WhatsApp-Image-2024-02-28-at-14.00.18-1-200x267.jpeg 200w, https:\/\/educacio-valencia.es\/wp-content\/uploads\/2024\/02\/WhatsApp-Image-2024-02-28-at-14.00.18-1-225x300.jpeg 225w, https:\/\/educacio-valencia.es\/wp-content\/uploads\/2024\/02\/WhatsApp-Image-2024-02-28-at-14.00.18-1-400x533.jpeg 400w, https:\/\/educacio-valencia.es\/wp-content\/uploads\/2024\/02\/WhatsApp-Image-2024-02-28-at-14.00.18-1-600x800.jpeg 600w, https:\/\/educacio-valencia.es\/wp-content\/uploads\/2024\/02\/WhatsApp-Image-2024-02-28-at-14.00.18-1.jpeg 768w\" sizes=\"(max-width: 768px) 100vw, 768px\" \/><\/div><\/div><\/li><li class=\"fusion-carousel-item\"><div class=\"fusion-carousel-item-wrapper\"><div class=\"fusion-image-wrapper hover-type-none\"><img width=\"900\" height=\"1600\" src=\"https:\/\/educacio-valencia.es\/wp-content\/uploads\/2024\/02\/WhatsApp-Image-2024-02-28-at-14.00.19.jpeg\" class=\"attachment-full size-full\" alt=\"\" srcset=\"https:\/\/educacio-valencia.es\/wp-content\/uploads\/2024\/02\/WhatsApp-Image-2024-02-28-at-14.00.19-169x300.jpeg 169w, https:\/\/educacio-valencia.es\/wp-content\/uploads\/2024\/02\/WhatsApp-Image-2024-02-28-at-14.00.19-200x356.jpeg 200w, https:\/\/educacio-valencia.es\/wp-content\/uploads\/2024\/02\/WhatsApp-Image-2024-02-28-at-14.00.19-400x711.jpeg 400w, https:\/\/educacio-valencia.es\/wp-content\/uploads\/2024\/02\/WhatsApp-Image-2024-02-28-at-14.00.19-576x1024.jpeg 576w, https:\/\/educacio-valencia.es\/wp-content\/uploads\/2024\/02\/WhatsApp-Image-2024-02-28-at-14.00.19-600x1067.jpeg 600w, https:\/\/educacio-valencia.es\/wp-content\/uploads\/2024\/02\/WhatsApp-Image-2024-02-28-at-14.00.19-768x1365.jpeg 768w, https:\/\/educacio-valencia.es\/wp-content\/uploads\/2024\/02\/WhatsApp-Image-2024-02-28-at-14.00.19-800x1422.jpeg 800w, https:\/\/educacio-valencia.es\/wp-content\/uploads\/2024\/02\/WhatsApp-Image-2024-02-28-at-14.00.19-864x1536.jpeg 864w, https:\/\/educacio-valencia.es\/wp-content\/uploads\/2024\/02\/WhatsApp-Image-2024-02-28-at-14.00.19.jpeg 900w\" sizes=\"(max-width: 900px) 100vw, 900px\" \/><\/div><\/div><\/li><li class=\"fusion-carousel-item\"><div class=\"fusion-carousel-item-wrapper\"><div class=\"fusion-image-wrapper hover-type-none\"><img width=\"1600\" height=\"1200\" src=\"https:\/\/educacio-valencia.es\/wp-content\/uploads\/2024\/02\/WhatsApp-Image-2024-02-28-at-14.00.19-1.jpeg\" class=\"attachment-full size-full\" alt=\"\" srcset=\"https:\/\/educacio-valencia.es\/wp-content\/uploads\/2024\/02\/WhatsApp-Image-2024-02-28-at-14.00.19-1-200x150.jpeg 200w, https:\/\/educacio-valencia.es\/wp-content\/uploads\/2024\/02\/WhatsApp-Image-2024-02-28-at-14.00.19-1-300x225.jpeg 300w, https:\/\/educacio-valencia.es\/wp-content\/uploads\/2024\/02\/WhatsApp-Image-2024-02-28-at-14.00.19-1-400x300.jpeg 400w, https:\/\/educacio-valencia.es\/wp-content\/uploads\/2024\/02\/WhatsApp-Image-2024-02-28-at-14.00.19-1-600x450.jpeg 600w, https:\/\/educacio-valencia.es\/wp-content\/uploads\/2024\/02\/WhatsApp-Image-2024-02-28-at-14.00.19-1-768x576.jpeg 768w, https:\/\/educacio-valencia.es\/wp-content\/uploads\/2024\/02\/WhatsApp-Image-2024-02-28-at-14.00.19-1-800x600.jpeg 800w, https:\/\/educacio-valencia.es\/wp-content\/uploads\/2024\/02\/WhatsApp-Image-2024-02-28-at-14.00.19-1-1024x768.jpeg 1024w, https:\/\/educacio-valencia.es\/wp-content\/uploads\/2024\/02\/WhatsApp-Image-2024-02-28-at-14.00.19-1-1200x900.jpeg 1200w, https:\/\/educacio-valencia.es\/wp-content\/uploads\/2024\/02\/WhatsApp-Image-2024-02-28-at-14.00.19-1-1536x1152.jpeg 1536w, https:\/\/educacio-valencia.es\/wp-content\/uploads\/2024\/02\/WhatsApp-Image-2024-02-28-at-14.00.19-1.jpeg 1600w\" sizes=\"(max-width: 1600px) 100vw, 1600px\" \/><\/div><\/div><\/li><li class=\"fusion-carousel-item\"><div class=\"fusion-carousel-item-wrapper\"><div class=\"fusion-image-wrapper hover-type-none\"><img width=\"1200\" height=\"1600\" src=\"https:\/\/educacio-valencia.es\/wp-content\/uploads\/2024\/02\/WhatsApp-Image-2024-02-28-at-14.00.20.jpeg\" class=\"attachment-full size-full\" alt=\"\" srcset=\"https:\/\/educacio-valencia.es\/wp-content\/uploads\/2024\/02\/WhatsApp-Image-2024-02-28-at-14.00.20-200x267.jpeg 200w, https:\/\/educacio-valencia.es\/wp-content\/uploads\/2024\/02\/WhatsApp-Image-2024-02-28-at-14.00.20-225x300.jpeg 225w, https:\/\/educacio-valencia.es\/wp-content\/uploads\/2024\/02\/WhatsApp-Image-2024-02-28-at-14.00.20-400x533.jpeg 400w, https:\/\/educacio-valencia.es\/wp-content\/uploads\/2024\/02\/WhatsApp-Image-2024-02-28-at-14.00.20-600x800.jpeg 600w, https:\/\/educacio-valencia.es\/wp-content\/uploads\/2024\/02\/WhatsApp-Image-2024-02-28-at-14.00.20-768x1024.jpeg 768w, https:\/\/educacio-valencia.es\/wp-content\/uploads\/2024\/02\/WhatsApp-Image-2024-02-28-at-14.00.20-800x1067.jpeg 800w, https:\/\/educacio-valencia.es\/wp-content\/uploads\/2024\/02\/WhatsApp-Image-2024-02-28-at-14.00.20-1152x1536.jpeg 1152w, https:\/\/educacio-valencia.es\/wp-content\/uploads\/2024\/02\/WhatsApp-Image-2024-02-28-at-14.00.20.jpeg 1200w\" sizes=\"(max-width: 1200px) 100vw, 1200px\" \/><\/div><\/div><\/li><li class=\"fusion-carousel-item\"><div class=\"fusion-carousel-item-wrapper\"><div class=\"fusion-image-wrapper hover-type-none\"><img width=\"1600\" height=\"1200\" src=\"https:\/\/educacio-valencia.es\/wp-content\/uploads\/2024\/02\/WhatsApp-Image-2024-02-28-at-14.02.32-1.jpeg\" class=\"attachment-full size-full\" alt=\"\" srcset=\"https:\/\/educacio-valencia.es\/wp-content\/uploads\/2024\/02\/WhatsApp-Image-2024-02-28-at-14.02.32-1-200x150.jpeg 200w, https:\/\/educacio-valencia.es\/wp-content\/uploads\/2024\/02\/WhatsApp-Image-2024-02-28-at-14.02.32-1-300x225.jpeg 300w, https:\/\/educacio-valencia.es\/wp-content\/uploads\/2024\/02\/WhatsApp-Image-2024-02-28-at-14.02.32-1-400x300.jpeg 400w, https:\/\/educacio-valencia.es\/wp-content\/uploads\/2024\/02\/WhatsApp-Image-2024-02-28-at-14.02.32-1-600x450.jpeg 600w, https:\/\/educacio-valencia.es\/wp-content\/uploads\/2024\/02\/WhatsApp-Image-2024-02-28-at-14.02.32-1-768x576.jpeg 768w, https:\/\/educacio-valencia.es\/wp-content\/uploads\/2024\/02\/WhatsApp-Image-2024-02-28-at-14.02.32-1-800x600.jpeg 800w, https:\/\/educacio-valencia.es\/wp-content\/uploads\/2024\/02\/WhatsApp-Image-2024-02-28-at-14.02.32-1-1024x768.jpeg 1024w, https:\/\/educacio-valencia.es\/wp-content\/uploads\/2024\/02\/WhatsApp-Image-2024-02-28-at-14.02.32-1-1200x900.jpeg 1200w, https:\/\/educacio-valencia.es\/wp-content\/uploads\/2024\/02\/WhatsApp-Image-2024-02-28-at-14.02.32-1-1536x1152.jpeg 1536w, https:\/\/educacio-valencia.es\/wp-content\/uploads\/2024\/02\/WhatsApp-Image-2024-02-28-at-14.02.32-1.jpeg 1600w\" sizes=\"(max-width: 1600px) 100vw, 1600px\" \/><\/div><\/div><\/li><li class=\"fusion-carousel-item\"><div class=\"fusion-carousel-item-wrapper\"><div class=\"fusion-image-wrapper hover-type-none\"><img width=\"900\" height=\"1600\" src=\"https:\/\/educacio-valencia.es\/wp-content\/uploads\/2024\/02\/WhatsApp-Image-2024-02-28-at-14.02.12.jpeg\" class=\"attachment-full size-full\" alt=\"\" srcset=\"https:\/\/educacio-valencia.es\/wp-content\/uploads\/2024\/02\/WhatsApp-Image-2024-02-28-at-14.02.12-169x300.jpeg 169w, https:\/\/educacio-valencia.es\/wp-content\/uploads\/2024\/02\/WhatsApp-Image-2024-02-28-at-14.02.12-200x356.jpeg 200w, https:\/\/educacio-valencia.es\/wp-content\/uploads\/2024\/02\/WhatsApp-Image-2024-02-28-at-14.02.12-400x711.jpeg 400w, https:\/\/educacio-valencia.es\/wp-content\/uploads\/2024\/02\/WhatsApp-Image-2024-02-28-at-14.02.12-576x1024.jpeg 576w, https:\/\/educacio-valencia.es\/wp-content\/uploads\/2024\/02\/WhatsApp-Image-2024-02-28-at-14.02.12-600x1067.jpeg 600w, https:\/\/educacio-valencia.es\/wp-content\/uploads\/2024\/02\/WhatsApp-Image-2024-02-28-at-14.02.12-768x1365.jpeg 768w, https:\/\/educacio-valencia.es\/wp-content\/uploads\/2024\/02\/WhatsApp-Image-2024-02-28-at-14.02.12-800x1422.jpeg 800w, https:\/\/educacio-valencia.es\/wp-content\/uploads\/2024\/02\/WhatsApp-Image-2024-02-28-at-14.02.12-864x1536.jpeg 864w, https:\/\/educacio-valencia.es\/wp-content\/uploads\/2024\/02\/WhatsApp-Image-2024-02-28-at-14.02.12.jpeg 900w\" sizes=\"(max-width: 900px) 100vw, 900px\" \/><\/div><\/div><\/li><li class=\"fusion-carousel-item\"><div class=\"fusion-carousel-item-wrapper\"><div class=\"fusion-image-wrapper hover-type-none\"><img width=\"1200\" height=\"1600\" src=\"https:\/\/educacio-valencia.es\/wp-content\/uploads\/2024\/02\/WhatsApp-Image-2024-02-28-at-14.14.34.jpeg\" class=\"attachment-full size-full\" alt=\"\" srcset=\"https:\/\/educacio-valencia.es\/wp-content\/uploads\/2024\/02\/WhatsApp-Image-2024-02-28-at-14.14.34-200x267.jpeg 200w, https:\/\/educacio-valencia.es\/wp-content\/uploads\/2024\/02\/WhatsApp-Image-2024-02-28-at-14.14.34-225x300.jpeg 225w, https:\/\/educacio-valencia.es\/wp-content\/uploads\/2024\/02\/WhatsApp-Image-2024-02-28-at-14.14.34-400x533.jpeg 400w, https:\/\/educacio-valencia.es\/wp-content\/uploads\/2024\/02\/WhatsApp-Image-2024-02-28-at-14.14.34-600x800.jpeg 600w, https:\/\/educacio-valencia.es\/wp-content\/uploads\/2024\/02\/WhatsApp-Image-2024-02-28-at-14.14.34-768x1024.jpeg 768w, https:\/\/educacio-valencia.es\/wp-content\/uploads\/2024\/02\/WhatsApp-Image-2024-02-28-at-14.14.34-800x1067.jpeg 800w, https:\/\/educacio-valencia.es\/wp-content\/uploads\/2024\/02\/WhatsApp-Image-2024-02-28-at-14.14.34-1152x1536.jpeg 1152w, https:\/\/educacio-valencia.es\/wp-content\/uploads\/2024\/02\/WhatsApp-Image-2024-02-28-at-14.14.34.jpeg 1200w\" sizes=\"(max-width: 1200px) 100vw, 1200px\" \/><\/div><\/div><\/li><li class=\"fusion-carousel-item\"><div class=\"fusion-carousel-item-wrapper\"><div class=\"fusion-image-wrapper hover-type-none\"><img width=\"1600\" height=\"1200\" src=\"https:\/\/educacio-valencia.es\/wp-content\/uploads\/2024\/02\/WhatsApp-Image-2024-02-28-at-14.00.20-1.jpeg\" class=\"attachment-full size-full\" alt=\"\" srcset=\"https:\/\/educacio-valencia.es\/wp-content\/uploads\/2024\/02\/WhatsApp-Image-2024-02-28-at-14.00.20-1-200x150.jpeg 200w, https:\/\/educacio-valencia.es\/wp-content\/uploads\/2024\/02\/WhatsApp-Image-2024-02-28-at-14.00.20-1-300x225.jpeg 300w, https:\/\/educacio-valencia.es\/wp-content\/uploads\/2024\/02\/WhatsApp-Image-2024-02-28-at-14.00.20-1-400x300.jpeg 400w, https:\/\/educacio-valencia.es\/wp-content\/uploads\/2024\/02\/WhatsApp-Image-2024-02-28-at-14.00.20-1-600x450.jpeg 600w, https:\/\/educacio-valencia.es\/wp-content\/uploads\/2024\/02\/WhatsApp-Image-2024-02-28-at-14.00.20-1-768x576.jpeg 768w, https:\/\/educacio-valencia.es\/wp-content\/uploads\/2024\/02\/WhatsApp-Image-2024-02-28-at-14.00.20-1-800x600.jpeg 800w, https:\/\/educacio-valencia.es\/wp-content\/uploads\/2024\/02\/WhatsApp-Image-2024-02-28-at-14.00.20-1-1024x768.jpeg 1024w, https:\/\/educacio-valencia.es\/wp-content\/uploads\/2024\/02\/WhatsApp-Image-2024-02-28-at-14.00.20-1-1200x900.jpeg 1200w, https:\/\/educacio-valencia.es\/wp-content\/uploads\/2024\/02\/WhatsApp-Image-2024-02-28-at-14.00.20-1-1536x1152.jpeg 1536w, https:\/\/educacio-valencia.es\/wp-content\/uploads\/2024\/02\/WhatsApp-Image-2024-02-28-at-14.00.20-1.jpeg 1600w\" sizes=\"(max-width: 1600px) 100vw, 1600px\" \/><\/div><\/div><\/li><\/ul><div class=\"fusion-carousel-nav\"><span class=\"fusion-nav-prev\"><\/span><span class=\"fusion-nav-next\"><\/span><\/div><\/div><\/div><\/div><div class=\"fusion-clearfix\"><\/div><\/div><\/div><div class=\"fusion-layout-column fusion_builder_column fusion-builder-column-2 fusion_builder_column_2_5 2_5 fusion-two-fifth fusion-column-first\" style=\"width:40%;width:calc(40% - ( ( 4% ) * 0.4 ) );margin-right: 4%;margin-top:0px;margin-bottom:20px;\"><div class=\"fusion-column-wrapper fusion-flex-column-wrapper-legacy\" style=\"background-position:left top;background-repeat:no-repeat;-webkit-background-size:cover;-moz-background-size:cover;-o-background-size:cover;background-size:cover;padding: 0px 0px 0px 0px;\"><div class=\"fusion-clearfix\"><\/div><\/div><\/div><div class=\"fusion-layout-column fusion_builder_column fusion-builder-column-3 fusion_builder_column_3_5 3_5 fusion-three-fifth fusion-column-last\" style=\"width:60%;width:calc(60% - ( ( 4% ) * 0.6 ) );margin-top:0px;margin-bottom:20px;\"><div class=\"fusion-column-wrapper fusion-flex-column-wrapper-legacy\" style=\"background-position:left top;background-repeat:no-repeat;-webkit-background-size:cover;-moz-background-size:cover;-o-background-size:cover;background-size:cover;padding: 20px 0px 0px 0px;\"><div class=\"fusion-text fusion-text-2\" style=\"transform:translate3d(0,0,0);\"><div class=\"tablaEscuela\">\n<table width=\"100%\">\n<tbody>\n<tr>\n<td colspan=\"3\" align=\"left\"><strong>Oferta educativa \u2014 Primer Ciclo de Educaci\u00f3n Infantil (0-3 a\u00f1os)<\/strong><\/td>\n<\/tr>\n<tr>\n<td align=\"left\">\n<p class=\"p1\"><span class=\"s1\">Plazas autorizadas: 106<\/span><\/p>\n<\/td>\n<td align=\"center\">\n<p class=\"p1\"><span class=\"s1\">Unidades autorizadas: 8<\/span><\/p>\n<\/td>\n<td align=\"center\">\n<p class=\"p1\"><span class=\"s1\">2 Aulas autorizadas de 0 a 1 a\u00f1o con 8 alumnos\/as<br \/>\n<\/span><span class=\"s1\">1 Aulas autorizadas de 1 a 3 a\u00f1os con 15 alumnos\/as<br \/>\n<\/span><span class=\"s1\">3 Aulas autorizadas de 1 a 2 a\u00f1os con 13 alumnos\/as<br \/>\n<\/span><span class=\"s1\">2 Aulas autorizadas de 2 a 3 a\u00f1os con 18 alumnos\/as<\/span><\/p>\n<\/td>\n<\/tr>\n<\/tbody>\n<\/table>\n<\/div>\n<\/div><div class=\"fusion-text fusion-text-3\" style=\"transform:translate3d(0,0,0);\"><p><strong>Proyecto Educativo<\/strong><\/p>\n<p>En la Escuela Infantil Municipal Diputada Clara Campoamor, trabajamos en pro del crecimiento de las capacidades individuales de nuestros alumnos y alumnas para poder interactuar con el mundo que les rodea, ya que los primeros a\u00f1os de vida son fundamentales para el futuro desarrollo emocional, social, cognitivo y f\u00edsico de las personas.<br \/>\nFormamos un equipo comprometido con la labor que realizamos con nuestro alumnado, implic\u00e1ndonos en su proceso, en su cuidado, d\u00e1ndoles seguridad y haciendo que se sientan como en casa. Adem\u00e1s, en esta etapa son esenciales las vivencias para el futuro y es imprescindible contar con un entorno que favorezca las experiencias significativas, los est\u00edmulos multisensoriales y los recursos adecuados a la edad.<\/p>\n<p>En esta Escuela Infantil p\u00fablica, se busca que todos, en un marco de igualdad de oportunidades y de desarrollo humano, puedan acceder a las escuelas infantiles para poder cubrir su atenci\u00f3n y tener una educaci\u00f3n de calidad.<br \/>\nCreemos que la ense\u00f1anza debe realizarse fomentando un ambiente c\u00e1lido donde las familias tambi\u00e9n sean part\u00edcipes del desarrollo de sus hijos e hijas, haciendo de nuestra escuela una escuela para todos y todas. En el d\u00eda a d\u00eda en el aula, se prioriza una metodolog\u00eda activa y participativa centrada en los ni\u00f1os y las ni\u00f1as para estimular, a trav\u00e9s del juego, todas sus capacidades.<\/p>\n<\/div><div class=\"fusion-sep-clear\"><\/div><div class=\"fusion-separator fusion-full-width-sep\" style=\"margin-left: auto;margin-right: auto;margin-top:5px;margin-bottom:5px;width:100%;\"><div class=\"fusion-separator-border sep-single sep-solid\" style=\"border-color:#000000;border-top-width:1px;\"><\/div><\/div><div class=\"fusion-sep-clear\"><\/div><div class=\"fusion-text fusion-text-4\" style=\"transform:translate3d(0,0,0);\"><p class=\"p2\"><span class=\"s1\"><b>Relaci\u00f3n con las familias<\/b><\/span><\/p>\n<ul>\n<li>Reuniones individuales y grupales<\/li>\n<li>Celebraci\u00f3n de fiestas acompa\u00f1ados de las familias<\/li>\n<li>\u00a0Atenci\u00f3n individualizada<\/li>\n<li>\u00a0AMPA<\/li>\n<li>\u00a0Consejo escolar<\/li>\n<li>\u00a0Comunicaci\u00f3n diaria fluida<\/li>\n<li>\u00a0Escuela de madres y padres<\/li>\n<\/ul>\n<\/div><div class=\"fusion-sep-clear\"><\/div><div class=\"fusion-separator fusion-full-width-sep\" style=\"margin-left: auto;margin-right: auto;margin-top:5px;margin-bottom:5px;width:100%;\"><div class=\"fusion-separator-border sep-single sep-solid\" style=\"border-color:#000000;border-top-width:1px;\"><\/div><\/div><div class=\"fusion-sep-clear\"><\/div><div class=\"fusion-text fusion-text-5\" style=\"transform:translate3d(0,0,0);\"><p class=\"p1\"><span class=\"s1\"><b>Actividades y proyectos<\/b><\/span><\/p>\n<ul>\n<li>\u00a0Proyecto de psicomotricidad vivenciada<\/li>\n<li>Proyecto de biblioteca viajera<\/li>\n<li>\u00a0Proyecto de dramatizaci\u00f3n y cuenta cuentos<\/li>\n<li>\u00a0Salidas por el barrio<\/li>\n<li>\u00a0Actividades y fiestas para celebrar el Carnaval, las Fallas, Pascua, Navidad, el d\u00eda del libro, etc.<\/li>\n<li>\u00a0Talleres de arte y creatividad<\/li>\n<li>\u00a0Actividades de experimentaci\u00f3n con materiales sensoriales<\/li>\n<li>\u00a0Juego heur\u00edstico<\/li>\n<li>\u00a0Proyecto de m\u00fasica<\/li>\n<li>\u00a0Proyecto de alimentaci\u00f3n saludable<\/li>\n<\/ul>\n<\/div><div class=\"fusion-sep-clear\"><\/div><div class=\"fusion-separator fusion-full-width-sep\" style=\"margin-left: auto;margin-right: auto;margin-top:5px;margin-bottom:5px;width:100%;\"><div class=\"fusion-separator-border sep-single sep-solid\" style=\"border-color:#000000;border-top-width:1px;\"><\/div><\/div><div class=\"fusion-sep-clear\"><\/div><div class=\"fusion-text fusion-text-6\" style=\"transform:translate3d(0,0,0);\"><p class=\"p1\"><span class=\"s1\"><b>Servicios<\/b><\/span><\/p>\n<ul>\n<li>\u00a0Aulas adaptadas al alumnado con luz natural<\/li>\n<li>Patio abierto que favorece la interacci\u00f3n con el medio natural<\/li>\n<li>\u00a0Comedor escolar para atender las necesidades del alumnado, mediante men\u00fas ecol\u00f3gicos y equilibrados, elaborados con alimentos de proximidad.<\/li>\n<li>\u00a0Servicio de merienda<\/li>\n<li>\u00a0Almuerzos colaborativos y saludables<\/li>\n<li>\u00a0Gabinete psicopedag\u00f3gico municipal<\/li>\n<\/ul>\n<\/div><div class=\"fusion-sep-clear\"><\/div><div class=\"fusion-separator fusion-full-width-sep\" style=\"margin-left: auto;margin-right: auto;margin-top:5px;margin-bottom:5px;width:100%;\"><div class=\"fusion-separator-border sep-single sep-solid\" style=\"border-color:#000000;border-top-width:1px;\"><\/div><\/div><div class=\"fusion-sep-clear\"><\/div><div class=\"fusion-text fusion-text-7\" style=\"transform:translate3d(0,0,0);\"><p class=\"p1\"><span class=\"s1\"><b>Direcci\u00f3n \/ Atenci\u00f3n a familias<\/b><\/span><\/p>\n<ul class=\"ul1\">\n<li class=\"li2\">Solicitar cita previa. Lunes a viernes de 12:00 a 13:00 horas \/ mi\u00e9rcoles de 15:00- 16:00 horas.<\/li>\n<li>Escuela Infantil Diputada Clara Campoamor<br \/>\nC\/ Diputada Clara Campoamor, 18<br \/>\nTel\u00e9fono: 96 311 73 77 &#8211; 671 776 073<br \/>\neiclaracampoamor@valencia.es<\/li>\n<\/ul>\n<\/div><div class=\"fusion-clearfix\"><\/div><\/div><\/div><\/div><\/div>\n","protected":false},"excerpt":{"rendered":"","protected":false},"author":11,"featured_media":0,"parent":0,"menu_order":0,"comment_status":"closed","ping_status":"closed","template":"","meta":[],"_links":{"self":[{"href":"https:\/\/educacio-valencia.es\/es\/wp-json\/wp\/v2\/pages\/32943"}],"collection":[{"href":"https:\/\/educacio-valencia.es\/es\/wp-json\/wp\/v2\/pages"}],"about":[{"href":"https:\/\/educacio-valencia.es\/es\/wp-json\/wp\/v2\/types\/page"}],"author":[{"embeddable":true,"href":"https:\/\/educacio-valencia.es\/es\/wp-json\/wp\/v2\/users\/11"}],"replies":[{"embeddable":true,"href":"https:\/\/educacio-valencia.es\/es\/wp-json\/wp\/v2\/comments?post=32943"}],"version-history":[{"count":21,"href":"https:\/\/educacio-valencia.es\/es\/wp-json\/wp\/v2\/pages\/32943\/revisions"}],"predecessor-version":[{"id":46605,"href":"https:\/\/educacio-valencia.es\/es\/wp-json\/wp\/v2\/pages\/32943\/revisions\/46605"}],"wp:attachment":[{"href":"https:\/\/educacio-valencia.es\/es\/wp-json\/wp\/v2\/media?parent=32943"}],"curies":[{"name":"wp","href":"https:\/\/api.w.org\/{rel}","templated":true}]}}