{"id":32942,"date":"2017-08-04T12:53:51","date_gmt":"2017-08-04T10:53:51","guid":{"rendered":"https:\/\/educacio-valencia.es\/?page_id=32942"},"modified":"2026-03-16T09:42:26","modified_gmt":"2026-03-16T08:42:26","slug":"escuela-infantil-municipal-quatre-carreres","status":"publish","type":"page","link":"https:\/\/educacio-valencia.es\/es\/escuela-infantil-municipal-quatre-carreres\/","title":{"rendered":"Escuela Infantil Municipal Quatre Carreres"},"content":{"rendered":"<div class=\"fusion-fullwidth fullwidth-box fusion-builder-row-1 bloqueSeccion nonhundred-percent-fullwidth non-hundred-percent-height-scrolling\" style=\"background-color: rgba(255,255,255,0);background-position: center center;background-repeat: no-repeat;padding-top:10px;padding-right:0px;padding-bottom:0px;padding-left:0px;margin-bottom: 0px;margin-top: 0px;border-width: 0px 0px 0px 0px;border-color:#000000;border-style:solid;\" ><div class=\"fusion-builder-row fusion-row\"><div class=\"fusion-layout-column fusion_builder_column fusion-builder-column-0 fusion_builder_column_2_5 2_5 fusion-two-fifth fusion-column-first\" style=\"width:40%;width:calc(40% - ( ( 4% ) * 0.4 ) );margin-right: 4%;margin-top:0px;margin-bottom:20px;\"><div class=\"fusion-column-wrapper fusion-flex-column-wrapper-legacy\" style=\"background-position:left top;background-repeat:no-repeat;-webkit-background-size:cover;-moz-background-size:cover;-o-background-size:cover;background-size:cover;padding: 0px 0px 0px 0px;\"><style type=\"text\/css\"><\/style><div class=\"fusion-title title fusion-title-1 fusion-sep-none fusion-title-text fusion-title-size-two\" style=\"margin-top:0px;margin-bottom:10px;\"><h2 class=\"title-heading-left\" style=\"margin:0;\"><p><strong>Escuela Infantil Municipal Quatre Carreres<br \/>\n<\/strong><\/p>\n<p>Calle del Bomber Ram\u00f3n Duart ,7<br \/>\n46013 -Valencia<br \/>\nTel\u00e9fono: 963013221 \u2013 673855111<br \/>\n<a href=\"mailto:eiquatrecarreres@valencia.es\" target=\"_blank\" rel=\"noopener noreferrer\">eiquatrecarreres@valencia.es<\/a><\/p><\/h2><\/div><div class=\"fusion-text fusion-text-1\" style=\"transform:translate3d(0,0,0);\"><p><strong><a href=\"https:\/\/educacio-valencia.es\/wp-content\/uploads\/2024\/03\/TRIPTICO-EIM-QUATRE-CARRERES_compressed.pdf\">Tr\u00edptico de presentaci\u00f3n <\/a><\/strong><\/p>\n<\/div><span class=\" fusion-imageframe imageframe-none imageframe-1 hover-type-none\"><img width=\"2480\" height=\"3508\" title=\"JORNADA quatre carreres CAS 2026-2027_page-0001\" src=\"https:\/\/educacio-valencia.es\/wp-content\/uploads\/2026\/03\/JORNADA-quatre-carreres-CAS-2026-2027_page-0001.jpg\" class=\"img-responsive wp-image-46570\"\/><\/span><div class=\"fusion-clearfix\"><\/div><\/div><\/div><div class=\"fusion-layout-column fusion_builder_column fusion-builder-column-1 fusion_builder_column_3_5 3_5 fusion-three-fifth fusion-column-last marginCero\" style=\"width:60%;width:calc(60% - ( ( 4% ) * 0.6 ) );margin-top:0px;margin-bottom:20px;\"><div class=\"fusion-column-wrapper fusion-flex-column-wrapper-legacy\" style=\"background-position:left top;background-repeat:no-repeat;-webkit-background-size:cover;-moz-background-size:cover;-o-background-size:cover;background-size:cover;padding: 0px 0px 0px 0px;\"><div class=\"fusion-image-carousel fusion-image-carousel-auto paddingCero marginCero\"><div class=\"fusion-carousel\" data-autoplay=\"yes\" data-columns=\"1\" data-itemmargin=\"13\" data-itemwidth=\"180\" data-touchscroll=\"no\" data-imagesize=\"auto\"><div class=\"fusion-carousel-positioner\"><ul class=\"fusion-carousel-holder\"><li class=\"fusion-carousel-item\"><div class=\"fusion-carousel-item-wrapper\"><div class=\"fusion-image-wrapper hover-type-none\"><img width=\"1200\" height=\"800\" src=\"https:\/\/educacio-valencia.es\/wp-content\/uploads\/2020\/06\/cuatrecarreres_7.jpg\" class=\"attachment-full size-full\" alt=\"\" srcset=\"https:\/\/educacio-valencia.es\/wp-content\/uploads\/2020\/06\/cuatrecarreres_7-200x133.jpg 200w, https:\/\/educacio-valencia.es\/wp-content\/uploads\/2020\/06\/cuatrecarreres_7-300x200.jpg 300w, https:\/\/educacio-valencia.es\/wp-content\/uploads\/2020\/06\/cuatrecarreres_7-400x267.jpg 400w, https:\/\/educacio-valencia.es\/wp-content\/uploads\/2020\/06\/cuatrecarreres_7-600x400.jpg 600w, https:\/\/educacio-valencia.es\/wp-content\/uploads\/2020\/06\/cuatrecarreres_7-768x512.jpg 768w, https:\/\/educacio-valencia.es\/wp-content\/uploads\/2020\/06\/cuatrecarreres_7-800x533.jpg 800w, https:\/\/educacio-valencia.es\/wp-content\/uploads\/2020\/06\/cuatrecarreres_7-1024x683.jpg 1024w, https:\/\/educacio-valencia.es\/wp-content\/uploads\/2020\/06\/cuatrecarreres_7.jpg 1200w\" sizes=\"(max-width: 1200px) 100vw, 1200px\" \/><\/div><\/div><\/li><li class=\"fusion-carousel-item\"><div class=\"fusion-carousel-item-wrapper\"><div class=\"fusion-image-wrapper hover-type-none\"><img width=\"1200\" height=\"800\" src=\"https:\/\/educacio-valencia.es\/wp-content\/uploads\/2020\/06\/cuatrecarreres_6.jpg\" class=\"attachment-full size-full\" alt=\"\" srcset=\"https:\/\/educacio-valencia.es\/wp-content\/uploads\/2020\/06\/cuatrecarreres_6-200x133.jpg 200w, https:\/\/educacio-valencia.es\/wp-content\/uploads\/2020\/06\/cuatrecarreres_6-300x200.jpg 300w, https:\/\/educacio-valencia.es\/wp-content\/uploads\/2020\/06\/cuatrecarreres_6-400x267.jpg 400w, https:\/\/educacio-valencia.es\/wp-content\/uploads\/2020\/06\/cuatrecarreres_6-600x400.jpg 600w, https:\/\/educacio-valencia.es\/wp-content\/uploads\/2020\/06\/cuatrecarreres_6-768x512.jpg 768w, https:\/\/educacio-valencia.es\/wp-content\/uploads\/2020\/06\/cuatrecarreres_6-800x533.jpg 800w, https:\/\/educacio-valencia.es\/wp-content\/uploads\/2020\/06\/cuatrecarreres_6-1024x683.jpg 1024w, https:\/\/educacio-valencia.es\/wp-content\/uploads\/2020\/06\/cuatrecarreres_6.jpg 1200w\" sizes=\"(max-width: 1200px) 100vw, 1200px\" \/><\/div><\/div><\/li><li class=\"fusion-carousel-item\"><div class=\"fusion-carousel-item-wrapper\"><div class=\"fusion-image-wrapper hover-type-none\"><img width=\"1280\" height=\"957\" src=\"https:\/\/educacio-valencia.es\/wp-content\/uploads\/2020\/06\/cuatrecarreres_2.jpg\" class=\"attachment-full size-full\" alt=\"\" srcset=\"https:\/\/educacio-valencia.es\/wp-content\/uploads\/2020\/06\/cuatrecarreres_2-200x150.jpg 200w, https:\/\/educacio-valencia.es\/wp-content\/uploads\/2020\/06\/cuatrecarreres_2-300x224.jpg 300w, https:\/\/educacio-valencia.es\/wp-content\/uploads\/2020\/06\/cuatrecarreres_2-400x299.jpg 400w, https:\/\/educacio-valencia.es\/wp-content\/uploads\/2020\/06\/cuatrecarreres_2-600x449.jpg 600w, https:\/\/educacio-valencia.es\/wp-content\/uploads\/2020\/06\/cuatrecarreres_2-768x574.jpg 768w, https:\/\/educacio-valencia.es\/wp-content\/uploads\/2020\/06\/cuatrecarreres_2-800x598.jpg 800w, https:\/\/educacio-valencia.es\/wp-content\/uploads\/2020\/06\/cuatrecarreres_2-1024x766.jpg 1024w, https:\/\/educacio-valencia.es\/wp-content\/uploads\/2020\/06\/cuatrecarreres_2-1200x897.jpg 1200w, https:\/\/educacio-valencia.es\/wp-content\/uploads\/2020\/06\/cuatrecarreres_2.jpg 1280w\" sizes=\"(max-width: 1280px) 100vw, 1280px\" \/><\/div><\/div><\/li><li class=\"fusion-carousel-item\"><div class=\"fusion-carousel-item-wrapper\"><div class=\"fusion-image-wrapper hover-type-none\"><img width=\"1280\" height=\"960\" src=\"https:\/\/educacio-valencia.es\/wp-content\/uploads\/2020\/06\/cuatrecarreres_3.jpg\" class=\"attachment-full size-full\" alt=\"\" srcset=\"https:\/\/educacio-valencia.es\/wp-content\/uploads\/2020\/06\/cuatrecarreres_3-200x150.jpg 200w, https:\/\/educacio-valencia.es\/wp-content\/uploads\/2020\/06\/cuatrecarreres_3-300x225.jpg 300w, https:\/\/educacio-valencia.es\/wp-content\/uploads\/2020\/06\/cuatrecarreres_3-400x300.jpg 400w, https:\/\/educacio-valencia.es\/wp-content\/uploads\/2020\/06\/cuatrecarreres_3-600x450.jpg 600w, https:\/\/educacio-valencia.es\/wp-content\/uploads\/2020\/06\/cuatrecarreres_3-768x576.jpg 768w, https:\/\/educacio-valencia.es\/wp-content\/uploads\/2020\/06\/cuatrecarreres_3-800x600.jpg 800w, https:\/\/educacio-valencia.es\/wp-content\/uploads\/2020\/06\/cuatrecarreres_3-1024x768.jpg 1024w, https:\/\/educacio-valencia.es\/wp-content\/uploads\/2020\/06\/cuatrecarreres_3-1200x900.jpg 1200w, https:\/\/educacio-valencia.es\/wp-content\/uploads\/2020\/06\/cuatrecarreres_3.jpg 1280w\" sizes=\"(max-width: 1280px) 100vw, 1280px\" \/><\/div><\/div><\/li><li class=\"fusion-carousel-item\"><div class=\"fusion-carousel-item-wrapper\"><div class=\"fusion-image-wrapper hover-type-none\"><img width=\"1280\" height=\"960\" src=\"https:\/\/educacio-valencia.es\/wp-content\/uploads\/2020\/06\/cuatrecarreres_4.jpg\" class=\"attachment-full size-full\" alt=\"\" srcset=\"https:\/\/educacio-valencia.es\/wp-content\/uploads\/2020\/06\/cuatrecarreres_4-200x150.jpg 200w, https:\/\/educacio-valencia.es\/wp-content\/uploads\/2020\/06\/cuatrecarreres_4-300x225.jpg 300w, https:\/\/educacio-valencia.es\/wp-content\/uploads\/2020\/06\/cuatrecarreres_4-400x300.jpg 400w, https:\/\/educacio-valencia.es\/wp-content\/uploads\/2020\/06\/cuatrecarreres_4-600x450.jpg 600w, https:\/\/educacio-valencia.es\/wp-content\/uploads\/2020\/06\/cuatrecarreres_4-768x576.jpg 768w, https:\/\/educacio-valencia.es\/wp-content\/uploads\/2020\/06\/cuatrecarreres_4-800x600.jpg 800w, https:\/\/educacio-valencia.es\/wp-content\/uploads\/2020\/06\/cuatrecarreres_4-1024x768.jpg 1024w, https:\/\/educacio-valencia.es\/wp-content\/uploads\/2020\/06\/cuatrecarreres_4-1200x900.jpg 1200w, https:\/\/educacio-valencia.es\/wp-content\/uploads\/2020\/06\/cuatrecarreres_4.jpg 1280w\" sizes=\"(max-width: 1280px) 100vw, 1280px\" \/><\/div><\/div><\/li><li class=\"fusion-carousel-item\"><div class=\"fusion-carousel-item-wrapper\"><div class=\"fusion-image-wrapper hover-type-none\"><img width=\"1537\" height=\"1024\" src=\"https:\/\/educacio-valencia.es\/wp-content\/uploads\/2020\/06\/cuatrecarreres_0.jpg\" class=\"attachment-full size-full\" alt=\"\" srcset=\"https:\/\/educacio-valencia.es\/wp-content\/uploads\/2020\/06\/cuatrecarreres_0-200x133.jpg 200w, https:\/\/educacio-valencia.es\/wp-content\/uploads\/2020\/06\/cuatrecarreres_0-300x200.jpg 300w, https:\/\/educacio-valencia.es\/wp-content\/uploads\/2020\/06\/cuatrecarreres_0-400x266.jpg 400w, https:\/\/educacio-valencia.es\/wp-content\/uploads\/2020\/06\/cuatrecarreres_0-600x400.jpg 600w, https:\/\/educacio-valencia.es\/wp-content\/uploads\/2020\/06\/cuatrecarreres_0-768x512.jpg 768w, https:\/\/educacio-valencia.es\/wp-content\/uploads\/2020\/06\/cuatrecarreres_0-800x533.jpg 800w, https:\/\/educacio-valencia.es\/wp-content\/uploads\/2020\/06\/cuatrecarreres_0-1024x682.jpg 1024w, https:\/\/educacio-valencia.es\/wp-content\/uploads\/2020\/06\/cuatrecarreres_0-1200x799.jpg 1200w, https:\/\/educacio-valencia.es\/wp-content\/uploads\/2020\/06\/cuatrecarreres_0.jpg 1537w\" sizes=\"(max-width: 1537px) 100vw, 1537px\" \/><\/div><\/div><\/li><\/ul><div class=\"fusion-carousel-nav\"><span class=\"fusion-nav-prev\"><\/span><span class=\"fusion-nav-next\"><\/span><\/div><\/div><\/div><\/div><div class=\"fusion-clearfix\"><\/div><\/div><\/div><div class=\"fusion-layout-column fusion_builder_column fusion-builder-column-2 fusion_builder_column_2_5 2_5 fusion-two-fifth fusion-column-first\" style=\"width:40%;width:calc(40% - ( ( 4% ) * 0.4 ) );margin-right: 4%;margin-top:0px;margin-bottom:20px;\"><div class=\"fusion-column-wrapper fusion-flex-column-wrapper-legacy\" style=\"background-position:left top;background-repeat:no-repeat;-webkit-background-size:cover;-moz-background-size:cover;-o-background-size:cover;background-size:cover;padding: 0px 0px 0px 0px;\"><div class=\"fusion-clearfix\"><\/div><\/div><\/div><div class=\"fusion-layout-column fusion_builder_column fusion-builder-column-3 fusion_builder_column_3_5 3_5 fusion-three-fifth fusion-column-last\" style=\"width:60%;width:calc(60% - ( ( 4% ) * 0.6 ) );margin-top:0px;margin-bottom:20px;\"><div class=\"fusion-column-wrapper fusion-flex-column-wrapper-legacy\" style=\"background-position:left top;background-repeat:no-repeat;-webkit-background-size:cover;-moz-background-size:cover;-o-background-size:cover;background-size:cover;padding: 20px 0px 0px 0px;\"><div class=\"fusion-text fusion-text-2\" style=\"transform:translate3d(0,0,0);\"><div class=\"tablaEscuela\">\n<table width=\"100%\">\n<tbody>\n<tr>\n<td colspan=\"3\" align=\"left\"><strong><strong>Oferta educativa \u2014 <\/strong>Primer Ciclo de Educaci\u00f3n Infantil (0-3 a\u00f1os)<\/strong><\/td>\n<\/tr>\n<tr>\n<td align=\"left\">Plazas autorizadas: 123<\/td>\n<td align=\"center\">\n<p class=\"p1\"><span class=\"s1\">Unidades autorizadas: 9<\/span><\/p>\n<\/td>\n<td align=\"center\">2 Aulas autorizadas de 0 a 1 a\u00f1os con 8 alumnos\/as<br \/>\n1 Aula autorizada de 0 a 2 a\u00f1os con 8 alumnos\/as<br \/>\n3 Aulas autorizadas de 1 a 2 a\u00f1os con 13 alumnos\/as<br \/>\n3 Aulas autorizadas de 2 a 3 a\u00f1os con 20 alumnos\/as<\/td>\n<\/tr>\n<\/tbody>\n<\/table>\n<\/div>\n<\/div><div class=\"fusion-text fusion-text-3\" style=\"transform:translate3d(0,0,0);\"><p><strong>Proyecto educativo<\/strong><\/p>\n<p>Nuestro proyecto educativo parte del aprendizaje mediante la observaci\u00f3n, la experimentaci\u00f3n y la manipulaci\u00f3n, donde el juego se convierte en el motor de la ense\u00f1anza proporcionando a los ni\u00f1os y ni\u00f1as todo el protagonismo en este proceso, respetando su libertad de movimiento y favoreciendo la conquista de su autonom\u00eda en un entorno completamente adecuado a sus necesidades.<br \/>\nEs un proyecto democr\u00e1tico y participativo, en el que se respeta la identidad de los m\u00e1s peque\u00f1os, promoviendo la socializaci\u00f3n, la individualizaci\u00f3n y la coeducaci\u00f3n.<br \/>\nEntendemos la relaci\u00f3n personal que se establece con todo el personal educativo como una fuente de seguridad para el infante, indispensable para su desarrollo personal.<\/p>\n<\/div><div class=\"fusion-sep-clear\"><\/div><div class=\"fusion-separator fusion-full-width-sep\" style=\"margin-left: auto;margin-right: auto;margin-top:5px;margin-bottom:5px;width:100%;\"><div class=\"fusion-separator-border sep-single sep-solid\" style=\"border-color:#000000;border-top-width:1px;\"><\/div><\/div><div class=\"fusion-sep-clear\"><\/div><div class=\"fusion-text fusion-text-4\" style=\"transform:translate3d(0,0,0);\"><p class=\"p1\"><span class=\"s1\"><b>Relaci\u00f3n con las familias<\/b><\/span><\/p>\n<ul class=\"ul1\">\n<li class=\"li3\"><span class=\"s1\">Entradas y salidas relajadas<\/span><\/li>\n<li class=\"li3\"><span class=\"s1\">Per\u00edodo de acogida participativo<\/span><\/li>\n<li class=\"li3\"><span class=\"s1\">Reuniones trimestrales<\/span><\/li>\n<li class=\"li3\"><span class=\"s1\">Tutor\u00edas<\/span><\/li>\n<li class=\"li3\"><span class=\"s1\">Talleres participativos<\/span><\/li>\n<li class=\"li3\"><span class=\"s1\">Fiestas: Fiesta de Bienvenida, Val\u00e8ncia Ciudad Educadora, Navidad, Fallas y fin de curso<\/span><\/li>\n<li class=\"li3\"><span class=\"s1\">AMPA<\/span><\/li>\n<li class=\"li3\"><span class=\"s1\">Consejo Escolar<\/span><\/li>\n<li class=\"li3\"><span class=\"s1\">Excursiones con las familias<\/span><\/li>\n<li class=\"li3\"><span class=\"s1\">Jornadas de puertas abiertas<\/span><\/li>\n<li class=\"li3\"><span class=\"s1\">Escuela de madres y padres<\/span><\/li>\n<\/ul>\n<\/div><div class=\"fusion-sep-clear\"><\/div><div class=\"fusion-separator fusion-full-width-sep\" style=\"margin-left: auto;margin-right: auto;margin-top:5px;margin-bottom:5px;width:100%;\"><div class=\"fusion-separator-border sep-single sep-solid\" style=\"border-color:#000000;border-top-width:1px;\"><\/div><\/div><div class=\"fusion-sep-clear\"><\/div><div class=\"fusion-text fusion-text-5\" style=\"transform:translate3d(0,0,0);\"><p><strong>Actividades y proyectos<\/strong><\/p>\n<ul>\n<li>Proyecto de psicomotricidad vivenciada<\/li>\n<li>Proyecto de provocaciones<\/li>\n<li>Proyecto de m\u00fasica<\/li>\n<li>Proyecto de huerta escolar<\/li>\n<li>Proyecto de biblioteca viajera<\/li>\n<li>Proyecto de dramatizaci\u00f3n y cuenta cuentos<\/li>\n<li>Salidas por el barrio, al teatro, al parque de Bomberos, a la biblioteca, al museo, etc.<\/li>\n<li>Actividades y fiestas para celebrar el D\u00eda de la Tierra, el Carnaval, las Fallas, el D\u00eda del Libro, etc.<\/li>\n<li>Actividades de experimentaci\u00f3n con materiales sensoriales, luz y juego heur\u00edstico.<\/li>\n<\/ul>\n<\/div><div class=\"fusion-sep-clear\"><\/div><div class=\"fusion-separator fusion-full-width-sep\" style=\"margin-left: auto;margin-right: auto;margin-top:5px;margin-bottom:5px;width:100%;\"><div class=\"fusion-separator-border sep-single sep-solid\" style=\"border-color:#000000;border-top-width:1px;\"><\/div><\/div><div class=\"fusion-sep-clear\"><\/div><div class=\"fusion-text fusion-text-6\" style=\"transform:translate3d(0,0,0);\"><p><strong>Servicios<\/strong><\/p>\n<ul>\n<li>Gabinete Psicopedag\u00f3gico Municipal<\/li>\n<li>Servicio de comedor escolar con cocina propia y proyecto de alimentaci\u00f3n saludable<\/li>\n<li>Almuerzos colaborativos y saludables<\/li>\n<li>Espacios del centro adaptados al alumnado de 0-3 a\u00f1os con gran iluminaci\u00f3n natural<\/li>\n<li>Amplio y luminoso jard\u00edn de juegos con zonas de tierra<\/li>\n<li>Aulas de psicomotricidad y luz negra<\/li>\n<li>Espacios adaptados para el descanso con camas y cunas<\/li>\n<\/ul>\n<\/div><div class=\"fusion-sep-clear\"><\/div><div class=\"fusion-separator fusion-full-width-sep\" style=\"margin-left: auto;margin-right: auto;margin-top:5px;margin-bottom:5px;width:100%;\"><div class=\"fusion-separator-border sep-single sep-solid\" style=\"border-color:#000000;border-top-width:1px;\"><\/div><\/div><div class=\"fusion-sep-clear\"><\/div><div class=\"fusion-text fusion-text-7\" style=\"transform:translate3d(0,0,0);\"><p class=\"p1\"><span class=\"s1\"><b>Direcci\u00f3n \/ Atenci\u00f3n familias<\/b><\/span><\/p>\n<ul>\n<li class=\"p1\">De lunes a viernes de 9:00 a 9:30h y de 12:00 a 13:00h.<\/li>\n<li class=\"p1\"><span class=\"s1\">Mi\u00e9rcoles de 15:00 a 16:00h.<\/span><\/li>\n<\/ul>\n<\/div><div class=\"fusion-clearfix\"><\/div><\/div><\/div><\/div><\/div>\n","protected":false},"excerpt":{"rendered":"","protected":false},"author":5,"featured_media":0,"parent":0,"menu_order":0,"comment_status":"closed","ping_status":"closed","template":"","meta":[],"_links":{"self":[{"href":"https:\/\/educacio-valencia.es\/es\/wp-json\/wp\/v2\/pages\/32942"}],"collection":[{"href":"https:\/\/educacio-valencia.es\/es\/wp-json\/wp\/v2\/pages"}],"about":[{"href":"https:\/\/educacio-valencia.es\/es\/wp-json\/wp\/v2\/types\/page"}],"author":[{"embeddable":true,"href":"https:\/\/educacio-valencia.es\/es\/wp-json\/wp\/v2\/users\/5"}],"replies":[{"embeddable":true,"href":"https:\/\/educacio-valencia.es\/es\/wp-json\/wp\/v2\/comments?post=32942"}],"version-history":[{"count":5,"href":"https:\/\/educacio-valencia.es\/es\/wp-json\/wp\/v2\/pages\/32942\/revisions"}],"predecessor-version":[{"id":46603,"href":"https:\/\/educacio-valencia.es\/es\/wp-json\/wp\/v2\/pages\/32942\/revisions\/46603"}],"wp:attachment":[{"href":"https:\/\/educacio-valencia.es\/es\/wp-json\/wp\/v2\/media?parent=32942"}],"curies":[{"name":"wp","href":"https:\/\/api.w.org\/{rel}","templated":true}]}}