{"id":28292,"date":"2021-06-28T10:37:16","date_gmt":"2021-06-28T08:37:16","guid":{"rendered":"https:\/\/educacio-valencia.es\/?page_id=28292"},"modified":"2021-08-23T12:59:45","modified_gmt":"2021-08-23T10:59:45","slug":"proceso-de-escolarizacion","status":"publish","type":"page","link":"https:\/\/educacio-valencia.es\/es\/proceso-de-escolarizacion\/","title":{"rendered":"Proceso de escolarizaci\u00f3n"},"content":{"rendered":"<p>Una vez ejecutados correctamente los pasos anteriores la OME requiere al solicitante la documentaci\u00f3n necesaria e indispensable que ha de aportar.<\/p>\n<p>Revisada dicha documentaci\u00f3n, y tras comprobar y verificar que se trata efectivamente de una escolarizaci\u00f3n sobrevenida, la OME autoriza la escolarizaci\u00f3n permitiendo al solicitante que elija libremente y se autoadjudique el centro educativo con plaza vacante que desee durante 3 dias, esto es, el mismo dia que se le autoriza el acceso a PortES, y los dos dias siguientes.<\/p>\n<p>Tras la autoadjudicaci\u00f3n el solicitante ha de personarse en el centro elegido para formalizar la matr\u00edcula. La validez de esta adjudicaci\u00f3n es de 3 d\u00edas lectivos a partir de la fecha de dicha autoadjudicaci\u00f3n.<\/p>\n","protected":false},"excerpt":{"rendered":"<p>Una vez ejecutados correctamente los pasos anteriores la OME requiere al solicitante la documentaci\u00f3n necesaria e indispensable que ha de aportar. Revisada dicha documentaci\u00f3n, y tras comprobar y verificar que se trata efectivamente de una [&hellip;]<\/p>\n","protected":false},"author":13,"featured_media":0,"parent":0,"menu_order":0,"comment_status":"closed","ping_status":"closed","template":"","meta":[],"_links":{"self":[{"href":"https:\/\/educacio-valencia.es\/es\/wp-json\/wp\/v2\/pages\/28292"}],"collection":[{"href":"https:\/\/educacio-valencia.es\/es\/wp-json\/wp\/v2\/pages"}],"about":[{"href":"https:\/\/educacio-valencia.es\/es\/wp-json\/wp\/v2\/types\/page"}],"author":[{"embeddable":true,"href":"https:\/\/educacio-valencia.es\/es\/wp-json\/wp\/v2\/users\/13"}],"replies":[{"embeddable":true,"href":"https:\/\/educacio-valencia.es\/es\/wp-json\/wp\/v2\/comments?post=28292"}],"version-history":[{"count":4,"href":"https:\/\/educacio-valencia.es\/es\/wp-json\/wp\/v2\/pages\/28292\/revisions"}],"predecessor-version":[{"id":29359,"href":"https:\/\/educacio-valencia.es\/es\/wp-json\/wp\/v2\/pages\/28292\/revisions\/29359"}],"wp:attachment":[{"href":"https:\/\/educacio-valencia.es\/es\/wp-json\/wp\/v2\/media?parent=28292"}],"curies":[{"name":"wp","href":"https:\/\/api.w.org\/{rel}","templated":true}]}}