{"id":28058,"date":"2021-06-25T09:54:41","date_gmt":"2021-06-25T07:54:41","guid":{"rendered":"https:\/\/educacio-valencia.es\/?page_id=28058"},"modified":"2025-09-24T09:36:19","modified_gmt":"2025-09-24T07:36:19","slug":"manual-portes","status":"publish","type":"page","link":"https:\/\/educacio-valencia.es\/es\/manual-portes\/","title":{"rendered":"MANUAL PortES WEB"},"content":{"rendered":"<p><strong>\u00a1\u00a1\u00a1L\u00c9ALO, POR FAVOR!!!!:<\/strong><\/p>\n<p>Recoge las indicaciones, paso a paso, para descargarse AppVal\u00e8ncia en su dispositivo m\u00f3vil, inscribirse en PortEs y registrar las solicitudes de plaza escolar a las familias con hijos\/as, en el periodo de escolarizaci\u00f3n sobrevenida exclusivamente, en: E. Infantil, Segundo Ciclo, E. Primaria y Educaci\u00f3n Secundaria Obligatoria.<\/p>\n<p><span style=\"color: #0000ff;\"><a style=\"color: #0000ff;\" href=\"https:\/\/educacio-valencia.es\/wp-content\/uploads\/2025\/09\/Manual_PortES_ACCESO_C-c_1.pdf\" target=\"_blank\" rel=\"noopener\"><strong>Manual para descarga y registro en PortES\u00a0\u00a0<\/strong><\/a><\/span><\/p>\n<p><span style=\"color: #0000ff;\"><a style=\"color: #0000ff;\" href=\"https:\/\/educacio-valencia.es\/wp-content\/uploads\/2025\/09\/Manual_PortES_SOLICITUD_C_1.pdf\" target=\"_blank\" rel=\"noopener\"><strong>Manual para solicitar plaza escolar<\/strong><\/a><\/span><\/p>\n","protected":false},"excerpt":{"rendered":"<p>\u00a1\u00a1\u00a1L\u00c9ALO, POR FAVOR!!!!: Recoge las indicaciones, paso a paso, para descargarse AppVal\u00e8ncia en su dispositivo m\u00f3vil, inscribirse en PortEs y registrar las solicitudes de plaza escolar a las familias con hijos\/as, en el periodo de [&hellip;]<\/p>\n","protected":false},"author":13,"featured_media":0,"parent":0,"menu_order":0,"comment_status":"closed","ping_status":"closed","template":"","meta":[],"_links":{"self":[{"href":"https:\/\/educacio-valencia.es\/es\/wp-json\/wp\/v2\/pages\/28058"}],"collection":[{"href":"https:\/\/educacio-valencia.es\/es\/wp-json\/wp\/v2\/pages"}],"about":[{"href":"https:\/\/educacio-valencia.es\/es\/wp-json\/wp\/v2\/types\/page"}],"author":[{"embeddable":true,"href":"https:\/\/educacio-valencia.es\/es\/wp-json\/wp\/v2\/users\/13"}],"replies":[{"embeddable":true,"href":"https:\/\/educacio-valencia.es\/es\/wp-json\/wp\/v2\/comments?post=28058"}],"version-history":[{"count":19,"href":"https:\/\/educacio-valencia.es\/es\/wp-json\/wp\/v2\/pages\/28058\/revisions"}],"predecessor-version":[{"id":45127,"href":"https:\/\/educacio-valencia.es\/es\/wp-json\/wp\/v2\/pages\/28058\/revisions\/45127"}],"wp:attachment":[{"href":"https:\/\/educacio-valencia.es\/es\/wp-json\/wp\/v2\/media?parent=28058"}],"curies":[{"name":"wp","href":"https:\/\/api.w.org\/{rel}","templated":true}]}}