{"id":28056,"date":"2021-06-25T09:54:20","date_gmt":"2021-06-25T07:54:20","guid":{"rendered":"https:\/\/educacio-valencia.es\/?page_id=28056"},"modified":"2021-08-23T13:03:52","modified_gmt":"2021-08-23T11:03:52","slug":"importantisimo","status":"publish","type":"page","link":"https:\/\/educacio-valencia.es\/es\/importantisimo\/","title":{"rendered":"Important\u00edsimo !!!"},"content":{"rendered":"<p><strong>MUY IMPORTANTE !!!<\/strong><\/p>\n<p>\u2022 S\u00d3LO HA DE REGISTRARSE UN \u00daNICO USUARIO POR UNIDAD FAMILIAR: PROCEDER DE OTRO MODO HACE QUE USTED MISMO ESTE RETRASANDO LA ESCOLARIZACI\u00d3N DE SU HIJO\/A.<\/p>\n<p>\u2022 LA ELECCI\u00d3N Y AUTOADJUDIACCI\u00d3N DEL CENTRO ESCOLAR POR PARTE DEL SOLICITANTE DEBE SER INFORMADA Y RESPONSABLE, YA QUE, ES EL CENTRO DONDE HA DE ACABAR EL CURSO ESCOLAR. ANTES DE AUTOADJUDIC\u00c1RSELO, SI TIENE ALGUNA DUDA, CONTACTE CON EL CENTRO O PERS\u00d3NESE EN EL MISMO PARA ACLARAR LAS DUDAS QUE TENGA.<\/p>\n<p>\u2022 LA AUTORIZACI\u00d3N DE PORTES PARA ESCOLARIZAR TIENE UNA VALIDEZ DE TRES D\u00cdAS: EL MISMO D\u00cdA Y LOS DOS D\u00cdAS SIGUIENTES.<\/p>\n<p>\u2022 LA VALIDEZ DE LA AUTOADJUDICACI\u00d3N DE PLAZA ESCOLAR POR EL SOLICITANTE, UNA VEZ EMITIDO EL PDF CON LA ADJUDICACI\u00d3N, ES DE: 3 D\u00cdAS LECTIVOS A PARTIR DE LA FECHA DE DICHA AUTOADJUDICACI\u00d3N.<\/p>\n","protected":false},"excerpt":{"rendered":"<p>MUY IMPORTANTE !!! \u2022 S\u00d3LO HA DE REGISTRARSE UN \u00daNICO USUARIO POR UNIDAD FAMILIAR: PROCEDER DE OTRO MODO HACE QUE USTED MISMO ESTE RETRASANDO LA ESCOLARIZACI\u00d3N DE SU HIJO\/A. \u2022 LA ELECCI\u00d3N Y AUTOADJUDIACCI\u00d3N DEL [&hellip;]<\/p>\n","protected":false},"author":13,"featured_media":0,"parent":0,"menu_order":0,"comment_status":"closed","ping_status":"closed","template":"","meta":[],"_links":{"self":[{"href":"https:\/\/educacio-valencia.es\/es\/wp-json\/wp\/v2\/pages\/28056"}],"collection":[{"href":"https:\/\/educacio-valencia.es\/es\/wp-json\/wp\/v2\/pages"}],"about":[{"href":"https:\/\/educacio-valencia.es\/es\/wp-json\/wp\/v2\/types\/page"}],"author":[{"embeddable":true,"href":"https:\/\/educacio-valencia.es\/es\/wp-json\/wp\/v2\/users\/13"}],"replies":[{"embeddable":true,"href":"https:\/\/educacio-valencia.es\/es\/wp-json\/wp\/v2\/comments?post=28056"}],"version-history":[{"count":7,"href":"https:\/\/educacio-valencia.es\/es\/wp-json\/wp\/v2\/pages\/28056\/revisions"}],"predecessor-version":[{"id":29361,"href":"https:\/\/educacio-valencia.es\/es\/wp-json\/wp\/v2\/pages\/28056\/revisions\/29361"}],"wp:attachment":[{"href":"https:\/\/educacio-valencia.es\/es\/wp-json\/wp\/v2\/media?parent=28056"}],"curies":[{"name":"wp","href":"https:\/\/api.w.org\/{rel}","templated":true}]}}