{"id":28054,"date":"2021-06-25T09:53:56","date_gmt":"2021-06-25T07:53:56","guid":{"rendered":"https:\/\/educacio-valencia.es\/?page_id=28054"},"modified":"2022-10-07T11:13:10","modified_gmt":"2022-10-07T09:13:10","slug":"documentacion-indispensable-a-aportar","status":"publish","type":"page","link":"https:\/\/educacio-valencia.es\/es\/documentacion-indispensable-a-aportar\/","title":{"rendered":"Documentaci\u00f3n indispensable a aportar"},"content":{"rendered":"<div class=\"fusion-fullwidth fullwidth-box fusion-builder-row-1 fusion-flex-container nonhundred-percent-fullwidth non-hundred-percent-height-scrolling\" style=\"background-color: rgba(255,255,255,0);background-position: center center;background-repeat: no-repeat;border-width: 0px 0px 0px 0px;border-color:#eae9e9;border-style:solid;\" ><div class=\"fusion-builder-row fusion-row fusion-flex-align-items-flex-start\" style=\"max-width:5083.52px;margin-left: calc(-4% \/ 2 );margin-right: calc(-4% \/ 2 );\"><div class=\"fusion-layout-column fusion_builder_column fusion-builder-column-0 fusion_builder_column_1_3 1_3 fusion-flex-column\"><div class=\"fusion-column-wrapper fusion-flex-justify-content-flex-start fusion-content-layout-column\" style=\"background-position:left top;background-repeat:no-repeat;-webkit-background-size:cover;-moz-background-size:cover;-o-background-size:cover;background-size:cover;padding: 0px 0px 0px 0px;\"><div ><span class=\" fusion-imageframe imageframe-none imageframe-1 hover-type-none\" style=\"border:2px solid #000000;\"><img width=\"844\" height=\"547\" title=\"Document 3 p\" src=\"https:\/\/educacio-valencia.es\/wp-content\/uploads\/2022\/09\/Document-3-p.jpg\" class=\"img-responsive wp-image-33756\" srcset=\"https:\/\/educacio-valencia.es\/wp-content\/uploads\/2022\/09\/Document-3-p-200x130.jpg 200w, https:\/\/educacio-valencia.es\/wp-content\/uploads\/2022\/09\/Document-3-p-400x259.jpg 400w, https:\/\/educacio-valencia.es\/wp-content\/uploads\/2022\/09\/Document-3-p-600x389.jpg 600w, https:\/\/educacio-valencia.es\/wp-content\/uploads\/2022\/09\/Document-3-p-800x518.jpg 800w, https:\/\/educacio-valencia.es\/wp-content\/uploads\/2022\/09\/Document-3-p.jpg 844w\" sizes=\"(max-width: 1024px) 100vw, (max-width: 640px) 100vw, 844px\" \/><\/span><\/div><div class=\"fusion-text fusion-text-1\" style=\"transform:translate3d(0,0,0);\"><p>Documentaci\u00f3 obligat\u00f2ria<\/p>\n<\/div><\/div><\/div><style type=\"text\/css\">.fusion-body .fusion-builder-column-0{width:33.333333333333% !important;margin-top : 0px;margin-bottom : 20px;}.fusion-builder-column-0 > .fusion-column-wrapper {padding-top : 0px !important;padding-right : 0px !important;margin-right : 5.76%;padding-bottom : 0px !important;padding-left : 0px !important;margin-left : 5.76%;}@media only screen and (max-width:1024px) {.fusion-body .fusion-builder-column-0{width:100% !important;order : 0;}.fusion-builder-column-0 > .fusion-column-wrapper {margin-right : 1.92%;margin-left : 1.92%;}}@media only screen and (max-width:640px) {.fusion-body .fusion-builder-column-0{width:100% !important;order : 0;}.fusion-builder-column-0 > .fusion-column-wrapper {margin-right : 1.92%;margin-left : 1.92%;}}<\/style><div class=\"fusion-layout-column fusion_builder_column fusion-builder-column-1 fusion_builder_column_2_3 2_3 fusion-flex-column\"><div class=\"fusion-column-wrapper fusion-flex-justify-content-flex-start fusion-content-layout-column\" style=\"background-position:left top;background-repeat:no-repeat;-webkit-background-size:cover;-moz-background-size:cover;-o-background-size:cover;background-size:cover;padding: 0px 0px 0px 0px;\"><div class=\"fusion-text fusion-text-2\" style=\"transform:translate3d(0,0,0);\"><h4>DOCUMENTACI\u00d3N A PRESENTAR<\/h4>\n<ul>\n<li><strong>DNI<\/strong>, PASAPORTE, NIE o cualquier otro documento de identidad del pa\u00eds de procedencia del padre\/ madre, tutor\/a, o representante legal.<\/li>\n<li><strong>Libro<\/strong>de\u00a0<strong>familia .<\/strong>En caso de no tenerlo, se aportar\u00e1 documento equivalente donde conste: nombre y apellidos del\/la menor, filiaci\u00f3n, lugar y fecha de nacimiento, como es: registro civil, partida o certificado de nacimiento.<\/li>\n<li><strong>Justificante\u00a0<\/strong><strong>de\u00a0domicilio\u00a0<\/strong><\/li>\n<\/ul>\n<p><strong>-Si la escolarizaci\u00f3n es por domicilio familiar:<\/strong><\/p>\n<p>Contrato de alquiler o compra de la vivienda a nombre del padre\/madre, o persona que ejerza la tutela legal, u, otro documento acreditativo del domicilio familiar. En ambos casos, s\u00f3lo si hay simultaneidad de fechas entre el contrato\/documento y la solicitud de plaza escolar.<\/p>\n<p><strong>\u00daNICAMENTE se admitir\u00e1 alguno de estos documentos CUANDO SEA IMPOSIBLE el EMPADRONAMIENTO. <\/strong>Ha de existir simultaneidad de fechas entre el alta en el Padr\u00f3n Municipal y la solicitud de plaza escolar. Si se est\u00e1 empadronado\/a \u00a0no hay que aportar el certificado de empadronamiento.<\/p>\n<p><strong>-Si la escolarizaci\u00f3n es por domicilio laboral:<\/strong><\/p>\n<p>Documento que acredite suficientemente la relaci\u00f3n laboral y el domicilio del centro de trabajo del padre, madre, tutor\/a o representante legal. <u>Ha\u00a0 de existir simultaneidad de fechas entre el contrato y la solicitud de plaza escolar<\/u>.<\/p>\n<p>Se considera como domicilio familiar o laboral el de la persona que tenga la guarda y custodia del alumno\/a. Si la guarda y custodia es compartida nicamente se podr\u00e1 optar por uno de los domicilios de las personas progenitoras.<\/p>\n<p><strong>En los casos de acogimiento, adem\u00e1s:<\/strong><\/p>\n<p>-Documento legal que acredite dicho acogimiento (Direcci\u00f3n Territorial de la Conseller\u00eda de Igualdad y Pol\u00edticas Inclusivas).<\/p>\n<p>-DNI o pasaporte de la persona o personas sobre las que recaiga el acogimiento.<\/p>\n<p><strong>S\u00f3lo para alumnado procedente del sistema educativo espa\u00f1ol cuando tenga que ser escolarizado en un curso que no le corresponde por a\u00f1o de nacimiento, imprescindible presentar:<\/strong><\/p>\n<p><strong>&#8211;<\/strong>\u00a0Certificado de matr\u00edcula del centro educativo de procedencia, indicando el curso en el que se encuentra matriculado o al que promociona.<\/p>\n<p><strong><em>NOTA:<\/em><\/strong><\/p>\n<p>-La Administraci\u00f3n podr\u00e1 comprobar la identidad de las personas interesadas, as\u00ed como el empadronamiento.<\/p>\n<p>-Los\/as interesados\/as tienen derecho a no presentar los documentos que ya se encuentren en poder de la Administraci\u00f3n.<\/p>\n<p>-En casos excepcionales y ante la imposibilidad de presentar alguno de estos documentos se suplir\u00e1 mediante el informe que proceda emitido por la Administraci\u00f3n, Organismo, o Entidad Oficial correspondiente.<\/p>\n<\/div><\/div><\/div><style type=\"text\/css\">.fusion-body .fusion-builder-column-1{width:66.666666666667% !important;margin-top : 0px;margin-bottom : 20px;}.fusion-builder-column-1 > .fusion-column-wrapper {padding-top : 0px !important;padding-right : 0px !important;margin-right : 2.88%;padding-bottom : 0px !important;padding-left : 0px !important;margin-left : 2.88%;}@media only screen and (max-width:1024px) {.fusion-body .fusion-builder-column-1{width:100% !important;order : 0;}.fusion-builder-column-1 > .fusion-column-wrapper {margin-right : 1.92%;margin-left : 1.92%;}}@media only screen and (max-width:640px) {.fusion-body .fusion-builder-column-1{width:100% !important;order : 0;}.fusion-builder-column-1 > .fusion-column-wrapper {margin-right : 1.92%;margin-left : 1.92%;}}<\/style><\/div><style type=\"text\/css\">.fusion-body .fusion-flex-container.fusion-builder-row-1{ padding-top : 0px;margin-top : 0px;padding-right : 0px;padding-bottom : 0px;margin-bottom : 0px;padding-left : 0px;}<\/style><\/div>\n","protected":false},"excerpt":{"rendered":"","protected":false},"author":13,"featured_media":0,"parent":0,"menu_order":0,"comment_status":"closed","ping_status":"closed","template":"","meta":[],"_links":{"self":[{"href":"https:\/\/educacio-valencia.es\/es\/wp-json\/wp\/v2\/pages\/28054"}],"collection":[{"href":"https:\/\/educacio-valencia.es\/es\/wp-json\/wp\/v2\/pages"}],"about":[{"href":"https:\/\/educacio-valencia.es\/es\/wp-json\/wp\/v2\/types\/page"}],"author":[{"embeddable":true,"href":"https:\/\/educacio-valencia.es\/es\/wp-json\/wp\/v2\/users\/13"}],"replies":[{"embeddable":true,"href":"https:\/\/educacio-valencia.es\/es\/wp-json\/wp\/v2\/comments?post=28054"}],"version-history":[{"count":15,"href":"https:\/\/educacio-valencia.es\/es\/wp-json\/wp\/v2\/pages\/28054\/revisions"}],"predecessor-version":[{"id":34099,"href":"https:\/\/educacio-valencia.es\/es\/wp-json\/wp\/v2\/pages\/28054\/revisions\/34099"}],"wp:attachment":[{"href":"https:\/\/educacio-valencia.es\/es\/wp-json\/wp\/v2\/media?parent=28054"}],"curies":[{"name":"wp","href":"https:\/\/api.w.org\/{rel}","templated":true}]}}