{"id":28052,"date":"2021-06-25T09:53:32","date_gmt":"2021-06-25T07:53:32","guid":{"rendered":"https:\/\/educacio-valencia.es\/?page_id=28052"},"modified":"2022-10-07T11:36:08","modified_gmt":"2022-10-07T09:36:08","slug":"itinerario","status":"publish","type":"page","link":"https:\/\/educacio-valencia.es\/es\/itinerario\/","title":{"rendered":"Itinerario"},"content":{"rendered":"<div class=\"fusion-fullwidth fullwidth-box fusion-builder-row-1 fusion-flex-container nonhundred-percent-fullwidth non-hundred-percent-height-scrolling\" style=\"background-color: rgba(255,255,255,0);background-position: center center;background-repeat: no-repeat;border-width: 0px 0px 0px 0px;border-color:#eae9e9;border-style:solid;\" ><div class=\"fusion-builder-row fusion-row fusion-flex-align-items-flex-start\" style=\"max-width:5083.52px;margin-left: calc(-4% \/ 2 );margin-right: calc(-4% \/ 2 );\"><div class=\"fusion-layout-column fusion_builder_column fusion-builder-column-0 fusion_builder_column_1_3 1_3 fusion-flex-column\"><div class=\"fusion-column-wrapper fusion-flex-justify-content-flex-start fusion-content-layout-column\" style=\"background-position:left top;background-repeat:no-repeat;-webkit-background-size:cover;-moz-background-size:cover;-o-background-size:cover;background-size:cover;padding: 0px 0px 0px 0px;\"><div class=\"fusion-text fusion-text-1\" style=\"transform:translate3d(0,0,0);\"><p><strong>Pasos a seguir<\/strong><\/p>\n<\/div><div style=\"text-align:center;\"><span class=\" fusion-imageframe imageframe-none imageframe-1 hover-type-none\" style=\"border:2px solid #000000;\"><img width=\"1024\" height=\"683\" title=\"jake-hills-bt-Sc22W-BE-unsplash\" src=\"https:\/\/educacio-valencia.es\/wp-content\/uploads\/2022\/09\/jake-hills-bt-Sc22W-BE-unsplash-1-1024x683.jpg\" class=\"img-responsive wp-image-33749\" srcset=\"https:\/\/educacio-valencia.es\/wp-content\/uploads\/2022\/09\/jake-hills-bt-Sc22W-BE-unsplash-1-200x133.jpg 200w, https:\/\/educacio-valencia.es\/wp-content\/uploads\/2022\/09\/jake-hills-bt-Sc22W-BE-unsplash-1-400x267.jpg 400w, https:\/\/educacio-valencia.es\/wp-content\/uploads\/2022\/09\/jake-hills-bt-Sc22W-BE-unsplash-1-600x400.jpg 600w, https:\/\/educacio-valencia.es\/wp-content\/uploads\/2022\/09\/jake-hills-bt-Sc22W-BE-unsplash-1-800x533.jpg 800w, https:\/\/educacio-valencia.es\/wp-content\/uploads\/2022\/09\/jake-hills-bt-Sc22W-BE-unsplash-1-1200x800.jpg 1200w\" sizes=\"(max-width: 1024px) 100vw, (max-width: 640px) 100vw, 1024px\" \/><\/span><\/div><\/div><\/div><style type=\"text\/css\">.fusion-body .fusion-builder-column-0{width:33.333333333333% !important;margin-top : 0px;margin-bottom : 20px;}.fusion-builder-column-0 > .fusion-column-wrapper {padding-top : 0px !important;padding-right : 0px !important;margin-right : 5.76%;padding-bottom : 0px !important;padding-left : 0px !important;margin-left : 5.76%;}@media only screen and (max-width:1024px) {.fusion-body .fusion-builder-column-0{width:100% !important;order : 0;}.fusion-builder-column-0 > .fusion-column-wrapper {margin-right : 1.92%;margin-left : 1.92%;}}@media only screen and (max-width:640px) {.fusion-body .fusion-builder-column-0{width:100% !important;order : 0;}.fusion-builder-column-0 > .fusion-column-wrapper {margin-right : 1.92%;margin-left : 1.92%;}}<\/style><div class=\"fusion-layout-column fusion_builder_column fusion-builder-column-1 fusion_builder_column_2_3 2_3 fusion-flex-column\"><div class=\"fusion-column-wrapper fusion-flex-justify-content-flex-start fusion-content-layout-column\" style=\"background-position:left top;background-repeat:no-repeat;-webkit-background-size:cover;-moz-background-size:cover;-o-background-size:cover;background-size:cover;padding: 0px 0px 0px 0px;\"><div class=\"fusion-text fusion-text-2\" style=\"transform:translate3d(0,0,0);\"><p><strong>Actuaciones<\/strong><strong>:<\/strong><\/p>\n<ul>\n<li>Instalar la AppVal\u00e8ncia en su dispositivo m\u00f3vil, desde Play Store o App Store, seg\u00fan sea Android o iOS, respectivamente. Si ya la tiene, asegurarse de que est\u00e1 actualizada.<\/li>\n<li>Abierta la aplicaci\u00f3n seleccionar el bot\u00f3n: \u201cCiudadano\/a\u201d\/Mi portal \/PortES.<\/li>\n<li>Cumplimentar \u00edntegramente el formulario siguiente que aparece:<\/li>\n<\/ul>\n<ol>\n<li><strong>Nombre y apellidos<\/strong>\u00a0del: padre\/madre, tutor\/a, representante legal, o persona autorizada.\u00a0S\u00f3lo\u00a0se registrar\u00e1\u00a0una persona por cada unidad familiar.<\/li>\n<li><strong>Correo electr\u00f3nico<\/strong>\u00a0<strong>operativo<\/strong>\u00a0de uso habitual de la\u00a0persona registrada.<\/li>\n<li><strong>N\u00famero de tel\u00e9fono<\/strong>\u00a0<strong>m\u00f3vil<\/strong><strong>\u00a0<\/strong>de la\u00a0persona registrada.<\/li>\n<\/ol>\n<p>Realizados correctamente los pasos anteriores por la persona registrada solicitante de escolarizaci\u00f3n sobrevenida, la Oficina Municipal de Escolarizaci\u00f3n a trav\u00e9s de PortES iniciar\u00e1 el proceso de la escolarizaci\u00f3n.<\/p>\n<\/div><\/div><\/div><style type=\"text\/css\">.fusion-body .fusion-builder-column-1{width:66.666666666667% !important;margin-top : 0px;margin-bottom : 20px;}.fusion-builder-column-1 > .fusion-column-wrapper {padding-top : 0px !important;padding-right : 0px !important;margin-right : 2.88%;padding-bottom : 0px !important;padding-left : 0px !important;margin-left : 2.88%;}@media only screen and (max-width:1024px) {.fusion-body .fusion-builder-column-1{width:100% !important;order : 0;}.fusion-builder-column-1 > .fusion-column-wrapper {margin-right : 1.92%;margin-left : 1.92%;}}@media only screen and (max-width:640px) {.fusion-body .fusion-builder-column-1{width:100% !important;order : 0;}.fusion-builder-column-1 > .fusion-column-wrapper {margin-right : 1.92%;margin-left : 1.92%;}}<\/style><\/div><style type=\"text\/css\">.fusion-body .fusion-flex-container.fusion-builder-row-1{ padding-top : 0px;margin-top : 0px;padding-right : 0px;padding-bottom : 0px;margin-bottom : 0px;padding-left : 0px;}<\/style><\/div>\n","protected":false},"excerpt":{"rendered":"","protected":false},"author":13,"featured_media":0,"parent":0,"menu_order":0,"comment_status":"closed","ping_status":"closed","template":"","meta":[],"_links":{"self":[{"href":"https:\/\/educacio-valencia.es\/es\/wp-json\/wp\/v2\/pages\/28052"}],"collection":[{"href":"https:\/\/educacio-valencia.es\/es\/wp-json\/wp\/v2\/pages"}],"about":[{"href":"https:\/\/educacio-valencia.es\/es\/wp-json\/wp\/v2\/types\/page"}],"author":[{"embeddable":true,"href":"https:\/\/educacio-valencia.es\/es\/wp-json\/wp\/v2\/users\/13"}],"replies":[{"embeddable":true,"href":"https:\/\/educacio-valencia.es\/es\/wp-json\/wp\/v2\/comments?post=28052"}],"version-history":[{"count":8,"href":"https:\/\/educacio-valencia.es\/es\/wp-json\/wp\/v2\/pages\/28052\/revisions"}],"predecessor-version":[{"id":34111,"href":"https:\/\/educacio-valencia.es\/es\/wp-json\/wp\/v2\/pages\/28052\/revisions\/34111"}],"wp:attachment":[{"href":"https:\/\/educacio-valencia.es\/es\/wp-json\/wp\/v2\/media?parent=28052"}],"curies":[{"name":"wp","href":"https:\/\/api.w.org\/{rel}","templated":true}]}}