{"id":28050,"date":"2021-06-25T09:53:21","date_gmt":"2021-06-25T07:53:21","guid":{"rendered":"https:\/\/educacio-valencia.es\/?page_id=28050"},"modified":"2022-11-03T09:36:17","modified_gmt":"2022-11-03T08:36:17","slug":"requisitos-para-acceder-a-portes","status":"publish","type":"page","link":"https:\/\/educacio-valencia.es\/es\/requisitos-para-acceder-a-portes\/","title":{"rendered":"Requisitos para acceder a PortES"},"content":{"rendered":"<div class=\"fusion-fullwidth fullwidth-box fusion-builder-row-1 fusion-flex-container nonhundred-percent-fullwidth non-hundred-percent-height-scrolling\" style=\"background-color: rgba(255,255,255,0);background-position: center center;background-repeat: no-repeat;border-width: 0px 0px 0px 0px;border-color:#eae9e9;border-style:solid;\" ><div class=\"fusion-builder-row fusion-row fusion-flex-align-items-flex-start\" style=\"max-width:5083.52px;margin-left: calc(-4% \/ 2 );margin-right: calc(-4% \/ 2 );\"><div class=\"fusion-layout-column fusion_builder_column fusion-builder-column-0 fusion_builder_column_1_3 1_3 fusion-flex-column\"><div class=\"fusion-column-wrapper fusion-flex-justify-content-flex-start fusion-content-layout-column\" style=\"background-position:left top;background-repeat:no-repeat;-webkit-background-size:cover;-moz-background-size:cover;-o-background-size:cover;background-size:cover;padding: 0px 0px 0px 0px;\"><div class=\"fusion-text fusion-text-1\" style=\"transform:translate3d(0,0,0);\"><p>Requisitos<\/p>\n<\/div><div style=\"text-align:center;\"><span class=\" fusion-imageframe imageframe-none imageframe-1 hover-type-none\" style=\"border:2px solid #000000;\"><img width=\"500\" height=\"333\" title=\"Requisits\" src=\"https:\/\/educacio-valencia.es\/wp-content\/uploads\/2022\/09\/Requisits.jpg\" class=\"img-responsive wp-image-33742\" srcset=\"https:\/\/educacio-valencia.es\/wp-content\/uploads\/2022\/09\/Requisits-200x133.jpg 200w, https:\/\/educacio-valencia.es\/wp-content\/uploads\/2022\/09\/Requisits-400x266.jpg 400w, https:\/\/educacio-valencia.es\/wp-content\/uploads\/2022\/09\/Requisits.jpg 500w\" sizes=\"(max-width: 1024px) 100vw, (max-width: 640px) 100vw, 500px\" \/><\/span><\/div><\/div><\/div><style type=\"text\/css\">.fusion-body .fusion-builder-column-0{width:33.333333333333% !important;margin-top : 0px;margin-bottom : 20px;}.fusion-builder-column-0 > .fusion-column-wrapper {padding-top : 0px !important;padding-right : 0px !important;margin-right : 5.76%;padding-bottom : 0px !important;padding-left : 0px !important;margin-left : 5.76%;}@media only screen and (max-width:1024px) {.fusion-body .fusion-builder-column-0{width:100% !important;order : 0;}.fusion-builder-column-0 > .fusion-column-wrapper {margin-right : 1.92%;margin-left : 1.92%;}}@media only screen and (max-width:640px) {.fusion-body .fusion-builder-column-0{width:100% !important;order : 0;}.fusion-builder-column-0 > .fusion-column-wrapper {margin-right : 1.92%;margin-left : 1.92%;}}<\/style><div class=\"fusion-layout-column fusion_builder_column fusion-builder-column-1 fusion_builder_column_2_3 2_3 fusion-flex-column\"><div class=\"fusion-column-wrapper fusion-flex-justify-content-flex-start fusion-content-layout-column\" style=\"background-position:left top;background-repeat:no-repeat;-webkit-background-size:cover;-moz-background-size:cover;-o-background-size:cover;background-size:cover;padding: 0px 0px 0px 0px;\"><div class=\"fusion-text fusion-text-2\" style=\"transform:translate3d(0,0,0);\"><ul>\n<li>Los\/as alumnos\/as y al menos una de las personas progenitoras o representantes legales deben encontrarse en la cuidad y HAN DE CAUSAR ALTA EN EL PADR\u00d3N MUNICIPAL en la fecha en la que han llegado a la ciudad.<\/li>\n<li>Si la escolarizaci\u00f3n es por domicilio familiar:<\/li>\n<\/ul>\n<ol>\n<li>\u2013 Contrato de alquiler o compra de la vivienda a nombre del padre\/madre, o persona que ejerza la tutela legal, u, otro documento acreditativo del domicilio familiar. En ambos casos, s\u00f3lo si hay simultaneidad de fechas entre el contrato\/documento y la solicitud de plaza escolar.<\/li>\n<\/ol>\n<ul>\n<li>Si la escolarizaci\u00f3n es por domicilio laboral:<\/li>\n<\/ul>\n<ol>\n<li>\u2013 Documento que acredite suficientemente la relaci\u00f3n laboral y el domicilio del centro de trabajo del padre, madre, tutor\/a o representante legal. <u>Ha\u00a0 de existir simultaneidad de fechas entre el contrato y la solicitud de plaza escolar<\/u>.<\/li>\n<\/ol>\n<ul>\n<li>Solicitud v\u00eda telem\u00e1tica, exclusivamente, a trav\u00e9s del Portal de Escolarizaci\u00f3n Sobrevenida denominado\u2013 PortES- habilitado a tal efecto. <strong>Es imprescindible:<\/strong><\/li>\n<\/ul>\n<ol>\n<li>&#8211; Disponer de dispositivo m\u00f3vil Android o iOS.<\/li>\n<li>&#8211; Disponer de una direcci\u00f3n de correo electr\u00f3nico de uso habitual.<\/li>\n<li>&#8211; N\u00famero de tel\u00e9fono m\u00f3vil operativo.<\/li>\n<\/ol>\n<\/div><\/div><\/div><style type=\"text\/css\">.fusion-body .fusion-builder-column-1{width:66.666666666667% !important;margin-top : 0px;margin-bottom : 20px;}.fusion-builder-column-1 > .fusion-column-wrapper {padding-top : 0px !important;padding-right : 0px !important;margin-right : 2.88%;padding-bottom : 0px !important;padding-left : 0px !important;margin-left : 2.88%;}@media only screen and (max-width:1024px) {.fusion-body .fusion-builder-column-1{width:100% !important;order : 0;}.fusion-builder-column-1 > .fusion-column-wrapper {margin-right : 1.92%;margin-left : 1.92%;}}@media only screen and (max-width:640px) {.fusion-body .fusion-builder-column-1{width:100% !important;order : 0;}.fusion-builder-column-1 > .fusion-column-wrapper {margin-right : 1.92%;margin-left : 1.92%;}}<\/style><\/div><style type=\"text\/css\">.fusion-body .fusion-flex-container.fusion-builder-row-1{ padding-top : 0px;margin-top : 0px;padding-right : 0px;padding-bottom : 0px;margin-bottom : 0px;padding-left : 0px;}<\/style><\/div>\n","protected":false},"excerpt":{"rendered":"","protected":false},"author":13,"featured_media":0,"parent":0,"menu_order":0,"comment_status":"closed","ping_status":"closed","template":"","meta":[],"_links":{"self":[{"href":"https:\/\/educacio-valencia.es\/es\/wp-json\/wp\/v2\/pages\/28050"}],"collection":[{"href":"https:\/\/educacio-valencia.es\/es\/wp-json\/wp\/v2\/pages"}],"about":[{"href":"https:\/\/educacio-valencia.es\/es\/wp-json\/wp\/v2\/types\/page"}],"author":[{"embeddable":true,"href":"https:\/\/educacio-valencia.es\/es\/wp-json\/wp\/v2\/users\/13"}],"replies":[{"embeddable":true,"href":"https:\/\/educacio-valencia.es\/es\/wp-json\/wp\/v2\/comments?post=28050"}],"version-history":[{"count":11,"href":"https:\/\/educacio-valencia.es\/es\/wp-json\/wp\/v2\/pages\/28050\/revisions"}],"predecessor-version":[{"id":34331,"href":"https:\/\/educacio-valencia.es\/es\/wp-json\/wp\/v2\/pages\/28050\/revisions\/34331"}],"wp:attachment":[{"href":"https:\/\/educacio-valencia.es\/es\/wp-json\/wp\/v2\/media?parent=28050"}],"curies":[{"name":"wp","href":"https:\/\/api.w.org\/{rel}","templated":true}]}}