{"id":28048,"date":"2021-06-25T09:52:38","date_gmt":"2021-06-25T07:52:38","guid":{"rendered":"https:\/\/educacio-valencia.es\/?page_id=28048"},"modified":"2022-08-03T10:53:06","modified_gmt":"2022-08-03T08:53:06","slug":"descripcion-portes","status":"publish","type":"page","link":"https:\/\/educacio-valencia.es\/es\/descripcion-portes\/","title":{"rendered":"Descripci\u00f3n PortES"},"content":{"rendered":"<p>El Portal de Escolarizaci\u00f3n Sobrevenida telem\u00e1tica, exclusivamente, del Ayuntamiento de Valencia -denominado PortES- es la herramienta que la Oficina Municipal de Escolarizaci\u00f3n de este Ayuntamiento, en adelante OME, se vio obligada a crear ante la pandemia por Covid-19 declarada por la OMS el 11 de marzo de 2020 para poder llevar a cabo la escolarizaci\u00f3n sobrevenida del curso 2020\/2021, de acuerdo con la normativa legal vigente.<\/p>\n<p>PortES ha sido el veh\u00edculo que ha hecho posible modificar el protocolo de la escolarizaci\u00f3n sobrevenida dejando de ser un tr\u00e1mite exclusivamente presencial para convertirse en un tr\u00e1mite exclusivamente telem\u00e1tico.<\/p>\n<p>Para llevarlo a cabo, la OME del Servicio de Educaci\u00f3n junto con la Secci\u00f3n e-Innovaci\u00f3n + Desarrollo del SerTIC, dise\u00f1aron y desarrollaron el Portal de Escolarizaci\u00f3n Sobrevenida del Ayuntamiento de Val\u00e8ncia que, a pesar de ser su versi\u00f3n m\u00e1s elemental, v1.0, dada la premura y el escaso tiempo del que se dispuso, ha permitido llevar a cabo con \u00e9xito la escolarizaci\u00f3n y ha garantizado a las familias la libre elecci\u00f3n de centro educativo ,de entre los ofertados con plaza escolar vacante. Las vacantes las pasa informatizadas la inspecci\u00f3n educativa de Val\u00e8ncia al Ayuntamiento cuando empieza la escolarizaci\u00f3n sobrevenida, de acuerdo con la normativa vigente.<\/p>\n<p>Para el curso escolar 2021\/2022 se est\u00e1 desarrollando la versi\u00f3n mejorada de PortES v2.0, que permitir\u00e1 agilizar la gesti\u00f3n de la escolarizaci\u00f3n sobrevenida a todos los participantes en este proceso, esto es, a la ciudadan\u00eda -versi\u00f3n web usuario externo de PortES-, a la Oficina Municipal de Escolarizaci\u00f3n \u2013PortES gesti\u00f3n-, y a los centros educativos\u00a0 PortES-Centros\u2013comunicaci\u00f3n directa con la OME: Visualizar y compartir la documentaci\u00f3n aportada por las familias.<\/p>\n<p>En el curso escolar 2022\/2023 se pone en funcionamiento PortES- Centros para todos los Centros receptores de escolarizaci\u00f3n sobrevenida de la ciudad que lo deseen. Este curso la escolarizaci\u00f3n sobrevenida se inicia \u00edntegramente con la versi\u00f3n definitiva de PortES v2.0.<\/p>\n","protected":false},"excerpt":{"rendered":"<p>El Portal de Escolarizaci\u00f3n Sobrevenida telem\u00e1tica, exclusivamente, del Ayuntamiento de Valencia -denominado PortES- es la herramienta que la Oficina Municipal de Escolarizaci\u00f3n de este Ayuntamiento, en adelante OME, se vio obligada a crear ante la [&hellip;]<\/p>\n","protected":false},"author":13,"featured_media":0,"parent":0,"menu_order":0,"comment_status":"closed","ping_status":"closed","template":"","meta":[],"_links":{"self":[{"href":"https:\/\/educacio-valencia.es\/es\/wp-json\/wp\/v2\/pages\/28048"}],"collection":[{"href":"https:\/\/educacio-valencia.es\/es\/wp-json\/wp\/v2\/pages"}],"about":[{"href":"https:\/\/educacio-valencia.es\/es\/wp-json\/wp\/v2\/types\/page"}],"author":[{"embeddable":true,"href":"https:\/\/educacio-valencia.es\/es\/wp-json\/wp\/v2\/users\/13"}],"replies":[{"embeddable":true,"href":"https:\/\/educacio-valencia.es\/es\/wp-json\/wp\/v2\/comments?post=28048"}],"version-history":[{"count":7,"href":"https:\/\/educacio-valencia.es\/es\/wp-json\/wp\/v2\/pages\/28048\/revisions"}],"predecessor-version":[{"id":32875,"href":"https:\/\/educacio-valencia.es\/es\/wp-json\/wp\/v2\/pages\/28048\/revisions\/32875"}],"wp:attachment":[{"href":"https:\/\/educacio-valencia.es\/es\/wp-json\/wp\/v2\/media?parent=28048"}],"curies":[{"name":"wp","href":"https:\/\/api.w.org\/{rel}","templated":true}]}}