{"id":252,"date":"2017-07-26T10:02:35","date_gmt":"2017-07-26T10:02:35","guid":{"rendered":"http:\/\/educacio-valencia.es\/?page_id=252"},"modified":"2026-04-01T09:06:56","modified_gmt":"2026-04-01T07:06:56","slug":"residencias-artisticas","status":"publish","type":"page","link":"https:\/\/educacio-valencia.es\/es\/residencias-artisticas\/","title":{"rendered":"Residencias Art\u00edsticas en Centros Educativos"},"content":{"rendered":"<div class=\"fusion-fullwidth fullwidth-box fusion-builder-row-1 bloqueSeccion nonhundred-percent-fullwidth non-hundred-percent-height-scrolling\" style=\"background-color: rgba(255,255,255,0);background-position: center center;background-repeat: no-repeat;padding-top:10px;padding-right:0px;padding-bottom:0px;padding-left:0px;margin-bottom: 0px;margin-top: 0px;border-width: 0px 0px 0px 0px;border-color:#000000;border-style:solid;\" ><div class=\"fusion-builder-row fusion-row\"><div class=\"fusion-layout-column fusion_builder_column fusion-builder-column-0 fusion_builder_column_2_5 2_5 fusion-two-fifth fusion-column-first\" style=\"width:40%;width:calc(40% - ( ( 4% ) * 0.4 ) );margin-right: 4%;margin-top:0px;margin-bottom:20px;\"><div class=\"fusion-column-wrapper fusion-flex-column-wrapper-legacy\" style=\"background-position:left top;background-repeat:no-repeat;-webkit-background-size:cover;-moz-background-size:cover;-o-background-size:cover;background-size:cover;padding: 0px 0px 0px 0px;\"><style type=\"text\/css\"><\/style><div class=\"fusion-title title fusion-title-1 fusion-sep-none fusion-title-text fusion-title-size-two\" style=\"margin-top:0px;margin-bottom:10px;\"><h2 class=\"title-heading-left\" style=\"margin:0;\"><strong>Residencias Art\u00edsticas en Centros Educativos<\/strong><\/h2><\/div><div class=\"fusion-clearfix\"><\/div><\/div><\/div><div class=\"fusion-layout-column fusion_builder_column fusion-builder-column-1 fusion_builder_column_3_5 3_5 fusion-three-fifth fusion-column-last marginCero\" style=\"width:60%;width:calc(60% - ( ( 4% ) * 0.6 ) );margin-top:0px;margin-bottom:20px;\"><div class=\"fusion-column-wrapper fusion-flex-column-wrapper-legacy\" style=\"background-position:left top;background-repeat:no-repeat;-webkit-background-size:cover;-moz-background-size:cover;-o-background-size:cover;background-size:cover;padding: 0px 0px 0px 0px;\"><div class=\"fusion-text fusion-text-1\" style=\"transform:translate3d(0,0,0);\"><\/div><div class=\"fusion-text fusion-text-2\" style=\"transform:translate3d(0,0,0);\"><p>La Concejal\u00eda de Educaci\u00f3n tiene inter\u00e9s en promover actividades que involucran a artistas en procesos creativos junto con colegios del municipio de Valencia. Para esto, se implementar\u00e1n un total de 11 residencias art\u00edsticas en 11 centros educativos de la ciudad. En cada una de ellas el\/la creador\/a desarrollar\u00e1 un proyecto art\u00edstico personal en colaboraci\u00f3n con el alumnado de un grupo-clase del centro participante. Se tratar\u00e1 de proyectos innovadores y arraigados en el territorio, que evidencian el car\u00e1cter procesual de la creaci\u00f3n contempor\u00e1nea y empoderan al alumnado y al profesorado como productores\/as culturales y no como \u201cconsumidores\/as\u201d de educaci\u00f3n o de cultura.<\/p>\n<\/div><div class=\"fusion-clearfix\"><\/div><\/div><\/div><div class=\"fusion-layout-column fusion_builder_column fusion-builder-column-2 fusion_builder_column_2_5 2_5 fusion-two-fifth fusion-column-first\" style=\"width:40%;width:calc(40% - ( ( 4% ) * 0.4 ) );margin-right: 4%;margin-top:0px;margin-bottom:20px;\"><div class=\"fusion-column-wrapper fusion-flex-column-wrapper-legacy\" style=\"background-position:left top;background-repeat:no-repeat;-webkit-background-size:cover;-moz-background-size:cover;-o-background-size:cover;background-size:cover;padding: 0px 0px 0px 0px;\"><style type=\"text\/css\"><\/style><div class=\"fusion-title title fusion-title-2 fusion-sep-none fusion-title-text fusion-title-size-two\" style=\"margin-top:0px;margin-bottom:10px;\"><h2 class=\"title-heading-left\" style=\"margin:0;\"><h2>Situaci\u00f3n de la convocatoria 2026\/2027<\/h2><\/h2><\/div><div class=\"fusion-clearfix\"><\/div><\/div><\/div><div class=\"fusion-layout-column fusion_builder_column fusion-builder-column-3 fusion_builder_column_3_5 3_5 fusion-three-fifth fusion-column-last bloqueSeccion\" style=\"width:60%;width:calc(60% - ( ( 4% ) * 0.6 ) );margin-top:0px;margin-bottom:20px;\"><div class=\"fusion-column-wrapper fusion-flex-column-wrapper-legacy\" style=\"background-position:left top;background-repeat:no-repeat;-webkit-background-size:cover;-moz-background-size:cover;-o-background-size:cover;background-size:cover;padding: 10px 0px 0px 0px;\"><div class=\"fusion-text fusion-text-3\" style=\"transform:translate3d(0,0,0);\"><p><strong>Aprobaci\u00f3n de la convocatoria<\/strong><\/p>\n<p><strong><a href=\"https:\/\/educacio-valencia.es\/wp-content\/uploads\/2026\/03\/Acuerdo-JGL-27-02-26-RRAA-26-27.pdf\">Acuerdo aprobado por la Junta de Gobierno Local de<em> 27 de febrero de 2026.<\/em><\/a><\/strong><\/p>\n<p><a href=\"https:\/\/sede.valencia.es\/sede\/edictos\/detalle\/64af744c01274495e7114b5c6fd9993fb0c68787ff57bbdf4b710976a0b30cf6\"><em><strong>Tabl\u00f3n de edictos.<\/strong><\/em><\/a><\/p>\n<\/div><div class=\"fusion-sep-clear\"><\/div><div class=\"fusion-separator fusion-full-width-sep\" style=\"margin-left: auto;margin-right: auto;margin-top:20px;margin-bottom:20px;width:100%;\"><div class=\"fusion-separator-border sep-single sep-solid\" style=\"border-color:#000000;border-top-width:1px;\"><\/div><\/div><div class=\"fusion-sep-clear\"><\/div><div class=\"fusion-text fusion-text-4\" style=\"transform:translate3d(0,0,0);\"><p><strong>Plazo de solicitud<\/strong><\/p>\n<p>Publicado en el bolet\u00edn oficial de la provincia\u00a0<b><i><a href=\"https:\/\/bop.dival.es\/bop\/downloads?anuncioNumReg=2026\/03307&amp;lang=va\"> 31 de marzo de 2026<\/a>.<\/i><\/b><\/p>\n<p>Plazo de solicitud: <strong>del 1 al 30 de abril de 2026<em>,<\/em>\u00a0ambos inclusive<\/strong>.<\/p>\n<p><strong><a href=\"https:\/\/sede.valencia.es\/sede\/registro\/procedimiento\/ED.AY.70\" target=\"_blank\" rel=\"noopener\">Sede Electr\u00f3nica (valencia.es)<\/a><\/strong><\/p>\n<p>La presentaci\u00f3n en los Registros del Ayuntamiento de Val\u00e8ncia podr\u00e1 hacerse:<\/p>\n<ul>\n<li>De forma presencial, solicitando necesariamente cita previa, que se podr\u00e1 pedir a trav\u00e9s del tel\u00e9fono 010 o a trav\u00e9s de la <em><strong><a href=\"https:\/\/www.valencia.es\/-\/2020-registro-general\" target=\"_blank\" rel=\"noopener\">p\u00e1gina web del Ayuntamiento de Val\u00e8ncia<\/a> .<\/strong><\/em><\/li>\n<li>A trav\u00e9s de su sede electr\u00f3nica, por medio de certificado electr\u00f3nico.<\/li>\n<\/ul>\n<p>Ello, sin perjuicio de realizar el registro en cualquiera de los lugares se\u00f1alados a tal efecto en el art\u00edculo 16.4 de la Ley 39\/2015, de 1 de octubre, del Procedimiento Administrativo Com\u00fan de las Administraciones P\u00fablicas, entre los cuales se contemplan:<\/p>\n<ul>\n<li>Los registros de la Administraci\u00f3n General del Estado, de la Generalitat Valenciana y de cualquiera de los sujetos a los que se refiere el art\u00edculo 2.1 de la Ley 39\/2015, de 1 de octubre.<\/li>\n<li>Las oficinas de Correos.<\/li>\n<\/ul>\n<p><strong><a href=\"https:\/\/educacio-valencia.es\/wp-content\/uploads\/2023\/07\/31.43-249-declaracio-responsable-premis-residencies-artistiques-centres-educatius-OK-R-1.pdf\">Modelo oficial declaraci\u00f3n responsable<\/a><\/strong><\/p>\n<\/div><div class=\"fusion-sep-clear\"><\/div><div class=\"fusion-separator fusion-full-width-sep\" style=\"margin-left: auto;margin-right: auto;margin-top:20px;margin-bottom:20px;width:100%;\"><div class=\"fusion-separator-border sep-single sep-solid\" style=\"border-color:#000000;border-top-width:1px;\"><\/div><\/div><div class=\"fusion-sep-clear\"><\/div><div class=\"fusion-text fusion-text-5\" style=\"transform:translate3d(0,0,0);\"><p><strong>Edicto Listados provisionales de admitidos y exclu\u00eddos Residencias Art\u00edsticas 2026\/2027 (Pendiente).\u00a0\u00a0<\/strong><\/p>\n<p>Tabl\u00f3n de Edictos: (Pendiente).<\/p>\n<p>Plazo de subsanaci\u00f3n: (Pendiente).<\/p>\n<p><strong>Propuesta provisional premiados Residencias Art\u00edsticas 2026\/27 (Pendiente).\u00a0<\/strong><\/p>\n<p><strong>Edicto\u00a0y\u00a0Tabl\u00f3n de Edictos<\/strong><\/p>\n<p><strong>Acta de reuni\u00f3n de la Comisi\u00f3n de Valoraci\u00f3n\u00a0<\/strong><\/p>\n<p><strong>Plazo de alegaciones: (Pendiente) ambos inclu\u00eddos.<\/strong><\/p>\n<\/div><div class=\"fusion-sep-clear\"><\/div><div class=\"fusion-separator fusion-full-width-sep\" style=\"margin-left: auto;margin-right: auto;margin-top:20px;margin-bottom:20px;width:100%;\"><div class=\"fusion-separator-border sep-single sep-solid\" style=\"border-color:#000000;border-top-width:1px;\"><\/div><\/div><div class=\"fusion-sep-clear\"><\/div><div class=\"fusion-text fusion-text-6\" style=\"transform:translate3d(0,0,0);\"><p><strong>Concesi\u00f3n: Resoluci\u00f3n de la convocatoria (Pendiente)<\/strong><\/p>\n<p><strong>Tabl\u00f3n de Edictos (Pendiente)<\/strong><\/p>\n<\/div><div class=\"fusion-sep-clear\"><\/div><div class=\"fusion-separator fusion-full-width-sep\" style=\"margin-left: auto;margin-right: auto;margin-top:20px;margin-bottom:20px;width:100%;\"><div class=\"fusion-separator-border sep-single sep-solid\" style=\"border-color:#000000;border-top-width:1px;\"><\/div><\/div><div class=\"fusion-sep-clear\"><\/div><div class=\"fusion-text fusion-text-7\" style=\"transform:translate3d(0,0,0);\"><p><strong>Recurso de reposici\u00f3n:\u00a0 (Pendiente),<\/strong>\u00a0ambos incluidos.<\/p>\n<\/div><div class=\"fusion-sep-clear\"><\/div><div class=\"fusion-separator fusion-full-width-sep\" style=\"margin-left: auto;margin-right: auto;margin-top:20px;margin-bottom:20px;width:100%;\"><div class=\"fusion-separator-border sep-single sep-solid\" style=\"border-color:#000000;border-top-width:1px;\"><\/div><\/div><div class=\"fusion-sep-clear\"><\/div><span class=\" fusion-imageframe imageframe-none imageframe-1 hover-type-none\"><img width=\"400\" height=\"43\" title=\"ayto-educacio-color-web\" src=\"https:\/\/educacio-valencia.es\/wp-content\/uploads\/2022\/05\/ayto-educacio-color-web-400x43.png\" class=\"img-responsive wp-image-31408\" srcset=\"https:\/\/educacio-valencia.es\/wp-content\/uploads\/2022\/05\/ayto-educacio-color-web-200x22.png 200w, https:\/\/educacio-valencia.es\/wp-content\/uploads\/2022\/05\/ayto-educacio-color-web-400x43.png 400w, https:\/\/educacio-valencia.es\/wp-content\/uploads\/2022\/05\/ayto-educacio-color-web-600x65.png 600w, https:\/\/educacio-valencia.es\/wp-content\/uploads\/2022\/05\/ayto-educacio-color-web-800x87.png 800w, https:\/\/educacio-valencia.es\/wp-content\/uploads\/2022\/05\/ayto-educacio-color-web.png 984w\" sizes=\"(max-width: 800px) 100vw, 400px\" \/><\/span><span class=\" fusion-imageframe imageframe-none imageframe-2 hover-type-none\"><img width=\"400\" height=\"206\" title=\"logo Conselleria de Educaci\u00f3n, Cultura, Universidades y Empleo 2025\" src=\"https:\/\/educacio-valencia.es\/wp-content\/uploads\/2025\/07\/logo-Conselleria-de-Educacion-Cultura-Universidades-y-Empleo-2025-400x206.png\" class=\"img-responsive wp-image-44479\" srcset=\"https:\/\/educacio-valencia.es\/wp-content\/uploads\/2025\/07\/logo-Conselleria-de-Educacion-Cultura-Universidades-y-Empleo-2025-200x103.png 200w, https:\/\/educacio-valencia.es\/wp-content\/uploads\/2025\/07\/logo-Conselleria-de-Educacion-Cultura-Universidades-y-Empleo-2025-400x206.png 400w, https:\/\/educacio-valencia.es\/wp-content\/uploads\/2025\/07\/logo-Conselleria-de-Educacion-Cultura-Universidades-y-Empleo-2025-600x309.png 600w, https:\/\/educacio-valencia.es\/wp-content\/uploads\/2025\/07\/logo-Conselleria-de-Educacion-Cultura-Universidades-y-Empleo-2025-800x413.png 800w, https:\/\/educacio-valencia.es\/wp-content\/uploads\/2025\/07\/logo-Conselleria-de-Educacion-Cultura-Universidades-y-Empleo-2025-1200x619.png 1200w, https:\/\/educacio-valencia.es\/wp-content\/uploads\/2025\/07\/logo-Conselleria-de-Educacion-Cultura-Universidades-y-Empleo-2025.png 1369w\" sizes=\"(max-width: 800px) 100vw, 400px\" \/><\/span><div class=\"fusion-clearfix\"><\/div><\/div><\/div><\/div><\/div>\n","protected":false},"excerpt":{"rendered":"","protected":false},"author":5,"featured_media":0,"parent":0,"menu_order":0,"comment_status":"closed","ping_status":"closed","template":"","meta":[],"_links":{"self":[{"href":"https:\/\/educacio-valencia.es\/es\/wp-json\/wp\/v2\/pages\/252"}],"collection":[{"href":"https:\/\/educacio-valencia.es\/es\/wp-json\/wp\/v2\/pages"}],"about":[{"href":"https:\/\/educacio-valencia.es\/es\/wp-json\/wp\/v2\/types\/page"}],"author":[{"embeddable":true,"href":"https:\/\/educacio-valencia.es\/es\/wp-json\/wp\/v2\/users\/5"}],"replies":[{"embeddable":true,"href":"https:\/\/educacio-valencia.es\/es\/wp-json\/wp\/v2\/comments?post=252"}],"version-history":[{"count":73,"href":"https:\/\/educacio-valencia.es\/es\/wp-json\/wp\/v2\/pages\/252\/revisions"}],"predecessor-version":[{"id":46673,"href":"https:\/\/educacio-valencia.es\/es\/wp-json\/wp\/v2\/pages\/252\/revisions\/46673"}],"wp:attachment":[{"href":"https:\/\/educacio-valencia.es\/es\/wp-json\/wp\/v2\/media?parent=252"}],"curies":[{"name":"wp","href":"https:\/\/api.w.org\/{rel}","templated":true}]}}