{"id":16756,"date":"2020-04-02T07:03:08","date_gmt":"2020-04-02T05:03:08","guid":{"rendered":"https:\/\/educacio-valencia.es\/politica-de-privacidad\/"},"modified":"2020-04-02T07:03:08","modified_gmt":"2020-04-02T05:03:08","slug":"politica-de-privacidad","status":"publish","type":"page","link":"https:\/\/educacio-valencia.es\/es\/politica-de-privacidad\/","title":{"rendered":"Pol\u00edtica de privacidad"},"content":{"rendered":"<p>En el Ayuntamiento de Val\u00e8ncia estamos comprometidos con la protecci\u00f3n de la privacidad y el uso correcto de los datos personales.<\/p>\n<p>Es por esto que, la presente Pol\u00edtica de Privacidad tiene como objeto informar acerca del tratamiento de datos de car\u00e1cter personal que, el Ayuntamiento de Val\u00e8ncia, efect\u00faa en este sitio web, sede electr\u00f3nica y en cualquiera de sus subdominios, microsites y\/o aplicaciones m\u00f3viles.<\/p>\n<p>La relaci\u00f3n actualizada de las actividades de tratamiento que el Ayuntamiento de Val\u00e8ncia lleva a cabo se encuentra disponible en el siguiente enlace al <a title=\"Enlace al documento de Registro de actividades de tratamiento en formato pdf.\" href=\"http:\/\/www.valencia.es\/ayuntamiento\/ayuntamiento.nsf\/0\/99B7C4DE0E409778C1258301002F9221\/$FILE\/Protecci%C3%B3n%20datos%20Regristro%20Actividades%20T%20AJUNTAMENT%20DE%20VAL%C3%88NCIA._CAS.pdf?OpenElement&amp;lang=1\" target=\"_blank\" rel=\"noopener noreferrer\">Registro de actividades de tratamiento.<\/a><\/p>\n<p>Los datos de car\u00e1cter personal que se soliciten, ser\u00e1n aquellos estrictamente imprescindibles para identificar y atender la solicitud realizada por la persona titular de los mismos o prestar los servicios demandados y no ser\u00e1n tratados ulteriormente de manera incompatible con dichos fines.<\/p>\n<p>Los datos recogidos de cada persona titular interesada ser\u00e1n adecuados, pertinentes y no excesivos en relaci\u00f3n a las finalidades correspondientes para cada caso, y ser\u00e1n actualizados siempre que sea necesario. La persona titular ser\u00e1 informada, con car\u00e1cter previo a la recogida de sus datos, de los extremos generales regulados en esta pol\u00edtica conforme a los siguientes aspectos:<\/p>\n<p>1. <strong>\u00bfQui\u00e9n es el Responsable del tratamiento de tus datos personales?<\/strong><br \/>\nEl responsable de tus datos es el Ayuntamiento de Val\u00e8ncia.<br \/>\nDirecci\u00f3n postal: Pla\u00e7a de l\u2019Ajuntament, 1, 46002, Val\u00e8ncia.<br \/>\nTel\u00e9fono: 963 52 54 78.<br \/>\nContacto Delegaci\u00f3n de protecci\u00f3n de datos (DPD): oficinadpd@valencia.es<\/p>\n<p>2. <strong>\u00bfPara que tratamos tus datos personales?<\/strong><br \/>\nLos datos que se nos facilitan, as\u00ed como cualesquiera otros generados durante el desarrollo de la relaci\u00f3n con las personas usuarias, los podemos tratar para distintas finalidades en funci\u00f3n de los servicios municipales que sean objeto de prestaci\u00f3n y, en todo caso, para mantener el contacto y la comunicaci\u00f3n con \u00e9stas.<\/p>\n<p>En su caso, finalidades m\u00e1s expl\u00edcitas y concretas pueden indicarse en las cl\u00e1usulas informativas incorporadas en cada una de las v\u00edas de toma de datos (formularios web, formularios en papel, locuciones o carteles y notas informativas) para supuestos concretos.<\/p>\n<p>3. <strong>\u00bfCu\u00e1l es la base jur\u00eddica que legitima el tratamiento de tus datos personales?<\/strong><br \/>\nLa base jur\u00eddica que nos legitima para el tratamiento de tus datos puede ser diversa: en unos casos puede ser el consentimiento de las personas interesadas, en otros el cumplimiento de una obligaci\u00f3n legal por nuestra parte, en otros el cumplimiento por el Ayuntamiento de una misi\u00f3n realizada en inter\u00e9s p\u00fablico o en ejercicio de Poderes P\u00fablicos, en otros la protecci\u00f3n de intereses vitales y en otros la ejecuci\u00f3n de un contrato.<\/p>\n<p>La aportaci\u00f3n de los datos solicitados es obligatoria por ser imprescindible para atender tu petici\u00f3n y\/o prestar nuestros servicios; si no los facilitas, no podremos llevarla a cabo o prestarlos.<\/p>\n<p>Cuando el tratamiento se base en tu consentimiento, el mismo se entender\u00e1 otorgado de forma inequ\u00edvoca, consider\u00e1ndose dicha aportaci\u00f3n un acto afirmativo claro por tu parte, que manifiestas dicho consentimiento.<\/p>\n<p>4. <strong>\u00bfPor cu\u00e1nto tiempo conservamos tus datos personales?<\/strong><br \/>\nEn general, los datos personales que se nos facilita los conservaremos para mantener un historial de atenci\u00f3n y gestionar nuestros servicios de forma eficiente, mientras la persona usuaria no solicite su supresi\u00f3n. Incluso solicitada la supresi\u00f3n, se mantendr\u00e1n bloqueados durante el tiempo necesario, y limitando su tratamiento, \u00fanicamente para alguno de estos supuestos: cumplir con las obligaciones legales\/contractuales de cualquier tipo a que estemos sometidos y\/o durante los plazos legales previstos para la prescripci\u00f3n de cualesquiera responsabilidades por nuestra parte y\/o el ejercicio o la defensa de reclamaciones derivadas de la relaci\u00f3n mantenida con la persona usuaria.<\/p>\n<p>En otros casos, el plazo de conservaci\u00f3n de los datos depender\u00e1 de lo especificado para cada tratamiento de datos personales.<\/p>\n<p>5. <strong>\u00bfQui\u00e9n puede ser persona cesionaria o destinataria de tus datos personales?<\/strong><br \/>\nLos datos que nos proporcionas podr\u00e1n ser comunicados a terceras entidades para el cumplimiento de fines directamente relacionados con funciones leg\u00edtimas de persona cedente y persona cesionaria, como a las entidades u organismos a los que exista obligaci\u00f3n legal de realizar comunicaciones de datos, entidades u organizaciones p\u00fablicas o privadas con las que lleguemos a acuerdos para desarrollar proyectos sociales, culturales o deportivos o acuerdos de colaboraci\u00f3n, etc.<\/p>\n<p>6. <strong>\u00bfCu\u00e1les son tus derechos en protecci\u00f3n de datos y c\u00f3mo puedes ejercerlos?<\/strong><\/p>\n<p>&#8211; <strong>Derecho de acceso:<\/strong> Puedes preguntarnos qu\u00e9 datos personales estamos tratando.<\/p>\n<p>&#8211; <strong>Derecho de rectificaci\u00f3n:<\/strong> Puedes solicitarnos la rectificaci\u00f3n de datos personales inexactos o que completemos los que sean incompletos, inclusive mediante una declaraci\u00f3n adicional.<\/p>\n<p>&#8211; <strong>Derecho de supresi\u00f3n (derecho al olvido):<\/strong> Puedes solicitarnos la supresi\u00f3n de tus datos personales cuando no sean necesarios para los fines para los que fueron recogidos; retires tu consentimiento; haya habido un tratamiento il\u00edcito de los mismos o por cumplimiento de una obligaci\u00f3n legal.<\/p>\n<p>&#8211; <strong>Derecho a la limitaci\u00f3n del tratamiento:<\/strong> En determinadas circunstancias, puedes solicitarnos la limitaci\u00f3n del tratamiento de tus datos, en cuyo caso \u00fanicamente los conservaremos para el ejercicio o la defensa de reclamaciones.<\/p>\n<p>&#8211; <strong>Derecho de oposici\u00f3n:<\/strong> En determinadas circunstancias y por motivos relacionados con tu situaci\u00f3n particular, podr\u00e1s oponerte al tratamiento de tus datos. En dichos supuestos el Ayuntamiento de Val\u00e8ncia dejar\u00e1 de tratar los mismos, salvo por motivos leg\u00edtimos imperiosos, o el ejercicio o la defensa de posibles reclamaciones.<\/p>\n<p><strong>Ejercer tus derechos<\/strong><\/p>\n<p>Para ejercitar tus derechos en protecci\u00f3n de datos podr\u00e1s formular una solicitud ante cualquiera de los puntos de registro de entrada del Ayuntamiento, en l\u00ednea a trav\u00e9s de la Sede Electr\u00f3nica del mismo, as\u00ed como en la direcci\u00f3n de correo electr\u00f3nico: oficinadpd@valencia.es<\/p>\n<p>A estos efectos y para m\u00e1s informaci\u00f3n, puedes visitar nuestra Sede Electr\u00f3nica del ayuntamiento de Val\u00e8ncia en la siguiente direcci\u00f3n <a title=\"Abre URL\" href=\"https:\/\/sede.valencia.es\/sede\/\" target=\"_blank\" rel=\"noopener noreferrer\">https:\/\/sede.valencia.es\/sede\/.<\/a><\/p>\n<p>Igualmente podr\u00e1s formular reclamaciones ante la Agencia Espa\u00f1ola de Protecci\u00f3n de datos ( <a title=\"Abre URL\" href=\"https:\/\/www.aepd.es\/\" target=\"_blank\" rel=\"noopener noreferrer\">https:\/\/www.aepd.es\/<\/a> ).<\/p>\n","protected":false},"excerpt":{"rendered":"<p>En el Ayuntamiento de Val\u00e8ncia estamos comprometidos con la protecci\u00f3n de la privacidad y el uso correcto de los datos personales. Es por esto que, la presente Pol\u00edtica de Privacidad tiene como objeto informar acerca [&hellip;]<\/p>\n","protected":false},"author":13,"featured_media":0,"parent":0,"menu_order":0,"comment_status":"closed","ping_status":"closed","template":"","meta":[],"_links":{"self":[{"href":"https:\/\/educacio-valencia.es\/es\/wp-json\/wp\/v2\/pages\/16756"}],"collection":[{"href":"https:\/\/educacio-valencia.es\/es\/wp-json\/wp\/v2\/pages"}],"about":[{"href":"https:\/\/educacio-valencia.es\/es\/wp-json\/wp\/v2\/types\/page"}],"author":[{"embeddable":true,"href":"https:\/\/educacio-valencia.es\/es\/wp-json\/wp\/v2\/users\/13"}],"replies":[{"embeddable":true,"href":"https:\/\/educacio-valencia.es\/es\/wp-json\/wp\/v2\/comments?post=16756"}],"version-history":[{"count":0,"href":"https:\/\/educacio-valencia.es\/es\/wp-json\/wp\/v2\/pages\/16756\/revisions"}],"wp:attachment":[{"href":"https:\/\/educacio-valencia.es\/es\/wp-json\/wp\/v2\/media?parent=16756"}],"curies":[{"name":"wp","href":"https:\/\/api.w.org\/{rel}","templated":true}]}}