{"id":16753,"date":"2020-04-02T06:52:18","date_gmt":"2020-04-02T04:52:18","guid":{"rendered":"https:\/\/educacio-valencia.es\/aviso-legal\/"},"modified":"2021-06-15T10:27:57","modified_gmt":"2021-06-15T08:27:57","slug":"aviso-legal","status":"publish","type":"page","link":"https:\/\/educacio-valencia.es\/es\/aviso-legal\/","title":{"rendered":"Aviso legal"},"content":{"rendered":"<p><strong>1. Introducci\u00f3n<\/strong><\/p>\n<p>A trav\u00e9s del presente, se informa de las Condiciones y T\u00e9rminos Generales que regulan el acceso, navegaci\u00f3n  y uso del Portal de Internet del Ayuntamiento de Val\u00e8ncia. En particular, informa y regula el acceso y uso de los siguientes sitios Web:<\/p>\n<p><strong>Portal de Internet<\/strong><\/p>\n<p>De conformidad con el art\u00edculo 39 de la Ley 40\/2015, de 1 de octubre, de R\u00e9gimen Jur\u00eddico del Sector P\u00fablico, se entiende por portal de internet el punto de acceso electr\u00f3nico, en este caso www.valencia.es (as\u00ed como, cualquiera de sus subdominios, microsites y\/o aplicaciones m\u00f3viles) cuya titularidad corresponde, en este caso, al Ayuntamiento de Val\u00e8ncia, el cual permite el acceso a trav\u00e9s de internet a la informaci\u00f3n publicada y a la Sede Electr\u00f3nica https:\/\/sede.valencia.es\/sede\/<\/p>\n<p><strong>Sede Electr\u00f3nica<\/strong><\/p>\n<p>De conformidad con el art\u00edculo 38 de la Ley 40\/2015, de 1 de octubre, de R\u00e9gimen Jur\u00eddico del Sector P\u00fablico, en la direcci\u00f3n (URL) https:\/\/sede.valencia.es\/sede\/ se ha ubicado en Internet la sede electr\u00f3nica del ayuntamiento de Val\u00e8ncia.<\/p>\n<p>La sede electr\u00f3nica del Ayuntamiento es la direcci\u00f3n electr\u00f3nica disponible a trav\u00e9s de la cual la ciudadan\u00eda accede a la informaci\u00f3n, a los servicios y tr\u00e1mites electr\u00f3nicos a trav\u00e9s de redes de telecomunicaciones cuya titularidad, gesti\u00f3n y administraci\u00f3n corresponde al Ayuntamiento en el ejercicio de sus competencias.<\/p>\n<p>La Sede Electr\u00f3nica es, en general, de libre acceso y no exige la previa suscripci\u00f3n o registro de la persona usuaria. No obstante, por razones de seguridad y de privacidad, el acceso a algunas \u00e1reas y servicios de la sede electr\u00f3nica puede estar sujeto a condiciones espec\u00edficas de autenticaci\u00f3n que quedan establecidos en la informaci\u00f3n de detalle correspondiente a cada servicio en particular.<\/p>\n<p>Esta Sede Electr\u00f3nica permite realizar actuaciones, procedimientos y servicios que precisen el acceso electr\u00f3nico a trav\u00e9s de Internet de la ciudadan\u00eda a los servicios p\u00fablicos del Ayuntamiento de Val\u00e8ncia de forma segura, eficaz y con la accesibilidad y calidad requeridas.<\/p>\n<p>Es por esto que se recomienda que, antes de iniciar la navegaci\u00f3n, lea atentamente el presente \u2018Aviso Legal\u2019.<\/p>\n<p><strong>2. Car\u00e1cter de la informaci\u00f3n publicada en el Portal<\/strong><\/p>\n<p>Las informaciones ofrecidas mediante este medio tienen exclusivamente car\u00e1cter ilustrativo y no originan derechos ni expectativas de derechos y el Ayuntamiento de Val\u00e8ncia no se hace responsable de los contenidos accesibles a trav\u00e9s de enlaces o documentos existentes en otros dominios.<\/p>\n<p>El Ayuntamiento de Val\u00e8ncia procura que esta informaci\u00f3n sea exacta y precisa, y procede a su actualizaci\u00f3n con la m\u00e1xima celeridad posible, tratando de evitar errores y corrigi\u00e9ndolos tan pronto como los detecta. No obstante, el Ayuntamiento de Val\u00e8ncia no puede garantizar la inexistencia de errores ni que el contenido de la informaci\u00f3n se encuentre permanentemente actualizada.<\/p>\n<p>La informaci\u00f3n contenida en el Portal puede ser modificada y actualizada por el Ayuntamiento de Val\u00e8ncia, sin necesidad de aviso previo, tanto en lo relativo a su contenido como a su dise\u00f1o y presentaci\u00f3n.<\/p>\n<p>La informaci\u00f3n proporcionada en respuesta a cualquier consulta o petici\u00f3n de informaci\u00f3n tiene car\u00e1cter meramente orientativo y en ning\u00fan caso resultar\u00e1 vinculante para la resoluci\u00f3n de los procedimientos administrativos, los cuales se hallan estrictamente sujetos a las normas legales o reglamentarias que les sean de aplicaci\u00f3n.<\/p>\n<p>Con car\u00e1cter general, la informaci\u00f3n disponible en este Portal tiene que ser entendida como una gu\u00eda sin prop\u00f3sito de validez legal. La informaci\u00f3n administrativa facilitada a trav\u00e9s del mismo no sustituye la publicidad legal de las leyes, de las disposiciones generales y de los actos que tengan que ser publicados formalmente en los diarios o boletines oficiales de las administraciones p\u00fablicas. En el caso de cualquier discrepancia entre la versi\u00f3n de documentos e informaci\u00f3n obtenida en este sitio Web y la versi\u00f3n considerada oficial, la versi\u00f3n oficial de las administraciones es la \u00fanica legalmente v\u00e1lida.<\/p>\n<p><strong>3. Condiciones y t\u00e9rminos generales de uso del Portal<\/strong><\/p>\n<p>Por el acceso, navegaci\u00f3n por el Portal de Internet del Ayuntamiento de Val\u00e8ncia y por la utilizaci\u00f3n de los servicios incluidos en el mismo, Vd. adquiere la condici\u00f3n de persona usuaria, sin reservas de ninguna clase, aceptando todas y cada una de las presentes Condiciones y T\u00e9rminos Generales de Uso y de las Condiciones Particulares que, en su caso, rijan la prestaci\u00f3n de los servicios que se dispusieran en el sitio Web, sin perjuicio de la atenci\u00f3n y cumplimiento, por su parte, de las condiciones fijadas y previstas por los sitios Web hipervinculados desde http:\/\/www.valencia.es, de las cuales no responde este ayuntamiento.<\/p>\n<p>El Ayuntamiento de Val\u00e8ncia podr\u00e1, en todo momento y sin previo aviso, modificar las Condiciones y T\u00e9rminos Generales de Uso, as\u00ed como las Condiciones Particulares, que se establecieran.<\/p>\n<p>En todo caso, la persona usuaria se compromete a hacer un uso adecuado de los contenidos y servicios que el Ayuntamiento de Valencia ofrece a trav\u00e9s del Portal y, con car\u00e1cter enunciativo pero no limitativo:<\/p>\n<p>(I) No incurrir en actividades il\u00edcitas, ilegales o contrarias a la buena fe y al orden p\u00fablico.<\/p>\n<p>(II) No introducir, almacenar o difundir en o desde el Portal, cualquier informaci\u00f3n o material que, expl\u00edcita o impl\u00edcitamente, fuera difamatoria, injuriosa, obscena, amenazadora, xen\u00f3foba, de apolog\u00eda del terrorismo, pornogr\u00e1fica o incite a la violencia, a la discriminaci\u00f3n por raz\u00f3n de raza, sexo, ideolog\u00eda, religi\u00f3n o que de cualquier forma atente contra el orden p\u00fablico, los derechos fundamentales, las libertades p\u00fablicas, con especial atenci\u00f3n al honor, la intimidad o la imagen de terceros y, en general, contra los derechos humanos.<\/p>\n<p>(III) No utilizar identidades falsas, ni suplantar la identidad de otras personas en la utilizaci\u00f3n del Portal o en la utilizaci\u00f3n de cualquiera de los servicios dispuestos, incluyendo la utilizaci\u00f3n, en su caso, de contrase\u00f1as o claves de acceso de terceros o de cualquier otra forma.<\/p>\n<p>En consecuencia, el Usuario no deber\u00e1 acceder y, en su caso, utilizar las claves de otras personas usuarias y modificar o manipular sus mensajes.<\/p>\n<p>(IV) No introducir, almacenar o difundir mediante el Portal ning\u00fan programa de ordenador, datos, virus, c\u00f3digo que sea susceptible de causar da\u00f1os en el Portal, en cualquiera de los servicios, o en cualquiera de los equipos, sistemas o redes del Ayuntamiento de Val\u00e8ncia o, en general, de cualquier tercero, o que, de cualquier otra forma, sea capaz de causar cualquier tipo de alteraci\u00f3n o impedir el normal funcionamiento de los mismos.<\/p>\n<p>(V) No destruir, alterar, utilizar para su uso, inutilizar o da\u00f1ar los datos, informaciones, programas o documentos electr\u00f3nicos del ayuntamiento de Valencia o de terceros.<\/p>\n<p>(VI) No introducir, almacenar o difundir mediante el Portal cualquier contenido que infrinja derechos de propiedad intelectual, industrial o secretos empresariales de terceros, ni en general ning\u00fan contenido del cual no ostentara, de conformidad con la ley, el derecho a ponerlo a disposici\u00f3n de terceros.<\/p>\n<p>(VII) No utilizar los servicios ofrecidos en el Portal con el objetivo de promocionar empresas y servicios externos, otras p\u00e1ginas web y hacer campa\u00f1as de publicidad o comerciales.<\/p>\n<p>En caso de contravenir las condiciones anteriores, el Ayuntamiento de Val\u00e8ncia se reserva la facultad y estar\u00e1 legitimado para bloquear, suspender o cancelar, de forma inmediata y sin previo aviso, el acceso y uso del Portal y, en su caso, para retirar los contenidos presunta o declaradamente ilegales, ya lo realice a su exclusivo criterio o a petici\u00f3n de tercero afectado o de autoridad competente.<\/p>\n<p><strong>4. Responsabilidad<\/strong><\/p>\n<p>El Ayuntamiento de Val\u00e8ncia no se hace responsable de los da\u00f1os y perjuicios que se pudieran derivar de, con car\u00e1cter meramente enunciativo y no limitativo:<\/p>\n<p>(I) Omisiones, interrupciones, virus inform\u00e1ticos, aver\u00edas y\/o desconexiones en el funcionamiento operativo de este sistema electr\u00f3nico o en los aparatos y equipos inform\u00e1ticos de los Usuarios, motivadas por causas ajenas al Ayuntamiento de Val\u00e8ncia, que impidan o retrasen la prestaci\u00f3n de los servicios o la navegaci\u00f3n por el Sistema.<\/p>\n<p>(II) Retrasos o bloqueos en el uso, causados por deficiencias o sobrecargas de Internet o en otros sistemas electr\u00f3nicos.<\/p>\n<p>(III) Que puedan ser causados por terceras personas mediante intromisiones ileg\u00edtimas fuera del control y que no sean atribuibles al Ayuntamiento de Val\u00e8ncia.<\/p>\n<p>(IV) De la imposibilidad de dar el servicio o permitir el acceso por causas no imputables al Ayuntamiento de Val\u00e8ncia, debidas a la persona usuaria, a terceros, o a supuestos de fuerza mayor.<\/p>\n<p>(V) El Portal del Ayuntamiento de Val\u00e8ncia puede contener enlaces a las sedes electr\u00f3nicas de otras Administraciones p\u00fablicas o a p\u00e1ginas web de otros \u00f3rganos, empresas o instituciones, con el objetivo de facilitar a los ciudadanos la b\u00fasqueda de informaci\u00f3n y recursos a trav\u00e9s de Internet. No obstante, dichas p\u00e1ginas no son de su titularidad y, por tanto, el Ayuntamiento de Val\u00e8ncia no es responsable de sus contenidos, funcionamiento o de las posibles consecuencias que puedan derivarse del acceso o uso de las mismas.<\/p>\n<p><strong>5. Propiedad intelectual e industrial<\/strong><\/p>\n<p>El Ayuntamiento de Val\u00e8ncia es el titular de los derechos de propiedad intelectual de las obras y prestaciones que integran este web, o bien posee la cesi\u00f3n de su uso. Esto incluye el dise\u00f1o gr\u00e1fico y el software de este web, como tambi\u00e9n los textos, las im\u00e1genes y las grabaciones que contiene. La reproducci\u00f3n, distribuci\u00f3n, comunicaci\u00f3n p\u00fablica o transformaci\u00f3n de estas obras y prestaciones requiere la autorizaci\u00f3n del titular, al margen de las actividades directamente autorizadas por la ley de propiedad intelectual.<\/p>\n<p>Las marcas, nombres comerciales y signos distintivos que aparecen en los webs del ayuntamiento pueden estar protegidos por reg\u00edmenes de propiedad industrial y pertenecen a sus titulares respectivos. Queda prohibido cualquier uso que no tenga la autorizaci\u00f3n del titular o que no est\u00e9 amparado por la ley.<\/p>\n<p>Si cualquier persona considera que este web o su contenido suponen la infracci\u00f3n de alg\u00fan derecho de propiedad intelectual o industrial, debe notificarlo al Ayuntamiento, indicando su nombre, la titularidad de derechos (aportando la prueba o acreditaci\u00f3n correspondiente) y el objeto del derecho supuestamente infringido.<\/p>\n<p>Su uso, reproducci\u00f3n, distribuci\u00f3n, comunicaci\u00f3n p\u00fablica, transformaci\u00f3n o cualquier otra actividad similar o an\u00e1loga, queda totalmente prohibida, salvo que medie autorizaci\u00f3n expresa del Ayuntamiento de Val\u00e8ncia.<\/p>\n<p>El Ayuntamiento de Val\u00e8ncia permite reutilizar todos los datos e informaciones difundidos por medio de este web, siempre que no se indique lo contrario, con las condiciones siguientes:<\/p>\n<p>\u2022 No alterar el contenido de la informaci\u00f3n.<br \/>\n\u2022 No desnaturalizar el sentido de la informaci\u00f3n.<br \/>\n\u2022 Mencionar la fuente de la informaci\u00f3n.<br \/>\n\u2022 No dar a entender que el Ayuntamiento patrocina o apoya la actividad en la que se reutiliza la informaci\u00f3n.<\/p>\n<p>En todos los casos, la posibilidad de reutilizar informaci\u00f3n queda limitada por la necesaria protecci\u00f3n de otros derechos, bienes o intereses de acuerdo con lo establecido en la legislaci\u00f3n vigente. En particular, cualquier acto de reutilizaci\u00f3n de la informaci\u00f3n contenida en este web debe garantizar la protecci\u00f3n del r\u00e9gimen de propiedad intelectual e industrial y del r\u00e9gimen de protecci\u00f3n de los datos personales.<\/p>\n<p>En concreto, la reutilizaci\u00f3n de obras y prestaciones protegidas por el r\u00e9gimen de propiedad intelectual queda sujeta a los t\u00e9rminos de la licencia de propiedad intelectual que se haya establecido. Queda prohibida la reutilizaci\u00f3n de obras y prestaciones de las que se haya indicado la reserva de los derechos de propiedad intelectual.<\/p>\n","protected":false},"excerpt":{"rendered":"<p>1. Introducci\u00f3n A trav\u00e9s del presente, se informa de las Condiciones y T\u00e9rminos Generales que regulan el acceso, navegaci\u00f3n y uso del Portal de Internet del Ayuntamiento de Val\u00e8ncia. En particular, informa y regula el [&hellip;]<\/p>\n","protected":false},"author":13,"featured_media":0,"parent":0,"menu_order":0,"comment_status":"closed","ping_status":"closed","template":"","meta":[],"_links":{"self":[{"href":"https:\/\/educacio-valencia.es\/es\/wp-json\/wp\/v2\/pages\/16753"}],"collection":[{"href":"https:\/\/educacio-valencia.es\/es\/wp-json\/wp\/v2\/pages"}],"about":[{"href":"https:\/\/educacio-valencia.es\/es\/wp-json\/wp\/v2\/types\/page"}],"author":[{"embeddable":true,"href":"https:\/\/educacio-valencia.es\/es\/wp-json\/wp\/v2\/users\/13"}],"replies":[{"embeddable":true,"href":"https:\/\/educacio-valencia.es\/es\/wp-json\/wp\/v2\/comments?post=16753"}],"version-history":[{"count":1,"href":"https:\/\/educacio-valencia.es\/es\/wp-json\/wp\/v2\/pages\/16753\/revisions"}],"predecessor-version":[{"id":27296,"href":"https:\/\/educacio-valencia.es\/es\/wp-json\/wp\/v2\/pages\/16753\/revisions\/27296"}],"wp:attachment":[{"href":"https:\/\/educacio-valencia.es\/es\/wp-json\/wp\/v2\/media?parent=16753"}],"curies":[{"name":"wp","href":"https:\/\/api.w.org\/{rel}","templated":true}]}}