{"id":16750,"date":"2020-04-02T06:38:00","date_gmt":"2020-04-02T04:38:00","guid":{"rendered":"https:\/\/educacio-valencia.es\/politica-de-cookies\/"},"modified":"2020-04-28T15:14:11","modified_gmt":"2020-04-28T13:14:11","slug":"politica-de-cookies","status":"publish","type":"page","link":"https:\/\/educacio-valencia.es\/es\/politica-de-cookies\/","title":{"rendered":"Pol\u00edtica de cookies"},"content":{"rendered":"<p>La Concejal\u00eda de Educaci\u00f3n del Ayuntamiento de Valencia a trav\u00e9s del dominio\u00a0<strong>educacio-valencia.es<\/strong>\u00a0facilita informaci\u00f3n sobre las acciones, ideas, ayudas y propuestas que desarrolla el Ayuntamiento para todos y todas los miembros de las comunidades educativas y para la ciudadan\u00eda en general.<\/p>\n<p>As\u00ed realiza todos los esfuerzos necesarios para evitar errores y, en su caso, corregirlos o actualizarlos lo antes posible, no obstante no puede garantizar su inexistencia ni que el contenido de la informaci\u00f3n se encuentre permanentemente actualizado.<\/p>\n<p>La Concejal\u00eda de Educaci\u00f3n del Ayuntamiento de Valencia no se responsabiliza del acceso o uso de los contenidos. Igualmente no se responsabiliza de los accesos y contenidos que aparezcan en los enlaces a otros dominios que se incluyen en\u00a0<strong>educacio-valencia.es<\/strong>.<\/p>\n<p>La informaci\u00f3n proporcionada tiene car\u00e1cter meramente orientativo y en ning\u00fan caso podr\u00e1 ser vinculante para la resoluci\u00f3n de los procedimientos administrativos, que se hallar\u00e1 sujeta exclusivamente a la normativa que les sea de aplicaci\u00f3n.<\/p>\n<p>La utilizaci\u00f3n no autorizada expresamente de la informaci\u00f3n contenida en el dominio\u00a0<strong>educacio-valencia.es<\/strong>, as\u00ed como los perjuicios que pudieran ocasionarse en los derechos de propiedad intelectual e industrial de la Concejal\u00eda de \u00a0\u00a0Educaci\u00f3n del Ayuntamiento de Valencia, podr\u00e1 originar el ejercicio por \u00e9ste de las acciones que legalmente procedan.<\/p>\n<p>El tratamiento de los datos de car\u00e1cter personal que se recogen a trav\u00e9s del dominio, se sujeta a lo dispuesto en la Ley Org\u00e1nica 15\/1999, de Protecci\u00f3n de Datos de Car\u00e1cter Personal y dem\u00e1s normativa aplicable. La persona interesada podr\u00e1 ejercer sus derechos de acceso, rectificaci\u00f3n, cancelaci\u00f3n y oposici\u00f3n en los t\u00e9rminos establecidos en la legislaci\u00f3n aplicable.<\/p>\n<p><strong>Cookies<\/strong><\/p>\n<p><strong>educacio-valencia.es<\/strong>\u00a0usa cookies s\u00f3lo con objetivos t\u00e9cnicos y estad\u00edsticos, para la autenticaci\u00f3n de personas usuarias y para medir las visitas en cualquier zona de la web. En ning\u00fan caso estos cookies se usan para otros fines a los anteriormente descritos, ni se pasa informaci\u00f3n a terceros.<\/p>\n<p>Usamos Google Analytics para obtener las estad\u00edsticas de accesos, se podr\u00edan incluir otros cookies para el seguimiento de sesiones y usuarios\/as \u00fanicos\/as. En ning\u00fan caso estos cookies incluyen informaci\u00f3n personal o privada del personal registrado en la web.<\/p>\n<p>Las personas\u00a0 usuarias pueden eliminarlos o impedir el env\u00edo de esos cookies desde las opciones de su navegador.<\/p>\n","protected":false},"excerpt":{"rendered":"<p>La Concejal\u00eda de Educaci\u00f3n del Ayuntamiento de Valencia a trav\u00e9s del dominio\u00a0educacio-valencia.es\u00a0facilita informaci\u00f3n sobre las acciones, ideas, ayudas y propuestas que desarrolla el Ayuntamiento para todos y todas los miembros de las comunidades educativas y [&hellip;]<\/p>\n","protected":false},"author":13,"featured_media":0,"parent":0,"menu_order":0,"comment_status":"closed","ping_status":"closed","template":"","meta":[],"_links":{"self":[{"href":"https:\/\/educacio-valencia.es\/es\/wp-json\/wp\/v2\/pages\/16750"}],"collection":[{"href":"https:\/\/educacio-valencia.es\/es\/wp-json\/wp\/v2\/pages"}],"about":[{"href":"https:\/\/educacio-valencia.es\/es\/wp-json\/wp\/v2\/types\/page"}],"author":[{"embeddable":true,"href":"https:\/\/educacio-valencia.es\/es\/wp-json\/wp\/v2\/users\/13"}],"replies":[{"embeddable":true,"href":"https:\/\/educacio-valencia.es\/es\/wp-json\/wp\/v2\/comments?post=16750"}],"version-history":[{"count":2,"href":"https:\/\/educacio-valencia.es\/es\/wp-json\/wp\/v2\/pages\/16750\/revisions"}],"predecessor-version":[{"id":17908,"href":"https:\/\/educacio-valencia.es\/es\/wp-json\/wp\/v2\/pages\/16750\/revisions\/17908"}],"wp:attachment":[{"href":"https:\/\/educacio-valencia.es\/es\/wp-json\/wp\/v2\/media?parent=16750"}],"curies":[{"name":"wp","href":"https:\/\/api.w.org\/{rel}","templated":true}]}}