{"id":16360,"date":"2017-07-27T07:13:54","date_gmt":"2017-07-27T05:13:54","guid":{"rendered":"https:\/\/educacio-valencia.es\/paem-2-2\/"},"modified":"2017-07-27T07:13:54","modified_gmt":"2017-07-27T05:13:54","slug":"paem-2-2","status":"publish","type":"page","link":"https:\/\/educacio-valencia.es\/es\/paem-2-2\/","title":{"rendered":"PAEM"},"content":{"rendered":"<p><div class=\"fusion-fullwidth fullwidth-box fusion-builder-row-1 bloqueSeccion nonhundred-percent-fullwidth non-hundred-percent-height-scrolling\" style=\"background-color: rgba(255,255,255,0);background-position: center center;background-repeat: no-repeat;padding-top:10px;padding-right:0px;padding-bottom:0px;padding-left:0px;margin-bottom: 0px;margin-top: 0px;border-width: 0px 0px 0px 0px;border-color:#000000;border-style:solid;\" ><div class=\"fusion-builder-row fusion-row\"><div class=\"fusion-layout-column fusion_builder_column fusion-builder-column-0 fusion_builder_column_2_5 2_5 fusion-two-fifth fusion-column-first\" style=\"width:40%;width:calc(40% - ( ( 4% ) * 0.4 ) );margin-right: 4%;margin-top:0px;margin-bottom:20px;\"><div class=\"fusion-column-wrapper fusion-flex-column-wrapper-legacy\" style=\"background-position:left top;background-repeat:no-repeat;-webkit-background-size:cover;-moz-background-size:cover;-o-background-size:cover;background-size:cover;padding: 0px 0px 0px 0px;\"><style type=\"text\/css\"><\/style><div class=\"fusion-title title fusion-title-1 fusion-sep-none fusion-title-text fusion-title-size-two\" style=\"margin-top:0px;margin-bottom:10px;\"><h2 class=\"title-heading-left\" style=\"margin:0;\"><strong><span class=\"s1\">PAEM (Programa de Absentismo Municipal Escolar)<\/span><\/strong><\/h2><\/div><div class=\"fusion-clearfix\"><\/div><\/div><\/div><div class=\"fusion-layout-column fusion_builder_column fusion-builder-column-1 fusion_builder_column_3_5 3_5 fusion-three-fifth fusion-column-last marginCero\" style=\"width:60%;width:calc(60% - ( ( 4% ) * 0.6 ) );margin-top:0px;margin-bottom:20px;\"><div class=\"fusion-column-wrapper fusion-flex-column-wrapper-legacy\" style=\"background-position:left top;background-repeat:no-repeat;-webkit-background-size:cover;-moz-background-size:cover;-o-background-size:cover;background-size:cover;padding: 0px 0px 0px 0px;\"><div class=\"fusion-text fusion-text-1\" style=\"transform:translate3d(0,0,0);\"><p class=\"p1\"><span class=\"s1\">No existe mejor lugar para la socializaci\u00f3n de una persona menor que la escuela, donde est\u00e1 rodeada de sus iguales<\/span><\/p>\n<p class=\"p1\"><span class=\"s1\">Las Administraciones P\u00fablicas tienen que garantizar el derecho a la educaci\u00f3n y contribuir a que las personas j\u00f3venes sean en el futuro independientes, proactivas y responsables.<\/span><\/p>\n<p class=\"p1\"><span class=\"s1\">El absentismo escolar se manifiesta de diferentes formas: retrasos, faltas a primeras o \u00faltimas horas, ausencias continuadas sin justificar correctamente\u2026<\/span><\/p>\n<p class=\"p1\"><span class=\"s1\">No detectar y tomar decisiones r\u00e1pidamente, puede repercutir negativamente en el ritmo de aprendizaje; la desmotivaci\u00f3n por retraso escolar, es el primer s\u00edntoma de abandono.<\/span><\/p>\n<p class=\"p1\"><span class=\"s1\">El absentismo presenta su mayor incidencia en la E.S.O. pero es en la Primaria donde se puede hacer un trabajo preventivo para erradicar el problema desde sus inicios.<\/span><\/p>\n<\/div><div class=\"fusion-clearfix\"><\/div><\/div><\/div><\/div><\/div><div class=\"fusion-fullwidth fullwidth-box fusion-builder-row-2 bloqueSeccion nonhundred-percent-fullwidth non-hundred-percent-height-scrolling\" style=\"background-color: rgba(255,255,255,0);background-position: center center;background-repeat: no-repeat;padding-top:10px;padding-right:0px;padding-bottom:0px;padding-left:0px;margin-bottom: 0px;margin-top: 0px;border-width: 0px 0px 0px 0px;border-color:#000000;border-style:solid;\" ><div class=\"fusion-builder-row fusion-row\"><div class=\"fusion-layout-column fusion_builder_column fusion-builder-column-2 fusion_builder_column_2_5 2_5 fusion-two-fifth fusion-column-first\" style=\"width:40%;width:calc(40% - ( ( 4% ) * 0.4 ) );margin-right: 4%;margin-top:0px;margin-bottom:20px;\"><div class=\"fusion-column-wrapper fusion-flex-column-wrapper-legacy\" style=\"background-position:left top;background-repeat:no-repeat;-webkit-background-size:cover;-moz-background-size:cover;-o-background-size:cover;background-size:cover;padding: 0px 0px 0px 0px;\"><style type=\"text\/css\"><\/style><div class=\"fusion-title title fusion-title-2 fusion-sep-none fusion-title-text fusion-title-size-two\" style=\"margin-top:0px;margin-bottom:10px;\"><h2 class=\"title-heading-left\" style=\"margin:0;\"><strong>Objetivos<\/strong><\/h2><\/div><div class=\"fusion-clearfix\"><\/div><\/div><\/div><div class=\"fusion-layout-column fusion_builder_column fusion-builder-column-3 fusion_builder_column_3_5 3_5 fusion-three-fifth fusion-column-last marginCero\" style=\"width:60%;width:calc(60% - ( ( 4% ) * 0.6 ) );margin-top:0px;margin-bottom:20px;\"><div class=\"fusion-column-wrapper fusion-flex-column-wrapper-legacy\" style=\"background-position:left top;background-repeat:no-repeat;-webkit-background-size:cover;-moz-background-size:cover;-o-background-size:cover;background-size:cover;padding: 0px 0px 0px 0px;\"><div class=\"fusion-text fusion-text-2\" style=\"transform:translate3d(0,0,0);\"><ul>\n<li class=\"p1\"><span class=\"s1\">Conseguir la plena escolarizaci\u00f3n y la reducci\u00f3n del absentismo escolar durante la educaci\u00f3n obligatoria, asegurando el desarrollo integral y la adaptaci\u00f3n social de las personas j\u00f3venes.<\/span><\/li>\n<li class=\"p1\"><span class=\"s1\">Coordinar y promover el desarrollo de actuaciones para la prevenci\u00f3n, intervenci\u00f3n y seguimiento de los casos de absentismo.<\/span><\/li>\n<\/ul>\n<\/div><div class=\"fusion-clearfix\"><\/div><\/div><\/div><\/div><\/div><div class=\"fusion-fullwidth fullwidth-box fusion-builder-row-3 bloqueSeccion nonhundred-percent-fullwidth non-hundred-percent-height-scrolling\" style=\"background-color: rgba(255,255,255,0);background-position: center center;background-repeat: no-repeat;padding-top:10px;padding-right:0px;padding-bottom:0px;padding-left:0px;margin-bottom: 0px;margin-top: 0px;border-width: 0px 0px 0px 0px;border-color:#000000;border-style:solid;\" ><div class=\"fusion-builder-row fusion-row\"><div class=\"fusion-layout-column fusion_builder_column fusion-builder-column-4 fusion_builder_column_2_5 2_5 fusion-two-fifth fusion-column-first\" style=\"width:40%;width:calc(40% - ( ( 4% ) * 0.4 ) );margin-right: 4%;margin-top:0px;margin-bottom:20px;\"><div class=\"fusion-column-wrapper fusion-flex-column-wrapper-legacy\" style=\"background-position:left top;background-repeat:no-repeat;-webkit-background-size:cover;-moz-background-size:cover;-o-background-size:cover;background-size:cover;padding: 0px 0px 0px 0px;\"><style type=\"text\/css\"><\/style><div class=\"fusion-title title fusion-title-3 fusion-sep-none fusion-title-text fusion-title-size-two\" style=\"margin-top:0px;margin-bottom:10px;\"><h2 class=\"title-heading-left\" style=\"margin:0;\"><strong>Niveles de intervenci\u00f3n<\/strong><\/h2><\/div><div class=\"fusion-clearfix\"><\/div><\/div><\/div><div class=\"fusion-layout-column fusion_builder_column fusion-builder-column-5 fusion_builder_column_3_5 3_5 fusion-three-fifth fusion-column-last marginCero\" style=\"width:60%;width:calc(60% - ( ( 4% ) * 0.6 ) );margin-top:0px;margin-bottom:20px;\"><div class=\"fusion-column-wrapper fusion-flex-column-wrapper-legacy\" style=\"background-position:left top;background-repeat:no-repeat;-webkit-background-size:cover;-moz-background-size:cover;-o-background-size:cover;background-size:cover;padding: 0px 0px 0px 0px;\"><div class=\"fusion-text fusion-text-3\" style=\"transform:translate3d(0,0,0);\"><p class=\"p1\"><span class=\"s1\"><strong>1\u00aa FASE:<\/strong> Divulgaci\u00f3n del Programa de Absentismo Escolar Municipal en los centros educativos.<\/span><\/p>\n<p class=\"p1\"><span class=\"s1\"><strong>2\u00aa FASE:<\/strong> Detecci\u00f3n por el centro educativo e intervenci\u00f3n con padres, madres y alumnado absentista.<\/span><\/p>\n<p class=\"p1\"><span class=\"s1\"><strong>3\u00aa FASE:<\/strong> Actuaciones de las T\u00e9cnicas y T\u00e9cnicos de Zona y \u00c1rea.<\/span><\/p>\n<p class=\"p1\"><span class=\"s1\"><strong>4\u00aa FASE<\/strong>: Resoluci\u00f3n del expediente de absentismo escolar.<\/span><\/p>\n<hr \/>\n<p class=\"p1\"><strong><span class=\"s1\">ZONAS<\/span><\/strong><\/p>\n<p class=\"p1\"><span class=\"s1\">La ciudad de Valencia se divide en dos grandes \u00e1reas A y B, con sus correspondientes equipos de trabajo. El equipo profesional de cada \u00e1rea se distribuir\u00e1 por zonas con el objetivo de aproximarse a la realidad de cada barrio. Como ubicaci\u00f3n f\u00edsica lo PAEM utilizar\u00e1 los Centros de Juventud existentes.<\/span><\/p>\n<p class=\"p1\"><strong><span class=\"s1\">\u00c1rea A:<\/span><\/strong><\/p>\n<ul>\n<li class=\"p1\"><span class=\"s1\">Zona 1 (Centro de Juventud Campanario \u2013 C\/ Valle de la Ballestera 66, CP 46015).<\/span><\/li>\n<li class=\"p1\"><span class=\"s1\">Zona 2 (Centro de Juventud Ruzafa \u2013 C\/ Puerto Rico 42, bajo CP 46006).<\/span><\/li>\n<li class=\"p1\"><span class=\"s1\">Zona 3 (Centro de Juventud Patraix \u2013 C\/ Salabert 13, 4a planta CP 46018).<\/span><\/li>\n<\/ul>\n<p class=\"p1\"><strong><span class=\"s1\">\u00c1rea B:<\/span><\/strong><\/p>\n<ul>\n<li class=\"p1\"><span class=\"s1\">Zona 4 (Centro de Juventud Orriols \u2013 C\/ Santiago Russinyol 3ac, CP 46019).<\/span><\/li>\n<li class=\"p1\"><span class=\"s1\">Zona 5 (Centro de Juventud Algir\u00f3s \u2013 C\/ Campoamor 91, CP 46022).<\/span><\/li>\n<li class=\"p1\"><span class=\"s1\">Zona 6 (Centro de Juventud Grau-Puerto \u2013 C\/M\u00e9ndez N\u00fa\u00f1ez 8, 3a y 4a planta CP 46024).<\/span><\/li>\n<\/ul>\n<\/div><div class=\"fusion-clearfix\"><\/div><\/div><\/div><\/div><\/div><div class=\"fusion-fullwidth fullwidth-box fusion-builder-row-4 bloqueSeccion nonhundred-percent-fullwidth non-hundred-percent-height-scrolling\" style=\"background-color: rgba(255,255,255,0);background-position: center center;background-repeat: no-repeat;padding-top:10px;padding-right:0px;padding-bottom:0px;padding-left:0px;margin-bottom: 0px;margin-top: 0px;border-width: 0px 0px 0px 0px;border-color:#000000;border-style:solid;\" ><div class=\"fusion-builder-row fusion-row\"><div class=\"fusion-layout-column fusion_builder_column fusion-builder-column-6 fusion_builder_column_2_5 2_5 fusion-two-fifth fusion-column-first\" style=\"width:40%;width:calc(40% - ( ( 4% ) * 0.4 ) );margin-right: 4%;margin-top:0px;margin-bottom:20px;\"><div class=\"fusion-column-wrapper fusion-flex-column-wrapper-legacy\" style=\"background-position:left top;background-repeat:no-repeat;-webkit-background-size:cover;-moz-background-size:cover;-o-background-size:cover;background-size:cover;padding: 0px 0px 0px 0px;\"><style type=\"text\/css\"><\/style><div class=\"fusion-title title fusion-title-4 fusion-sep-none fusion-title-text fusion-title-size-two\" style=\"margin-top:0px;margin-bottom:10px;\"><h2 class=\"title-heading-left\" style=\"margin:0;\"><p class=\"p1\"><strong><span class=\"s1\">Archivos para descarga<\/span><\/strong><\/p><\/h2><\/div><div class=\"fusion-clearfix\"><\/div><\/div><\/div><div class=\"fusion-layout-column fusion_builder_column fusion-builder-column-7 fusion_builder_column_3_5 3_5 fusion-three-fifth fusion-column-last marginCero\" style=\"width:60%;width:calc(60% - ( ( 4% ) * 0.6 ) );margin-top:0px;margin-bottom:20px;\"><div class=\"fusion-column-wrapper fusion-flex-column-wrapper-legacy\" style=\"background-position:left top;background-repeat:no-repeat;-webkit-background-size:cover;-moz-background-size:cover;-o-background-size:cover;background-size:cover;padding: 0px 0px 0px 0px;\"><div class=\"fusion-text fusion-text-4\" style=\"transform:translate3d(0,0,0);\"><p class=\"p1\"><a href=\"https:\/\/educacio-valencia.es\/wp-content\/uploads\/2020\/03\/Programa-Absentismo-vlc.pdf\" target=\"_blank\" rel=\"noopener noreferrer\"><strong><span class=\"s1\">Programa de Absentismo Municipal Escolar<\/span><\/strong><\/a><\/p>\n<\/div><div class=\"fusion-text fusion-text-5\" style=\"transform:translate3d(0,0,0);\"><p class=\"p1\"><strong><a href=\"https:\/\/educacio-valencia.es\/wp-content\/uploads\/2020\/03\/PAEM_Cast.pdf\" target=\"_blank\" rel=\"noopener noreferrer\">Presentaci\u00f3n del PAEM<\/a><\/strong><\/p>\n<\/div><div class=\"fusion-clearfix\"><\/div><\/div><\/div><\/div><\/div><div class=\"fusion-fullwidth fullwidth-box fusion-builder-row-5 bloqueSeccion nonhundred-percent-fullwidth non-hundred-percent-height-scrolling\" style=\"background-color: rgba(255,255,255,0);background-position: center center;background-repeat: no-repeat;padding-top:10px;padding-right:0px;padding-bottom:0px;padding-left:0px;margin-bottom: 0px;margin-top: 0px;border-width: 0px 0px 0px 0px;border-color:#000000;border-style:solid;\" ><div class=\"fusion-builder-row fusion-row\"><div class=\"fusion-layout-column fusion_builder_column fusion-builder-column-8 fusion_builder_column_2_5 2_5 fusion-two-fifth fusion-column-first\" style=\"width:40%;width:calc(40% - ( ( 4% ) * 0.4 ) );margin-right: 4%;margin-top:0px;margin-bottom:20px;\"><div class=\"fusion-column-wrapper fusion-flex-column-wrapper-legacy\" style=\"background-position:left top;background-repeat:no-repeat;-webkit-background-size:cover;-moz-background-size:cover;-o-background-size:cover;background-size:cover;padding: 0px 0px 0px 0px;\"><style type=\"text\/css\"><\/style><div class=\"fusion-title title fusion-title-5 fusion-sep-none fusion-title-text fusion-title-size-two\" style=\"margin-top:0px;margin-bottom:10px;\"><h2 class=\"title-heading-left\" style=\"margin:0;\"><p class=\"p1\"><strong><span class=\"s1\">Anexos<\/span><\/strong><\/p><\/h2><\/div><div class=\"fusion-clearfix\"><\/div><\/div><\/div><div class=\"fusion-layout-column fusion_builder_column fusion-builder-column-9 fusion_builder_column_3_5 3_5 fusion-three-fifth fusion-column-last marginCero\" style=\"width:60%;width:calc(60% - ( ( 4% ) * 0.6 ) );margin-top:0px;margin-bottom:20px;\"><div class=\"fusion-column-wrapper fusion-flex-column-wrapper-legacy\" style=\"background-position:left top;background-repeat:no-repeat;-webkit-background-size:cover;-moz-background-size:cover;-o-background-size:cover;background-size:cover;padding: 0px 0px 0px 0px;\"><div class=\"fusion-text fusion-text-6\" style=\"transform:translate3d(0,0,0);\"><ul>\n<li>Anexo 1. Historial de absentismo Centro Educativo.<\/li>\n<li>Anexo 2. Historial de absentismo para Entidades Educativas y\/o Protecci\u00f3n.<\/li>\n<li>Anexo 3. Historial de absentismo abreviado de desescolarizaci\u00f3n.<\/li>\n<li>Anexo 4. Tasas mensuales.<\/li>\n<li>Anexo 5. Citaci\u00f3n para padres\/madres de la tutora o el tutor.<\/li>\n<li>Anexo 6. Citaci\u00f3n para madres\/padres de la coordinadora o el coordinador.<\/li>\n<li>Anexo 7. Acta de compromisos tutora o tutor, familia y alumna o alumno.<\/li>\n<li>Anexo 10. Plan de Actuaci\u00f3n Individualizado.<\/li>\n<li>Anexo 11. Notificaci\u00f3n responsabilidad familiar.<\/li>\n<li>Anexo 12. Notificaci\u00f3n de resoluci\u00f3n de Comisi\u00f3n Evaluadora.<\/li>\n<li>Anexo 13. Citaci\u00f3n padre\/madre a instancias del Servicio de Educaci\u00f3n.<\/li>\n<li>Anexo 14. Notificaci\u00f3n por desescolarizaci\u00f3n.<\/li>\n<li>Anexo 15. Notificaci\u00f3n de felicitaci\u00f3n por cumplimiento de objetivos.<\/li>\n<li>Anexo 16. Detecci\u00f3n de un caso de absentismo o desescolarizaci\u00f3n en la calle (Polic\u00eda Local).<\/li>\n<li>Anexo 17. Solicitud de intervenci\u00f3n de la Polic\u00eda Local a instancias del Servicio de Educaci\u00f3n.<\/li>\n<li>Anexo 18. Alumnado sin escolarizar- Fiscal\u00eda.<\/li>\n<li>Anexo 19. Reiteraci\u00f3n Fiscal\u00eda 1er semestre.<\/li>\n<li>Anexo 20. Reiteraci\u00f3n Fiscal\u00eda 2\u00ba semestre.<\/li>\n<li>Anexo 21. Relaci\u00f3n de Centros Educativos \/ Equipos de Zona.<\/li>\n<li>Anexo 22. Cuestionario evaluaci\u00f3n PAEM por Centros Educativos.<\/li>\n<li>Anexo 23. D\u00edptico informativo para familias<\/li>\n<li>Anexo 24. Conceptos para trabajar con la familia.<\/li>\n<li>Anexo 25. Conceptos para trabajar en el aula.<\/li>\n<li>Anexo 26. Memoria T\u00e9cnica de Zona.<\/li>\n<\/ul>\n<\/div><div class=\"fusion-clearfix\"><\/div><\/div><\/div><\/div><\/div><div class=\"fusion-fullwidth fullwidth-box fusion-builder-row-6 bloqueSeccion nonhundred-percent-fullwidth non-hundred-percent-height-scrolling\" style=\"background-color: rgba(255,255,255,0);background-position: center center;background-repeat: no-repeat;padding-top:10px;padding-right:0px;padding-bottom:0px;padding-left:0px;margin-bottom: 0px;margin-top: 0px;border-width: 0px 0px 0px 0px;border-color:#000000;border-style:solid;\" ><div class=\"fusion-builder-row fusion-row\"><div class=\"fusion-layout-column fusion_builder_column fusion-builder-column-10 fusion_builder_column_2_5 2_5 fusion-two-fifth fusion-column-first\" style=\"width:40%;width:calc(40% - ( ( 4% ) * 0.4 ) );margin-right: 4%;margin-top:0px;margin-bottom:20px;\"><div class=\"fusion-column-wrapper fusion-flex-column-wrapper-legacy\" style=\"background-position:left top;background-repeat:no-repeat;-webkit-background-size:cover;-moz-background-size:cover;-o-background-size:cover;background-size:cover;padding: 0px 0px 0px 0px;\"><style type=\"text\/css\"><\/style><div class=\"fusion-title title fusion-title-6 fusion-sep-none fusion-title-text fusion-title-size-two\" style=\"margin-top:0px;margin-bottom:10px;\"><h2 class=\"title-heading-left\" style=\"margin:0;\"><b><\/b><span class=\"s1\"><b>Hojas de derivaci\u00f3n por posible situaci\u00f3n de desprotecci\u00f3n<\/b><\/span><\/h2><\/div><div class=\"fusion-clearfix\"><\/div><\/div><\/div><div class=\"fusion-layout-column fusion_builder_column fusion-builder-column-11 fusion_builder_column_3_5 3_5 fusion-three-fifth fusion-column-last marginCero\" style=\"width:60%;width:calc(60% - ( ( 4% ) * 0.6 ) );margin-top:0px;margin-bottom:20px;\"><div class=\"fusion-column-wrapper fusion-flex-column-wrapper-legacy\" style=\"background-position:left top;background-repeat:no-repeat;-webkit-background-size:cover;-moz-background-size:cover;-o-background-size:cover;background-size:cover;padding: 0px 0px 0px 0px;\"><div class=\"fusion-text fusion-text-7\" style=\"transform:translate3d(0,0,0);\"><ul>\n<li>Hoja de notificaci\u00f3n de situaciones de desprotecci\u00f3n infantil desde el \u00e1mbito educativo<\/li>\n<li>Hoja de notificaci\u00f3n de situaciones de desprotecci\u00f3n infantil desde el \u00e1mbito policial<\/li>\n<li>Hoja de notificaci\u00f3n de situaciones de desprotecci\u00f3n infantil desde el \u00e1mbito sanitario<\/li>\n<\/ul>\n<\/div><div class=\"fusion-clearfix\"><\/div><\/div><\/div><\/div><\/div><\/p>\n","protected":false},"excerpt":{"rendered":"","protected":false},"author":5,"featured_media":0,"parent":0,"menu_order":0,"comment_status":"closed","ping_status":"closed","template":"","meta":[],"_links":{"self":[{"href":"https:\/\/educacio-valencia.es\/es\/wp-json\/wp\/v2\/pages\/16360"}],"collection":[{"href":"https:\/\/educacio-valencia.es\/es\/wp-json\/wp\/v2\/pages"}],"about":[{"href":"https:\/\/educacio-valencia.es\/es\/wp-json\/wp\/v2\/types\/page"}],"author":[{"embeddable":true,"href":"https:\/\/educacio-valencia.es\/es\/wp-json\/wp\/v2\/users\/5"}],"replies":[{"embeddable":true,"href":"https:\/\/educacio-valencia.es\/es\/wp-json\/wp\/v2\/comments?post=16360"}],"version-history":[{"count":0,"href":"https:\/\/educacio-valencia.es\/es\/wp-json\/wp\/v2\/pages\/16360\/revisions"}],"wp:attachment":[{"href":"https:\/\/educacio-valencia.es\/es\/wp-json\/wp\/v2\/media?parent=16360"}],"curies":[{"name":"wp","href":"https:\/\/api.w.org\/{rel}","templated":true}]}}