{"id":16273,"date":"2017-08-29T10:13:36","date_gmt":"2017-08-29T08:13:36","guid":{"rendered":"https:\/\/educacio-valencia.es\/absentisme-2\/"},"modified":"2017-08-29T10:13:36","modified_gmt":"2017-08-29T08:13:36","slug":"absentisme-2","status":"publish","type":"page","link":"https:\/\/educacio-valencia.es\/es\/absentisme-2\/","title":{"rendered":"PAEM"},"content":{"rendered":"<p><div class=\"fusion-fullwidth fullwidth-box fusion-builder-row-1 bloqueSeccion nonhundred-percent-fullwidth non-hundred-percent-height-scrolling\" style=\"background-color: rgba(255,255,255,0);background-position: center center;background-repeat: no-repeat;padding-top:10px;padding-right:0px;padding-bottom:0px;padding-left:0px;margin-bottom: 0px;margin-top: 0px;border-width: 0px 0px 0px 0px;border-color:#000000;border-style:solid;\" ><div class=\"fusion-builder-row fusion-row\"><div class=\"fusion-layout-column fusion_builder_column fusion-builder-column-0 fusion_builder_column_2_5 2_5 fusion-two-fifth fusion-column-first\" style=\"width:40%;width:calc(40% - ( ( 4% ) * 0.4 ) );margin-right: 4%;margin-top:0px;margin-bottom:20px;\"><div class=\"fusion-column-wrapper fusion-flex-column-wrapper-legacy\" style=\"background-position:left top;background-repeat:no-repeat;-webkit-background-size:cover;-moz-background-size:cover;-o-background-size:cover;background-size:cover;padding: 0px 0px 0px 0px;\"><style type=\"text\/css\"><\/style><div class=\"fusion-title title fusion-title-1 fusion-sep-none fusion-title-text fusion-title-size-two\" style=\"margin-top:0px;margin-bottom:10px;\"><h2 class=\"title-heading-left\" style=\"margin:0;\"><strong><span class=\"s1\">PAEM (Programa d\u2019 Absentisme Municipal Escolar)<\/span><\/strong><\/h2><\/div><div class=\"fusion-clearfix\"><\/div><\/div><\/div><div class=\"fusion-layout-column fusion_builder_column fusion-builder-column-1 fusion_builder_column_3_5 3_5 fusion-three-fifth fusion-column-last marginCero\" style=\"width:60%;width:calc(60% - ( ( 4% ) * 0.6 ) );margin-top:0px;margin-bottom:20px;\"><div class=\"fusion-column-wrapper fusion-flex-column-wrapper-legacy\" style=\"background-position:left top;background-repeat:no-repeat;-webkit-background-size:cover;-moz-background-size:cover;-o-background-size:cover;background-size:cover;padding: 0px 0px 0px 0px;\"><div class=\"fusion-text fusion-text-1\" style=\"transform:translate3d(0,0,0);\"><p class=\"p1\"><span class=\"s1\">No existeix millor lloc per a la socialitzaci\u00f3 d\u2019una persona menor que l\u2019escola, on est\u00e0\u00a0 envoltada\u00a0 dels seus iguals<\/span><\/p>\n<p class=\"p1\"><span class=\"s1\">Les Administracions P\u00fabliques han de garantir el dret a l\u2019educaci\u00f3 i contribuir a que les persones joves siguen en el futur independents, proactives\u00a0 i\u00a0 responsables.<\/span><\/p>\n<p class=\"p1\"><span class=\"s1\">L\u2019absentisme escolar es manifesta de diferents\u00a0 formes: retards, faltes a primeres o \u00faltimes hores, abs\u00e8ncies continuades sense justificar correctament\u2026<\/span><\/p>\n<p class=\"p1\"><span class=\"s1\">No detectar i prendre decisions r\u00e0pidament, pot repercutir negativament en el ritme d\u2019aprenentatge; la desmotivaci\u00f3 per retard escolar, \u00e9s el primer s\u00edmptoma d\u2019abandonament.<\/span><\/p>\n<p class=\"p1\"><span class=\"s1\">L\u2019absentisme presenta la seua major incid\u00e8ncia en l\u2019E.S.O. per\u00f2 \u00e9s en la Prim\u00e0ria on es pot fer un treball preventiu per a eradicar el problema des dels seus inicis.<\/span><\/p>\n<\/div><div class=\"fusion-clearfix\"><\/div><\/div><\/div><\/div><\/div><div class=\"fusion-fullwidth fullwidth-box fusion-builder-row-2 bloqueSeccion nonhundred-percent-fullwidth non-hundred-percent-height-scrolling\" style=\"background-color: rgba(255,255,255,0);background-position: center center;background-repeat: no-repeat;padding-top:10px;padding-right:0px;padding-bottom:0px;padding-left:0px;margin-bottom: 0px;margin-top: 0px;border-width: 0px 0px 0px 0px;border-color:#000000;border-style:solid;\" ><div class=\"fusion-builder-row fusion-row\"><div class=\"fusion-layout-column fusion_builder_column fusion-builder-column-2 fusion_builder_column_2_5 2_5 fusion-two-fifth fusion-column-first\" style=\"width:40%;width:calc(40% - ( ( 4% ) * 0.4 ) );margin-right: 4%;margin-top:0px;margin-bottom:20px;\"><div class=\"fusion-column-wrapper fusion-flex-column-wrapper-legacy\" style=\"background-position:left top;background-repeat:no-repeat;-webkit-background-size:cover;-moz-background-size:cover;-o-background-size:cover;background-size:cover;padding: 0px 0px 0px 0px;\"><style type=\"text\/css\"><\/style><div class=\"fusion-title title fusion-title-2 fusion-sep-none fusion-title-text fusion-title-size-two\" style=\"margin-top:0px;margin-bottom:10px;\"><h2 class=\"title-heading-left\" style=\"margin:0;\"><strong>Objetius<\/strong><\/h2><\/div><div class=\"fusion-clearfix\"><\/div><\/div><\/div><div class=\"fusion-layout-column fusion_builder_column fusion-builder-column-3 fusion_builder_column_3_5 3_5 fusion-three-fifth fusion-column-last marginCero\" style=\"width:60%;width:calc(60% - ( ( 4% ) * 0.6 ) );margin-top:0px;margin-bottom:20px;\"><div class=\"fusion-column-wrapper fusion-flex-column-wrapper-legacy\" style=\"background-position:left top;background-repeat:no-repeat;-webkit-background-size:cover;-moz-background-size:cover;-o-background-size:cover;background-size:cover;padding: 0px 0px 0px 0px;\"><div class=\"fusion-text fusion-text-2\" style=\"transform:translate3d(0,0,0);\"><ul>\n<li class=\"p1\"><span class=\"s1\">Aconseguir la plena escolaritzaci\u00f3 i la reducci\u00f3 de l\u2019absentisme escolar durant l\u2019educaci\u00f3 obligat\u00f2ria, assegurant el desenvolupament integral i l\u2019adaptaci\u00f3 social de les persones joves.<\/span><\/li>\n<li class=\"p1\"><span class=\"s1\">Coordinar i promoure el desenvolupament d\u2019actuacions per a la prevenci\u00f3, intervenci\u00f3 i seguiment dels casos d\u2019absentisme.<\/span><\/li>\n<\/ul>\n<\/div><div class=\"fusion-clearfix\"><\/div><\/div><\/div><\/div><\/div><div class=\"fusion-fullwidth fullwidth-box fusion-builder-row-3 bloqueSeccion nonhundred-percent-fullwidth non-hundred-percent-height-scrolling\" style=\"background-color: rgba(255,255,255,0);background-position: center center;background-repeat: no-repeat;padding-top:10px;padding-right:0px;padding-bottom:0px;padding-left:0px;margin-bottom: 0px;margin-top: 0px;border-width: 0px 0px 0px 0px;border-color:#000000;border-style:solid;\" ><div class=\"fusion-builder-row fusion-row\"><div class=\"fusion-layout-column fusion_builder_column fusion-builder-column-4 fusion_builder_column_2_5 2_5 fusion-two-fifth fusion-column-first\" style=\"width:40%;width:calc(40% - ( ( 4% ) * 0.4 ) );margin-right: 4%;margin-top:0px;margin-bottom:20px;\"><div class=\"fusion-column-wrapper fusion-flex-column-wrapper-legacy\" style=\"background-position:left top;background-repeat:no-repeat;-webkit-background-size:cover;-moz-background-size:cover;-o-background-size:cover;background-size:cover;padding: 0px 0px 0px 0px;\"><style type=\"text\/css\"><\/style><div class=\"fusion-title title fusion-title-3 fusion-sep-none fusion-title-text fusion-title-size-two\" style=\"margin-top:0px;margin-bottom:10px;\"><h2 class=\"title-heading-left\" style=\"margin:0;\"><strong>Nivells de intervenci\u00f3<\/strong><\/h2><\/div><div class=\"fusion-clearfix\"><\/div><\/div><\/div><div class=\"fusion-layout-column fusion_builder_column fusion-builder-column-5 fusion_builder_column_3_5 3_5 fusion-three-fifth fusion-column-last marginCero\" style=\"width:60%;width:calc(60% - ( ( 4% ) * 0.6 ) );margin-top:0px;margin-bottom:20px;\"><div class=\"fusion-column-wrapper fusion-flex-column-wrapper-legacy\" style=\"background-position:left top;background-repeat:no-repeat;-webkit-background-size:cover;-moz-background-size:cover;-o-background-size:cover;background-size:cover;padding: 0px 0px 0px 0px;\"><div class=\"fusion-text fusion-text-3\" style=\"transform:translate3d(0,0,0);\"><p class=\"p1\"><span class=\"s1\"><strong>1\u00aa FASE:<\/strong> Divulgaci\u00f3 del Programa d\u2019Absentisme Escolar Municipal en els centres educatius.<\/span><\/p>\n<p class=\"p1\"><span class=\"s1\"><strong>2\u00aa FASE:<\/strong> Detecci\u00f3 pel centre educatiu i intervenci\u00f3 amb pares, mares i alumnat absentista.<\/span><\/p>\n<p class=\"p1\"><span class=\"s1\"><strong>3\u00aa FASE:<\/strong> Actuacions de les T\u00e8cniques i T\u00e8cnics de Zona i \u00c0rea.<\/span><\/p>\n<p class=\"p1\"><span class=\"s1\"><strong>4\u00aa FASE:<\/strong> Resoluci\u00f3 de l\u2019expedient d\u2019absentisme escolar.<\/span><\/p>\n<hr \/>\n<p class=\"p1\"><strong><span class=\"s1\">ZONES<\/span><\/strong><\/p>\n<p class=\"p1\"><span class=\"s1\">La ciutat de Val\u00e8ncia es divideix en dues grans \u00e0rees\u00a0 A i B, amb els seus corresponents equips de treball. L\u2019equip professional de cada \u00e0rea es distribuir\u00e0 per zones amb l\u2019objectiu d\u2019aproximar-se a la realitat de cada barri . Com a ubicaci\u00f3 f\u00edsica el PAEM utilitzar\u00e0 els Centres de Joventut existents.<\/span><\/p>\n<p class=\"p1\"><strong><span class=\"s1\">\u00c0rea A:<\/span><\/strong><\/p>\n<ul>\n<li class=\"p1\"><span class=\"s1\">Zona 1 (Centre de Joventut Campanar \u2013 C\/ Vall de la Ballestera 66, CP 46015).<\/span><\/li>\n<li class=\"p1\"><span class=\"s1\">Zona 2 (Centre de Joventut Russafa \u2013 C\/ Puerto Rico 42, baix CP 46006).<\/span><\/li>\n<li class=\"p1\"><span class=\"s1\">Zona 3 (Centre de Joventut Patraix \u2013 C\/ Salabert 13, 4a planta CP 46018).<\/span><\/li>\n<\/ul>\n<p class=\"p1\"><span class=\"s1\">\u00c0rea B:<\/span><\/p>\n<ul>\n<li class=\"p1\"><span class=\"s1\">Zona 4 (Centre de Joventut Orriols \u2013 C\/ Santiago Russinyol 3ac, CP 46019).<\/span><\/li>\n<li class=\"p1\"><span class=\"s1\">Zona 5 (Centre de Joventut Algir\u00f3s \u2013\u00a0 C\/ Campoamor 91, CP 46022).<\/span><\/li>\n<li class=\"p1\"><span class=\"s1\">Zona 6 (Centre de Joventut Grau-Port \u2013 C\/M\u00e9ndez N\u00fa\u00f1ez 8, 3a i 4a planta CP 46024).<\/span><\/li>\n<\/ul>\n<\/div><div class=\"fusion-clearfix\"><\/div><\/div><\/div><\/div><\/div><div class=\"fusion-fullwidth fullwidth-box fusion-builder-row-4 bloqueSeccion nonhundred-percent-fullwidth non-hundred-percent-height-scrolling\" style=\"background-color: rgba(255,255,255,0);background-position: center center;background-repeat: no-repeat;padding-top:10px;padding-right:0px;padding-bottom:0px;padding-left:0px;margin-bottom: 0px;margin-top: 0px;border-width: 0px 0px 0px 0px;border-color:#000000;border-style:solid;\" ><div class=\"fusion-builder-row fusion-row\"><div class=\"fusion-layout-column fusion_builder_column fusion-builder-column-6 fusion_builder_column_2_5 2_5 fusion-two-fifth fusion-column-first\" style=\"width:40%;width:calc(40% - ( ( 4% ) * 0.4 ) );margin-right: 4%;margin-top:0px;margin-bottom:20px;\"><div class=\"fusion-column-wrapper fusion-flex-column-wrapper-legacy\" style=\"background-position:left top;background-repeat:no-repeat;-webkit-background-size:cover;-moz-background-size:cover;-o-background-size:cover;background-size:cover;padding: 0px 0px 0px 0px;\"><style type=\"text\/css\"><\/style><div class=\"fusion-title title fusion-title-4 fusion-sep-none fusion-title-text fusion-title-size-two\" style=\"margin-top:0px;margin-bottom:10px;\"><h2 class=\"title-heading-left\" style=\"margin:0;\"><p class=\"p1\"><strong><span class=\"s1\">Arxius per a descarrega<\/span><\/strong><\/p><\/h2><\/div><div class=\"fusion-clearfix\"><\/div><\/div><\/div><div class=\"fusion-layout-column fusion_builder_column fusion-builder-column-7 fusion_builder_column_3_5 3_5 fusion-three-fifth fusion-column-last marginCero\" style=\"width:60%;width:calc(60% - ( ( 4% ) * 0.6 ) );margin-top:0px;margin-bottom:20px;\"><div class=\"fusion-column-wrapper fusion-flex-column-wrapper-legacy\" style=\"background-position:left top;background-repeat:no-repeat;-webkit-background-size:cover;-moz-background-size:cover;-o-background-size:cover;background-size:cover;padding: 0px 0px 0px 0px;\"><div class=\"fusion-text fusion-text-4\" style=\"transform:translate3d(0,0,0);\"><p class=\"p1\"><a href=\"https:\/\/educacio-valencia.es\/wp-content\/uploads\/2020\/03\/Programa-Absentismo-vlc.pdf\" target=\"_blank\" rel=\"noopener noreferrer\"><strong><span class=\"s1\">Programa d&#8217;Absentisme Municipal Escolar<\/span><\/strong><\/a><\/p>\n<\/div><div class=\"fusion-text fusion-text-5\" style=\"transform:translate3d(0,0,0);\"><p class=\"p1\"><a href=\"https:\/\/educacio-valencia.es\/wp-content\/uploads\/2020\/03\/PAEM_Val.pdf\" target=\"_blank\" rel=\"noopener noreferrer\"><strong>Presentaci\u00f3 del PAEM<\/strong><\/a><\/p>\n<\/div><div class=\"fusion-clearfix\"><\/div><\/div><\/div><\/div><\/div><\/p>\n","protected":false},"excerpt":{"rendered":"","protected":false},"author":5,"featured_media":0,"parent":0,"menu_order":0,"comment_status":"closed","ping_status":"closed","template":"","meta":[],"_links":{"self":[{"href":"https:\/\/educacio-valencia.es\/es\/wp-json\/wp\/v2\/pages\/16273"}],"collection":[{"href":"https:\/\/educacio-valencia.es\/es\/wp-json\/wp\/v2\/pages"}],"about":[{"href":"https:\/\/educacio-valencia.es\/es\/wp-json\/wp\/v2\/types\/page"}],"author":[{"embeddable":true,"href":"https:\/\/educacio-valencia.es\/es\/wp-json\/wp\/v2\/users\/5"}],"replies":[{"embeddable":true,"href":"https:\/\/educacio-valencia.es\/es\/wp-json\/wp\/v2\/comments?post=16273"}],"version-history":[{"count":0,"href":"https:\/\/educacio-valencia.es\/es\/wp-json\/wp\/v2\/pages\/16273\/revisions"}],"wp:attachment":[{"href":"https:\/\/educacio-valencia.es\/es\/wp-json\/wp\/v2\/media?parent=16273"}],"curies":[{"name":"wp","href":"https:\/\/api.w.org\/{rel}","templated":true}]}}