{"id":1570,"date":"2017-08-21T09:29:10","date_gmt":"2017-08-21T07:29:10","guid":{"rendered":"http:\/\/educacio-valencia.es\/?page_id=1570\/"},"modified":"2025-05-26T09:17:45","modified_gmt":"2025-05-26T07:17:45","slug":"colegio-municipal-fernando-de-los-rios","status":"publish","type":"page","link":"https:\/\/educacio-valencia.es\/es\/colegio-municipal-fernando-de-los-rios\/","title":{"rendered":"Colegio Municipal Fernando de los R\u00edos"},"content":{"rendered":"<div class=\"fusion-fullwidth fullwidth-box fusion-builder-row-1 bloqueSeccion nonhundred-percent-fullwidth non-hundred-percent-height-scrolling\" style=\"background-color: rgba(255,255,255,0);background-position: center center;background-repeat: no-repeat;padding-top:10px;padding-right:0px;padding-bottom:0px;padding-left:0px;margin-bottom: 0px;margin-top: 0px;border-width: 0px 0px 0px 0px;border-color:#000000;border-style:solid;\" ><div class=\"fusion-builder-row fusion-row\"><div class=\"fusion-layout-column fusion_builder_column fusion-builder-column-0 fusion_builder_column_2_5 2_5 fusion-two-fifth fusion-column-first\" style=\"width:40%;width:calc(40% - ( ( 4% ) * 0.4 ) );margin-right: 4%;margin-top:0px;margin-bottom:20px;\"><div class=\"fusion-column-wrapper fusion-flex-column-wrapper-legacy\" style=\"background-position:left top;background-repeat:no-repeat;-webkit-background-size:cover;-moz-background-size:cover;-o-background-size:cover;background-size:cover;padding: 0px 0px 0px 0px;\"><style type=\"text\/css\"><\/style><div class=\"fusion-title title fusion-title-1 fusion-sep-none fusion-title-text fusion-title-size-two\" style=\"margin-top:0px;margin-bottom:10px;\"><h2 class=\"title-heading-left\" style=\"margin:0;\"><p><strong>Colegio Municipal Fernando de los R\u00edos<\/strong><\/p>\n<p>C\/ Ingeniero Joaqu\u00edn Benlloch, 33,35<br \/>\n46006 Valencia<br \/>\nTel. 963 333 362<br \/>\nFax: 963 347 770<br \/>\n<a href=\"mailto:cmfernandorios@valencia.es\">cmfernandorios@valencia.es<\/a><\/p><\/h2><\/div><div class=\"fusion-sep-clear\"><\/div><div class=\"fusion-separator fusion-full-width-sep\" style=\"margin-left: auto;margin-right: auto;width:100%;\"><div class=\"fusion-separator-border sep-double\" style=\"border-color:#e0dede;border-top-width:1px;border-bottom-width:1px;\"><\/div><\/div><div class=\"fusion-sep-clear\"><\/div><div class=\"fusion-clearfix\"><\/div><\/div><\/div><div class=\"fusion-layout-column fusion_builder_column fusion-builder-column-1 fusion_builder_column_3_5 3_5 fusion-three-fifth fusion-column-last marginCero\" style=\"width:60%;width:calc(60% - ( ( 4% ) * 0.6 ) );margin-top:0px;margin-bottom:20px;\"><div class=\"fusion-column-wrapper fusion-flex-column-wrapper-legacy\" style=\"background-position:left top;background-repeat:no-repeat;-webkit-background-size:cover;-moz-background-size:cover;-o-background-size:cover;background-size:cover;padding: 0px 0px 0px 0px;\"><div class=\"fusion-image-carousel fusion-image-carousel-auto paddingCero marginCero\"><div class=\"fusion-carousel\" data-autoplay=\"yes\" data-columns=\"1\" data-itemmargin=\"13\" data-itemwidth=\"180\" data-touchscroll=\"no\" data-imagesize=\"auto\"><div class=\"fusion-carousel-positioner\"><ul class=\"fusion-carousel-holder\"><li class=\"fusion-carousel-item\"><div class=\"fusion-carousel-item-wrapper\"><div class=\"fusion-image-wrapper hover-type-none\"><img width=\"1200\" height=\"688\" src=\"https:\/\/educacio-valencia.es\/wp-content\/uploads\/2017\/08\/Centro_delosRios_01-1.jpg\" class=\"attachment-full size-full\" alt=\"Centro_delosRios_01\" srcset=\"https:\/\/educacio-valencia.es\/wp-content\/uploads\/2017\/08\/Centro_delosRios_01-1-200x115.jpg 200w, https:\/\/educacio-valencia.es\/wp-content\/uploads\/2017\/08\/Centro_delosRios_01-1-300x172.jpg 300w, https:\/\/educacio-valencia.es\/wp-content\/uploads\/2017\/08\/Centro_delosRios_01-1-400x229.jpg 400w, https:\/\/educacio-valencia.es\/wp-content\/uploads\/2017\/08\/Centro_delosRios_01-1-600x344.jpg 600w, https:\/\/educacio-valencia.es\/wp-content\/uploads\/2017\/08\/Centro_delosRios_01-1-768x440.jpg 768w, https:\/\/educacio-valencia.es\/wp-content\/uploads\/2017\/08\/Centro_delosRios_01-1-800x459.jpg 800w, https:\/\/educacio-valencia.es\/wp-content\/uploads\/2017\/08\/Centro_delosRios_01-1-1024x587.jpg 1024w, https:\/\/educacio-valencia.es\/wp-content\/uploads\/2017\/08\/Centro_delosRios_01-1.jpg 1200w\" sizes=\"(max-width: 1200px) 100vw, 1200px\" \/><\/div><\/div><\/li><li class=\"fusion-carousel-item\"><div class=\"fusion-carousel-item-wrapper\"><div class=\"fusion-image-wrapper hover-type-none\"><img width=\"3000\" height=\"1719\" src=\"https:\/\/educacio-valencia.es\/wp-content\/uploads\/2017\/08\/Centro_delosRios_02.png\" class=\"attachment-full size-full\" alt=\"Centro_delosRios_02\" srcset=\"https:\/\/educacio-valencia.es\/wp-content\/uploads\/2017\/08\/Centro_delosRios_02-200x115.png 200w, https:\/\/educacio-valencia.es\/wp-content\/uploads\/2017\/08\/Centro_delosRios_02-300x172.png 300w, https:\/\/educacio-valencia.es\/wp-content\/uploads\/2017\/08\/Centro_delosRios_02-400x229.png 400w, https:\/\/educacio-valencia.es\/wp-content\/uploads\/2017\/08\/Centro_delosRios_02-600x344.png 600w, https:\/\/educacio-valencia.es\/wp-content\/uploads\/2017\/08\/Centro_delosRios_02-768x440.png 768w, https:\/\/educacio-valencia.es\/wp-content\/uploads\/2017\/08\/Centro_delosRios_02-800x458.png 800w, https:\/\/educacio-valencia.es\/wp-content\/uploads\/2017\/08\/Centro_delosRios_02-1024x587.png 1024w, https:\/\/educacio-valencia.es\/wp-content\/uploads\/2017\/08\/Centro_delosRios_02-1200x688.png 1200w, https:\/\/educacio-valencia.es\/wp-content\/uploads\/2017\/08\/Centro_delosRios_02.png 3000w\" sizes=\"(max-width: 3000px) 100vw, 3000px\" \/><\/div><\/div><\/li><li class=\"fusion-carousel-item\"><div class=\"fusion-carousel-item-wrapper\"><div class=\"fusion-image-wrapper hover-type-none\"><img width=\"3000\" height=\"1719\" src=\"https:\/\/educacio-valencia.es\/wp-content\/uploads\/2017\/08\/Centro_delosRios_03.png\" class=\"attachment-full size-full\" alt=\"Centro_delosRios_03\" srcset=\"https:\/\/educacio-valencia.es\/wp-content\/uploads\/2017\/08\/Centro_delosRios_03-200x115.png 200w, https:\/\/educacio-valencia.es\/wp-content\/uploads\/2017\/08\/Centro_delosRios_03-300x172.png 300w, https:\/\/educacio-valencia.es\/wp-content\/uploads\/2017\/08\/Centro_delosRios_03-400x229.png 400w, https:\/\/educacio-valencia.es\/wp-content\/uploads\/2017\/08\/Centro_delosRios_03-600x344.png 600w, https:\/\/educacio-valencia.es\/wp-content\/uploads\/2017\/08\/Centro_delosRios_03-768x440.png 768w, https:\/\/educacio-valencia.es\/wp-content\/uploads\/2017\/08\/Centro_delosRios_03-800x458.png 800w, https:\/\/educacio-valencia.es\/wp-content\/uploads\/2017\/08\/Centro_delosRios_03-1024x587.png 1024w, https:\/\/educacio-valencia.es\/wp-content\/uploads\/2017\/08\/Centro_delosRios_03-1200x688.png 1200w, https:\/\/educacio-valencia.es\/wp-content\/uploads\/2017\/08\/Centro_delosRios_03.png 3000w\" sizes=\"(max-width: 3000px) 100vw, 3000px\" \/><\/div><\/div><\/li><li class=\"fusion-carousel-item\"><div class=\"fusion-carousel-item-wrapper\"><div class=\"fusion-image-wrapper hover-type-none\"><img width=\"3000\" height=\"1719\" src=\"https:\/\/educacio-valencia.es\/wp-content\/uploads\/2017\/08\/Centro_delosRios_04.png\" class=\"attachment-full size-full\" alt=\"Centro_delosRios_04\" srcset=\"https:\/\/educacio-valencia.es\/wp-content\/uploads\/2017\/08\/Centro_delosRios_04-200x115.png 200w, https:\/\/educacio-valencia.es\/wp-content\/uploads\/2017\/08\/Centro_delosRios_04-300x172.png 300w, https:\/\/educacio-valencia.es\/wp-content\/uploads\/2017\/08\/Centro_delosRios_04-400x229.png 400w, https:\/\/educacio-valencia.es\/wp-content\/uploads\/2017\/08\/Centro_delosRios_04-600x344.png 600w, https:\/\/educacio-valencia.es\/wp-content\/uploads\/2017\/08\/Centro_delosRios_04-768x440.png 768w, https:\/\/educacio-valencia.es\/wp-content\/uploads\/2017\/08\/Centro_delosRios_04-800x458.png 800w, https:\/\/educacio-valencia.es\/wp-content\/uploads\/2017\/08\/Centro_delosRios_04-1024x587.png 1024w, https:\/\/educacio-valencia.es\/wp-content\/uploads\/2017\/08\/Centro_delosRios_04-1200x688.png 1200w, https:\/\/educacio-valencia.es\/wp-content\/uploads\/2017\/08\/Centro_delosRios_04.png 3000w\" sizes=\"(max-width: 3000px) 100vw, 3000px\" \/><\/div><\/div><\/li><li class=\"fusion-carousel-item\"><div class=\"fusion-carousel-item-wrapper\"><div class=\"fusion-image-wrapper hover-type-none\"><img width=\"3000\" height=\"1719\" src=\"https:\/\/educacio-valencia.es\/wp-content\/uploads\/2017\/08\/Centro_delosRios_05.png\" class=\"attachment-full size-full\" alt=\"Centro_delosRios_05\" srcset=\"https:\/\/educacio-valencia.es\/wp-content\/uploads\/2017\/08\/Centro_delosRios_05-200x115.png 200w, https:\/\/educacio-valencia.es\/wp-content\/uploads\/2017\/08\/Centro_delosRios_05-300x172.png 300w, https:\/\/educacio-valencia.es\/wp-content\/uploads\/2017\/08\/Centro_delosRios_05-400x229.png 400w, https:\/\/educacio-valencia.es\/wp-content\/uploads\/2017\/08\/Centro_delosRios_05-600x344.png 600w, https:\/\/educacio-valencia.es\/wp-content\/uploads\/2017\/08\/Centro_delosRios_05-768x440.png 768w, https:\/\/educacio-valencia.es\/wp-content\/uploads\/2017\/08\/Centro_delosRios_05-800x458.png 800w, https:\/\/educacio-valencia.es\/wp-content\/uploads\/2017\/08\/Centro_delosRios_05-1024x587.png 1024w, https:\/\/educacio-valencia.es\/wp-content\/uploads\/2017\/08\/Centro_delosRios_05-1200x688.png 1200w, https:\/\/educacio-valencia.es\/wp-content\/uploads\/2017\/08\/Centro_delosRios_05.png 3000w\" sizes=\"(max-width: 3000px) 100vw, 3000px\" \/><\/div><\/div><\/li><li class=\"fusion-carousel-item\"><div class=\"fusion-carousel-item-wrapper\"><div class=\"fusion-image-wrapper hover-type-none\"><img width=\"3000\" height=\"1719\" src=\"https:\/\/educacio-valencia.es\/wp-content\/uploads\/2017\/08\/Centro_delosRios_06.png\" class=\"attachment-full size-full\" alt=\"Centro_delosRios_06\" srcset=\"https:\/\/educacio-valencia.es\/wp-content\/uploads\/2017\/08\/Centro_delosRios_06-200x115.png 200w, https:\/\/educacio-valencia.es\/wp-content\/uploads\/2017\/08\/Centro_delosRios_06-300x172.png 300w, https:\/\/educacio-valencia.es\/wp-content\/uploads\/2017\/08\/Centro_delosRios_06-400x229.png 400w, https:\/\/educacio-valencia.es\/wp-content\/uploads\/2017\/08\/Centro_delosRios_06-600x344.png 600w, https:\/\/educacio-valencia.es\/wp-content\/uploads\/2017\/08\/Centro_delosRios_06-768x440.png 768w, https:\/\/educacio-valencia.es\/wp-content\/uploads\/2017\/08\/Centro_delosRios_06-800x458.png 800w, https:\/\/educacio-valencia.es\/wp-content\/uploads\/2017\/08\/Centro_delosRios_06-1024x587.png 1024w, https:\/\/educacio-valencia.es\/wp-content\/uploads\/2017\/08\/Centro_delosRios_06-1200x688.png 1200w, https:\/\/educacio-valencia.es\/wp-content\/uploads\/2017\/08\/Centro_delosRios_06.png 3000w\" sizes=\"(max-width: 3000px) 100vw, 3000px\" \/><\/div><\/div><\/li><li class=\"fusion-carousel-item\"><div class=\"fusion-carousel-item-wrapper\"><div class=\"fusion-image-wrapper hover-type-none\"><img width=\"3000\" height=\"1719\" src=\"https:\/\/educacio-valencia.es\/wp-content\/uploads\/2017\/08\/Centro_delosRios_07.png\" class=\"attachment-full size-full\" alt=\"Centro_delosRios_07\" srcset=\"https:\/\/educacio-valencia.es\/wp-content\/uploads\/2017\/08\/Centro_delosRios_07-200x115.png 200w, https:\/\/educacio-valencia.es\/wp-content\/uploads\/2017\/08\/Centro_delosRios_07-300x172.png 300w, https:\/\/educacio-valencia.es\/wp-content\/uploads\/2017\/08\/Centro_delosRios_07-400x229.png 400w, https:\/\/educacio-valencia.es\/wp-content\/uploads\/2017\/08\/Centro_delosRios_07-600x344.png 600w, https:\/\/educacio-valencia.es\/wp-content\/uploads\/2017\/08\/Centro_delosRios_07-768x440.png 768w, https:\/\/educacio-valencia.es\/wp-content\/uploads\/2017\/08\/Centro_delosRios_07-800x458.png 800w, https:\/\/educacio-valencia.es\/wp-content\/uploads\/2017\/08\/Centro_delosRios_07-1024x587.png 1024w, https:\/\/educacio-valencia.es\/wp-content\/uploads\/2017\/08\/Centro_delosRios_07-1200x688.png 1200w, https:\/\/educacio-valencia.es\/wp-content\/uploads\/2017\/08\/Centro_delosRios_07.png 3000w\" sizes=\"(max-width: 3000px) 100vw, 3000px\" \/><\/div><\/div><\/li><li class=\"fusion-carousel-item\"><div class=\"fusion-carousel-item-wrapper\"><div class=\"fusion-image-wrapper hover-type-none\"><img width=\"3000\" height=\"1719\" src=\"https:\/\/educacio-valencia.es\/wp-content\/uploads\/2017\/08\/Centro_delosRios_08.png\" class=\"attachment-full size-full\" alt=\"Centro_delosRios_08\" srcset=\"https:\/\/educacio-valencia.es\/wp-content\/uploads\/2017\/08\/Centro_delosRios_08-200x115.png 200w, https:\/\/educacio-valencia.es\/wp-content\/uploads\/2017\/08\/Centro_delosRios_08-300x172.png 300w, https:\/\/educacio-valencia.es\/wp-content\/uploads\/2017\/08\/Centro_delosRios_08-400x229.png 400w, https:\/\/educacio-valencia.es\/wp-content\/uploads\/2017\/08\/Centro_delosRios_08-600x344.png 600w, https:\/\/educacio-valencia.es\/wp-content\/uploads\/2017\/08\/Centro_delosRios_08-768x440.png 768w, https:\/\/educacio-valencia.es\/wp-content\/uploads\/2017\/08\/Centro_delosRios_08-800x458.png 800w, https:\/\/educacio-valencia.es\/wp-content\/uploads\/2017\/08\/Centro_delosRios_08-1024x587.png 1024w, https:\/\/educacio-valencia.es\/wp-content\/uploads\/2017\/08\/Centro_delosRios_08-1200x688.png 1200w, https:\/\/educacio-valencia.es\/wp-content\/uploads\/2017\/08\/Centro_delosRios_08.png 3000w\" sizes=\"(max-width: 3000px) 100vw, 3000px\" \/><\/div><\/div><\/li><\/ul><div class=\"fusion-carousel-nav\"><span class=\"fusion-nav-prev\"><\/span><span class=\"fusion-nav-next\"><\/span><\/div><\/div><\/div><\/div><div class=\"fusion-clearfix\"><\/div><\/div><\/div><div class=\"fusion-layout-column fusion_builder_column fusion-builder-column-2 fusion_builder_column_2_5 2_5 fusion-two-fifth fusion-column-first\" style=\"width:40%;width:calc(40% - ( ( 4% ) * 0.4 ) );margin-right: 4%;margin-top:0px;margin-bottom:20px;\"><div class=\"fusion-column-wrapper fusion-flex-column-wrapper-legacy\" style=\"background-position:left top;background-repeat:no-repeat;-webkit-background-size:cover;-moz-background-size:cover;-o-background-size:cover;background-size:cover;padding: 0px 0px 0px 0px;\"><div class=\"fusion-clearfix\"><\/div><\/div><\/div><div class=\"fusion-layout-column fusion_builder_column fusion-builder-column-3 fusion_builder_column_3_5 3_5 fusion-three-fifth fusion-column-last marginCero\" style=\"width:60%;width:calc(60% - ( ( 4% ) * 0.6 ) );margin-top:0px;margin-bottom:20px;\"><div class=\"fusion-column-wrapper fusion-flex-column-wrapper-legacy\" style=\"background-position:left top;background-repeat:no-repeat;-webkit-background-size:cover;-moz-background-size:cover;-o-background-size:cover;background-size:cover;padding: 10px 0px 0px 0px;\"><div class=\"fusion-text fusion-text-1\" style=\"transform:translate3d(0,0,0);\"><div class=\"tablaEscuela\">\n<table width=\"100%\">\n<tbody>\n<tr>\n<td colspan=\"3\" align=\"left\"><strong>Oferta educativa<\/strong><\/td>\n<\/tr>\n<tr>\n<td align=\"left\"><strong>Educaci\u00f3n Infantil<\/strong><\/td>\n<td align=\"center\">Unidades autorizadas: 3<\/td>\n<td align=\"center\">Plazas autorizadas: 75<\/td>\n<\/tr>\n<tr>\n<td align=\"left\"><strong>Educaci\u00f3n Primaria<\/strong><\/td>\n<td align=\"center\">Unidades autorizadas: 6<\/td>\n<td align=\"center\">Plazas autorizadas: 150<\/td>\n<\/tr>\n<\/tbody>\n<\/table>\n<\/div>\n<\/div><div class=\"fusion-clearfix\"><\/div><\/div><\/div><div class=\"fusion-layout-column fusion_builder_column fusion-builder-column-4 fusion_builder_column_2_5 2_5 fusion-two-fifth fusion-column-first\" style=\"width:40%;width:calc(40% - ( ( 4% ) * 0.4 ) );margin-right: 4%;margin-top:0px;margin-bottom:20px;\"><div class=\"fusion-column-wrapper fusion-flex-column-wrapper-legacy\" style=\"background-position:left top;background-repeat:no-repeat;-webkit-background-size:cover;-moz-background-size:cover;-o-background-size:cover;background-size:cover;padding: 0px 0px 0px 0px;\"><div class=\"fusion-clearfix\"><\/div><\/div><\/div><div class=\"fusion-layout-column fusion_builder_column fusion-builder-column-5 fusion_builder_column_3_5 3_5 fusion-three-fifth fusion-column-last marginCero\" style=\"width:60%;width:calc(60% - ( ( 4% ) * 0.6 ) );margin-top:0px;margin-bottom:20px;\"><div class=\"fusion-column-wrapper fusion-flex-column-wrapper-legacy\" style=\"background-position:left top;background-repeat:no-repeat;-webkit-background-size:cover;-moz-background-size:cover;-o-background-size:cover;background-size:cover;padding: 10px 0px 0px 0px;\"><div class=\"fusion-text fusion-text-2\" style=\"transform:translate3d(0,0,0);\"><p><strong>Proyecto Educativo<br \/>\n<\/strong>Centro pluralista, tolerante y respetuoso con todas las ideolog\u00edas culturales. Acci\u00f3n educadora basada en la evoluci\u00f3n y maduraci\u00f3n del ni\u00f1o , con el objetivo de aprender a analizar la realidad, formar sus propios criterios y tomar decisiones responsables.<\/p>\n<\/div><div class=\"fusion-clearfix\"><\/div><\/div><\/div><div class=\"fusion-layout-column fusion_builder_column fusion-builder-column-6 fusion_builder_column_2_5 2_5 fusion-two-fifth fusion-column-first\" style=\"width:40%;width:calc(40% - ( ( 4% ) * 0.4 ) );margin-right: 4%;margin-top:0px;margin-bottom:20px;\"><div class=\"fusion-column-wrapper fusion-flex-column-wrapper-legacy\" style=\"background-position:left top;background-repeat:no-repeat;-webkit-background-size:cover;-moz-background-size:cover;-o-background-size:cover;background-size:cover;padding: 0px 0px 0px 0px;\"><div class=\"fusion-clearfix\"><\/div><\/div><\/div><div class=\"fusion-layout-column fusion_builder_column fusion-builder-column-7 fusion_builder_column_3_5 3_5 fusion-three-fifth fusion-column-last bloqueSeccion marginCero\" style=\"width:60%;width:calc(60% - ( ( 4% ) * 0.6 ) );margin-top:0px;margin-bottom:20px;\"><div class=\"fusion-column-wrapper fusion-flex-column-wrapper-legacy\" style=\"background-position:left top;background-repeat:no-repeat;-webkit-background-size:cover;-moz-background-size:cover;-o-background-size:cover;background-size:cover;padding: 10px 0px 0px 0px;\"><div class=\"fusion-text fusion-text-3\" style=\"transform:translate3d(0,0,0);\"><p><strong>Actividades Complementarias<\/strong><\/p>\n<p><strong>Proyecto de huerto escolar<br \/>\n<\/strong>Recurso educativo utilizado por todo el Centro, como facilitador de contenidos, valores y actitudes a trav\u00e9s de la plantaci\u00f3n, cuidado y recolecci\u00f3n de diversos productos del campo.<\/p>\n<p><strong>Proyecto de megafon\u00eda<br \/>\n<\/strong>Proyecto dirigido a trabajar objetivos relacionados con la escucha, la atenci\u00f3n, el reconocimiento auditivo y la expresi\u00f3n oral.<\/p>\n<p><strong>Proyecto Lipdub<br \/>\n<\/strong>Proyecto de gran valor participativo en el que colabora toda la comunidad educativa, en torno a un tema o idea monogr\u00e1fica que se escenifica a trav\u00e9s de la m\u00fasica y el movimiento.<\/p>\n<p><strong>Proyecto mindfulness<br \/>\n<\/strong>Proyecto destinado a observar el momento presente, a vivir feliz y consciente sabiendo expresar lo que se siente, para \u201cno hacer\u201d y \u201cser\u201d sin m\u00e1s.<\/p>\n<p><strong>Proyecto tertulias literarias ideol\u00f3gicas<br \/>\n<\/strong>Proyecto participativo dirigido a toda la comunidad educativa que semanalmente se re\u00fanen para trabajar textos literarios.<\/p>\n<p><strong>Proyecto Fent escola fent cooperativa<\/strong><\/p>\n<p><strong>Proyecto Aprendizaje cooperativo<\/strong><\/p>\n<p><strong>Proyecto de radio escolar<\/strong><\/p>\n<\/div><div class=\"fusion-clearfix\"><\/div><\/div><\/div><div class=\"fusion-layout-column fusion_builder_column fusion-builder-column-8 fusion_builder_column_2_5 2_5 fusion-two-fifth fusion-column-first\" style=\"width:40%;width:calc(40% - ( ( 4% ) * 0.4 ) );margin-right: 4%;margin-top:0px;margin-bottom:20px;\"><div class=\"fusion-column-wrapper fusion-flex-column-wrapper-legacy\" style=\"background-position:left top;background-repeat:no-repeat;-webkit-background-size:cover;-moz-background-size:cover;-o-background-size:cover;background-size:cover;padding: 0px 0px 0px 0px;\"><div class=\"fusion-clearfix\"><\/div><\/div><\/div><div class=\"fusion-layout-column fusion_builder_column fusion-builder-column-9 fusion_builder_column_3_5 3_5 fusion-three-fifth fusion-column-last bloqueSeccion marginCero\" style=\"width:60%;width:calc(60% - ( ( 4% ) * 0.6 ) );margin-top:0px;margin-bottom:20px;\"><div class=\"fusion-column-wrapper fusion-flex-column-wrapper-legacy\" style=\"background-position:left top;background-repeat:no-repeat;-webkit-background-size:cover;-moz-background-size:cover;-o-background-size:cover;background-size:cover;padding: 10px 0px 0px 0px;\"><div class=\"fusion-text fusion-text-4\" style=\"transform:translate3d(0,0,0);\"><p><strong>Servicios<\/strong><\/p>\n<ul>\n<li>Comedor escolar. 130 plazas<\/li>\n<li>Escola matinera (De lunes a viernes de 8:00 a 9:00 horas)<\/li>\n<li>Escola vespertina (De lunes a viernes de 16:30 a 18:00 horas)<\/li>\n<li>Escuela de verano.<\/li>\n<li>Biblioteca.<\/li>\n<li>Sala multiusos.<\/li>\n<li>Aula de m\u00fasica.<\/li>\n<li>Aula de inform\u00e1tica.<\/li>\n<li>Actividades extraescolares.<\/li>\n<li>Gabinete psicopedag\u00f3gico.\n<ul>\n<li>Psic\u00f3loga: detecci\u00f3n y prevenci\u00f3n de dificultades de aprendizaje.<\/li>\n<li>Maestro en audici\u00f3n y lenguaje: tratamiento de dificultades asociadas al lenguaje.<\/li>\n<li>Trabajo social: atenci\u00f3n a las necesidades de educaci\u00f3n compensatoria.<\/li>\n<\/ul>\n<\/li>\n<li>Gimnasio<\/li>\n<li>Sala Psicomotricidad<\/li>\n<li>Ciberaula<\/li>\n<li>AMPA<\/li>\n<\/ul>\n<\/div><div class=\"fusion-clearfix\"><\/div><\/div><\/div><div class=\"fusion-layout-column fusion_builder_column fusion-builder-column-10 fusion_builder_column_2_5 2_5 fusion-two-fifth fusion-column-first\" style=\"width:40%;width:calc(40% - ( ( 4% ) * 0.4 ) );margin-right: 4%;margin-top:0px;margin-bottom:20px;\"><div class=\"fusion-column-wrapper fusion-flex-column-wrapper-legacy\" style=\"background-position:left top;background-repeat:no-repeat;-webkit-background-size:cover;-moz-background-size:cover;-o-background-size:cover;background-size:cover;padding: 0px 0px 0px 0px;\"><div class=\"fusion-clearfix\"><\/div><\/div><\/div><div class=\"fusion-layout-column fusion_builder_column fusion-builder-column-11 fusion_builder_column_3_5 3_5 fusion-three-fifth fusion-column-last bloqueSeccion marginCero\" style=\"width:60%;width:calc(60% - ( ( 4% ) * 0.6 ) );margin-top:0px;margin-bottom:20px;\"><div class=\"fusion-column-wrapper fusion-flex-column-wrapper-legacy\" style=\"background-position:left top;background-repeat:no-repeat;-webkit-background-size:cover;-moz-background-size:cover;-o-background-size:cover;background-size:cover;padding: 10px 0px 0px 0px;\"><div class=\"fusion-text fusion-text-5\" style=\"transform:translate3d(0,0,0);\"><p><strong>Administraci\u00f3n\/Secretar\u00eda<\/strong><\/p>\n<p>&#8211; Calendario Escolar.<br \/>\n&#8211; Horario lectivo. De lunes a jueves de 9 a 12.30 h y de 15.00 a 16.30 h. Viernes de 9 a 14 h.\u00a0Septiembre y Junio. Todos los d\u00edas de 9 a 13 h.<br \/>\n&#8211; Secretar\u00eda. De lunes a \u00a0viernes de 9 a 10 h.<br \/>\n&#8211; AMPA<\/p>\n<\/div><div class=\"fusion-clearfix\"><\/div><\/div><\/div><div class=\"fusion-layout-column fusion_builder_column fusion-builder-column-12 fusion_builder_column_2_5 2_5 fusion-two-fifth fusion-column-first\" style=\"width:40%;width:calc(40% - ( ( 4% ) * 0.4 ) );margin-right: 4%;margin-top:0px;margin-bottom:20px;\"><div class=\"fusion-column-wrapper fusion-flex-column-wrapper-legacy\" style=\"background-position:left top;background-repeat:no-repeat;-webkit-background-size:cover;-moz-background-size:cover;-o-background-size:cover;background-size:cover;padding: 0px 0px 0px 0px;\"><div class=\"fusion-clearfix\"><\/div><\/div><\/div><div class=\"fusion-layout-column fusion_builder_column fusion-builder-column-13 fusion_builder_column_3_5 3_5 fusion-three-fifth fusion-column-last bloqueSeccion marginCero\" style=\"width:60%;width:calc(60% - ( ( 4% ) * 0.6 ) );margin-top:0px;margin-bottom:20px;\"><div class=\"fusion-column-wrapper fusion-flex-column-wrapper-legacy\" style=\"background-position:left top;background-repeat:no-repeat;-webkit-background-size:cover;-moz-background-size:cover;-o-background-size:cover;background-size:cover;padding: 10px 0px 0px 0px;\"><div class=\"fusion-text fusion-text-6\" style=\"transform:translate3d(0,0,0);\"><p><strong>M\u00e1s informaci\u00f3n<\/strong><br \/>\n<a href=\"https:\/\/www.facebook.com\/search\/str\/cm+fernando+de+los+r%C3%ADos\/keywords_search\" target=\"_blank\" rel=\"noopener\">Facebook<\/a><br \/>\n<a href=\"http:\/\/educacio-valencia.es\/wp-content\/uploads\/2017\/10\/Colegio-Municipal-Fernando-de-los-rios.pdf\" target=\"_blank\" rel=\"noopener\">Presentaci\u00f3n de la escuela<\/a><\/p>\n<\/div><div class=\"fusion-clearfix\"><\/div><\/div><\/div><\/div><\/div>\n","protected":false},"excerpt":{"rendered":"","protected":false},"author":5,"featured_media":0,"parent":0,"menu_order":0,"comment_status":"closed","ping_status":"closed","template":"","meta":[],"_links":{"self":[{"href":"https:\/\/educacio-valencia.es\/es\/wp-json\/wp\/v2\/pages\/1570"}],"collection":[{"href":"https:\/\/educacio-valencia.es\/es\/wp-json\/wp\/v2\/pages"}],"about":[{"href":"https:\/\/educacio-valencia.es\/es\/wp-json\/wp\/v2\/types\/page"}],"author":[{"embeddable":true,"href":"https:\/\/educacio-valencia.es\/es\/wp-json\/wp\/v2\/users\/5"}],"replies":[{"embeddable":true,"href":"https:\/\/educacio-valencia.es\/es\/wp-json\/wp\/v2\/comments?post=1570"}],"version-history":[{"count":23,"href":"https:\/\/educacio-valencia.es\/es\/wp-json\/wp\/v2\/pages\/1570\/revisions"}],"predecessor-version":[{"id":43418,"href":"https:\/\/educacio-valencia.es\/es\/wp-json\/wp\/v2\/pages\/1570\/revisions\/43418"}],"wp:attachment":[{"href":"https:\/\/educacio-valencia.es\/es\/wp-json\/wp\/v2\/media?parent=1570"}],"curies":[{"name":"wp","href":"https:\/\/api.w.org\/{rel}","templated":true}]}}