{"id":1511,"date":"2017-08-18T11:35:24","date_gmt":"2017-08-18T09:35:24","guid":{"rendered":"http:\/\/educacio-valencia.es\/?page_id=1511\/"},"modified":"2024-04-29T12:48:57","modified_gmt":"2024-04-29T10:48:57","slug":"la-concejalia","status":"publish","type":"page","link":"https:\/\/educacio-valencia.es\/es\/la-concejalia\/","title":{"rendered":"La Concejal\u00eda"},"content":{"rendered":"<p><div class=\"fusion-fullwidth fullwidth-box fusion-builder-row-1 bloqueSeccion nonhundred-percent-fullwidth non-hundred-percent-height-scrolling\" style=\"background-color: rgba(255,255,255,0);background-position: center center;background-repeat: no-repeat;padding-top:10px;padding-right:0px;padding-bottom:0px;padding-left:0px;margin-bottom: 0px;margin-top: 0px;border-width: 0px 0px 0px 0px;border-color:#000000;border-style:solid;\" ><div class=\"fusion-builder-row fusion-row\"><div class=\"fusion-layout-column fusion_builder_column fusion-builder-column-0 fusion_builder_column_2_5 2_5 fusion-two-fifth fusion-column-first\" style=\"width:40%;width:calc(40% - ( ( 4% ) * 0.4 ) );margin-right: 4%;margin-top:0px;margin-bottom:20px;\"><div class=\"fusion-column-wrapper fusion-flex-column-wrapper-legacy\" style=\"background-position:left top;background-repeat:no-repeat;-webkit-background-size:cover;-moz-background-size:cover;-o-background-size:cover;background-size:cover;padding: 0px 0px 0px 0px;\"><style type=\"text\/css\"><\/style><div class=\"fusion-title title fusion-title-1 fusion-sep-none fusion-title-text fusion-title-size-two\" style=\"margin-top:0px;margin-bottom:10px;\"><h2 class=\"title-heading-left\" style=\"margin:0;\"><strong>Concejal\u00eda de Educaci\u00f3n<\/strong><\/h2><\/div><div class=\"fusion-clearfix\"><\/div><\/div><\/div><div class=\"fusion-layout-column fusion_builder_column fusion-builder-column-1 fusion_builder_column_3_5 3_5 fusion-three-fifth fusion-column-last marginCero\" style=\"width:60%;width:calc(60% - ( ( 4% ) * 0.6 ) );margin-top:0px;margin-bottom:20px;\"><div class=\"fusion-column-wrapper fusion-flex-column-wrapper-legacy\" style=\"background-position:left top;background-repeat:no-repeat;-webkit-background-size:cover;-moz-background-size:cover;-o-background-size:cover;background-size:cover;padding: 0px 0px 0px 0px;\"><div class=\"fusion-text fusion-text-1\" style=\"transform:translate3d(0,0,0);\"><p>Desde la Concejal\u00eda de Educaci\u00f3n, damos la bienvenida a la ciudadan\u00eda inquieta y deseosa de conocer las diversas acciones que llevamos a cabo desde el Servicio de Educaci\u00f3n; apostamos por contribuir a la educaci\u00f3n de nuestros y ni\u00f1os y ni\u00f1as desde la m\u00e1s temprana edad, ampliando tambi\u00e9n los tiempos y espacios educativos en la Educaci\u00f3n Primaria y Secundaria a trav\u00e9s de las diferentes propuestas educativas que pretenden, no solo contribuir a ampliar el curr\u00edculo, sino a desarrollar plenamente las \u00e1reas con menos presencia en la escuela.<\/p>\n<p>Paralelamente y en el marco de las competencias de las corporaciones locales velamos por la escolarizaci\u00f3n en condiciones de igualdad de todos nuestros ni\u00f1os y ni\u00f1as durante la etapa obligatoria (6-16 a\u00f1os) y cooperamos con la Concejal\u00eda de Gobierno Interior en el mantenimiento y vigilancia de los colegios de Primaria de nuestra ciudad.<\/p>\n<p>Tambi\u00e9n desarrollamos proyectos educativos desde los cinco centros educativos municipales: Colegios Municipales Benimaclet, Santiago Grisol\u00eda y Fernando de los R\u00edos, Conservatorio Profesional Jos\u00e9 Iturbi y Escuela Infantil de Pinedo. Esta escuela infantil no es la \u00fanica, ya que adem\u00e1s, contamos con diez escuelas infantiles de gesti\u00f3n indirecta.<\/p>\n<p>Finalmente, es la Regidora de Educaci\u00f3n, Ilma. Sra. Roc\u00edo Gil Uncio, quien ostenta por delegaci\u00f3n de la Alcaldesa, Excma. Sra. Mar\u00eda Jos\u00e9 Catal\u00e1 Verdet la Presidencia del Consejo Escolar Municipal.<\/p>\n<\/div><div class=\"fusion-clearfix\"><\/div><\/div><\/div><\/div><\/div><div class=\"fusion-fullwidth fullwidth-box fusion-builder-row-2 bloqueSeccion nonhundred-percent-fullwidth non-hundred-percent-height-scrolling\" style=\"background-color: rgba(255,255,255,0);background-position: center center;background-repeat: no-repeat;padding-top:10px;padding-right:0px;padding-bottom:0px;padding-left:0px;margin-bottom: 0px;margin-top: 0px;border-width: 0px 0px 0px 0px;border-color:#000000;border-style:solid;\" ><div class=\"fusion-builder-row fusion-row\"><div class=\"fusion-layout-column fusion_builder_column fusion-builder-column-2 fusion_builder_column_2_5 2_5 fusion-two-fifth fusion-column-first\" style=\"width:40%;width:calc(40% - ( ( 4% ) * 0.4 ) );margin-right: 4%;margin-top:0px;margin-bottom:20px;\"><div class=\"fusion-column-wrapper fusion-flex-column-wrapper-legacy\" style=\"background-position:left top;background-repeat:no-repeat;-webkit-background-size:cover;-moz-background-size:cover;-o-background-size:cover;background-size:cover;padding: 0px 0px 0px 0px;\"><style type=\"text\/css\"><\/style><div class=\"fusion-title title fusion-title-2 fusion-sep-none fusion-title-text fusion-title-size-two\" style=\"margin-top:0px;margin-bottom:10px;\"><h2 class=\"title-heading-left\" style=\"margin:0;\"><strong>Contactos<\/strong><\/h2><\/div><div class=\"fusion-clearfix\"><\/div><\/div><\/div><div class=\"fusion-layout-column fusion_builder_column fusion-builder-column-3 fusion_builder_column_3_5 3_5 fusion-three-fifth fusion-column-last\" style=\"width:60%;width:calc(60% - ( ( 4% ) * 0.6 ) );margin-top:0px;margin-bottom:20px;\"><div class=\"fusion-column-wrapper fusion-flex-column-wrapper-legacy\" style=\"background-position:left top;background-repeat:no-repeat;-webkit-background-size:cover;-moz-background-size:cover;-o-background-size:cover;background-size:cover;padding: 0px 0px 0px 0px;\"><div class=\"fusion-text fusion-text-2\" style=\"transform:translate3d(0,0,0);\"><p><strong>Jefatura de Servicio<\/strong><br \/>\nTel. 963 525 478, extensiones 2148\/2150<br \/>\n<a href=\"mailto:serveduca@valencia.es\">serveduca@valencia.es<\/a><\/p>\n<p><strong>Secci\u00f3n Administrativa y ayudas<\/strong><br \/>\nTel. 963 525 478, extensiones 2148\/2150<br \/>\n<a href=\"mailto:educacionadm@valencia.es\">educacionadm@valencia.es<\/a><\/p>\n<p><strong>Secci\u00f3n Proyectos educativos<\/strong><br \/>\nTel. 963 525 478, extensiones 4283\/2146<br \/>\n<a href=\"mailto:sccproyectosed@valencia.es\">sccproyectosed@valencia.es<\/a><\/p>\n<p><strong>Secci\u00f3n Escolarizaci\u00f3n<\/strong><br \/>\nTel. 963 525 478, extensi\u00f3n 4277<br \/>\n<a href=\"mailto:secescolar@valencia.es\">secescolar@valencia.es<\/a><\/p>\n<p><strong>Secci\u00f3n Absentismo escolar<\/strong><br \/>\nTel. 963 525 478, extensi\u00f3n 2147<br \/>\n<a href=\"mailto:secabsentismo@valencia.es\">secabsentismo@valencia.es<\/a><\/p>\n<p><strong>Secci\u00f3n de Centros Educativos<br \/>\n<\/strong>Tel.\u00a0963 525 478, extensiones 2109\/2110\/2118\/2137<br \/>\n<a href=\"mailto:seccem@valencia.es\">seccem@valencia.es<\/a><\/p>\n<p style=\"padding-left: 30px;\"><strong>Conservatorio Profesional Jos\u00e9 Iturbi<\/strong><br \/>\nTel. 963 525 478, extensi\u00f3n 2753<br \/>\n<a href=\"mailto:Iturbi@valencia.es\">Iturbi@valencia.es<\/a><\/p>\n<p style=\"padding-left: 30px;\"><strong>Colegios Municipales de Primaria<\/strong><br \/>\n&#8211; Benimaclet: Tel. 963 618 817, <a href=\"mailto:cmbenimaclet@valencia.es\">cmbenimaclet@valencia.es<\/a><br \/>\n&#8211; Fernando de los R\u00edos: Tel. 963 333 362, <a href=\"mailto:cmfernandorios@valencia.es\">cmfernandorios@valencia.es<\/a><br \/>\n&#8211; Santiago Grisol\u00eda: Tel. 963 729 577, <a href=\"mailto:s_grisolia@valencia.es\">s_grisolia@valencia.es<\/a><\/p>\n<p style=\"padding-left: 30px;\"><strong>Escuelas infantiles<\/strong><br \/>\n&#8211; Pinedo: Tel. 963 248 473, <a href=\"mailto:eipinedo@valencia.es\">eipinedo@valencia.es<\/a><br \/>\n&#8211; Pardalets: Tel. 963 935 464, <a href=\"mailto:pardalets@colegios-sigloxxi.com\">pardalets@colegios-sigloxxi.com<\/a><br \/>\n&#8211; Solc: Tel. 963 702 371, <a href=\"mailto:direccion@ceisolc.es\">direccion@ceisolc.es<\/a><br \/>\n&#8211; Algir\u00f3s: Tel. 963 309 282,<a href=\"mailto:direccion@escuelainfantilalgiros.es\"> direccion@escuelainfantilalgiros.es<\/a><br \/>\n&#8211; Quatre Carreres: Tel. 960 910 028, <a href=\"mailto:eiquatrecarreres@eulen.com\">eiquatrecarreres@eulen.com<\/a><br \/>\n&#8211; Benicalap: Tel. 960 914 117, <a href=\"mailto:eibenicalap@eulen.com\">eibenicalap@eulen.com<\/a><br \/>\n&#8211; Mini-Poli: Tel. 960 611 169, <a href=\"mailto:eiminipoli@eulen.com\">eiminipoli@eulen.com<\/a><br \/>\n&#8211; General Urrutia: Tel. 656 607 510, <a href=\"mailto:valenpeques@yahoo.es\">valenpeques@yahoo.es<\/a><br \/>\n&#8211; Sant Pau: Tel. 691 147 565, <a href=\"mailto:info@escuelainfantilsantpau.com\">info@escuelainfantilsantpau.com<\/a><br \/>\n&#8211; Gent Menuda: Tel. 961 133 362, <a href=\"mailto:gentmenuda@megadiver.es\">gentmenuda@megadiver.es<\/a><\/p>\n<p style=\"padding-left: 30px;\"><strong>Gabinete Psicopedag\u00f3gico<\/strong><br \/>\nTel.\u00a0963 525 478, extensiones 2110<br \/>\n<a href=\"mailto:seccem@valencia.es\">seccem@valencia.es<\/a><\/p>\n<\/div><div class=\"fusion-clearfix\"><\/div><\/div><\/div><\/div><\/div><\/p>\n","protected":false},"excerpt":{"rendered":"","protected":false},"author":5,"featured_media":0,"parent":0,"menu_order":0,"comment_status":"closed","ping_status":"closed","template":"","meta":[],"_links":{"self":[{"href":"https:\/\/educacio-valencia.es\/es\/wp-json\/wp\/v2\/pages\/1511"}],"collection":[{"href":"https:\/\/educacio-valencia.es\/es\/wp-json\/wp\/v2\/pages"}],"about":[{"href":"https:\/\/educacio-valencia.es\/es\/wp-json\/wp\/v2\/types\/page"}],"author":[{"embeddable":true,"href":"https:\/\/educacio-valencia.es\/es\/wp-json\/wp\/v2\/users\/5"}],"replies":[{"embeddable":true,"href":"https:\/\/educacio-valencia.es\/es\/wp-json\/wp\/v2\/comments?post=1511"}],"version-history":[{"count":8,"href":"https:\/\/educacio-valencia.es\/es\/wp-json\/wp\/v2\/pages\/1511\/revisions"}],"predecessor-version":[{"id":39935,"href":"https:\/\/educacio-valencia.es\/es\/wp-json\/wp\/v2\/pages\/1511\/revisions\/39935"}],"wp:attachment":[{"href":"https:\/\/educacio-valencia.es\/es\/wp-json\/wp\/v2\/media?parent=1511"}],"curies":[{"name":"wp","href":"https:\/\/api.w.org\/{rel}","templated":true}]}}