{"id":139,"date":"2017-07-25T10:03:36","date_gmt":"2017-07-25T10:03:36","guid":{"rendered":"http:\/\/educacio-valencia.es\/?page_id=139"},"modified":"2026-04-14T13:39:49","modified_gmt":"2026-04-14T11:39:49","slug":"material-escolar","status":"publish","type":"page","link":"https:\/\/educacio-valencia.es\/es\/material-escolar\/","title":{"rendered":"Material escolar"},"content":{"rendered":"<p><div class=\"fusion-fullwidth fullwidth-box fusion-builder-row-1 bloqueSeccion nonhundred-percent-fullwidth non-hundred-percent-height-scrolling\" style=\"background-color: rgba(255,255,255,0);background-position: center center;background-repeat: no-repeat;padding-top:10px;padding-right:0px;padding-bottom:0px;padding-left:0px;margin-bottom: 0px;margin-top: 0px;border-width: 0px 0px 0px 0px;border-color:#000000;border-style:solid;\" ><div class=\"fusion-builder-row fusion-row\"><div class=\"fusion-layout-column fusion_builder_column fusion-builder-column-0 fusion_builder_column_2_5 2_5 fusion-two-fifth fusion-column-first\" style=\"width:40%;width:calc(40% - ( ( 4% ) * 0.4 ) );margin-right: 4%;margin-top:0px;margin-bottom:20px;\"><div class=\"fusion-column-wrapper fusion-flex-column-wrapper-legacy\" style=\"background-position:left top;background-repeat:no-repeat;-webkit-background-size:cover;-moz-background-size:cover;-o-background-size:cover;background-size:cover;padding: 0px 0px 0px 0px;\"><style type=\"text\/css\"><\/style><div class=\"fusion-title title fusion-title-1 fusion-sep-none fusion-title-text fusion-title-size-two\" style=\"margin-top:0px;margin-bottom:10px;\"><h2 class=\"title-heading-left\" style=\"margin:0;\"><strong>Material escolar<\/strong><\/h2><\/div><div class=\"fusion-clearfix\"><\/div><\/div><\/div><div class=\"fusion-layout-column fusion_builder_column fusion-builder-column-1 fusion_builder_column_3_5 3_5 fusion-three-fifth fusion-column-last\" style=\"width:60%;width:calc(60% - ( ( 4% ) * 0.6 ) );margin-top:0px;margin-bottom:20px;\"><div class=\"fusion-column-wrapper fusion-flex-column-wrapper-legacy\" style=\"background-position:left top;background-repeat:no-repeat;-webkit-background-size:cover;-moz-background-size:cover;-o-background-size:cover;background-size:cover;padding: 0px 0px 0px 0px;\"><div class=\"fusion-text fusion-text-1\" style=\"transform:translate3d(0,0,0);\"><p>Estas ayudas tienen como objeto otorgar apoyo econ\u00f3mico para la compra de material escolar e inform\u00e1tico. Est\u00e1n dirigidas a ni\u00f1as y ni\u00f1os de 3 a 6 a\u00f1os que cursan el segundo ciclo de educaci\u00f3n infantil en colegios p\u00fablicos, concertados, o privados de Val\u00e8ncia.<\/p>\n<p>Se trata de facilitar las actividades curriculares previas a la escolarizaci\u00f3n obligatoria, pues preparan de manera efectiva para una escolarizaci\u00f3n obligatoria satisfactoria de nuestros ni\u00f1os y ni\u00f1as. Se convocan durante las primeras semanas del curso acad\u00e9mico para el que se solicitan.<\/p>\n<\/div><div class=\"fusion-clearfix\"><\/div><\/div><\/div><\/div><\/div><div class=\"fusion-fullwidth fullwidth-box fusion-builder-row-2 bloqueSeccion nonhundred-percent-fullwidth non-hundred-percent-height-scrolling\" style=\"background-color: rgba(255,255,255,0);background-position: center center;background-repeat: no-repeat;padding-top:10px;padding-right:0px;padding-bottom:0px;padding-left:0px;margin-bottom: 0px;margin-top: 0px;border-width: 0px 0px 0px 0px;border-color:#000000;border-style:solid;\" ><div class=\"fusion-builder-row fusion-row\"><div class=\"fusion-layout-column fusion_builder_column fusion-builder-column-2 fusion_builder_column_2_5 2_5 fusion-two-fifth fusion-column-first\" style=\"width:40%;width:calc(40% - ( ( 4% ) * 0.4 ) );margin-right: 4%;margin-top:0px;margin-bottom:20px;\"><div class=\"fusion-column-wrapper fusion-flex-column-wrapper-legacy\" style=\"background-position:left top;background-repeat:no-repeat;-webkit-background-size:cover;-moz-background-size:cover;-o-background-size:cover;background-size:cover;padding: 0px 0px 0px 0px;\"><style type=\"text\/css\"><\/style><div class=\"fusion-title title fusion-title-2 fusion-sep-none fusion-title-text fusion-title-size-two\" style=\"margin-top:0px;margin-bottom:10px;\"><h2 class=\"title-heading-left\" style=\"margin:0;\"><strong>Situaci\u00f3n de la convocatoria 2025\/2026<\/strong><\/h2><\/div><div class=\"fusion-clearfix\"><\/div><\/div><\/div><div class=\"fusion-layout-column fusion_builder_column fusion-builder-column-3 fusion_builder_column_3_5 3_5 fusion-three-fifth fusion-column-last marginCero\" style=\"width:60%;width:calc(60% - ( ( 4% ) * 0.6 ) );margin-top:0px;margin-bottom:20px;\"><div class=\"fusion-column-wrapper fusion-flex-column-wrapper-legacy\" style=\"background-position:left top;background-repeat:no-repeat;-webkit-background-size:cover;-moz-background-size:cover;-o-background-size:cover;background-size:cover;padding: 0px 0px 0px 0px;\"><div class=\"fusion-text fusion-text-2\" style=\"transform:translate3d(0,0,0);\"><p><strong>Aprobaci\u00f3n de la convocatoria<\/strong><br \/>\nAcuerdo de la Junta de Gobierno Local\u00a0<strong><a href=\"https:\/\/educacio-valencia.es\/wp-content\/uploads\/2025\/10\/5.-Acuerdo-Aprobacion-Convocatoria.zsig_.pdf\" target=\"_blank\" rel=\"noopener\">de 26 de septiembre de 2025<\/a><\/strong><\/p>\n<\/div><div class=\"fusion-clearfix\"><\/div><\/div><\/div><div class=\"fusion-layout-column fusion_builder_column fusion-builder-column-4 fusion_builder_column_2_5 2_5 fusion-two-fifth fusion-column-first\" style=\"width:40%;width:calc(40% - ( ( 4% ) * 0.4 ) );margin-right: 4%;margin-top:0px;margin-bottom:20px;\"><div class=\"fusion-column-wrapper fusion-flex-column-wrapper-legacy\" style=\"background-position:left top;background-repeat:no-repeat;-webkit-background-size:cover;-moz-background-size:cover;-o-background-size:cover;background-size:cover;padding: 0px 0px 0px 0px;\"><div class=\"fusion-clearfix\"><\/div><\/div><\/div><div class=\"fusion-layout-column fusion_builder_column fusion-builder-column-5 fusion_builder_column_3_5 3_5 fusion-three-fifth fusion-column-last bloqueSeccion marginCero\" style=\"width:60%;width:calc(60% - ( ( 4% ) * 0.6 ) );margin-top:0px;margin-bottom:20px;\"><div class=\"fusion-column-wrapper fusion-flex-column-wrapper-legacy\" style=\"background-position:left top;background-repeat:no-repeat;-webkit-background-size:cover;-moz-background-size:cover;-o-background-size:cover;background-size:cover;padding: 10px 0px 0px 0px;\"><div class=\"fusion-text fusion-text-3\" style=\"transform:translate3d(0,0,0);\"><p><strong>Plazo de la solicitud<\/strong><\/p>\n<p>Publicado en el Bolet\u00edn Oficial de la Provincia el\u00a0<strong><a href=\"https:\/\/educacio-valencia.es\/wp-content\/uploads\/2025\/10\/2025_11935_ESANUNCIO-BOP-CONVOCATORIA.pdf\" target=\"_blank\" rel=\"noopener\">el 14 de octubre de 2025<\/a><\/strong><\/p>\n<p>Plazo de solicitud: <strong>del 15 de octubre al 3 de noviembre de 2025<\/strong>, ambos inclusive.<\/p>\n<p>Las solicitudes, dirigidas a la Alcald\u00eda del Excmo. Ayuntamiento de Val\u00e8ncia, se presentar\u00e1n en los Registros del Ayuntamiento de Val\u00e8ncia mediante modelo normalizado para tal efecto.<\/p>\n<p><strong><a href=\"https:\/\/educacio-valencia.es\/wp-content\/uploads\/2025\/10\/Sol\u00b7licitud-Mat-Escolar.pdf\" target=\"_blank\" rel=\"noopener\">Modelo normalizado solicitud material escolar<\/a><\/strong><\/p>\n<p>La presentaci\u00f3n en los Registros del Ayuntamiento de Val\u00e8ncia podr\u00e1 hacerse:<\/p>\n<ul>\n<li>De forma presencial, pudiendo solicitar cita previa a trav\u00e9s del tel\u00e9fono 010 o a trav\u00e9s de <a href=\"https:\/\/www.valencia.es\/cas\/tramites\/cita-previa\/-\/content\/cita-previa-2020?uid=4D842F7C6866033CC125857C0037C318\" target=\"_blank\" rel=\"noopener\"><strong>p\u00e1gina<\/strong> <strong>web del Ayuntamiento de Valencia<\/strong><\/a><\/li>\n<li>A trav\u00e9s de su <strong><a href=\"https:\/\/sede.valencia.es\/sede\/registro\/procedimiento\/ED.AY.35\" target=\"_blank\" rel=\"noopener\">sede electr\u00f3nica<\/a><\/strong>, mediante certificado digital<\/li>\n<\/ul>\n<p>Ello, sin perjuicio de realizar el registro en cualquiera de los lugares se\u00f1alados a tal efecto en el art\u00edculo 16.4 de la Ley 39\/2015, de 1 de octubre del Procedimiento Administrativo Com\u00fan de las Administraciones P\u00fablicas, entre los cuales se contemplan:<\/p>\n<p>&#8211; Los registros de la Administraci\u00f3n del Estado, de la Generalitat Valenciana y de cualquiera de los sujetos a los que se refiere el art\u00edculo 2.1 de la Ley 39\/2015, de 1 de octubre.<\/p>\n<p>&#8211; Las oficinas de Correos.<\/p>\n<p><strong>Entre los documentos a aportar a la solicitud se deber\u00e1 presentar certificado de titularidad actualizado de la cuenta corriente que debe hacerse constar en la misma, expedido por la entidad bancaria correspondiente. Se consideran actualizados los certificados de titularidad fechados desde el mes de enero de 2025.<\/strong><\/p>\n<p><a href=\"https:\/\/sede.valencia.es\/sede\/edictos\/detalle\/8e657d62f2f085188dbfd7264fa89a5a26caaea2be3c9f40699e6286ad98db78\"><strong>Tabl\u00f3n de Edictos<\/strong><\/a><\/p>\n<\/div><div class=\"fusion-sep-clear\"><\/div><div class=\"fusion-separator fusion-full-width-sep\" style=\"margin-left: auto;margin-right: auto;width:100%;\"><div class=\"fusion-separator-border sep-double\" style=\"border-color:#e0dede;border-top-width:1px;border-bottom-width:1px;\"><\/div><\/div><div class=\"fusion-sep-clear\"><\/div><div class=\"fusion-clearfix\"><\/div><\/div><\/div><div class=\"fusion-layout-column fusion_builder_column fusion-builder-column-6 fusion_builder_column_2_5 2_5 fusion-two-fifth fusion-column-first\" style=\"width:40%;width:calc(40% - ( ( 4% ) * 0.4 ) );margin-right: 4%;margin-top:0px;margin-bottom:20px;\"><div class=\"fusion-column-wrapper fusion-flex-column-wrapper-legacy\" style=\"background-position:left top;background-repeat:no-repeat;-webkit-background-size:cover;-moz-background-size:cover;-o-background-size:cover;background-size:cover;padding: 0px 0px 0px 0px;\"><div class=\"fusion-clearfix\"><\/div><\/div><\/div><div class=\"fusion-layout-column fusion_builder_column fusion-builder-column-7 fusion_builder_column_3_5 3_5 fusion-three-fifth fusion-column-last bloqueSeccion marginCero\" style=\"width:60%;width:calc(60% - ( ( 4% ) * 0.6 ) );margin-top:0px;margin-bottom:20px;\"><div class=\"fusion-column-wrapper fusion-flex-column-wrapper-legacy\" style=\"background-position:left top;background-repeat:no-repeat;-webkit-background-size:cover;-moz-background-size:cover;-o-background-size:cover;background-size:cover;padding: 10px 0px 0px 0px;\"><div class=\"fusion-text fusion-text-4\" style=\"transform:translate3d(0,0,0);\"><p><strong>Listados Provisionales\u00a0<\/strong><\/p>\n<p>Publicado Anuncio en el<strong><a href=\"https:\/\/sede.valencia.es\/sede\/edictos\/detalle\/8638c0470d96366560ae930ca788be76ec37c71b5744fb9fff72c0c6c718632f\" target=\"_blank\" rel=\"noopener\"> Tablon de Edictos<\/a> de fecha 14 de abril de 2026<\/strong><\/p>\n<p>Comprobaci\u00f3n de la documentaci\u00f3n completa \/ exclusi\u00f3n \/ falta de documentaci\u00f3n \/ subsanaci\u00f3n con DNI\/NIE en<\/p>\n<h1><strong><a href=\"https:\/\/www.valencia.es\/cas\/educacion\/ayudas-material-escolar\" target=\"_blank\" rel=\"noopener\">Listados provisionales ayuda material escolar<\/a>\u00a0<\/strong><\/h1>\n<p><strong>Plazo de subsanaci\u00f3n y alegaciones<\/strong><\/p>\n<p>Del 15 al 28 de abril de 2026, ambos inclusive<\/p>\n<\/div><div class=\"fusion-sep-clear\"><\/div><div class=\"fusion-separator fusion-full-width-sep\" style=\"margin-left: auto;margin-right: auto;width:100%;\"><div class=\"fusion-separator-border sep-double\" style=\"border-color:#e0dede;border-top-width:1px;border-bottom-width:1px;\"><\/div><\/div><div class=\"fusion-sep-clear\"><\/div><div class=\"fusion-text fusion-text-5\" style=\"transform:translate3d(0,0,0);\"><p><strong>Resoluci\u00f3n de la convocatoria<\/strong><\/p>\n<p>Publicado Anuncio en el<strong> Tablon de Edictos de fecha\u00a0 pendiente<\/strong><\/p>\n<h2><strong>Listados definitivos ayuda material escolar (Pendiente)<\/strong><\/h2>\n<p><strong>Comprobaci\u00f3n con DNI\/NIE en Ayuda Material escolar curso 2025-2026\u00a0 (Pendiente)<\/strong><\/p>\n<p><strong>Recurso de reposici\u00f3n<\/strong><\/p>\n<p>Pendiente.<\/p>\n<\/div><div class=\"fusion-clearfix\"><\/div><\/div><\/div><\/div><\/div><\/p>\n","protected":false},"excerpt":{"rendered":"","protected":false},"author":5,"featured_media":0,"parent":0,"menu_order":0,"comment_status":"closed","ping_status":"closed","template":"","meta":[],"_links":{"self":[{"href":"https:\/\/educacio-valencia.es\/es\/wp-json\/wp\/v2\/pages\/139"}],"collection":[{"href":"https:\/\/educacio-valencia.es\/es\/wp-json\/wp\/v2\/pages"}],"about":[{"href":"https:\/\/educacio-valencia.es\/es\/wp-json\/wp\/v2\/types\/page"}],"author":[{"embeddable":true,"href":"https:\/\/educacio-valencia.es\/es\/wp-json\/wp\/v2\/users\/5"}],"replies":[{"embeddable":true,"href":"https:\/\/educacio-valencia.es\/es\/wp-json\/wp\/v2\/comments?post=139"}],"version-history":[{"count":134,"href":"https:\/\/educacio-valencia.es\/es\/wp-json\/wp\/v2\/pages\/139\/revisions"}],"predecessor-version":[{"id":46824,"href":"https:\/\/educacio-valencia.es\/es\/wp-json\/wp\/v2\/pages\/139\/revisions\/46824"}],"wp:attachment":[{"href":"https:\/\/educacio-valencia.es\/es\/wp-json\/wp\/v2\/media?parent=139"}],"curies":[{"name":"wp","href":"https:\/\/api.w.org\/{rel}","templated":true}]}}